{"id":1350329,"date":"2021-05-02T14:26:58","date_gmt":"2021-05-02T16:16:16","guid":{"rendered":"https:\/\/ecg-electro.eu\/product\/ecg-vv-1200-travel-s-2\/"},"modified":"2026-04-22T10:20:36","modified_gmt":"2026-04-22T08:20:36","slug":"ecg-vv-1200-travel-s","status":"publish","type":"product","link":"https:\/\/ecg-electro.eu\/cs\/ecg-vv-1200-travel-s\/","title":{"rendered":"ECG VV 1200 travel S"},"content":{"rendered":"<p>Jist\u011b ocen\u00edte praktick\u00e9 poutko, se kter\u00fdm vysou\u0161e\u010d zav\u011bs\u00edte na m\u00edsto, kde bude snadno na dosah.<\/p>\n<p>&nbsp;<\/p>\n<p>Sou\u010d\u00e1st\u00ed balen\u00ed je tak\u00e9 <strong>cestovn\u00ed pytl\u00ed\u010dek<\/strong> pro komfortn\u00ed a bezpe\u010dn\u00e9 p\u0159en\u00e1\u0161en\u00ed bez po\u0161kozen\u00ed.<\/p>\n<p>&nbsp;<\/p>\n<p>Samoz\u0159ejmost\u00ed je <strong>bezpe\u010dnostn\u00ed pojistka<\/strong> zabra\u0148uj\u00edc\u00ed p\u0159eh\u0159\u00e1t\u00ed p\u0159\u00edstroje.<\/p>\n","protected":false},"excerpt":{"rendered":"<p>Jist\u011b ocen\u00edte praktick\u00e9 poutko, se kter\u00fdm vysou\u0161e\u010d zav\u011bs\u00edte na m\u00edsto, kde bude snadno na dosah. &nbsp; Sou\u010d\u00e1st\u00ed balen\u00ed je tak\u00e9 cestovn\u00ed pytl\u00ed\u010dek pro komfortn\u00ed a bezpe\u010dn\u00e9 p\u0159en\u00e1\u0161en\u00ed bez po\u0161kozen\u00ed. &nbsp; Samoz\u0159ejmost\u00ed je bezpe\u010dnostn\u00ed pojistka zabra\u0148uj\u00edc\u00ed p\u0159eh\u0159\u00e1t\u00ed p\u0159\u00edstroje.<\/p>\n","protected":false},"featured_media":1970714,"template":"","meta":{"_acf_changed":false,"_monsterinsights_skip_tracking":false,"_monsterinsights_sitenote_active":false,"_monsterinsights_sitenote_note":"","_monsterinsights_sitenote_category":0},"product_brand":[],"product_cat":[46055],"product_tag":[],"class_list":{"0":"post-1350329","1":"product","2":"type-product","3":"status-publish","4":"has-post-thumbnail","6":"product_cat-vysousece-vlasu","8":"first","9":"instock","10":"taxable","11":"shipping-taxable","12":"purchasable","13":"product-type-simple"},"acf":[],"_links":{"self":[{"href":"https:\/\/ecg-electro.eu\/cs\/wp-json\/wp\/v2\/product\/1350329","targetHints":{"allow":["GET"]}}],"collection":[{"href":"https:\/\/ecg-electro.eu\/cs\/wp-json\/wp\/v2\/product"}],"about":[{"href":"https:\/\/ecg-electro.eu\/cs\/wp-json\/wp\/v2\/types\/product"}],"wp:featuredmedia":[{"embeddable":true,"href":"https:\/\/ecg-electro.eu\/cs\/wp-json\/wp\/v2\/media\/1970714"}],"wp:attachment":[{"href":"https:\/\/ecg-electro.eu\/cs\/wp-json\/wp\/v2\/media?parent=1350329"}],"wp:term":[{"taxonomy":"product_brand","embeddable":true,"href":"https:\/\/ecg-electro.eu\/cs\/wp-json\/wp\/v2\/product_brand?post=1350329"},{"taxonomy":"product_cat","embeddable":true,"href":"https:\/\/ecg-electro.eu\/cs\/wp-json\/wp\/v2\/product_cat?post=1350329"},{"taxonomy":"product_tag","embeddable":true,"href":"https:\/\/ecg-electro.eu\/cs\/wp-json\/wp\/v2\/product_tag?post=1350329"}],"curies":[{"name":"wp","href":"https:\/\/api.w.org\/{rel}","templated":true}]}}