{"id":1349990,"date":"2021-05-02T14:26:53","date_gmt":"2021-05-02T16:15:58","guid":{"rendered":"https:\/\/ecg-electro.eu\/product\/ecg-vv-112-2\/"},"modified":"2026-04-02T15:23:47","modified_gmt":"2026-04-02T13:23:47","slug":"ecg-vv-112","status":"publish","type":"product","link":"https:\/\/ecg-electro.eu\/cs\/ecg-vv-112\/","title":{"rendered":"ECG VV 112"},"content":{"rendered":"<p>Vysou\u0161e\u010d vlas\u016f s p\u0159\u00edkonem <strong>2200 watt\u016f <\/strong>je vybaven mno\u017estv\u00edm chytr\u00fdch detail\u016f, kter\u00e9 usnad\u0148uj\u00ed jeho pou\u017e\u00edv\u00e1n\u00ed a staraj\u00ed se o va\u0161i bezpe\u010dnost. Povrchov\u00e1 protiskluzov\u00e1 \u00faprava je nejenom p\u0159\u00edjemn\u00e1 na dotek, ale tak\u00e9 vn\u00e1\u0161\u00ed jistotu do ka\u017ed\u00e9ho pohybu s p\u0159\u00edstrojem, kter\u00fd v\u00e1\u017e\u00ed pouh\u00fdch 550 gram\u016f.<\/p>\n<p>Snadn\u00e9 manipulaci d\u00e1le dopom\u00e1h\u00e1 160 centimetr\u016f dlouh\u00fd p\u0159\u00edvodn\u00ed kabel stejn\u011b jako praktick\u00e9 poutko na zav\u011b\u0161en\u00ed. A samoz\u0159ejm\u011b nechyb\u00ed ani bezpe\u010dnostn\u00ed pojistka proti p\u0159eh\u0159\u00e1t\u00ed.<\/p>\n","protected":false},"excerpt":{"rendered":"<p>Vysou\u0161e\u010d vlas\u016f s p\u0159\u00edkonem 2200 watt\u016f je vybaven mno\u017estv\u00edm chytr\u00fdch detail\u016f, kter\u00e9 usnad\u0148uj\u00ed jeho pou\u017e\u00edv\u00e1n\u00ed a staraj\u00ed se o va\u0161i bezpe\u010dnost. Povrchov\u00e1 protiskluzov\u00e1 \u00faprava je nejenom p\u0159\u00edjemn\u00e1 na dotek, ale tak\u00e9 vn\u00e1\u0161\u00ed jistotu do ka\u017ed\u00e9ho pohybu s p\u0159\u00edstrojem, kter\u00fd v\u00e1\u017e\u00ed pouh\u00fdch 550 gram\u016f. Snadn\u00e9 manipulaci d\u00e1le dopom\u00e1h\u00e1 160 centimetr\u016f dlouh\u00fd p\u0159\u00edvodn\u00ed kabel stejn\u011b jako praktick\u00e9 [&hellip;]<\/p>\n","protected":false},"featured_media":1970688,"template":"","meta":{"_acf_changed":false,"_monsterinsights_skip_tracking":false,"_monsterinsights_sitenote_active":false,"_monsterinsights_sitenote_note":"","_monsterinsights_sitenote_category":0},"product_cat":[46055],"product_tag":[],"class_list":{"0":"post-1349990","1":"product","2":"type-product","3":"status-publish","4":"has-post-thumbnail","6":"product_cat-vysousece-vlasu","8":"first","9":"instock","10":"taxable","11":"shipping-taxable","12":"purchasable","13":"product-type-simple"},"acf":[],"_links":{"self":[{"href":"https:\/\/ecg-electro.eu\/cs\/wp-json\/wp\/v2\/product\/1349990","targetHints":{"allow":["GET"]}}],"collection":[{"href":"https:\/\/ecg-electro.eu\/cs\/wp-json\/wp\/v2\/product"}],"about":[{"href":"https:\/\/ecg-electro.eu\/cs\/wp-json\/wp\/v2\/types\/product"}],"wp:featuredmedia":[{"embeddable":true,"href":"https:\/\/ecg-electro.eu\/cs\/wp-json\/wp\/v2\/media\/1970688"}],"wp:attachment":[{"href":"https:\/\/ecg-electro.eu\/cs\/wp-json\/wp\/v2\/media?parent=1349990"}],"wp:term":[{"taxonomy":"product_cat","embeddable":true,"href":"https:\/\/ecg-electro.eu\/cs\/wp-json\/wp\/v2\/product_cat?post=1349990"},{"taxonomy":"product_tag","embeddable":true,"href":"https:\/\/ecg-electro.eu\/cs\/wp-json\/wp\/v2\/product_tag?post=1349990"}],"curies":[{"name":"wp","href":"https:\/\/api.w.org\/{rel}","templated":true}]}}