{"id":1349849,"date":"2021-05-02T14:26:51","date_gmt":"2021-05-02T16:15:52","guid":{"rendered":"https:\/\/ecg-electro.eu\/product\/ecg-vv-115-2\/"},"modified":"2026-04-23T10:18:35","modified_gmt":"2026-04-23T08:18:35","slug":"ecg-vv-115","status":"publish","type":"product","link":"https:\/\/ecg-electro.eu\/cs\/ecg-vv-115\/","title":{"rendered":"ECG VV 115"},"content":{"rendered":"<p>Vysou\u0161e\u010d vlas\u016f ECG VV 115 nab\u00edz\u00ed tak\u00e9 praktick\u00e9 p\u0159\u00edslu\u0161enstv\u00ed. <strong>Difuz\u00e9r<\/strong> ocen\u00edte p\u0159edev\u0161\u00edm p\u0159i vysou\u0161en\u00ed vlnit\u00fdch a kudrnat\u00fdch vlas\u016f, kter\u00fdm se dokonale p\u0159izp\u016fsob\u00ed a hrav\u011b si s nimi porad\u00ed. <strong>\u00dazk\u00fd koncentr\u00e1tor <\/strong>je skv\u011bl\u00fdm pomocn\u00edkem p\u0159i tvarov\u00e1n\u00ed \u00fa\u010desu a umo\u017e\u0148uje nasm\u011brovat proud vzduchu p\u0159esn\u011b tam, kam je pot\u0159eba.<\/p>\n<p>B\u011bhem pou\u017e\u00edv\u00e1n\u00ed nebo p\u0159i skladov\u00e1n\u00ed pak p\u0159ijde vhod <strong>poutko na zav\u011b\u0161en\u00ed<\/strong>. Odn\u00edmateln\u00e1 m\u0159\u00ed\u017eka zaji\u0161\u0165uje snadnou a rychlou \u00fadr\u017ebu a s <strong>bezpe\u010dnostn\u00ed pojistkou<\/strong>\u00a0nemus\u00edte m\u00edt strach z ne\u017e\u00e1douc\u00edho p\u0159eh\u0159\u00e1t\u00ed p\u0159\u00edstroje.<\/p>\n","protected":false},"excerpt":{"rendered":"<p>Vysou\u0161e\u010d vlas\u016f ECG VV 115 nab\u00edz\u00ed tak\u00e9 praktick\u00e9 p\u0159\u00edslu\u0161enstv\u00ed. Difuz\u00e9r ocen\u00edte p\u0159edev\u0161\u00edm p\u0159i vysou\u0161en\u00ed vlnit\u00fdch a kudrnat\u00fdch vlas\u016f, kter\u00fdm se dokonale p\u0159izp\u016fsob\u00ed a hrav\u011b si s nimi porad\u00ed. \u00dazk\u00fd koncentr\u00e1tor je skv\u011bl\u00fdm pomocn\u00edkem p\u0159i tvarov\u00e1n\u00ed \u00fa\u010desu a umo\u017e\u0148uje nasm\u011brovat proud vzduchu p\u0159esn\u011b tam, kam je pot\u0159eba. B\u011bhem pou\u017e\u00edv\u00e1n\u00ed nebo p\u0159i skladov\u00e1n\u00ed pak p\u0159ijde vhod poutko [&hellip;]<\/p>\n","protected":false},"featured_media":1970701,"template":"","meta":{"_acf_changed":false,"_monsterinsights_skip_tracking":false,"_monsterinsights_sitenote_active":false,"_monsterinsights_sitenote_note":"","_monsterinsights_sitenote_category":0},"product_brand":[],"product_cat":[46055],"product_tag":[],"class_list":{"0":"post-1349849","1":"product","2":"type-product","3":"status-publish","4":"has-post-thumbnail","6":"product_cat-vysousece-vlasu","8":"first","9":"instock","10":"taxable","11":"shipping-taxable","12":"purchasable","13":"product-type-simple"},"acf":[],"_links":{"self":[{"href":"https:\/\/ecg-electro.eu\/cs\/wp-json\/wp\/v2\/product\/1349849","targetHints":{"allow":["GET"]}}],"collection":[{"href":"https:\/\/ecg-electro.eu\/cs\/wp-json\/wp\/v2\/product"}],"about":[{"href":"https:\/\/ecg-electro.eu\/cs\/wp-json\/wp\/v2\/types\/product"}],"wp:featuredmedia":[{"embeddable":true,"href":"https:\/\/ecg-electro.eu\/cs\/wp-json\/wp\/v2\/media\/1970701"}],"wp:attachment":[{"href":"https:\/\/ecg-electro.eu\/cs\/wp-json\/wp\/v2\/media?parent=1349849"}],"wp:term":[{"taxonomy":"product_brand","embeddable":true,"href":"https:\/\/ecg-electro.eu\/cs\/wp-json\/wp\/v2\/product_brand?post=1349849"},{"taxonomy":"product_cat","embeddable":true,"href":"https:\/\/ecg-electro.eu\/cs\/wp-json\/wp\/v2\/product_cat?post=1349849"},{"taxonomy":"product_tag","embeddable":true,"href":"https:\/\/ecg-electro.eu\/cs\/wp-json\/wp\/v2\/product_tag?post=1349849"}],"curies":[{"name":"wp","href":"https:\/\/api.w.org\/{rel}","templated":true}]}}