{"id":1349539,"date":"2021-05-02T14:26:46","date_gmt":"2021-05-02T16:15:37","guid":{"rendered":"https:\/\/ecg-electro.eu\/product\/ecg-fs-91-t-2\/"},"modified":"2026-04-09T10:08:05","modified_gmt":"2026-04-09T08:08:05","slug":"ecg-fs-91-t","status":"publish","type":"product","link":"https:\/\/ecg-electro.eu\/cs\/ecg-fs-91-t\/","title":{"rendered":"ECG FS 91 T"},"content":{"rendered":"<p>Zp\u0159\u00edjemn\u011bte obdob\u00ed hork\u00fdch letn\u00edch dn\u016f pomoc\u00ed modern\u00edho stojanov\u00e9ho ventil\u00e1toru<strong> ECG FS 91 T<\/strong>, kter\u00fd se m\u016f\u017ee pochlubit spoustou jedine\u010dn\u00fdch vychyt\u00e1vek. V\u00a0nab\u00eddce m\u00e1te k\u00a0dispozici t\u0159i p\u0159ednastaven\u00e9 re\u017eimy \u2013<strong> Summer<\/strong> pro intenzivn\u00ed ventilaci<strong>, Normal<\/strong> pro st\u00e1lou rychlost a re\u017eim <strong>NIght <\/strong>se st\u0159\u00eddavou rychlost\u00ed. Pro v\u011bt\u0161\u00ed pohodl\u00ed lze ve\u0161ker\u00e9 nastaven\u00ed prov\u00e1d\u011bt pomoc\u00ed d\u00e1lkov\u00e9ho ovlada\u010de. Samoz\u0159ejm\u011b nechyb\u00ed ani praktick\u00e1 funkce \u010dasova\u010de.<\/p>\n<p>&nbsp;<\/p>\n<p>D\u00edky<strong> ioniza\u010dn\u00edmu \u010di\u0161t\u011bn\u00ed<\/strong> bude vzduch v\u00a0m\u00edstnosti nejen chladn\u00fd, ale tak\u00e9 p\u0159\u00edjemn\u011b sv\u011b\u017e\u00ed. Krom\u011b jin\u00e9ho jist\u011b ocen\u00edte tich\u00fd chod i zaj\u00edmav\u00e9 designov\u00e9 proveden\u00ed.<\/p>\n","protected":false},"excerpt":{"rendered":"<p>Zp\u0159\u00edjemn\u011bte obdob\u00ed hork\u00fdch letn\u00edch dn\u016f pomoc\u00ed modern\u00edho stojanov\u00e9ho ventil\u00e1toru ECG FS 91 T, kter\u00fd se m\u016f\u017ee pochlubit spoustou jedine\u010dn\u00fdch vychyt\u00e1vek. V\u00a0nab\u00eddce m\u00e1te k\u00a0dispozici t\u0159i p\u0159ednastaven\u00e9 re\u017eimy \u2013 Summer pro intenzivn\u00ed ventilaci, Normal pro st\u00e1lou rychlost a re\u017eim NIght se st\u0159\u00eddavou rychlost\u00ed. Pro v\u011bt\u0161\u00ed pohodl\u00ed lze ve\u0161ker\u00e9 nastaven\u00ed prov\u00e1d\u011bt pomoc\u00ed d\u00e1lkov\u00e9ho ovlada\u010de. Samoz\u0159ejm\u011b nechyb\u00ed ani praktick\u00e1 [&hellip;]<\/p>\n","protected":false},"featured_media":1969432,"template":"","meta":{"_acf_changed":false,"_monsterinsights_skip_tracking":false,"_monsterinsights_sitenote_active":false,"_monsterinsights_sitenote_note":"","_monsterinsights_sitenote_category":0},"product_brand":[],"product_cat":[45738],"product_tag":[],"class_list":{"0":"post-1349539","1":"product","2":"type-product","3":"status-publish","4":"has-post-thumbnail","6":"product_cat-sloupove-ventilatory-s-ionizaci","8":"first","9":"instock","10":"taxable","11":"shipping-taxable","12":"purchasable","13":"product-type-simple"},"acf":[],"_links":{"self":[{"href":"https:\/\/ecg-electro.eu\/cs\/wp-json\/wp\/v2\/product\/1349539","targetHints":{"allow":["GET"]}}],"collection":[{"href":"https:\/\/ecg-electro.eu\/cs\/wp-json\/wp\/v2\/product"}],"about":[{"href":"https:\/\/ecg-electro.eu\/cs\/wp-json\/wp\/v2\/types\/product"}],"wp:featuredmedia":[{"embeddable":true,"href":"https:\/\/ecg-electro.eu\/cs\/wp-json\/wp\/v2\/media\/1969432"}],"wp:attachment":[{"href":"https:\/\/ecg-electro.eu\/cs\/wp-json\/wp\/v2\/media?parent=1349539"}],"wp:term":[{"taxonomy":"product_brand","embeddable":true,"href":"https:\/\/ecg-electro.eu\/cs\/wp-json\/wp\/v2\/product_brand?post=1349539"},{"taxonomy":"product_cat","embeddable":true,"href":"https:\/\/ecg-electro.eu\/cs\/wp-json\/wp\/v2\/product_cat?post=1349539"},{"taxonomy":"product_tag","embeddable":true,"href":"https:\/\/ecg-electro.eu\/cs\/wp-json\/wp\/v2\/product_tag?post=1349539"}],"curies":[{"name":"wp","href":"https:\/\/api.w.org\/{rel}","templated":true}]}}