{"id":1349496,"date":"2021-05-02T14:26:45","date_gmt":"2021-05-02T16:15:34","guid":{"rendered":"https:\/\/ecg-electro.eu\/product\/ecg-fs-40-n-2\/"},"modified":"2026-04-04T10:12:13","modified_gmt":"2026-04-04T08:12:13","slug":"ecg-fs-40-n","status":"publish","type":"product","link":"https:\/\/ecg-electro.eu\/cs\/ecg-fs-40-n\/","title":{"rendered":"ECG FS 40 N"},"content":{"rendered":"<p>V\u00a0p\u0159\u00edpad\u011b stojanov\u00e9ho ventil\u00e1toru <strong>ECG FS 40 N<\/strong>\u00a0dozajista ocen\u00edte jeho a\u017e p\u0159ekvapiv\u011b tich\u00fd chod.<\/p>\n<p>Vyb\u00edrat lze ze t\u0159ech r\u016fzn\u00fdch <strong>nastaven\u00ed rychlosti<\/strong> \u2013 to znamen\u00e1 od lehk\u00e9ho v\u00e1nku pro jemn\u00e9 osv\u011b\u017een\u00ed a\u017e po po\u0159\u00e1dn\u00fd v\u00edtr, kter\u00fd p\u0159ijde vhod p\u0159i opravdu hork\u00fdch dnech.<\/p>\n<p><strong>K\u0159\u00ed\u017eov\u00fd stabiln\u00ed podstavec<\/strong> stojanov\u00e9ho ventil\u00e1toru <strong>ECG FS 40 N<\/strong>\u00a0tvo\u0159\u00ed maxim\u00e1ln\u011b pevnou z\u00e1kladnu pro spolehliv\u00fd a bezpe\u010dn\u00fd provoz.<\/p>\n<p>Ventil\u00e1tor je <strong>v\u00fd\u0161kov\u011b nastaviteln\u00fd<\/strong> a jeho hlavu lze dle pot\u0159eby nato\u010dit \u010di sklopit \u2013 m\u00e1te proto jedine\u010dnou mo\u017enost ho snadno uzp\u016fsobit sv\u00fdm moment\u00e1ln\u00edm pot\u0159eb\u00e1m.<\/p>\n","protected":false},"excerpt":{"rendered":"<p>V\u00a0p\u0159\u00edpad\u011b stojanov\u00e9ho ventil\u00e1toru ECG FS 40 N\u00a0dozajista ocen\u00edte jeho a\u017e p\u0159ekvapiv\u011b tich\u00fd chod. Vyb\u00edrat lze ze t\u0159ech r\u016fzn\u00fdch nastaven\u00ed rychlosti \u2013 to znamen\u00e1 od lehk\u00e9ho v\u00e1nku pro jemn\u00e9 osv\u011b\u017een\u00ed a\u017e po po\u0159\u00e1dn\u00fd v\u00edtr, kter\u00fd p\u0159ijde vhod p\u0159i opravdu hork\u00fdch dnech. K\u0159\u00ed\u017eov\u00fd stabiln\u00ed podstavec stojanov\u00e9ho ventil\u00e1toru ECG FS 40 N\u00a0tvo\u0159\u00ed maxim\u00e1ln\u011b pevnou z\u00e1kladnu pro spolehliv\u00fd a [&hellip;]<\/p>\n","protected":false},"featured_media":1969406,"template":"","meta":{"_acf_changed":false,"_monsterinsights_skip_tracking":false,"_monsterinsights_sitenote_active":false,"_monsterinsights_sitenote_note":"","_monsterinsights_sitenote_category":0},"product_cat":[45752],"product_tag":[],"class_list":{"0":"post-1349496","1":"product","2":"type-product","3":"status-publish","4":"has-post-thumbnail","6":"product_cat-stojanove-ventilatory","8":"first","9":"instock","10":"taxable","11":"shipping-taxable","12":"purchasable","13":"product-type-simple"},"acf":[],"_links":{"self":[{"href":"https:\/\/ecg-electro.eu\/cs\/wp-json\/wp\/v2\/product\/1349496","targetHints":{"allow":["GET"]}}],"collection":[{"href":"https:\/\/ecg-electro.eu\/cs\/wp-json\/wp\/v2\/product"}],"about":[{"href":"https:\/\/ecg-electro.eu\/cs\/wp-json\/wp\/v2\/types\/product"}],"wp:featuredmedia":[{"embeddable":true,"href":"https:\/\/ecg-electro.eu\/cs\/wp-json\/wp\/v2\/media\/1969406"}],"wp:attachment":[{"href":"https:\/\/ecg-electro.eu\/cs\/wp-json\/wp\/v2\/media?parent=1349496"}],"wp:term":[{"taxonomy":"product_cat","embeddable":true,"href":"https:\/\/ecg-electro.eu\/cs\/wp-json\/wp\/v2\/product_cat?post=1349496"},{"taxonomy":"product_tag","embeddable":true,"href":"https:\/\/ecg-electro.eu\/cs\/wp-json\/wp\/v2\/product_tag?post=1349496"}],"curies":[{"name":"wp","href":"https:\/\/api.w.org\/{rel}","templated":true}]}}