{"id":1349312,"date":"2021-05-02T14:26:43","date_gmt":"2021-05-02T16:15:25","guid":{"rendered":"https:\/\/ecg-electro.eu\/product\/ecg-ft-30a-2\/"},"modified":"2026-04-17T10:08:58","modified_gmt":"2026-04-17T08:08:58","slug":"ecg-ft-30a","status":"publish","type":"product","link":"https:\/\/ecg-electro.eu\/cs\/ecg-ft-30a\/","title":{"rendered":"ECG FT 30a"},"content":{"rendered":"<p>V\u00a0l\u00e9t\u011b, kdy\u017e p\u0159ich\u00e1z\u00ed vlna parn\u00fdch dn\u00ed, je jak\u00e1koliv \u00faleva od horka vskutku nedoceniteln\u00e1.<\/p>\n<p>Vyzbrojte se proti n\u00e1val\u016fm vedra praktick\u00fdm pomocn\u00edkem a u\u017e\u00edvejte si letn\u00edch dn\u00ed bez propocen\u00fdch tri\u010dek a kr\u016fp\u011bj\u00ed potu na \u010dele.<\/p>\n<p>Se stoln\u00edm ventil\u00e1torem <strong>ECG FT 30a<\/strong> se m\u016f\u017eete zchladit kdekoliv bude pot\u0159eba &#8211; doma, v\u00a0kancel\u00e1\u0159i, ale t\u0159eba i na chat\u011b.<\/p>\n<p>Stoln\u00ed ventil\u00e1tor <strong>ECG FT 30a<\/strong> lze dle libosti nastavit a <strong>t\u0159i r\u016fzn\u00e9 rychlosti provoz<\/strong>u, p\u0159esn\u011b podle moment\u00e1ln\u00ed pot\u0159eby a teploty v\u00a0m\u00edstnosti.<\/p>\n<p>Ocen\u011bn\u00ed hodnou vlastnost\u00ed ventil\u00e1toru je bezesporu jeho <strong>tich\u00fd<\/strong>, neru\u0161iv\u00fd chod a v\u00a0neposledn\u00ed \u0159ad\u011b <strong>sklopn\u00fd <\/strong>a nastaviteln\u00fd \u00fahel kmit\u00e1n\u00ed.<\/p>\n","protected":false},"excerpt":{"rendered":"<p>V\u00a0l\u00e9t\u011b, kdy\u017e p\u0159ich\u00e1z\u00ed vlna parn\u00fdch dn\u00ed, je jak\u00e1koliv \u00faleva od horka vskutku nedoceniteln\u00e1. Vyzbrojte se proti n\u00e1val\u016fm vedra praktick\u00fdm pomocn\u00edkem a u\u017e\u00edvejte si letn\u00edch dn\u00ed bez propocen\u00fdch tri\u010dek a kr\u016fp\u011bj\u00ed potu na \u010dele. Se stoln\u00edm ventil\u00e1torem ECG FT 30a se m\u016f\u017eete zchladit kdekoliv bude pot\u0159eba &#8211; doma, v\u00a0kancel\u00e1\u0159i, ale t\u0159eba i na chat\u011b. Stoln\u00ed ventil\u00e1tor [&hellip;]<\/p>\n","protected":false},"featured_media":1969458,"template":"","meta":{"_acf_changed":false,"_monsterinsights_skip_tracking":false,"_monsterinsights_sitenote_active":false,"_monsterinsights_sitenote_note":"","_monsterinsights_sitenote_category":0},"product_brand":[],"product_cat":[45766],"product_tag":[],"class_list":{"0":"post-1349312","1":"product","2":"type-product","3":"status-publish","4":"has-post-thumbnail","6":"product_cat-stolni-ventilatory","8":"first","9":"instock","10":"taxable","11":"shipping-taxable","12":"purchasable","13":"product-type-simple"},"acf":[],"_links":{"self":[{"href":"https:\/\/ecg-electro.eu\/cs\/wp-json\/wp\/v2\/product\/1349312","targetHints":{"allow":["GET"]}}],"collection":[{"href":"https:\/\/ecg-electro.eu\/cs\/wp-json\/wp\/v2\/product"}],"about":[{"href":"https:\/\/ecg-electro.eu\/cs\/wp-json\/wp\/v2\/types\/product"}],"wp:featuredmedia":[{"embeddable":true,"href":"https:\/\/ecg-electro.eu\/cs\/wp-json\/wp\/v2\/media\/1969458"}],"wp:attachment":[{"href":"https:\/\/ecg-electro.eu\/cs\/wp-json\/wp\/v2\/media?parent=1349312"}],"wp:term":[{"taxonomy":"product_brand","embeddable":true,"href":"https:\/\/ecg-electro.eu\/cs\/wp-json\/wp\/v2\/product_brand?post=1349312"},{"taxonomy":"product_cat","embeddable":true,"href":"https:\/\/ecg-electro.eu\/cs\/wp-json\/wp\/v2\/product_cat?post=1349312"},{"taxonomy":"product_tag","embeddable":true,"href":"https:\/\/ecg-electro.eu\/cs\/wp-json\/wp\/v2\/product_tag?post=1349312"}],"curies":[{"name":"wp","href":"https:\/\/api.w.org\/{rel}","templated":true}]}}