{"id":1348842,"date":"2021-05-02T14:26:33","date_gmt":"2021-05-02T16:14:58","guid":{"rendered":"https:\/\/ecg-electro.eu\/product\/ecg-tk-2050-2\/"},"modified":"2026-04-04T10:12:19","modified_gmt":"2026-04-04T08:12:19","slug":"ecg-tk-2050","status":"publish","type":"product","link":"https:\/\/ecg-electro.eu\/cs\/ecg-tk-2050\/","title":{"rendered":"ECG TK 2050"},"content":{"rendered":"<p>Teplovzdu\u0161n\u00fd konvektor <strong>ECG TK 2050<\/strong> p\u0159edstavuje ide\u00e1ln\u00ed \u0159e\u0161en\u00ed, jak si doma zajistit tepelnou pohodu b\u011bhem chladn\u00fdch dn\u016f. Celkem disponuje 3 v\u00fdkonnostn\u00edmi stupni. Ovl\u00e1d\u00e1n\u00ed prov\u00e1d\u00edte jednodu\u0161e pomoc\u00ed oto\u010dn\u00e9ho voli\u010de a tla\u010d\u00edtek, kter\u00e1 jsou opat\u0159ena sv\u011btelnou kontrolkou provozu.<\/p>\n","protected":false},"excerpt":{"rendered":"<p>Teplovzdu\u0161n\u00fd konvektor ECG TK 2050 p\u0159edstavuje ide\u00e1ln\u00ed \u0159e\u0161en\u00ed, jak si doma zajistit tepelnou pohodu b\u011bhem chladn\u00fdch dn\u016f. Celkem disponuje 3 v\u00fdkonnostn\u00edmi stupni. Ovl\u00e1d\u00e1n\u00ed prov\u00e1d\u00edte jednodu\u0161e pomoc\u00ed oto\u010dn\u00e9ho voli\u010de a tla\u010d\u00edtek, kter\u00e1 jsou opat\u0159ena sv\u011btelnou kontrolkou provozu.<\/p>\n","protected":false},"featured_media":1970608,"template":"","meta":{"_acf_changed":false,"_monsterinsights_skip_tracking":false,"_monsterinsights_sitenote_active":false,"_monsterinsights_sitenote_note":"","_monsterinsights_sitenote_category":0},"product_cat":[45879],"product_tag":[],"class_list":{"0":"post-1348842","1":"product","2":"type-product","3":"status-publish","4":"has-post-thumbnail","6":"product_cat-teplovzdusne-konvektory","8":"first","9":"instock","10":"taxable","11":"shipping-taxable","12":"purchasable","13":"product-type-simple"},"acf":[],"_links":{"self":[{"href":"https:\/\/ecg-electro.eu\/cs\/wp-json\/wp\/v2\/product\/1348842","targetHints":{"allow":["GET"]}}],"collection":[{"href":"https:\/\/ecg-electro.eu\/cs\/wp-json\/wp\/v2\/product"}],"about":[{"href":"https:\/\/ecg-electro.eu\/cs\/wp-json\/wp\/v2\/types\/product"}],"wp:featuredmedia":[{"embeddable":true,"href":"https:\/\/ecg-electro.eu\/cs\/wp-json\/wp\/v2\/media\/1970608"}],"wp:attachment":[{"href":"https:\/\/ecg-electro.eu\/cs\/wp-json\/wp\/v2\/media?parent=1348842"}],"wp:term":[{"taxonomy":"product_cat","embeddable":true,"href":"https:\/\/ecg-electro.eu\/cs\/wp-json\/wp\/v2\/product_cat?post=1348842"},{"taxonomy":"product_tag","embeddable":true,"href":"https:\/\/ecg-electro.eu\/cs\/wp-json\/wp\/v2\/product_tag?post=1348842"}],"curies":[{"name":"wp","href":"https:\/\/api.w.org\/{rel}","templated":true}]}}