{"id":1348147,"date":"2021-05-02T14:26:21","date_gmt":"2021-05-02T16:14:22","guid":{"rendered":"https:\/\/ecg-electro.eu\/product\/ecg-rm-200-2\/"},"modified":"2026-04-02T15:14:35","modified_gmt":"2026-04-02T13:14:35","slug":"ecg-rm-200","status":"publish","type":"product","link":"https:\/\/ecg-electro.eu\/cs\/ecg-rm-200\/","title":{"rendered":"ECG RM 200"},"content":{"rendered":"<p>Mix\u00e9r je vybaven nerezov\u00fdm sekac\u00edm no\u017eem a odn\u00edmateln\u00fdm n\u00e1stavcem. Pomoc\u00ed tla\u010d\u00edtek, chyt\u0159e um\u00edst\u011bn\u00fdch v\u00a0horn\u00ed \u010d\u00e1sti rukojeti m\u016f\u017eete volit ze dvou rychlostn\u00edch stup\u0148\u016f. Po ka\u017ed\u00e9m pou\u017eit\u00ed sta\u010d\u00ed p\u0159\u00edstroj jen ot\u0159\u00edt vlhkou ut\u011brkou. No\u017ee je mo\u017en\u00e9 snadno opl\u00e1chnout v\u00a0m\u00fddlov\u00e9 vod\u011b.<\/p>\n<p>&nbsp;<\/p>\n<p>Tento model je dod\u00e1v\u00e1n v\u00a0elegantn\u00edm b\u00edl\u00e9m proveden\u00ed se <strong>130cm<\/strong> p\u0159\u00edvodn\u00edm kabelem.<\/p>\n","protected":false},"excerpt":{"rendered":"<p>Mix\u00e9r je vybaven nerezov\u00fdm sekac\u00edm no\u017eem a odn\u00edmateln\u00fdm n\u00e1stavcem. Pomoc\u00ed tla\u010d\u00edtek, chyt\u0159e um\u00edst\u011bn\u00fdch v\u00a0horn\u00ed \u010d\u00e1sti rukojeti m\u016f\u017eete volit ze dvou rychlostn\u00edch stup\u0148\u016f. Po ka\u017ed\u00e9m pou\u017eit\u00ed sta\u010d\u00ed p\u0159\u00edstroj jen ot\u0159\u00edt vlhkou ut\u011brkou. No\u017ee je mo\u017en\u00e9 snadno opl\u00e1chnout v\u00a0m\u00fddlov\u00e9 vod\u011b. &nbsp; Tento model je dod\u00e1v\u00e1n v\u00a0elegantn\u00edm b\u00edl\u00e9m proveden\u00ed se 130cm p\u0159\u00edvodn\u00edm kabelem.<\/p>\n","protected":false},"featured_media":1970234,"template":"","meta":{"_acf_changed":false,"_monsterinsights_skip_tracking":false,"_monsterinsights_sitenote_active":false,"_monsterinsights_sitenote_note":"","_monsterinsights_sitenote_category":0},"product_cat":[44700],"product_tag":[],"class_list":{"0":"post-1348147","1":"product","2":"type-product","3":"status-publish","4":"has-post-thumbnail","6":"product_cat-tycove-mixery","8":"first","9":"instock","10":"taxable","11":"shipping-taxable","12":"purchasable","13":"product-type-simple"},"acf":[],"_links":{"self":[{"href":"https:\/\/ecg-electro.eu\/cs\/wp-json\/wp\/v2\/product\/1348147","targetHints":{"allow":["GET"]}}],"collection":[{"href":"https:\/\/ecg-electro.eu\/cs\/wp-json\/wp\/v2\/product"}],"about":[{"href":"https:\/\/ecg-electro.eu\/cs\/wp-json\/wp\/v2\/types\/product"}],"wp:featuredmedia":[{"embeddable":true,"href":"https:\/\/ecg-electro.eu\/cs\/wp-json\/wp\/v2\/media\/1970234"}],"wp:attachment":[{"href":"https:\/\/ecg-electro.eu\/cs\/wp-json\/wp\/v2\/media?parent=1348147"}],"wp:term":[{"taxonomy":"product_cat","embeddable":true,"href":"https:\/\/ecg-electro.eu\/cs\/wp-json\/wp\/v2\/product_cat?post=1348147"},{"taxonomy":"product_tag","embeddable":true,"href":"https:\/\/ecg-electro.eu\/cs\/wp-json\/wp\/v2\/product_tag?post=1348147"}],"curies":[{"name":"wp","href":"https:\/\/api.w.org\/{rel}","templated":true}]}}