{"id":1346818,"date":"2021-05-02T14:26:01","date_gmt":"2021-05-02T16:13:13","guid":{"rendered":"https:\/\/ecg-electro.eu\/product\/ecg-st-818-2\/"},"modified":"2026-04-14T10:40:16","modified_gmt":"2026-04-14T08:40:16","slug":"ecg-st-818","status":"publish","type":"product","link":"https:\/\/ecg-electro.eu\/cs\/ecg-st-818\/","title":{"rendered":"ECG ST 818"},"content":{"rendered":"<p>O provozu spot\u0159ebi\u010de informuj\u00ed kontrolky um\u00edst\u011bn\u00e9 p\u0159\u00edmo v tla\u010d\u00edtk\u00e1ch. V p\u0159\u00edpad\u011b pot\u0159eby nen\u00ed probl\u00e9m jedn\u00edm stiskem program p\u0159eru\u0161it a pe\u010divo vyjmout.<\/p>\n<p>Nen\u00ed t\u0159eba se ob\u00e1vat, \u017ee by v\u00e1s ka\u017ed\u00e1 takov\u00e1 p\u0159\u00edprava st\u00e1la spoustu \u010dasu. Po skon\u010den\u00ed sta\u010d\u00ed pouze vyt\u00e1hnout <strong>t\u00e1cek<\/strong>, na kter\u00fd padaj\u00ed drobe\u010dky, vysypat ho a m\u016f\u017eete ukl\u00edzet. Snadn\u00e9 manipulaci dopom\u016f\u017ee i n\u00edzk\u00e1 hmotnost 1,14 kilogramu a tak\u00e9 praktick\u00e1 p\u0159ihr\u00e1dka pro nap\u00e1jec\u00ed kabel, kter\u00fd m\u00e1 d\u00e9lku 1 metr.<\/p>\n","protected":false},"excerpt":{"rendered":"<p>O provozu spot\u0159ebi\u010de informuj\u00ed kontrolky um\u00edst\u011bn\u00e9 p\u0159\u00edmo v tla\u010d\u00edtk\u00e1ch. V p\u0159\u00edpad\u011b pot\u0159eby nen\u00ed probl\u00e9m jedn\u00edm stiskem program p\u0159eru\u0161it a pe\u010divo vyjmout. Nen\u00ed t\u0159eba se ob\u00e1vat, \u017ee by v\u00e1s ka\u017ed\u00e1 takov\u00e1 p\u0159\u00edprava st\u00e1la spoustu \u010dasu. Po skon\u010den\u00ed sta\u010d\u00ed pouze vyt\u00e1hnout t\u00e1cek, na kter\u00fd padaj\u00ed drobe\u010dky, vysypat ho a m\u016f\u017eete ukl\u00edzet. Snadn\u00e9 manipulaci dopom\u016f\u017ee i n\u00edzk\u00e1 hmotnost [&hellip;]<\/p>\n","protected":false},"featured_media":1970530,"template":"","meta":{"_acf_changed":false,"_monsterinsights_skip_tracking":false,"_monsterinsights_sitenote_active":false,"_monsterinsights_sitenote_note":"","_monsterinsights_sitenote_category":0},"product_brand":[],"product_cat":[44627],"product_tag":[],"class_list":{"0":"post-1346818","1":"product","2":"type-product","3":"status-publish","4":"has-post-thumbnail","6":"product_cat-topinkovace","8":"first","9":"instock","10":"taxable","11":"shipping-taxable","12":"purchasable","13":"product-type-simple"},"acf":[],"_links":{"self":[{"href":"https:\/\/ecg-electro.eu\/cs\/wp-json\/wp\/v2\/product\/1346818","targetHints":{"allow":["GET"]}}],"collection":[{"href":"https:\/\/ecg-electro.eu\/cs\/wp-json\/wp\/v2\/product"}],"about":[{"href":"https:\/\/ecg-electro.eu\/cs\/wp-json\/wp\/v2\/types\/product"}],"wp:featuredmedia":[{"embeddable":true,"href":"https:\/\/ecg-electro.eu\/cs\/wp-json\/wp\/v2\/media\/1970530"}],"wp:attachment":[{"href":"https:\/\/ecg-electro.eu\/cs\/wp-json\/wp\/v2\/media?parent=1346818"}],"wp:term":[{"taxonomy":"product_brand","embeddable":true,"href":"https:\/\/ecg-electro.eu\/cs\/wp-json\/wp\/v2\/product_brand?post=1346818"},{"taxonomy":"product_cat","embeddable":true,"href":"https:\/\/ecg-electro.eu\/cs\/wp-json\/wp\/v2\/product_cat?post=1346818"},{"taxonomy":"product_tag","embeddable":true,"href":"https:\/\/ecg-electro.eu\/cs\/wp-json\/wp\/v2\/product_tag?post=1346818"}],"curies":[{"name":"wp","href":"https:\/\/api.w.org\/{rel}","templated":true}]}}