{"id":1346663,"date":"2021-05-02T14:25:59","date_gmt":"2021-05-02T16:13:04","guid":{"rendered":"https:\/\/ecg-electro.eu\/product\/ecg-st-968-2\/"},"modified":"2026-04-20T10:04:03","modified_gmt":"2026-04-20T08:04:03","slug":"ecg-st-968","status":"publish","type":"product","link":"https:\/\/ecg-electro.eu\/cs\/ecg-st-968\/","title":{"rendered":"ECG ST 968"},"content":{"rendered":"<p>Na p\u0159\u00edpravu topinek, toust\u016f \u010di jin\u00fdch druh\u016f pe\u010diva m\u016f\u017eete pou\u017e\u00edt dv\u011b \u0161t\u011brbiny. Je na v\u00e1s, zda budete pouze op\u00e9kat nebo si zvol\u00edte funkci rozmrazov\u00e1n\u00ed \u010di p\u0159ih\u0159\u00edv\u00e1n\u00ed. Plynul\u00e1 regulace v\u00fdkonu prob\u00edh\u00e1 pomoc\u00ed <strong>oto\u010dn\u00e9ho termostatu<\/strong> s osmi stupni oh\u0159evu.<\/p>\n<p>Topinkova\u010d je vybaven funkc\u00ed <strong>automatick\u00e9ho vypnut\u00ed<\/strong>. O jeho \u010dinnosti m\u00e1te p\u0159ehled d\u00edky sv\u011bteln\u00e9 signalizaci provozu v podob\u011b dvou kontrolek. Na zbytky pe\u010diva, kter\u00e9 odpadnou p\u0159i p\u0159\u00edprav\u011b, je instalov\u00e1n\u00a0praktick\u00fd vyj\u00edmateln\u00fd t\u00e1c\u00a0na drobky.<\/p>\n","protected":false},"excerpt":{"rendered":"<p>Na p\u0159\u00edpravu topinek, toust\u016f \u010di jin\u00fdch druh\u016f pe\u010diva m\u016f\u017eete pou\u017e\u00edt dv\u011b \u0161t\u011brbiny. Je na v\u00e1s, zda budete pouze op\u00e9kat nebo si zvol\u00edte funkci rozmrazov\u00e1n\u00ed \u010di p\u0159ih\u0159\u00edv\u00e1n\u00ed. Plynul\u00e1 regulace v\u00fdkonu prob\u00edh\u00e1 pomoc\u00ed oto\u010dn\u00e9ho termostatu s osmi stupni oh\u0159evu. Topinkova\u010d je vybaven funkc\u00ed automatick\u00e9ho vypnut\u00ed. O jeho \u010dinnosti m\u00e1te p\u0159ehled d\u00edky sv\u011bteln\u00e9 signalizaci provozu v podob\u011b dvou [&hellip;]<\/p>\n","protected":false},"featured_media":1970543,"template":"","meta":{"_acf_changed":false,"_monsterinsights_skip_tracking":false,"_monsterinsights_sitenote_active":false,"_monsterinsights_sitenote_note":"","_monsterinsights_sitenote_category":0},"product_brand":[],"product_cat":[44627],"product_tag":[],"class_list":{"0":"post-1346663","1":"product","2":"type-product","3":"status-publish","4":"has-post-thumbnail","6":"product_cat-topinkovace","8":"first","9":"instock","10":"taxable","11":"shipping-taxable","12":"purchasable","13":"product-type-simple"},"acf":[],"_links":{"self":[{"href":"https:\/\/ecg-electro.eu\/cs\/wp-json\/wp\/v2\/product\/1346663","targetHints":{"allow":["GET"]}}],"collection":[{"href":"https:\/\/ecg-electro.eu\/cs\/wp-json\/wp\/v2\/product"}],"about":[{"href":"https:\/\/ecg-electro.eu\/cs\/wp-json\/wp\/v2\/types\/product"}],"wp:featuredmedia":[{"embeddable":true,"href":"https:\/\/ecg-electro.eu\/cs\/wp-json\/wp\/v2\/media\/1970543"}],"wp:attachment":[{"href":"https:\/\/ecg-electro.eu\/cs\/wp-json\/wp\/v2\/media?parent=1346663"}],"wp:term":[{"taxonomy":"product_brand","embeddable":true,"href":"https:\/\/ecg-electro.eu\/cs\/wp-json\/wp\/v2\/product_brand?post=1346663"},{"taxonomy":"product_cat","embeddable":true,"href":"https:\/\/ecg-electro.eu\/cs\/wp-json\/wp\/v2\/product_cat?post=1346663"},{"taxonomy":"product_tag","embeddable":true,"href":"https:\/\/ecg-electro.eu\/cs\/wp-json\/wp\/v2\/product_tag?post=1346663"}],"curies":[{"name":"wp","href":"https:\/\/api.w.org\/{rel}","templated":true}]}}