{"id":1346395,"date":"2021-05-02T14:25:56","date_gmt":"2021-05-02T16:12:49","guid":{"rendered":"https:\/\/ecg-electro.eu\/product\/ecg-so-375-2\/"},"modified":"2026-04-08T10:12:05","modified_gmt":"2026-04-08T08:12:05","slug":"ecg-so-375","status":"publish","type":"product","link":"https:\/\/ecg-electro.eu\/cs\/ecg-so-375\/","title":{"rendered":"ECG SO 375"},"content":{"rendered":"<p>Su\u0161i\u010dka je vybavena praktick\u00fdmi vychyt\u00e1vkami, jen\u017e v\u00e1m je\u0161t\u011b v\u00edce usnadn\u00ed pr\u00e1ci. Jedn\u00e1 se nap\u0159\u00edklad o ochranu proti p\u0159eh\u0159\u00e1t\u00ed. O je\u0161t\u011b v\u011bt\u0161\u00ed bezpe\u010dnost se pak staraj\u00ed protiskluzov\u00e9 no\u017ei\u010dky.<\/p>\n<p>U\u017eite\u010dnou funkc\u00ed je <strong>plynul\u00e1 regulace teploty<\/strong>, o n\u00ed\u017e se star\u00e1 termostat s rozmez\u00edm 35-70 \u00b0C. M\u016f\u017eete si tak nastavit p\u0159esn\u011b takovou teplotu, kterou budete pot\u0159ebovat.<\/p>\n","protected":false},"excerpt":{"rendered":"<p>Su\u0161i\u010dka je vybavena praktick\u00fdmi vychyt\u00e1vkami, jen\u017e v\u00e1m je\u0161t\u011b v\u00edce usnadn\u00ed pr\u00e1ci. Jedn\u00e1 se nap\u0159\u00edklad o ochranu proti p\u0159eh\u0159\u00e1t\u00ed. O je\u0161t\u011b v\u011bt\u0161\u00ed bezpe\u010dnost se pak staraj\u00ed protiskluzov\u00e9 no\u017ei\u010dky. U\u017eite\u010dnou funkc\u00ed je plynul\u00e1 regulace teploty, o n\u00ed\u017e se star\u00e1 termostat s rozmez\u00edm 35-70 \u00b0C. M\u016f\u017eete si tak nastavit p\u0159esn\u011b takovou teplotu, kterou budete pot\u0159ebovat.<\/p>\n","protected":false},"featured_media":1970478,"template":"","meta":{"_acf_changed":false,"_monsterinsights_skip_tracking":false,"_monsterinsights_sitenote_active":false,"_monsterinsights_sitenote_note":"","_monsterinsights_sitenote_category":0},"product_brand":[],"product_cat":[44787],"product_tag":[],"class_list":{"0":"post-1346395","1":"product","2":"type-product","3":"status-publish","4":"has-post-thumbnail","6":"product_cat-susicky-ovoce-a-potravin","8":"first","9":"instock","10":"taxable","11":"shipping-taxable","12":"purchasable","13":"product-type-simple"},"acf":[],"_links":{"self":[{"href":"https:\/\/ecg-electro.eu\/cs\/wp-json\/wp\/v2\/product\/1346395","targetHints":{"allow":["GET"]}}],"collection":[{"href":"https:\/\/ecg-electro.eu\/cs\/wp-json\/wp\/v2\/product"}],"about":[{"href":"https:\/\/ecg-electro.eu\/cs\/wp-json\/wp\/v2\/types\/product"}],"wp:featuredmedia":[{"embeddable":true,"href":"https:\/\/ecg-electro.eu\/cs\/wp-json\/wp\/v2\/media\/1970478"}],"wp:attachment":[{"href":"https:\/\/ecg-electro.eu\/cs\/wp-json\/wp\/v2\/media?parent=1346395"}],"wp:term":[{"taxonomy":"product_brand","embeddable":true,"href":"https:\/\/ecg-electro.eu\/cs\/wp-json\/wp\/v2\/product_brand?post=1346395"},{"taxonomy":"product_cat","embeddable":true,"href":"https:\/\/ecg-electro.eu\/cs\/wp-json\/wp\/v2\/product_cat?post=1346395"},{"taxonomy":"product_tag","embeddable":true,"href":"https:\/\/ecg-electro.eu\/cs\/wp-json\/wp\/v2\/product_tag?post=1346395"}],"curies":[{"name":"wp","href":"https:\/\/api.w.org\/{rel}","templated":true}]}}