{"id":1345157,"date":"2021-05-02T14:25:40","date_gmt":"2021-05-02T16:11:44","guid":{"rendered":"https:\/\/ecg-electro.eu\/product\/ecg-s-299-3in1-black-2\/"},"modified":"2026-04-07T16:52:22","modified_gmt":"2026-04-07T14:52:22","slug":"ecg-s-299-3in1-black","status":"publish","type":"product","link":"https:\/\/ecg-electro.eu\/cs\/ecg-s-299-3in1-black\/","title":{"rendered":"ECG S 299 3in1 Black"},"content":{"rendered":"<p>Sendvi\u010dova\u010d ECG S 299 3in1 se m\u016f\u017ee pochlubit celkem <strong>3 vym\u011bniteln\u00fdmi deskami<\/strong>. Jednotliv\u00e9 desky jsou vyrobeny z <strong>nep\u0159ilnav\u00e9ho materi\u00e1lu<\/strong>. Nedoch\u00e1z\u00ed tak k ne\u017e\u00e1douc\u00edmu p\u0159ipalov\u00e1n\u00ed zbytk\u016f j\u00eddel a tak\u00e9 n\u00e1sledn\u00e9 \u010di\u0161t\u011bn\u00ed je mnohem rychlej\u0161\u00ed.<\/p>\n<p>P\u0159i spu\u0161t\u011bn\u00ed spot\u0159ebi\u010de se automaticky rozsv\u00edt\u00ed \u010derven\u00e1 <strong>kontrolka provozu<\/strong>. Na dostate\u010dn\u00e9 nah\u0159\u00e1t\u00ed v\u00e1s n\u00e1sledn\u011b upozorn\u00ed zelen\u00fd indik\u00e1tor provozu.<\/p>\n<p>P\u0159\u00edkon dosahuje hodnoty <strong>700 W<\/strong>.<\/p>\n","protected":false},"excerpt":{"rendered":"<p>Sendvi\u010dova\u010d ECG S 299 3in1 se m\u016f\u017ee pochlubit celkem 3 vym\u011bniteln\u00fdmi deskami. Jednotliv\u00e9 desky jsou vyrobeny z nep\u0159ilnav\u00e9ho materi\u00e1lu. Nedoch\u00e1z\u00ed tak k ne\u017e\u00e1douc\u00edmu p\u0159ipalov\u00e1n\u00ed zbytk\u016f j\u00eddel a tak\u00e9 n\u00e1sledn\u00e9 \u010di\u0161t\u011bn\u00ed je mnohem rychlej\u0161\u00ed. P\u0159i spu\u0161t\u011bn\u00ed spot\u0159ebi\u010de se automaticky rozsv\u00edt\u00ed \u010derven\u00e1 kontrolka provozu. Na dostate\u010dn\u00e9 nah\u0159\u00e1t\u00ed v\u00e1s n\u00e1sledn\u011b upozorn\u00ed zelen\u00fd indik\u00e1tor provozu. P\u0159\u00edkon dosahuje hodnoty 700 [&hellip;]<\/p>\n","protected":false},"featured_media":1970389,"template":"","meta":{"_acf_changed":false,"_monsterinsights_skip_tracking":false,"_monsterinsights_sitenote_active":false,"_monsterinsights_sitenote_note":"","_monsterinsights_sitenote_category":0},"product_brand":[],"product_cat":[44557,44585,44600],"product_tag":[],"class_list":{"0":"post-1345157","1":"product","2":"type-product","3":"status-publish","4":"has-post-thumbnail","6":"product_cat-vaflovace","7":"product_cat-sendvicovace","8":"product_cat-sendvicovace-3v1","10":"first","11":"instock","12":"taxable","13":"shipping-taxable","14":"purchasable","15":"product-type-simple"},"acf":[],"_links":{"self":[{"href":"https:\/\/ecg-electro.eu\/cs\/wp-json\/wp\/v2\/product\/1345157","targetHints":{"allow":["GET"]}}],"collection":[{"href":"https:\/\/ecg-electro.eu\/cs\/wp-json\/wp\/v2\/product"}],"about":[{"href":"https:\/\/ecg-electro.eu\/cs\/wp-json\/wp\/v2\/types\/product"}],"wp:featuredmedia":[{"embeddable":true,"href":"https:\/\/ecg-electro.eu\/cs\/wp-json\/wp\/v2\/media\/1970389"}],"wp:attachment":[{"href":"https:\/\/ecg-electro.eu\/cs\/wp-json\/wp\/v2\/media?parent=1345157"}],"wp:term":[{"taxonomy":"product_brand","embeddable":true,"href":"https:\/\/ecg-electro.eu\/cs\/wp-json\/wp\/v2\/product_brand?post=1345157"},{"taxonomy":"product_cat","embeddable":true,"href":"https:\/\/ecg-electro.eu\/cs\/wp-json\/wp\/v2\/product_cat?post=1345157"},{"taxonomy":"product_tag","embeddable":true,"href":"https:\/\/ecg-electro.eu\/cs\/wp-json\/wp\/v2\/product_tag?post=1345157"}],"curies":[{"name":"wp","href":"https:\/\/api.w.org\/{rel}","templated":true}]}}