{"id":1344945,"date":"2021-05-02T14:25:37","date_gmt":"2021-05-02T16:11:34","guid":{"rendered":"https:\/\/ecg-electro.eu\/product\/ecg-s-199-quattro-2\/"},"modified":"2026-04-07T16:52:56","modified_gmt":"2026-04-07T14:52:56","slug":"ecg-s-199-quattro","status":"publish","type":"product","link":"https:\/\/ecg-electro.eu\/cs\/ecg-s-199-quattro\/","title":{"rendered":"ECG S 199 Quattro"},"content":{"rendered":"<p>Pe\u010d\u00edc\u00ed plochy sendvi\u010dova\u010de ECG S 199 Quattro jsou opat\u0159eny <strong>nep\u0159ilnav\u00fdm povrchem<\/strong>, nedoch\u00e1z\u00ed tedy k ne\u017e\u00e1douc\u00edmu p\u0159ipalov\u00e1n\u00ed a i n\u00e1sledn\u00e9 \u010di\u0161t\u011bn\u00ed je pak velmi snadn\u00e9 a rychl\u00e9.<\/p>\n<p>Hrav\u011b p\u0159iprav\u00edte <strong>a\u017e 8 troj\u00faheln\u00edkov\u00fdch sendvi\u010d\u016f<\/strong>, tak\u017ee m\u016f\u017eete pohostit i kamar\u00e1dy.<\/p>\n<p>P\u0159i skladov\u00e1n\u00ed pak jist\u011b ocen\u00edte praktick\u00fd z\u00e1mek proti otev\u0159en\u00ed a prostor pro ulo\u017een\u00ed p\u0159\u00edvodn\u00edho kabelu. Spot\u0159ebi\u010d je mo\u017en\u00e9 <strong>ulo\u017eit i ve vertik\u00e1ln\u00ed poloze<\/strong>, tak\u017ee zabere jen minimum prostoru.<\/p>\n","protected":false},"excerpt":{"rendered":"<p>Pe\u010d\u00edc\u00ed plochy sendvi\u010dova\u010de ECG S 199 Quattro jsou opat\u0159eny nep\u0159ilnav\u00fdm povrchem, nedoch\u00e1z\u00ed tedy k ne\u017e\u00e1douc\u00edmu p\u0159ipalov\u00e1n\u00ed a i n\u00e1sledn\u00e9 \u010di\u0161t\u011bn\u00ed je pak velmi snadn\u00e9 a rychl\u00e9. Hrav\u011b p\u0159iprav\u00edte a\u017e 8 troj\u00faheln\u00edkov\u00fdch sendvi\u010d\u016f, tak\u017ee m\u016f\u017eete pohostit i kamar\u00e1dy. P\u0159i skladov\u00e1n\u00ed pak jist\u011b ocen\u00edte praktick\u00fd z\u00e1mek proti otev\u0159en\u00ed a prostor pro ulo\u017een\u00ed p\u0159\u00edvodn\u00edho kabelu. Spot\u0159ebi\u010d je mo\u017en\u00e9 [&hellip;]<\/p>\n","protected":false},"featured_media":1970376,"template":"","meta":{"_acf_changed":false,"_monsterinsights_skip_tracking":false,"_monsterinsights_sitenote_active":false,"_monsterinsights_sitenote_note":"","_monsterinsights_sitenote_category":0},"product_brand":[],"product_cat":[44585],"product_tag":[],"class_list":{"0":"post-1344945","1":"product","2":"type-product","3":"status-publish","4":"has-post-thumbnail","6":"product_cat-sendvicovace","8":"first","9":"instock","10":"taxable","11":"shipping-taxable","12":"product-type-simple"},"acf":[],"_links":{"self":[{"href":"https:\/\/ecg-electro.eu\/cs\/wp-json\/wp\/v2\/product\/1344945","targetHints":{"allow":["GET"]}}],"collection":[{"href":"https:\/\/ecg-electro.eu\/cs\/wp-json\/wp\/v2\/product"}],"about":[{"href":"https:\/\/ecg-electro.eu\/cs\/wp-json\/wp\/v2\/types\/product"}],"wp:featuredmedia":[{"embeddable":true,"href":"https:\/\/ecg-electro.eu\/cs\/wp-json\/wp\/v2\/media\/1970376"}],"wp:attachment":[{"href":"https:\/\/ecg-electro.eu\/cs\/wp-json\/wp\/v2\/media?parent=1344945"}],"wp:term":[{"taxonomy":"product_brand","embeddable":true,"href":"https:\/\/ecg-electro.eu\/cs\/wp-json\/wp\/v2\/product_brand?post=1344945"},{"taxonomy":"product_cat","embeddable":true,"href":"https:\/\/ecg-electro.eu\/cs\/wp-json\/wp\/v2\/product_cat?post=1344945"},{"taxonomy":"product_tag","embeddable":true,"href":"https:\/\/ecg-electro.eu\/cs\/wp-json\/wp\/v2\/product_tag?post=1344945"}],"curies":[{"name":"wp","href":"https:\/\/api.w.org\/{rel}","templated":true}]}}