{"id":1344846,"date":"2021-05-02T14:25:36","date_gmt":"2021-05-02T16:11:29","guid":{"rendered":"https:\/\/ecg-electro.eu\/product\/ecg-s-179-2\/"},"modified":"2026-04-07T16:53:00","modified_gmt":"2026-04-07T14:53:00","slug":"ecg-s-179","status":"publish","type":"product","link":"https:\/\/ecg-electro.eu\/cs\/ecg-s-179\/","title":{"rendered":"ECG S 179"},"content":{"rendered":"<p>Sendvi\u010dova\u010d ECG S 179 je vybaven pe\u010dic\u00edmi plochami s <strong>nep\u0159ilnav\u00fdm povrchem<\/strong>.\u00a0B\u011bhem p\u0159\u00edpravy tak nedoch\u00e1z\u00ed k p\u0159ip\u00e9k\u00e1n\u00ed zbytk\u016f j\u00eddel a tak\u00e9 n\u00e1sledn\u00e9 \u010di\u0161t\u011bn\u00ed je ot\u00e1zkou chvilky.<\/p>\n<p>Sou\u010dasn\u011b je mo\u017en\u00e9 zap\u00e9kat a\u017e <strong>2 sendvi\u010de<\/strong>. Ve\u010de\u0159i pro celou rodinu tak od nyn\u011bj\u0161ka p\u0159iprav\u00edte v rekordn\u00edm \u010dase. Spot\u0159ebi\u010d zapnete pouh\u00fdm p\u0159ipojen\u00edm kabelu do z\u00e1suvky. Na dostate\u010dn\u00e9 nah\u0159\u00e1t\u00ed pe\u010dic\u00edch ploch v\u00e1s n\u00e1sledn\u011b upozorn\u00ed sv\u011bteln\u00e1 kontrolka.<\/p>\n<p>P\u0159\u00edkon dosahuje hodnoty <strong>700 W<\/strong><\/p>\n","protected":false},"excerpt":{"rendered":"<p>Sendvi\u010dova\u010d ECG S 179 je vybaven pe\u010dic\u00edmi plochami s nep\u0159ilnav\u00fdm povrchem.\u00a0B\u011bhem p\u0159\u00edpravy tak nedoch\u00e1z\u00ed k p\u0159ip\u00e9k\u00e1n\u00ed zbytk\u016f j\u00eddel a tak\u00e9 n\u00e1sledn\u00e9 \u010di\u0161t\u011bn\u00ed je ot\u00e1zkou chvilky. Sou\u010dasn\u011b je mo\u017en\u00e9 zap\u00e9kat a\u017e 2 sendvi\u010de. Ve\u010de\u0159i pro celou rodinu tak od nyn\u011bj\u0161ka p\u0159iprav\u00edte v rekordn\u00edm \u010dase. Spot\u0159ebi\u010d zapnete pouh\u00fdm p\u0159ipojen\u00edm kabelu do z\u00e1suvky. Na dostate\u010dn\u00e9 nah\u0159\u00e1t\u00ed pe\u010dic\u00edch ploch [&hellip;]<\/p>\n","protected":false},"featured_media":1971829,"template":"","meta":{"_acf_changed":false,"_monsterinsights_skip_tracking":false,"_monsterinsights_sitenote_active":false,"_monsterinsights_sitenote_note":"","_monsterinsights_sitenote_category":0},"product_brand":[],"product_cat":[44585],"product_tag":[],"class_list":{"0":"post-1344846","1":"product","2":"type-product","3":"status-publish","4":"has-post-thumbnail","6":"product_cat-sendvicovace","8":"first","9":"instock","10":"taxable","11":"shipping-taxable","12":"product-type-simple"},"acf":[],"_links":{"self":[{"href":"https:\/\/ecg-electro.eu\/cs\/wp-json\/wp\/v2\/product\/1344846","targetHints":{"allow":["GET"]}}],"collection":[{"href":"https:\/\/ecg-electro.eu\/cs\/wp-json\/wp\/v2\/product"}],"about":[{"href":"https:\/\/ecg-electro.eu\/cs\/wp-json\/wp\/v2\/types\/product"}],"wp:featuredmedia":[{"embeddable":true,"href":"https:\/\/ecg-electro.eu\/cs\/wp-json\/wp\/v2\/media\/1971829"}],"wp:attachment":[{"href":"https:\/\/ecg-electro.eu\/cs\/wp-json\/wp\/v2\/media?parent=1344846"}],"wp:term":[{"taxonomy":"product_brand","embeddable":true,"href":"https:\/\/ecg-electro.eu\/cs\/wp-json\/wp\/v2\/product_brand?post=1344846"},{"taxonomy":"product_cat","embeddable":true,"href":"https:\/\/ecg-electro.eu\/cs\/wp-json\/wp\/v2\/product_cat?post=1344846"},{"taxonomy":"product_tag","embeddable":true,"href":"https:\/\/ecg-electro.eu\/cs\/wp-json\/wp\/v2\/product_tag?post=1344846"}],"curies":[{"name":"wp","href":"https:\/\/api.w.org\/{rel}","templated":true}]}}