{"id":1344719,"date":"2021-05-02T14:25:34","date_gmt":"2021-05-02T16:11:21","guid":{"rendered":"https:\/\/ecg-electro.eu\/product\/ecg-s-169-2\/"},"modified":"2026-04-07T16:53:00","modified_gmt":"2026-04-07T14:53:00","slug":"ecg-s-169","status":"publish","type":"product","link":"https:\/\/ecg-electro.eu\/cs\/ecg-s-169\/","title":{"rendered":"ECG S 169"},"content":{"rendered":"<p>Sendvi\u010dova\u010d ECG S 169 se m\u016f\u017ee pochlubit pe\u010dic\u00edmi plochami s <strong>nep\u0159ilnav\u00fdm povrchem<\/strong>. Nedoch\u00e1z\u00ed tedy k ne\u017e\u00e1douc\u00edmu p\u0159ip\u00e9k\u00e1n\u00ed zbytk\u016f j\u00eddel a n\u00e1sledn\u00e9 \u010di\u0161t\u011bn\u00ed tak bude ot\u00e1zkou okam\u017eiku. Najednou p\u0159iprav\u00edte a\u017e <strong>2 \u010dtvercov\u00e9 sendvi\u010de<\/strong>.<\/p>\n<p>P\u0159\u00edstroj spust\u00edte pouh\u00fdm p\u0159ipojen\u00edm do z\u00e1suvky. V horn\u00ed \u010d\u00e1sti sendvi\u010dova\u010de najdete <strong>sv\u011bteln\u00e9\u00a0indik\u00e1tory<\/strong>, kter\u00e9 v\u00e1s informuj\u00ed o\u00a0 p\u0159ipojen\u00ed k s\u00ed\u0165ov\u00e9 z\u00e1suvce a p\u0159ipravenosti k pou\u017eit\u00ed. V\u017edy tak p\u0159esn\u011b v\u00edte, kdy je mo\u017en\u00e9 za\u010d\u00edt se zap\u00e9k\u00e1n\u00edm.<\/p>\n<p>P\u0159\u00edkon dosahuje hodnoty <strong>700 W<\/strong>.<\/p>\n","protected":false},"excerpt":{"rendered":"<p>Sendvi\u010dova\u010d ECG S 169 se m\u016f\u017ee pochlubit pe\u010dic\u00edmi plochami s nep\u0159ilnav\u00fdm povrchem. Nedoch\u00e1z\u00ed tedy k ne\u017e\u00e1douc\u00edmu p\u0159ip\u00e9k\u00e1n\u00ed zbytk\u016f j\u00eddel a n\u00e1sledn\u00e9 \u010di\u0161t\u011bn\u00ed tak bude ot\u00e1zkou okam\u017eiku. Najednou p\u0159iprav\u00edte a\u017e 2 \u010dtvercov\u00e9 sendvi\u010de. P\u0159\u00edstroj spust\u00edte pouh\u00fdm p\u0159ipojen\u00edm do z\u00e1suvky. V horn\u00ed \u010d\u00e1sti sendvi\u010dova\u010de najdete sv\u011bteln\u00e9\u00a0indik\u00e1tory, kter\u00e9 v\u00e1s informuj\u00ed o\u00a0 p\u0159ipojen\u00ed k s\u00ed\u0165ov\u00e9 z\u00e1suvce a p\u0159ipravenosti k [&hellip;]<\/p>\n","protected":false},"featured_media":1970363,"template":"","meta":{"_acf_changed":false,"_monsterinsights_skip_tracking":false,"_monsterinsights_sitenote_active":false,"_monsterinsights_sitenote_note":"","_monsterinsights_sitenote_category":0},"product_brand":[],"product_cat":[44585],"product_tag":[],"class_list":{"0":"post-1344719","1":"product","2":"type-product","3":"status-publish","4":"has-post-thumbnail","6":"product_cat-sendvicovace","8":"first","9":"instock","10":"taxable","11":"shipping-taxable","12":"product-type-simple"},"acf":[],"_links":{"self":[{"href":"https:\/\/ecg-electro.eu\/cs\/wp-json\/wp\/v2\/product\/1344719","targetHints":{"allow":["GET"]}}],"collection":[{"href":"https:\/\/ecg-electro.eu\/cs\/wp-json\/wp\/v2\/product"}],"about":[{"href":"https:\/\/ecg-electro.eu\/cs\/wp-json\/wp\/v2\/types\/product"}],"wp:featuredmedia":[{"embeddable":true,"href":"https:\/\/ecg-electro.eu\/cs\/wp-json\/wp\/v2\/media\/1970363"}],"wp:attachment":[{"href":"https:\/\/ecg-electro.eu\/cs\/wp-json\/wp\/v2\/media?parent=1344719"}],"wp:term":[{"taxonomy":"product_brand","embeddable":true,"href":"https:\/\/ecg-electro.eu\/cs\/wp-json\/wp\/v2\/product_brand?post=1344719"},{"taxonomy":"product_cat","embeddable":true,"href":"https:\/\/ecg-electro.eu\/cs\/wp-json\/wp\/v2\/product_cat?post=1344719"},{"taxonomy":"product_tag","embeddable":true,"href":"https:\/\/ecg-electro.eu\/cs\/wp-json\/wp\/v2\/product_tag?post=1344719"}],"curies":[{"name":"wp","href":"https:\/\/api.w.org\/{rel}","templated":true}]}}