{"id":1344379,"date":"2021-05-02T14:25:28","date_gmt":"2021-05-02T16:11:04","guid":{"rendered":"https:\/\/ecg-electro.eu\/product\/ecg-sp-466-2\/"},"modified":"2026-04-16T10:42:08","modified_gmt":"2026-04-16T08:42:08","slug":"ecg-sp-466","status":"publish","type":"product","link":"https:\/\/ecg-electro.eu\/cs\/ecg-sp-466\/","title":{"rendered":"ECG SP 466"},"content":{"rendered":"<p>Sek\u00e1\u010dek potravin <strong>ECG SP 466<\/strong>, kter\u00fd je vybaven motorem o p\u0159\u00edkonu 250 watt\u016f a nerezov\u00fdm sekac\u00edm no\u017eem, snadno a rychle nasek\u00e1\u00a0ovoce, zeleninu, o\u0159echy, ale tak\u00e9 nap\u0159\u00edklad i bylinky nebo maso.<\/p>\n<p>A rozhodn\u011b se nemus\u00edte dr\u017eet zkr\u00e1tka, proto\u017ee pro va\u0161e v\u00fdtvory je zde nachyst\u00e1na <strong>sklen\u011bn\u00e1 n\u00e1doba o objemu jednoho litru<\/strong>. Po skon\u010den\u00ed pr\u00e1ce ji m\u016f\u017eete snadno om\u00fdt, a to i v my\u010dce na n\u00e1dob\u00ed.<\/p>\n<p>Ot\u00e1\u010dky lze snadno regulovat podle pot\u0159eby a nechyb\u00ed ani <strong>pulzn\u00ed re\u017eim<\/strong>.<\/p>\n","protected":false},"excerpt":{"rendered":"<p>Sek\u00e1\u010dek potravin ECG SP 466, kter\u00fd je vybaven motorem o p\u0159\u00edkonu 250 watt\u016f a nerezov\u00fdm sekac\u00edm no\u017eem, snadno a rychle nasek\u00e1\u00a0ovoce, zeleninu, o\u0159echy, ale tak\u00e9 nap\u0159\u00edklad i bylinky nebo maso. A rozhodn\u011b se nemus\u00edte dr\u017eet zkr\u00e1tka, proto\u017ee pro va\u0161e v\u00fdtvory je zde nachyst\u00e1na sklen\u011bn\u00e1 n\u00e1doba o objemu jednoho litru. Po skon\u010den\u00ed pr\u00e1ce ji m\u016f\u017eete snadno [&hellip;]<\/p>\n","protected":false},"featured_media":1970504,"template":"","meta":{"_acf_changed":false,"_monsterinsights_skip_tracking":false,"_monsterinsights_sitenote_active":false,"_monsterinsights_sitenote_note":"","_monsterinsights_sitenote_category":0},"product_brand":[],"product_cat":[44898],"product_tag":[],"class_list":{"0":"post-1344379","1":"product","2":"type-product","3":"status-publish","4":"has-post-thumbnail","6":"product_cat-sekacky-potravin","8":"first","9":"instock","10":"taxable","11":"shipping-taxable","12":"purchasable","13":"product-type-simple"},"acf":[],"_links":{"self":[{"href":"https:\/\/ecg-electro.eu\/cs\/wp-json\/wp\/v2\/product\/1344379","targetHints":{"allow":["GET"]}}],"collection":[{"href":"https:\/\/ecg-electro.eu\/cs\/wp-json\/wp\/v2\/product"}],"about":[{"href":"https:\/\/ecg-electro.eu\/cs\/wp-json\/wp\/v2\/types\/product"}],"wp:featuredmedia":[{"embeddable":true,"href":"https:\/\/ecg-electro.eu\/cs\/wp-json\/wp\/v2\/media\/1970504"}],"wp:attachment":[{"href":"https:\/\/ecg-electro.eu\/cs\/wp-json\/wp\/v2\/media?parent=1344379"}],"wp:term":[{"taxonomy":"product_brand","embeddable":true,"href":"https:\/\/ecg-electro.eu\/cs\/wp-json\/wp\/v2\/product_brand?post=1344379"},{"taxonomy":"product_cat","embeddable":true,"href":"https:\/\/ecg-electro.eu\/cs\/wp-json\/wp\/v2\/product_cat?post=1344379"},{"taxonomy":"product_tag","embeddable":true,"href":"https:\/\/ecg-electro.eu\/cs\/wp-json\/wp\/v2\/product_tag?post=1344379"}],"curies":[{"name":"wp","href":"https:\/\/api.w.org\/{rel}","templated":true}]}}