{"id":1343787,"date":"2021-05-02T14:25:20","date_gmt":"2021-05-02T16:10:35","guid":{"rendered":"https:\/\/ecg-electro.eu\/product\/ecg-rk-1776-glass-2\/"},"modified":"2026-04-14T10:42:31","modified_gmt":"2026-04-14T08:42:31","slug":"ecg-rk-1776-glass","status":"publish","type":"product","link":"https:\/\/ecg-electro.eu\/cs\/ecg-rk-1776-glass\/","title":{"rendered":"ECG RK 1776 Glass"},"content":{"rendered":"<p>Abyste m\u011bli dobr\u00fd p\u0159ehled o p\u0159esn\u00e9m mno\u017estv\u00ed vody, je konvice vybavena p\u0159ehledn\u00fdm vodoznakem s\u00a0modr\u00fdm podsv\u00edcen\u00edm, kter\u00e9 cel\u00e9mu vzhledu dod\u00e1v\u00e1 zaj\u00edmav\u00fd styl.<\/p>\n<p>&nbsp;<\/p>\n<p>Sou\u010d\u00e1st\u00ed vybaven\u00ed je tak\u00e9 praktick\u00fd <strong>vyj\u00edmateln\u00fd filtr<\/strong>, kter\u00fd udr\u017euje vodu v\u00a0konvici ve st\u00e1l\u00e9 \u010distot\u011b \u2013 d\u00edky tomu si tak sv\u00e9 hork\u00e9 n\u00e1poje m\u016f\u017eete naplno vychutnat.<\/p>\n","protected":false},"excerpt":{"rendered":"<p>Abyste m\u011bli dobr\u00fd p\u0159ehled o p\u0159esn\u00e9m mno\u017estv\u00ed vody, je konvice vybavena p\u0159ehledn\u00fdm vodoznakem s\u00a0modr\u00fdm podsv\u00edcen\u00edm, kter\u00e9 cel\u00e9mu vzhledu dod\u00e1v\u00e1 zaj\u00edmav\u00fd styl. &nbsp; Sou\u010d\u00e1st\u00ed vybaven\u00ed je tak\u00e9 praktick\u00fd vyj\u00edmateln\u00fd filtr, kter\u00fd udr\u017euje vodu v\u00a0konvici ve st\u00e1l\u00e9 \u010distot\u011b \u2013 d\u00edky tomu si tak sv\u00e9 hork\u00e9 n\u00e1poje m\u016f\u017eete naplno vychutnat.<\/p>\n","protected":false},"featured_media":1970195,"template":"","meta":{"_acf_changed":false,"_monsterinsights_skip_tracking":false,"_monsterinsights_sitenote_active":false,"_monsterinsights_sitenote_note":"","_monsterinsights_sitenote_category":0},"product_brand":[],"product_cat":[44417],"product_tag":[],"class_list":{"0":"post-1343787","1":"product","2":"type-product","3":"status-publish","4":"has-post-thumbnail","6":"product_cat-rychlovarne-konvice","8":"first","9":"instock","10":"taxable","11":"shipping-taxable","12":"purchasable","13":"product-type-simple"},"acf":[],"_links":{"self":[{"href":"https:\/\/ecg-electro.eu\/cs\/wp-json\/wp\/v2\/product\/1343787","targetHints":{"allow":["GET"]}}],"collection":[{"href":"https:\/\/ecg-electro.eu\/cs\/wp-json\/wp\/v2\/product"}],"about":[{"href":"https:\/\/ecg-electro.eu\/cs\/wp-json\/wp\/v2\/types\/product"}],"wp:featuredmedia":[{"embeddable":true,"href":"https:\/\/ecg-electro.eu\/cs\/wp-json\/wp\/v2\/media\/1970195"}],"wp:attachment":[{"href":"https:\/\/ecg-electro.eu\/cs\/wp-json\/wp\/v2\/media?parent=1343787"}],"wp:term":[{"taxonomy":"product_brand","embeddable":true,"href":"https:\/\/ecg-electro.eu\/cs\/wp-json\/wp\/v2\/product_brand?post=1343787"},{"taxonomy":"product_cat","embeddable":true,"href":"https:\/\/ecg-electro.eu\/cs\/wp-json\/wp\/v2\/product_cat?post=1343787"},{"taxonomy":"product_tag","embeddable":true,"href":"https:\/\/ecg-electro.eu\/cs\/wp-json\/wp\/v2\/product_tag?post=1343787"}],"curies":[{"name":"wp","href":"https:\/\/api.w.org\/{rel}","templated":true}]}}