{"id":1343280,"date":"2021-05-02T14:25:14","date_gmt":"2021-05-02T16:10:12","guid":{"rendered":"https:\/\/ecg-electro.eu\/product\/ecg-rk-1750-2\/"},"modified":"2026-04-07T16:50:06","modified_gmt":"2026-04-07T14:50:06","slug":"ecg-rk-1750","status":"publish","type":"product","link":"https:\/\/ecg-electro.eu\/cs\/ecg-rk-1750\/","title":{"rendered":"ECG RK 1750"},"content":{"rendered":"<p>P\u0159i \u00fadr\u017eb\u011b a \u010di\u0161t\u011bn\u00ed spot\u0159ebi\u010de jist\u011b ocen\u00edte <strong>vyj\u00edmateln\u00fd filtr <\/strong>proti vodn\u00edmu kameni. Kter\u00fd lze jednodu\u0161e vyndat, vy\u010distit, om\u00fdt a n\u00e1sledn\u011b op\u011bt snadno d\u00e1t do konvice. \u00a0 Z\u00a0praktick\u00fdch d\u016fvod\u016f je konvice vybaven\u00e1 i n\u011bkolika <strong>bezpe\u010dnostn\u00edmi prvky<\/strong>. V\u00a0jej\u00ed v\u00fdbav\u011b nechyb\u00ed pojistka proti p\u0159eh\u0159\u00e1t\u00ed p\u0159i zapnut\u00ed bez vody. Dokonalou stabilitu spot\u0159ebi\u010de zaji\u0161\u0165uj\u00ed protiskluzov\u00e9 podlo\u017eky.<\/p>\n","protected":false},"excerpt":{"rendered":"<p>P\u0159i \u00fadr\u017eb\u011b a \u010di\u0161t\u011bn\u00ed spot\u0159ebi\u010de jist\u011b ocen\u00edte vyj\u00edmateln\u00fd filtr proti vodn\u00edmu kameni. Kter\u00fd lze jednodu\u0161e vyndat, vy\u010distit, om\u00fdt a n\u00e1sledn\u011b op\u011bt snadno d\u00e1t do konvice. \u00a0 Z\u00a0praktick\u00fdch d\u016fvod\u016f je konvice vybaven\u00e1 i n\u011bkolika bezpe\u010dnostn\u00edmi prvky. V\u00a0jej\u00ed v\u00fdbav\u011b nechyb\u00ed pojistka proti p\u0159eh\u0159\u00e1t\u00ed p\u0159i zapnut\u00ed bez vody. Dokonalou stabilitu spot\u0159ebi\u010de zaji\u0161\u0165uj\u00ed protiskluzov\u00e9 podlo\u017eky.<\/p>\n","protected":false},"featured_media":1970143,"template":"","meta":{"_acf_changed":false,"_monsterinsights_skip_tracking":false,"_monsterinsights_sitenote_active":false,"_monsterinsights_sitenote_note":"","_monsterinsights_sitenote_category":0},"product_brand":[],"product_cat":[44417],"product_tag":[],"class_list":{"0":"post-1343280","1":"product","2":"type-product","3":"status-publish","4":"has-post-thumbnail","6":"product_cat-rychlovarne-konvice","8":"first","9":"instock","10":"taxable","11":"shipping-taxable","12":"purchasable","13":"product-type-simple"},"acf":[],"_links":{"self":[{"href":"https:\/\/ecg-electro.eu\/cs\/wp-json\/wp\/v2\/product\/1343280","targetHints":{"allow":["GET"]}}],"collection":[{"href":"https:\/\/ecg-electro.eu\/cs\/wp-json\/wp\/v2\/product"}],"about":[{"href":"https:\/\/ecg-electro.eu\/cs\/wp-json\/wp\/v2\/types\/product"}],"wp:featuredmedia":[{"embeddable":true,"href":"https:\/\/ecg-electro.eu\/cs\/wp-json\/wp\/v2\/media\/1970143"}],"wp:attachment":[{"href":"https:\/\/ecg-electro.eu\/cs\/wp-json\/wp\/v2\/media?parent=1343280"}],"wp:term":[{"taxonomy":"product_brand","embeddable":true,"href":"https:\/\/ecg-electro.eu\/cs\/wp-json\/wp\/v2\/product_brand?post=1343280"},{"taxonomy":"product_cat","embeddable":true,"href":"https:\/\/ecg-electro.eu\/cs\/wp-json\/wp\/v2\/product_cat?post=1343280"},{"taxonomy":"product_tag","embeddable":true,"href":"https:\/\/ecg-electro.eu\/cs\/wp-json\/wp\/v2\/product_tag?post=1343280"}],"curies":[{"name":"wp","href":"https:\/\/api.w.org\/{rel}","templated":true}]}}