{"id":1342913,"date":"2021-05-02T14:25:08","date_gmt":"2021-05-02T16:09:53","guid":{"rendered":"https:\/\/ecg-electro.eu\/product\/ecg-rk-1240-2\/"},"modified":"2026-04-08T10:02:25","modified_gmt":"2026-04-08T08:02:25","slug":"ecg-rk-1240","status":"publish","type":"product","link":"https:\/\/ecg-electro.eu\/cs\/ecg-rk-1240\/","title":{"rendered":"ECG RK 1240"},"content":{"rendered":"<p>Pro dokonalou \u010distotu vody je zde p\u0159\u00edtomn\u00fd speci\u00e1ln\u00ed <strong>filtr proti usazenin\u00e1m<\/strong>. Topn\u00e9 t\u011bleso konvice je skryt\u00e9 uvnit\u0159 nerezov\u00e9ho dna, \u010d\u00edm\u017e je zaji\u0161t\u011bna nejen bezpe\u010dn\u011bj\u0161\u00ed manipulace, ale tak\u00e9 snadn\u011bj\u0161\u00ed \u00fadr\u017eba.<\/p>\n<p>&nbsp;<\/p>\n<p>Aby toho nebylo m\u00e1lo, jist\u011b tak\u00e9 r\u00e1di uv\u00edt\u00e1te praktickou vychyt\u00e1vku v\u00a0podob\u011b protiskluzov\u00e9 desky.<\/p>\n","protected":false},"excerpt":{"rendered":"<p>Pro dokonalou \u010distotu vody je zde p\u0159\u00edtomn\u00fd speci\u00e1ln\u00ed filtr proti usazenin\u00e1m. Topn\u00e9 t\u011bleso konvice je skryt\u00e9 uvnit\u0159 nerezov\u00e9ho dna, \u010d\u00edm\u017e je zaji\u0161t\u011bna nejen bezpe\u010dn\u011bj\u0161\u00ed manipulace, ale tak\u00e9 snadn\u011bj\u0161\u00ed \u00fadr\u017eba. &nbsp; Aby toho nebylo m\u00e1lo, jist\u011b tak\u00e9 r\u00e1di uv\u00edt\u00e1te praktickou vychyt\u00e1vku v\u00a0podob\u011b protiskluzov\u00e9 desky.<\/p>\n","protected":false},"featured_media":1970116,"template":"","meta":{"_acf_changed":false,"_monsterinsights_skip_tracking":false,"_monsterinsights_sitenote_active":false,"_monsterinsights_sitenote_note":"","_monsterinsights_sitenote_category":0},"product_brand":[],"product_cat":[44417],"product_tag":[],"class_list":{"0":"post-1342913","1":"product","2":"type-product","3":"status-publish","4":"has-post-thumbnail","6":"product_cat-rychlovarne-konvice","8":"first","9":"instock","10":"taxable","11":"shipping-taxable","12":"purchasable","13":"product-type-simple"},"acf":[],"_links":{"self":[{"href":"https:\/\/ecg-electro.eu\/cs\/wp-json\/wp\/v2\/product\/1342913","targetHints":{"allow":["GET"]}}],"collection":[{"href":"https:\/\/ecg-electro.eu\/cs\/wp-json\/wp\/v2\/product"}],"about":[{"href":"https:\/\/ecg-electro.eu\/cs\/wp-json\/wp\/v2\/types\/product"}],"wp:featuredmedia":[{"embeddable":true,"href":"https:\/\/ecg-electro.eu\/cs\/wp-json\/wp\/v2\/media\/1970116"}],"wp:attachment":[{"href":"https:\/\/ecg-electro.eu\/cs\/wp-json\/wp\/v2\/media?parent=1342913"}],"wp:term":[{"taxonomy":"product_brand","embeddable":true,"href":"https:\/\/ecg-electro.eu\/cs\/wp-json\/wp\/v2\/product_brand?post=1342913"},{"taxonomy":"product_cat","embeddable":true,"href":"https:\/\/ecg-electro.eu\/cs\/wp-json\/wp\/v2\/product_cat?post=1342913"},{"taxonomy":"product_tag","embeddable":true,"href":"https:\/\/ecg-electro.eu\/cs\/wp-json\/wp\/v2\/product_tag?post=1342913"}],"curies":[{"name":"wp","href":"https:\/\/api.w.org\/{rel}","templated":true}]}}