{"id":1342010,"date":"2021-05-02T14:24:56","date_gmt":"2021-05-02T16:09:08","guid":{"rendered":"https:\/\/ecg-electro.eu\/product\/ecg-rk-1022-blue-2\/"},"modified":"2026-04-11T10:04:45","modified_gmt":"2026-04-11T08:04:45","slug":"ecg-rk-1022-blue","status":"publish","type":"product","link":"https:\/\/ecg-electro.eu\/cs\/ecg-rk-1022-blue\/","title":{"rendered":"ECG RK 1022 blue"},"content":{"rendered":"<p>Rychlovarn\u00e1 konvice ECG RK 1022 Blue pot\u011b\u0161\u00ed <strong>kapacitou a\u017e 1 l<\/strong>.\u00a0 Bez probl\u00e9mu tak uva\u0159\u00edte \u010daj pro sebe i kamar\u00e1dku. Aktu\u00e1ln\u00ed napln\u011bn\u00ed je mo\u017en\u00e9 snadno zkontrolovat na p\u0159ehledn\u00e9m <strong>vodoznaku<\/strong>.<\/p>\n<p>V\u00edko otev\u0159ete pouh\u00fdm stisknut\u00edm tla\u010d\u00edtka na rukojeti. Na prob\u00edhaj\u00edc\u00ed oh\u0159ev v\u00e1s upozorn\u00ed sv\u011bteln\u00e1 signalizace provozu. Po dosa\u017een\u00ed bodu varu se konvice <strong>automaticky vypne<\/strong>. V\u00fdrobce\u00a0myslel i na bezpe\u010dnost. Samoz\u0159ejmost\u00ed je tak pojistka zabra\u0148uj\u00edc\u00ed chodu na pr\u00e1zdno. Oh\u0159ev se ukon\u010d\u00ed i v p\u0159\u00edpad\u011b, \u017ee doch\u00e1z\u00ed k nadm\u011brn\u00e9mu p\u0159eh\u0159\u00edv\u00e1n\u00ed.<\/p>\n<p>P\u0159\u00edkon je <strong>1100 W<\/strong>.<\/p>\n","protected":false},"excerpt":{"rendered":"<p>Rychlovarn\u00e1 konvice ECG RK 1022 Blue pot\u011b\u0161\u00ed kapacitou a\u017e 1 l.\u00a0 Bez probl\u00e9mu tak uva\u0159\u00edte \u010daj pro sebe i kamar\u00e1dku. Aktu\u00e1ln\u00ed napln\u011bn\u00ed je mo\u017en\u00e9 snadno zkontrolovat na p\u0159ehledn\u00e9m vodoznaku. V\u00edko otev\u0159ete pouh\u00fdm stisknut\u00edm tla\u010d\u00edtka na rukojeti. Na prob\u00edhaj\u00edc\u00ed oh\u0159ev v\u00e1s upozorn\u00ed sv\u011bteln\u00e1 signalizace provozu. Po dosa\u017een\u00ed bodu varu se konvice automaticky vypne. V\u00fdrobce\u00a0myslel i na [&hellip;]<\/p>\n","protected":false},"featured_media":1970090,"template":"","meta":{"_acf_changed":false,"_monsterinsights_skip_tracking":false,"_monsterinsights_sitenote_active":false,"_monsterinsights_sitenote_note":"","_monsterinsights_sitenote_category":0},"product_brand":[],"product_cat":[44417],"product_tag":[],"class_list":{"0":"post-1342010","1":"product","2":"type-product","3":"status-publish","4":"has-post-thumbnail","6":"product_cat-rychlovarne-konvice","8":"first","9":"instock","10":"taxable","11":"shipping-taxable","12":"purchasable","13":"product-type-simple"},"acf":[],"_links":{"self":[{"href":"https:\/\/ecg-electro.eu\/cs\/wp-json\/wp\/v2\/product\/1342010","targetHints":{"allow":["GET"]}}],"collection":[{"href":"https:\/\/ecg-electro.eu\/cs\/wp-json\/wp\/v2\/product"}],"about":[{"href":"https:\/\/ecg-electro.eu\/cs\/wp-json\/wp\/v2\/types\/product"}],"wp:featuredmedia":[{"embeddable":true,"href":"https:\/\/ecg-electro.eu\/cs\/wp-json\/wp\/v2\/media\/1970090"}],"wp:attachment":[{"href":"https:\/\/ecg-electro.eu\/cs\/wp-json\/wp\/v2\/media?parent=1342010"}],"wp:term":[{"taxonomy":"product_brand","embeddable":true,"href":"https:\/\/ecg-electro.eu\/cs\/wp-json\/wp\/v2\/product_brand?post=1342010"},{"taxonomy":"product_cat","embeddable":true,"href":"https:\/\/ecg-electro.eu\/cs\/wp-json\/wp\/v2\/product_cat?post=1342010"},{"taxonomy":"product_tag","embeddable":true,"href":"https:\/\/ecg-electro.eu\/cs\/wp-json\/wp\/v2\/product_tag?post=1342010"}],"curies":[{"name":"wp","href":"https:\/\/api.w.org\/{rel}","templated":true}]}}