{"id":1341742,"date":"2021-05-02T14:24:52","date_gmt":"2021-05-02T16:08:56","guid":{"rendered":"https:\/\/ecg-electro.eu\/product\/ecg-rk-1758-blue-2\/"},"modified":"2026-04-08T10:00:37","modified_gmt":"2026-04-08T08:00:37","slug":"ecg-rk-1758-blue","status":"publish","type":"product","link":"https:\/\/ecg-electro.eu\/cs\/ecg-rk-1758-blue\/","title":{"rendered":"ECG RK 1758 blue"},"content":{"rendered":"<p>V\u00a0p\u0159\u00edpad\u011b \u00fadr\u017eby jist\u011b ocen\u00edte <strong>vyj\u00edmateln\u00fd <\/strong>a <strong>omyvateln\u00fd filtr <\/strong>proti zbytk\u016fm vodn\u00edho kamene. Filtr se n\u00e1sledn\u011b do konvice op\u011bt velmi snadno nasad\u00ed.<\/p>\n<p>&nbsp;<\/p>\n<p>Z\u00a0praktick\u00fdch d\u016fvod\u016f je tento model vybaven n\u011bkolika <strong>bezpe\u010dnostn\u00edmi prvky<\/strong>. Samoz\u0159ejmost\u00ed je pojistka proti p\u0159eh\u0159\u00e1t\u00ed nebo automatick\u00e9 vypnut\u00ed.<\/p>\n","protected":false},"excerpt":{"rendered":"<p>V\u00a0p\u0159\u00edpad\u011b \u00fadr\u017eby jist\u011b ocen\u00edte vyj\u00edmateln\u00fd a omyvateln\u00fd filtr proti zbytk\u016fm vodn\u00edho kamene. Filtr se n\u00e1sledn\u011b do konvice op\u011bt velmi snadno nasad\u00ed. &nbsp; Z\u00a0praktick\u00fdch d\u016fvod\u016f je tento model vybaven n\u011bkolika bezpe\u010dnostn\u00edmi prvky. Samoz\u0159ejmost\u00ed je pojistka proti p\u0159eh\u0159\u00e1t\u00ed nebo automatick\u00e9 vypnut\u00ed.<\/p>\n","protected":false},"featured_media":1970156,"template":"","meta":{"_acf_changed":false,"_monsterinsights_skip_tracking":false,"_monsterinsights_sitenote_active":false,"_monsterinsights_sitenote_note":"","_monsterinsights_sitenote_category":0},"product_brand":[],"product_cat":[44417],"product_tag":[],"class_list":{"0":"post-1341742","1":"product","2":"type-product","3":"status-publish","4":"has-post-thumbnail","6":"product_cat-rychlovarne-konvice","8":"first","9":"instock","10":"taxable","11":"shipping-taxable","12":"purchasable","13":"product-type-simple"},"acf":[],"_links":{"self":[{"href":"https:\/\/ecg-electro.eu\/cs\/wp-json\/wp\/v2\/product\/1341742","targetHints":{"allow":["GET"]}}],"collection":[{"href":"https:\/\/ecg-electro.eu\/cs\/wp-json\/wp\/v2\/product"}],"about":[{"href":"https:\/\/ecg-electro.eu\/cs\/wp-json\/wp\/v2\/types\/product"}],"wp:featuredmedia":[{"embeddable":true,"href":"https:\/\/ecg-electro.eu\/cs\/wp-json\/wp\/v2\/media\/1970156"}],"wp:attachment":[{"href":"https:\/\/ecg-electro.eu\/cs\/wp-json\/wp\/v2\/media?parent=1341742"}],"wp:term":[{"taxonomy":"product_brand","embeddable":true,"href":"https:\/\/ecg-electro.eu\/cs\/wp-json\/wp\/v2\/product_brand?post=1341742"},{"taxonomy":"product_cat","embeddable":true,"href":"https:\/\/ecg-electro.eu\/cs\/wp-json\/wp\/v2\/product_cat?post=1341742"},{"taxonomy":"product_tag","embeddable":true,"href":"https:\/\/ecg-electro.eu\/cs\/wp-json\/wp\/v2\/product_tag?post=1341742"}],"curies":[{"name":"wp","href":"https:\/\/api.w.org\/{rel}","templated":true}]}}