{"id":1340908,"date":"2021-05-02T14:24:40","date_gmt":"2021-05-02T16:08:14","guid":{"rendered":"https:\/\/ecg-electro.eu\/product\/ecg-rk-1785-colore-2\/"},"modified":"2026-04-16T10:24:17","modified_gmt":"2026-04-16T08:24:17","slug":"ecg-rk-1785-colore","status":"publish","type":"product","link":"https:\/\/ecg-electro.eu\/cs\/ecg-rk-1785-colore\/","title":{"rendered":"ECG RK 1785 Colore"},"content":{"rendered":"<p>Ned\u00edlnou sou\u010d\u00e1st\u00ed v\u00fdbavy je <strong>oto\u010dn\u00fd podstavec<\/strong>, na kter\u00fd m\u016f\u017eete konvici pohodln\u011b um\u00edstit z\u00a0jak\u00e9koli strany. Protiskluzov\u00e9 podlo\u017eky se postaraj\u00ed, aby podstavec hezky dr\u017eel na sv\u00e9m m\u00edst\u011b. Uvnit\u0159 konvice pak naleznete praktick\u00fd filtr proti ne\u010distot\u00e1m. D\u016fle\u017eit\u00e9 je tak\u00e9 zm\u00ednit d\u00e9lku p\u0159\u00edvodn\u00edho kabelu, kter\u00e1 zde \u010din\u00ed 70 cm. Kabel je mo\u017en\u00e9 navinout do prostoru v\u00a0podstavci.<\/p>\n","protected":false},"excerpt":{"rendered":"<p>Ned\u00edlnou sou\u010d\u00e1st\u00ed v\u00fdbavy je oto\u010dn\u00fd podstavec, na kter\u00fd m\u016f\u017eete konvici pohodln\u011b um\u00edstit z\u00a0jak\u00e9koli strany. Protiskluzov\u00e9 podlo\u017eky se postaraj\u00ed, aby podstavec hezky dr\u017eel na sv\u00e9m m\u00edst\u011b. Uvnit\u0159 konvice pak naleznete praktick\u00fd filtr proti ne\u010distot\u00e1m. D\u016fle\u017eit\u00e9 je tak\u00e9 zm\u00ednit d\u00e9lku p\u0159\u00edvodn\u00edho kabelu, kter\u00e1 zde \u010din\u00ed 70 cm. Kabel je mo\u017en\u00e9 navinout do prostoru v\u00a0podstavci.<\/p>\n","protected":false},"featured_media":1970221,"template":"","meta":{"_acf_changed":false,"_monsterinsights_skip_tracking":false,"_monsterinsights_sitenote_active":false,"_monsterinsights_sitenote_note":"","_monsterinsights_sitenote_category":0},"product_brand":[],"product_cat":[44417],"product_tag":[],"class_list":{"0":"post-1340908","1":"product","2":"type-product","3":"status-publish","4":"has-post-thumbnail","6":"product_cat-rychlovarne-konvice","8":"first","9":"instock","10":"taxable","11":"shipping-taxable","12":"purchasable","13":"product-type-simple"},"acf":[],"_links":{"self":[{"href":"https:\/\/ecg-electro.eu\/cs\/wp-json\/wp\/v2\/product\/1340908","targetHints":{"allow":["GET"]}}],"collection":[{"href":"https:\/\/ecg-electro.eu\/cs\/wp-json\/wp\/v2\/product"}],"about":[{"href":"https:\/\/ecg-electro.eu\/cs\/wp-json\/wp\/v2\/types\/product"}],"wp:featuredmedia":[{"embeddable":true,"href":"https:\/\/ecg-electro.eu\/cs\/wp-json\/wp\/v2\/media\/1970221"}],"wp:attachment":[{"href":"https:\/\/ecg-electro.eu\/cs\/wp-json\/wp\/v2\/media?parent=1340908"}],"wp:term":[{"taxonomy":"product_brand","embeddable":true,"href":"https:\/\/ecg-electro.eu\/cs\/wp-json\/wp\/v2\/product_brand?post=1340908"},{"taxonomy":"product_cat","embeddable":true,"href":"https:\/\/ecg-electro.eu\/cs\/wp-json\/wp\/v2\/product_cat?post=1340908"},{"taxonomy":"product_tag","embeddable":true,"href":"https:\/\/ecg-electro.eu\/cs\/wp-json\/wp\/v2\/product_tag?post=1340908"}],"curies":[{"name":"wp","href":"https:\/\/api.w.org\/{rel}","templated":true}]}}