{"id":1339602,"date":"2021-05-02T14:24:18","date_gmt":"2021-05-02T16:07:05","guid":{"rendered":"https:\/\/ecg-electro.eu\/product\/ecg-rsm-02-2\/"},"modified":"2026-04-21T15:30:36","modified_gmt":"2026-04-21T13:30:36","slug":"ecg-rsm-02","status":"publish","type":"product","link":"https:\/\/ecg-electro.eu\/cs\/ecg-rsm-02\/","title":{"rendered":"ECG RSM 02"},"content":{"rendered":"<p>Se \u0161leha\u010dem <b>ECG RSM 02<\/b> naleznete v balen\u00ed tak\u00e9 krom\u011b m\u00edsy dv\u011b \u0161lehac\u00ed metly a dva hn\u011btac\u00ed h\u00e1ky. S jeho pomoc\u00ed tak hrav\u011b p\u0159iprav\u00edte t\u011bsta pro slavnostn\u00ed dorty, b\u00e1bovky i cukrov\u00ed a do hladka vy\u0161leh\u00e1te lahodn\u00e9 jemn\u00e9 kr\u00e9my nebo polevy. Metly a h\u00e1ky snadno vym\u011bn\u00edte pouh\u00fdm stisknut\u00edm tla\u010d\u00edtka. Ve\u0161ker\u00e9 p\u0159\u00edslu\u0161enstv\u00ed \u0161leha\u010de, lze m\u00fdt v my\u010dce n\u00e1dob\u00ed, co\u017e v\u00e1m u\u0161et\u0159\u00ed spoustu \u010dasu i pr\u00e1ce. M\u016f\u017eete se tedy v\u011bnovat p\u0159\u00edjemn\u011bj\u0161\u00edm \u010dinnostem.<\/p>\n","protected":false},"excerpt":{"rendered":"<p>Se \u0161leha\u010dem ECG RSM 02 naleznete v balen\u00ed tak\u00e9 krom\u011b m\u00edsy dv\u011b \u0161lehac\u00ed metly a dva hn\u011btac\u00ed h\u00e1ky. S jeho pomoc\u00ed tak hrav\u011b p\u0159iprav\u00edte t\u011bsta pro slavnostn\u00ed dorty, b\u00e1bovky i cukrov\u00ed a do hladka vy\u0161leh\u00e1te lahodn\u00e9 jemn\u00e9 kr\u00e9my nebo polevy. Metly a h\u00e1ky snadno vym\u011bn\u00edte pouh\u00fdm stisknut\u00edm tla\u010d\u00edtka. Ve\u0161ker\u00e9 p\u0159\u00edslu\u0161enstv\u00ed \u0161leha\u010de, lze m\u00fdt v my\u010dce [&hellip;]<\/p>\n","protected":false},"featured_media":1970286,"template":"","meta":{"_acf_changed":false,"_monsterinsights_skip_tracking":false,"_monsterinsights_sitenote_active":false,"_monsterinsights_sitenote_note":"","_monsterinsights_sitenote_category":0},"product_brand":[],"product_cat":[44737],"product_tag":[],"class_list":{"0":"post-1339602","1":"product","2":"type-product","3":"status-publish","4":"has-post-thumbnail","6":"product_cat-rucni-mixery-s-misou","8":"first","9":"instock","10":"taxable","11":"shipping-taxable","12":"product-type-simple"},"acf":[],"_links":{"self":[{"href":"https:\/\/ecg-electro.eu\/cs\/wp-json\/wp\/v2\/product\/1339602","targetHints":{"allow":["GET"]}}],"collection":[{"href":"https:\/\/ecg-electro.eu\/cs\/wp-json\/wp\/v2\/product"}],"about":[{"href":"https:\/\/ecg-electro.eu\/cs\/wp-json\/wp\/v2\/types\/product"}],"wp:featuredmedia":[{"embeddable":true,"href":"https:\/\/ecg-electro.eu\/cs\/wp-json\/wp\/v2\/media\/1970286"}],"wp:attachment":[{"href":"https:\/\/ecg-electro.eu\/cs\/wp-json\/wp\/v2\/media?parent=1339602"}],"wp:term":[{"taxonomy":"product_brand","embeddable":true,"href":"https:\/\/ecg-electro.eu\/cs\/wp-json\/wp\/v2\/product_brand?post=1339602"},{"taxonomy":"product_cat","embeddable":true,"href":"https:\/\/ecg-electro.eu\/cs\/wp-json\/wp\/v2\/product_cat?post=1339602"},{"taxonomy":"product_tag","embeddable":true,"href":"https:\/\/ecg-electro.eu\/cs\/wp-json\/wp\/v2\/product_tag?post=1339602"}],"curies":[{"name":"wp","href":"https:\/\/api.w.org\/{rel}","templated":true}]}}