{"id":1339517,"date":"2021-05-02T14:24:17","date_gmt":"2021-05-02T16:07:00","guid":{"rendered":"https:\/\/ecg-electro.eu\/product\/ecg-rs-200-2\/"},"modified":"2026-04-08T10:02:34","modified_gmt":"2026-04-08T08:02:34","slug":"ecg-rs-200","status":"publish","type":"product","link":"https:\/\/ecg-electro.eu\/cs\/ecg-rs-200\/","title":{"rendered":"ECG RS 200"},"content":{"rendered":"<p>Z\u00e1kladn\u00edm stavebn\u00edm kamenem p\u0159\u00edstroje je siln\u00fd <strong>200W motor<\/strong>. Samoz\u0159ejm\u011b zde nechyb\u00ed ani bezpe\u010dnostn\u00ed pojistka proti p\u0159eh\u0159\u00e1t\u00ed.<\/p>\n<p>&nbsp;<\/p>\n<p>Ru\u010dn\u00ed \u0161leha\u010d <strong>ECG RS 200<\/strong> je dod\u00e1v\u00e1n v\u00a0jednoduch\u00e9m b\u00edl\u00e9m proveden\u00ed, kter\u00e9 je n\u00e1padit\u011b dopln\u011bno \u0161ed\u00fdmi prvky.<\/p>\n","protected":false},"excerpt":{"rendered":"<p>Z\u00e1kladn\u00edm stavebn\u00edm kamenem p\u0159\u00edstroje je siln\u00fd 200W motor. Samoz\u0159ejm\u011b zde nechyb\u00ed ani bezpe\u010dnostn\u00ed pojistka proti p\u0159eh\u0159\u00e1t\u00ed. &nbsp; Ru\u010dn\u00ed \u0161leha\u010d ECG RS 200 je dod\u00e1v\u00e1n v\u00a0jednoduch\u00e9m b\u00edl\u00e9m proveden\u00ed, kter\u00e9 je n\u00e1padit\u011b dopln\u011bno \u0161ed\u00fdmi prvky.<\/p>\n","protected":false},"featured_media":1970260,"template":"","meta":{"_acf_changed":false,"_monsterinsights_skip_tracking":false,"_monsterinsights_sitenote_active":false,"_monsterinsights_sitenote_note":"","_monsterinsights_sitenote_category":0},"product_brand":[],"product_cat":[44723],"product_tag":[],"class_list":{"0":"post-1339517","1":"product","2":"type-product","3":"status-publish","4":"has-post-thumbnail","6":"product_cat-rucni-mixery","8":"first","9":"instock","10":"taxable","11":"shipping-taxable","12":"purchasable","13":"product-type-simple"},"acf":[],"_links":{"self":[{"href":"https:\/\/ecg-electro.eu\/cs\/wp-json\/wp\/v2\/product\/1339517","targetHints":{"allow":["GET"]}}],"collection":[{"href":"https:\/\/ecg-electro.eu\/cs\/wp-json\/wp\/v2\/product"}],"about":[{"href":"https:\/\/ecg-electro.eu\/cs\/wp-json\/wp\/v2\/types\/product"}],"wp:featuredmedia":[{"embeddable":true,"href":"https:\/\/ecg-electro.eu\/cs\/wp-json\/wp\/v2\/media\/1970260"}],"wp:attachment":[{"href":"https:\/\/ecg-electro.eu\/cs\/wp-json\/wp\/v2\/media?parent=1339517"}],"wp:term":[{"taxonomy":"product_brand","embeddable":true,"href":"https:\/\/ecg-electro.eu\/cs\/wp-json\/wp\/v2\/product_brand?post=1339517"},{"taxonomy":"product_cat","embeddable":true,"href":"https:\/\/ecg-electro.eu\/cs\/wp-json\/wp\/v2\/product_cat?post=1339517"},{"taxonomy":"product_tag","embeddable":true,"href":"https:\/\/ecg-electro.eu\/cs\/wp-json\/wp\/v2\/product_tag?post=1339517"}],"curies":[{"name":"wp","href":"https:\/\/api.w.org\/{rel}","templated":true}]}}