{"id":1339432,"date":"2021-05-02T14:24:15","date_gmt":"2021-05-02T16:06:56","guid":{"rendered":"https:\/\/ecg-electro.eu\/product\/ecg-rs-836-2\/"},"modified":"2026-04-23T10:04:17","modified_gmt":"2026-04-23T08:04:17","slug":"ecg-rs-836","status":"publish","type":"product","link":"https:\/\/ecg-electro.eu\/cs\/ecg-rs-836\/","title":{"rendered":"ECG RS 836"},"content":{"rendered":"<p>Ru\u010dn\u00ed \u0161leha\u010d ECG RS 836 nab\u00edz\u00ed celkem <strong>6 rychlostn\u00edch stup\u0148\u016f<\/strong>. Pohodln\u011b\u00a0tak zvol\u00edte vhodnou rychlost pro dan\u00fd recept. Nechyb\u00ed ani <strong>Turbo tla\u010d\u00edtko<\/strong>, kter\u00e9 se hod\u00ed t\u0159eba pro z\u00e1v\u011bre\u010dn\u00e9 \u0161leh\u00e1n\u00ed sn\u011bhu intenzivn\u011bj\u0161\u00ed hn\u011bten\u00ed kynut\u00e9ho t\u011bsta. Ovl\u00e1dac\u00ed tla\u010d\u00edtka najdete v t\u011bsn\u00e9 bl\u00edzkosti rukojeti.<\/p>\n<p>Sou\u010d\u00e1st\u00ed vybaven\u00ed jsou 2 <strong>\u0161lehac\u00ed metly<\/strong> a 2 <strong>hn\u011btac\u00ed h\u00e1ky<\/strong>.<\/p>\n<p>V\u00fdrobce myslel tak\u00e9 na bezpe\u010dnost. Samoz\u0159ejmost\u00ed je tedy i\u00a0<strong>pojistka proti p\u0159eh\u0159\u00e1t\u00ed<\/strong>. V p\u0159\u00edpad\u011b nadm\u011brn\u00e9ho zah\u0159\u00edv\u00e1n\u00ed se \u0161leha\u010d automaticky vypne.<\/p>\n","protected":false},"excerpt":{"rendered":"<p>Ru\u010dn\u00ed \u0161leha\u010d ECG RS 836 nab\u00edz\u00ed celkem 6 rychlostn\u00edch stup\u0148\u016f. Pohodln\u011b\u00a0tak zvol\u00edte vhodnou rychlost pro dan\u00fd recept. Nechyb\u00ed ani Turbo tla\u010d\u00edtko, kter\u00e9 se hod\u00ed t\u0159eba pro z\u00e1v\u011bre\u010dn\u00e9 \u0161leh\u00e1n\u00ed sn\u011bhu intenzivn\u011bj\u0161\u00ed hn\u011bten\u00ed kynut\u00e9ho t\u011bsta. Ovl\u00e1dac\u00ed tla\u010d\u00edtka najdete v t\u011bsn\u00e9 bl\u00edzkosti rukojeti. Sou\u010d\u00e1st\u00ed vybaven\u00ed jsou 2 \u0161lehac\u00ed metly a 2 hn\u011btac\u00ed h\u00e1ky. V\u00fdrobce myslel tak\u00e9 na bezpe\u010dnost. [&hellip;]<\/p>\n","protected":false},"featured_media":1970273,"template":"","meta":{"_acf_changed":false,"_monsterinsights_skip_tracking":false,"_monsterinsights_sitenote_active":false,"_monsterinsights_sitenote_note":"","_monsterinsights_sitenote_category":0},"product_brand":[],"product_cat":[44723],"product_tag":[],"class_list":{"0":"post-1339432","1":"product","2":"type-product","3":"status-publish","4":"has-post-thumbnail","6":"product_cat-rucni-mixery","8":"first","9":"instock","10":"taxable","11":"shipping-taxable","12":"purchasable","13":"product-type-simple"},"acf":[],"_links":{"self":[{"href":"https:\/\/ecg-electro.eu\/cs\/wp-json\/wp\/v2\/product\/1339432","targetHints":{"allow":["GET"]}}],"collection":[{"href":"https:\/\/ecg-electro.eu\/cs\/wp-json\/wp\/v2\/product"}],"about":[{"href":"https:\/\/ecg-electro.eu\/cs\/wp-json\/wp\/v2\/types\/product"}],"wp:featuredmedia":[{"embeddable":true,"href":"https:\/\/ecg-electro.eu\/cs\/wp-json\/wp\/v2\/media\/1970273"}],"wp:attachment":[{"href":"https:\/\/ecg-electro.eu\/cs\/wp-json\/wp\/v2\/media?parent=1339432"}],"wp:term":[{"taxonomy":"product_brand","embeddable":true,"href":"https:\/\/ecg-electro.eu\/cs\/wp-json\/wp\/v2\/product_brand?post=1339432"},{"taxonomy":"product_cat","embeddable":true,"href":"https:\/\/ecg-electro.eu\/cs\/wp-json\/wp\/v2\/product_cat?post=1339432"},{"taxonomy":"product_tag","embeddable":true,"href":"https:\/\/ecg-electro.eu\/cs\/wp-json\/wp\/v2\/product_tag?post=1339432"}],"curies":[{"name":"wp","href":"https:\/\/api.w.org\/{rel}","templated":true}]}}