{"id":1335816,"date":"2021-05-02T14:23:25","date_gmt":"2021-05-02T16:03:59","guid":{"rendered":"https:\/\/ecg-electro.eu\/product\/ecg-or-2090-2\/"},"modified":"2026-04-04T10:12:18","modified_gmt":"2026-04-04T08:12:18","slug":"ecg-or-2090","status":"publish","type":"product","link":"https:\/\/ecg-electro.eu\/cs\/ecg-or-2090\/","title":{"rendered":"ECG OR 2090"},"content":{"rendered":"<p>Spole\u010dnost ECG p\u0159edstavuje p\u0159\u00edjemn\u00e9ho spole\u010dn\u00edka do chladn\u00fdch zimn\u00edch dn\u016f &#8211; olejov\u00fd radi\u00e1tor <strong>ECG OR 25090<\/strong>. Celkem disponuje 9 \u017eebry a 3 teplotn\u00edmi stupni, kter\u00e9 nastavujete pomoc\u00ed oto\u010dn\u00e9ho termostatu. Pro pohodlnou manipulaci je nav\u00edc opat\u0159en sadou kole\u010dek a praktick\u00fdm madlem.<\/p>\n<p>&nbsp;<\/p>\n<p>Jednou z\u00a0nesporn\u00fdch v\u00fdhod tohoto radi\u00e1toru je jeho <strong>bez\u00fadr\u017ebov\u00fd provoz<\/strong> \u2013 olej nen\u00ed t\u0159eba m\u011bnit po celou dobu \u017eivotnosti za\u0159\u00edzen\u00ed. Tak\u00e9 se m\u016f\u017ee pochlubit vysokou akumulac\u00ed tepla, d\u00edky \u010demu\u017e dok\u00e1\u017ee h\u0159\u00e1t je\u0161t\u011b dlouhou dobu po vypnut\u00ed.<\/p>\n<p>&nbsp;<\/p>\n<p>Samoz\u0159ejm\u011b bylo my\u0161leno i na va\u0161i bezpe\u010dnost, proto zde nechyb\u00ed ani tepeln\u00e1 <strong>pojistka proti p\u0159eh\u0159\u00e1t\u00ed<\/strong>.<\/p>\n<p>&nbsp;<\/p>\n<p><strong>ECG OR 2090<\/strong> je model v\u00a0jednoduch\u00e9m b\u00edl\u00e9m designu, kter\u00fd bude dob\u0159e ladit s\u00a0ka\u017ed\u00fdm typem interi\u00e9ru. Nav\u00edc d\u00edky mimo\u0159\u00e1dn\u011b n\u00edzk\u00e9 hlu\u010dnosti jej m\u016f\u017eete vyu\u017e\u00edvat i v\u00a0lo\u017enici nebo v\u00a0ob\u00fdvac\u00edm pokoji, kde v\u00e1s nebude nijak ru\u0161it p\u0159i odpo\u010dinku. O provozu spot\u0159ebi\u010de informuje chytr\u00e1 LED kontrolka. Jist\u011b tak\u00e9 ocen\u00edte \u0161ikovnou vychyt\u00e1vku v\u00a0podob\u011b <strong>\u00falo\u017en\u00e9ho prostoru<\/strong> na p\u0159\u00edvodn\u00ed kabel. D\u00e9lka kabelu je 150 cm.<\/p>\n","protected":false},"excerpt":{"rendered":"<p>Spole\u010dnost ECG p\u0159edstavuje p\u0159\u00edjemn\u00e9ho spole\u010dn\u00edka do chladn\u00fdch zimn\u00edch dn\u016f &#8211; olejov\u00fd radi\u00e1tor ECG OR 25090. Celkem disponuje 9 \u017eebry a 3 teplotn\u00edmi stupni, kter\u00e9 nastavujete pomoc\u00ed oto\u010dn\u00e9ho termostatu. Pro pohodlnou manipulaci je nav\u00edc opat\u0159en sadou kole\u010dek a praktick\u00fdm madlem. &nbsp; Jednou z\u00a0nesporn\u00fdch v\u00fdhod tohoto radi\u00e1toru je jeho bez\u00fadr\u017ebov\u00fd provoz \u2013 olej nen\u00ed t\u0159eba m\u011bnit po [&hellip;]<\/p>\n","protected":false},"featured_media":1969847,"template":"","meta":{"_acf_changed":false,"_monsterinsights_skip_tracking":false,"_monsterinsights_sitenote_active":false,"_monsterinsights_sitenote_note":"","_monsterinsights_sitenote_category":0},"product_cat":[45892],"product_tag":[],"class_list":{"0":"post-1335816","1":"product","2":"type-product","3":"status-publish","4":"has-post-thumbnail","6":"product_cat-olejova-topidla","8":"first","9":"instock","10":"taxable","11":"shipping-taxable","12":"purchasable","13":"product-type-simple"},"acf":[],"_links":{"self":[{"href":"https:\/\/ecg-electro.eu\/cs\/wp-json\/wp\/v2\/product\/1335816","targetHints":{"allow":["GET"]}}],"collection":[{"href":"https:\/\/ecg-electro.eu\/cs\/wp-json\/wp\/v2\/product"}],"about":[{"href":"https:\/\/ecg-electro.eu\/cs\/wp-json\/wp\/v2\/types\/product"}],"wp:featuredmedia":[{"embeddable":true,"href":"https:\/\/ecg-electro.eu\/cs\/wp-json\/wp\/v2\/media\/1969847"}],"wp:attachment":[{"href":"https:\/\/ecg-electro.eu\/cs\/wp-json\/wp\/v2\/media?parent=1335816"}],"wp:term":[{"taxonomy":"product_cat","embeddable":true,"href":"https:\/\/ecg-electro.eu\/cs\/wp-json\/wp\/v2\/product_cat?post=1335816"},{"taxonomy":"product_tag","embeddable":true,"href":"https:\/\/ecg-electro.eu\/cs\/wp-json\/wp\/v2\/product_tag?post=1335816"}],"curies":[{"name":"wp","href":"https:\/\/api.w.org\/{rel}","templated":true}]}}