{"id":1335322,"date":"2021-05-02T14:23:19","date_gmt":"2021-05-02T16:03:34","guid":{"rendered":"https:\/\/ecg-electro.eu\/product\/ecg-nm-216-2\/"},"modified":"2026-04-21T15:30:21","modified_gmt":"2026-04-21T13:30:21","slug":"ecg-nm-216","status":"publish","type":"product","link":"https:\/\/ecg-electro.eu\/cs\/ecg-nm-216\/","title":{"rendered":"ECG NM 216"},"content":{"rendered":"<p>Tento model se krom\u011b jin\u00e9ho m\u016f\u017ee pochlubit elegantn\u00edm zpracov\u00e1n\u00edm v\u00a0b\u00edl\u00e9 barv\u011b. Samoz\u0159ejm\u011b zde nechyb\u00ed ani sv\u011bteln\u00e9 kontrolky provozu a pr\u016fhledn\u00e9 v\u00ed\u010dko, skrze kter\u00e9 lze sledovat cel\u00fd pr\u016fb\u011bh p\u0159\u00edpravy.<\/p>\n<p>&nbsp;<\/p>\n<p>S\u00a0pomoc\u00ed nap\u011b\u0148ova\u010de <strong>ECG NM 216<\/strong> si m\u016f\u017eete p\u0159ipravit kvalitn\u00ed k\u00e1vu v\u00a0pohodl\u00ed sv\u00e9ho domova kdykoli budete m\u00edt chu\u0165.<\/p>\n","protected":false},"excerpt":{"rendered":"<p>Tento model se krom\u011b jin\u00e9ho m\u016f\u017ee pochlubit elegantn\u00edm zpracov\u00e1n\u00edm v\u00a0b\u00edl\u00e9 barv\u011b. Samoz\u0159ejm\u011b zde nechyb\u00ed ani sv\u011bteln\u00e9 kontrolky provozu a pr\u016fhledn\u00e9 v\u00ed\u010dko, skrze kter\u00e9 lze sledovat cel\u00fd pr\u016fb\u011bh p\u0159\u00edpravy. &nbsp; S\u00a0pomoc\u00ed nap\u011b\u0148ova\u010de ECG NM 216 si m\u016f\u017eete p\u0159ipravit kvalitn\u00ed k\u00e1vu v\u00a0pohodl\u00ed sv\u00e9ho domova kdykoli budete m\u00edt chu\u0165.<\/p>\n","protected":false},"featured_media":1969743,"template":"","meta":{"_acf_changed":false,"_monsterinsights_skip_tracking":false,"_monsterinsights_sitenote_active":false,"_monsterinsights_sitenote_note":"","_monsterinsights_sitenote_category":0},"product_brand":[],"product_cat":[44516],"product_tag":[],"class_list":{"0":"post-1335322","1":"product","2":"type-product","3":"status-publish","4":"has-post-thumbnail","6":"product_cat-napenovace-mleka","8":"first","9":"instock","10":"taxable","11":"shipping-taxable","12":"purchasable","13":"product-type-simple"},"acf":[],"_links":{"self":[{"href":"https:\/\/ecg-electro.eu\/cs\/wp-json\/wp\/v2\/product\/1335322","targetHints":{"allow":["GET"]}}],"collection":[{"href":"https:\/\/ecg-electro.eu\/cs\/wp-json\/wp\/v2\/product"}],"about":[{"href":"https:\/\/ecg-electro.eu\/cs\/wp-json\/wp\/v2\/types\/product"}],"wp:featuredmedia":[{"embeddable":true,"href":"https:\/\/ecg-electro.eu\/cs\/wp-json\/wp\/v2\/media\/1969743"}],"wp:attachment":[{"href":"https:\/\/ecg-electro.eu\/cs\/wp-json\/wp\/v2\/media?parent=1335322"}],"wp:term":[{"taxonomy":"product_brand","embeddable":true,"href":"https:\/\/ecg-electro.eu\/cs\/wp-json\/wp\/v2\/product_brand?post=1335322"},{"taxonomy":"product_cat","embeddable":true,"href":"https:\/\/ecg-electro.eu\/cs\/wp-json\/wp\/v2\/product_cat?post=1335322"},{"taxonomy":"product_tag","embeddable":true,"href":"https:\/\/ecg-electro.eu\/cs\/wp-json\/wp\/v2\/product_tag?post=1335322"}],"curies":[{"name":"wp","href":"https:\/\/api.w.org\/{rel}","templated":true}]}}