{"id":1335194,"date":"2021-05-02T14:23:17","date_gmt":"2021-05-02T16:03:27","guid":{"rendered":"https:\/\/ecg-electro.eu\/product\/ecg-nm-115-2\/"},"modified":"2026-04-16T10:02:17","modified_gmt":"2026-04-16T08:02:17","slug":"ecg-nm-115","status":"publish","type":"product","link":"https:\/\/ecg-electro.eu\/cs\/ecg-nm-115\/","title":{"rendered":"ECG NM 115"},"content":{"rendered":"<p>Nap\u011b\u0148ova\u010d <strong>ECG NM 115<\/strong> v\u00e1s nav\u00edc mimo jin\u00e9 osln\u00ed sv\u00fdm luxusn\u00edm nerezov\u00fdm designem i dokonale promy\u0161len\u00fdm zpracov\u00e1n\u00edm s d\u016frazem na detail. Jedn\u00edm z\u00a0takov\u00fdch d\u016fle\u017eit\u00fdch detail\u016f je <strong>protiskluzov\u00e1 podlo\u017eka<\/strong>, kter\u00e1 zaji\u0161\u0165uje stabiln\u00ed um\u00edst\u011bn\u00ed p\u0159\u00edstroje na pracovn\u00ed desce a nechyb\u00ed ani praktick\u00e1 rukoje\u0165.<\/p>\n","protected":false},"excerpt":{"rendered":"<p>Nap\u011b\u0148ova\u010d ECG NM 115 v\u00e1s nav\u00edc mimo jin\u00e9 osln\u00ed sv\u00fdm luxusn\u00edm nerezov\u00fdm designem i dokonale promy\u0161len\u00fdm zpracov\u00e1n\u00edm s d\u016frazem na detail. Jedn\u00edm z\u00a0takov\u00fdch d\u016fle\u017eit\u00fdch detail\u016f je protiskluzov\u00e1 podlo\u017eka, kter\u00e1 zaji\u0161\u0165uje stabiln\u00ed um\u00edst\u011bn\u00ed p\u0159\u00edstroje na pracovn\u00ed desce a nechyb\u00ed ani praktick\u00e1 rukoje\u0165.<\/p>\n","protected":false},"featured_media":2110254,"template":"","meta":{"_acf_changed":false,"_monsterinsights_skip_tracking":false,"_monsterinsights_sitenote_active":false,"_monsterinsights_sitenote_note":"","_monsterinsights_sitenote_category":0},"product_brand":[],"product_cat":[44516],"product_tag":[],"class_list":{"0":"post-1335194","1":"product","2":"type-product","3":"status-publish","4":"has-post-thumbnail","6":"product_cat-napenovace-mleka","8":"first","9":"instock","10":"taxable","11":"shipping-taxable","12":"purchasable","13":"product-type-simple"},"acf":[],"_links":{"self":[{"href":"https:\/\/ecg-electro.eu\/cs\/wp-json\/wp\/v2\/product\/1335194","targetHints":{"allow":["GET"]}}],"collection":[{"href":"https:\/\/ecg-electro.eu\/cs\/wp-json\/wp\/v2\/product"}],"about":[{"href":"https:\/\/ecg-electro.eu\/cs\/wp-json\/wp\/v2\/types\/product"}],"wp:featuredmedia":[{"embeddable":true,"href":"https:\/\/ecg-electro.eu\/cs\/wp-json\/wp\/v2\/media\/2110254"}],"wp:attachment":[{"href":"https:\/\/ecg-electro.eu\/cs\/wp-json\/wp\/v2\/media?parent=1335194"}],"wp:term":[{"taxonomy":"product_brand","embeddable":true,"href":"https:\/\/ecg-electro.eu\/cs\/wp-json\/wp\/v2\/product_brand?post=1335194"},{"taxonomy":"product_cat","embeddable":true,"href":"https:\/\/ecg-electro.eu\/cs\/wp-json\/wp\/v2\/product_cat?post=1335194"},{"taxonomy":"product_tag","embeddable":true,"href":"https:\/\/ecg-electro.eu\/cs\/wp-json\/wp\/v2\/product_tag?post=1335194"}],"curies":[{"name":"wp","href":"https:\/\/api.w.org\/{rel}","templated":true}]}}