{"id":1333900,"date":"2021-05-02T14:23:03","date_gmt":"2021-05-02T16:02:29","guid":{"rendered":"https:\/\/ecg-electro.eu\/product\/ecg-mn-105-2\/"},"modified":"2026-04-07T17:03:25","modified_gmt":"2026-04-07T15:03:25","slug":"ecg-mn-105","status":"publish","type":"product","link":"https:\/\/ecg-electro.eu\/cs\/ecg-mn-105\/","title":{"rendered":"ECG MN 105"},"content":{"rendered":"<p>Sou\u010d\u00e1st\u00ed balen\u00ed jsou dv\u011b mas\u00e1\u017en\u00ed hlavice spole\u010dn\u011b s elektrick\u00fdm strojkem pro p\u00e9\u010di o chodidla, k\u00a0n\u011bmu\u017e n\u00e1le\u017e\u00ed \u010dty\u0159i n\u00e1stavce.<\/p>\n<p>&nbsp;<\/p>\n<p>K\u00a0provozu <strong>ECG MN 105<\/strong> sta\u010d\u00ed pouze dv\u011b tu\u017ekov\u00e9 baterie.<\/p>\n<p>&nbsp;<\/p>\n<p>Aby toho nebylo m\u00e1lo, m\u016f\u017ee se tento p\u0159\u00edjemn\u00fd spole\u010dn\u00edk py\u0161nit elegantn\u00edm designov\u00fdm proveden\u00edm v\u00a0atraktivn\u00ed kombinaci sv\u011btlezelen\u00e9 a b\u00edl\u00e9.<\/p>\n","protected":false},"excerpt":{"rendered":"<p>Sou\u010d\u00e1st\u00ed balen\u00ed jsou dv\u011b mas\u00e1\u017en\u00ed hlavice spole\u010dn\u011b s elektrick\u00fdm strojkem pro p\u00e9\u010di o chodidla, k\u00a0n\u011bmu\u017e n\u00e1le\u017e\u00ed \u010dty\u0159i n\u00e1stavce. &nbsp; K\u00a0provozu ECG MN 105 sta\u010d\u00ed pouze dv\u011b tu\u017ekov\u00e9 baterie. &nbsp; Aby toho nebylo m\u00e1lo, m\u016f\u017ee se tento p\u0159\u00edjemn\u00fd spole\u010dn\u00edk py\u0161nit elegantn\u00edm designov\u00fdm proveden\u00edm v\u00a0atraktivn\u00ed kombinaci sv\u011btlezelen\u00e9 a b\u00edl\u00e9.<\/p>\n","protected":false},"featured_media":1969666,"template":"","meta":{"_acf_changed":false,"_monsterinsights_skip_tracking":false,"_monsterinsights_sitenote_active":false,"_monsterinsights_sitenote_note":"","_monsterinsights_sitenote_category":0},"product_brand":[],"product_cat":[46006],"product_tag":[],"class_list":{"0":"post-1333900","1":"product","2":"type-product","3":"status-publish","4":"has-post-thumbnail","6":"product_cat-pece-o-telo","8":"first","9":"instock","10":"taxable","11":"shipping-taxable","12":"purchasable","13":"product-type-simple"},"acf":[],"_links":{"self":[{"href":"https:\/\/ecg-electro.eu\/cs\/wp-json\/wp\/v2\/product\/1333900","targetHints":{"allow":["GET"]}}],"collection":[{"href":"https:\/\/ecg-electro.eu\/cs\/wp-json\/wp\/v2\/product"}],"about":[{"href":"https:\/\/ecg-electro.eu\/cs\/wp-json\/wp\/v2\/types\/product"}],"wp:featuredmedia":[{"embeddable":true,"href":"https:\/\/ecg-electro.eu\/cs\/wp-json\/wp\/v2\/media\/1969666"}],"wp:attachment":[{"href":"https:\/\/ecg-electro.eu\/cs\/wp-json\/wp\/v2\/media?parent=1333900"}],"wp:term":[{"taxonomy":"product_brand","embeddable":true,"href":"https:\/\/ecg-electro.eu\/cs\/wp-json\/wp\/v2\/product_brand?post=1333900"},{"taxonomy":"product_cat","embeddable":true,"href":"https:\/\/ecg-electro.eu\/cs\/wp-json\/wp\/v2\/product_cat?post=1333900"},{"taxonomy":"product_tag","embeddable":true,"href":"https:\/\/ecg-electro.eu\/cs\/wp-json\/wp\/v2\/product_tag?post=1333900"}],"curies":[{"name":"wp","href":"https:\/\/api.w.org\/{rel}","templated":true}]}}