{"id":1333406,"date":"2021-05-02T14:22:57","date_gmt":"2021-05-02T16:02:05","guid":{"rendered":"https:\/\/ecg-electro.eu\/product\/ecg-hk-130-ionic-2\/"},"modified":"2026-04-18T10:02:27","modified_gmt":"2026-04-18T08:02:27","slug":"ecg-hk-130-ionic","status":"publish","type":"product","link":"https:\/\/ecg-electro.eu\/cs\/ecg-hk-130-ionic\/","title":{"rendered":"ECG HK 130 ionic"},"content":{"rendered":"<p>V z\u00e1vislosti na citlivosti vlas\u016f m\u016f\u017eete kombinovat <strong>dva stupn\u011b v\u00fdkonu a teploty<\/strong>. Pokud si chcete vlasy \u0161et\u0159it, pak je tu pro v\u00e1s mo\u017enost <strong>fixace studen\u00fdm vzduchem<\/strong>.<\/p>\n<p>Za\u0159\u00edzen\u00ed o p\u0159\u00edkonu <strong>800 W <\/strong>je vybaveno i spoustou funkc\u00ed, kter\u00e9 v\u00e1m nejenom zp\u0159\u00edjemn\u00ed pou\u017e\u00edv\u00e1n\u00ed, ale i zajist\u00ed bezpe\u010dnost. Jedn\u00e1 se nap\u0159\u00edklad o pojistku proti p\u0159eh\u0159\u00e1t\u00ed, kabel s oto\u010dnou koncovkou zase pom\u016f\u017ee ve st\u00edsn\u011bn\u00fdch prostorech. A nechyb\u00ed ani praktick\u00e9 poutko pro zav\u011b\u0161en\u00ed, tak\u017ee f\u00e9n nebude zbyte\u010dn\u011b zab\u00edrat m\u00edsto.<\/p>\n","protected":false},"excerpt":{"rendered":"<p>V z\u00e1vislosti na citlivosti vlas\u016f m\u016f\u017eete kombinovat dva stupn\u011b v\u00fdkonu a teploty. Pokud si chcete vlasy \u0161et\u0159it, pak je tu pro v\u00e1s mo\u017enost fixace studen\u00fdm vzduchem. Za\u0159\u00edzen\u00ed o p\u0159\u00edkonu 800 W je vybaveno i spoustou funkc\u00ed, kter\u00e9 v\u00e1m nejenom zp\u0159\u00edjemn\u00ed pou\u017e\u00edv\u00e1n\u00ed, ale i zajist\u00ed bezpe\u010dnost. Jedn\u00e1 se nap\u0159\u00edklad o pojistku proti p\u0159eh\u0159\u00e1t\u00ed, kabel s oto\u010dnou [&hellip;]<\/p>\n","protected":false},"featured_media":1969471,"template":"","meta":{"_acf_changed":false,"_monsterinsights_skip_tracking":false,"_monsterinsights_sitenote_active":false,"_monsterinsights_sitenote_note":"","_monsterinsights_sitenote_category":0},"product_brand":[],"product_cat":[46095],"product_tag":[],"class_list":{"0":"post-1333406","1":"product","2":"type-product","3":"status-publish","4":"has-post-thumbnail","6":"product_cat-horkovzdusne-kulmy","8":"first","9":"instock","10":"taxable","11":"shipping-taxable","12":"purchasable","13":"product-type-simple"},"acf":[],"_links":{"self":[{"href":"https:\/\/ecg-electro.eu\/cs\/wp-json\/wp\/v2\/product\/1333406","targetHints":{"allow":["GET"]}}],"collection":[{"href":"https:\/\/ecg-electro.eu\/cs\/wp-json\/wp\/v2\/product"}],"about":[{"href":"https:\/\/ecg-electro.eu\/cs\/wp-json\/wp\/v2\/types\/product"}],"wp:featuredmedia":[{"embeddable":true,"href":"https:\/\/ecg-electro.eu\/cs\/wp-json\/wp\/v2\/media\/1969471"}],"wp:attachment":[{"href":"https:\/\/ecg-electro.eu\/cs\/wp-json\/wp\/v2\/media?parent=1333406"}],"wp:term":[{"taxonomy":"product_brand","embeddable":true,"href":"https:\/\/ecg-electro.eu\/cs\/wp-json\/wp\/v2\/product_brand?post=1333406"},{"taxonomy":"product_cat","embeddable":true,"href":"https:\/\/ecg-electro.eu\/cs\/wp-json\/wp\/v2\/product_cat?post=1333406"},{"taxonomy":"product_tag","embeddable":true,"href":"https:\/\/ecg-electro.eu\/cs\/wp-json\/wp\/v2\/product_tag?post=1333406"}],"curies":[{"name":"wp","href":"https:\/\/api.w.org\/{rel}","templated":true}]}}