{"id":1332587,"date":"2021-05-02T14:22:47","date_gmt":"2021-05-02T16:01:26","guid":{"rendered":"https:\/\/ecg-electro.eu\/product\/ecg-kv-215-s-2\/"},"modified":"2026-04-22T10:22:32","modified_gmt":"2026-04-22T08:22:32","slug":"ecg-kv-215-s","status":"publish","type":"product","link":"https:\/\/ecg-electro.eu\/cs\/ecg-kv-215-s\/","title":{"rendered":"ECG KV 215 S"},"content":{"rendered":"<p>V\u00e1ha je vybavena speci\u00e1ln\u00edmi funkcemi, kter\u00e9 p\u0159i pravideln\u00e9m u\u017e\u00edv\u00e1n\u00ed jist\u011b ocen\u00edte. Jednou z\u00a0t\u011bchto funkc\u00ed je <strong>TARE <\/strong>neboli dova\u017eov\u00e1n\u00ed. P\u0159idanou hodnotou je pak funkce <strong>HOLD<\/strong>, d\u00edky kter\u00e9 z\u016fstane na displeji zobrazen\u00e1 hodnota i po sund\u00e1n\u00ed potravin z\u00a0v\u00e1\u017eic\u00ed plochy.<\/p>\n<p>&nbsp;<\/p>\n<p>Samotn\u00e1 v\u00e1\u017eic\u00ed plocha m\u00e1 rozm\u011bry form\u00e1tu pap\u00edru A4 a umo\u017e\u0148uje v\u00e1m tak zv\u00e1\u017eit i v\u011bt\u0161\u00ed kusy potravin. Dlouh\u00fd provoz pak zaji\u0161\u0165uj\u00ed \u010dty\u0159i baterie AAA.<\/p>\n","protected":false},"excerpt":{"rendered":"<p>V\u00e1ha je vybavena speci\u00e1ln\u00edmi funkcemi, kter\u00e9 p\u0159i pravideln\u00e9m u\u017e\u00edv\u00e1n\u00ed jist\u011b ocen\u00edte. Jednou z\u00a0t\u011bchto funkc\u00ed je TARE neboli dova\u017eov\u00e1n\u00ed. P\u0159idanou hodnotou je pak funkce HOLD, d\u00edky kter\u00e9 z\u016fstane na displeji zobrazen\u00e1 hodnota i po sund\u00e1n\u00ed potravin z\u00a0v\u00e1\u017eic\u00ed plochy. &nbsp; Samotn\u00e1 v\u00e1\u017eic\u00ed plocha m\u00e1 rozm\u011bry form\u00e1tu pap\u00edru A4 a umo\u017e\u0148uje v\u00e1m tak zv\u00e1\u017eit i v\u011bt\u0161\u00ed kusy potravin. [&hellip;]<\/p>\n","protected":false},"featured_media":1969601,"template":"","meta":{"_acf_changed":false,"_monsterinsights_skip_tracking":false,"_monsterinsights_sitenote_active":false,"_monsterinsights_sitenote_note":"","_monsterinsights_sitenote_category":0},"product_brand":[],"product_cat":[45066],"product_tag":[],"class_list":{"0":"post-1332587","1":"product","2":"type-product","3":"status-publish","4":"has-post-thumbnail","6":"product_cat-kuchynske-vahy","8":"first","9":"instock","10":"taxable","11":"shipping-taxable","12":"purchasable","13":"product-type-simple"},"acf":[],"_links":{"self":[{"href":"https:\/\/ecg-electro.eu\/cs\/wp-json\/wp\/v2\/product\/1332587","targetHints":{"allow":["GET"]}}],"collection":[{"href":"https:\/\/ecg-electro.eu\/cs\/wp-json\/wp\/v2\/product"}],"about":[{"href":"https:\/\/ecg-electro.eu\/cs\/wp-json\/wp\/v2\/types\/product"}],"wp:featuredmedia":[{"embeddable":true,"href":"https:\/\/ecg-electro.eu\/cs\/wp-json\/wp\/v2\/media\/1969601"}],"wp:attachment":[{"href":"https:\/\/ecg-electro.eu\/cs\/wp-json\/wp\/v2\/media?parent=1332587"}],"wp:term":[{"taxonomy":"product_brand","embeddable":true,"href":"https:\/\/ecg-electro.eu\/cs\/wp-json\/wp\/v2\/product_brand?post=1332587"},{"taxonomy":"product_cat","embeddable":true,"href":"https:\/\/ecg-electro.eu\/cs\/wp-json\/wp\/v2\/product_cat?post=1332587"},{"taxonomy":"product_tag","embeddable":true,"href":"https:\/\/ecg-electro.eu\/cs\/wp-json\/wp\/v2\/product_tag?post=1332587"}],"curies":[{"name":"wp","href":"https:\/\/api.w.org\/{rel}","templated":true}]}}