{"id":1332147,"date":"2021-05-02T14:22:39","date_gmt":"2021-05-02T16:01:04","guid":{"rendered":"https:\/\/ecg-electro.eu\/product\/ecg-kv-117-slim-white-2\/"},"modified":"2026-04-17T10:02:11","modified_gmt":"2026-04-17T08:02:11","slug":"ecg-kv-117-slim-white","status":"publish","type":"product","link":"https:\/\/ecg-electro.eu\/cs\/ecg-kv-117-slim-white\/","title":{"rendered":"ECG KV 117 SLIM white"},"content":{"rendered":"<p>D\u00edky funkci <strong>automatick\u00e9ho vypnut\u00ed<\/strong> se v\u00e1ha po del\u0161\u00ed dob\u011b ne\u010dinnosti sama vypne a zbyte\u010dn\u011b tak nevyb\u00edj\u00ed baterii. K nap\u00e1jen\u00ed pak slou\u017e\u00ed jedna 3V lithiov\u00e1 baterie, kter\u00e1 je sou\u010d\u00e1st\u00ed balen\u00ed.<\/p>\n<p>P\u0159i\u00a0\u00fadr\u017eb\u011b jist\u011b ocen\u00edte modern\u00ed povrch z bezpe\u010dnostn\u00edho tvrzen\u00e9ho skla, kter\u00fd se velmi snadno \u010dist\u00ed.<\/p>\n<p>Skladov\u00e1n\u00ed v\u00e1hy ECG usnad\u0148uj\u00ed jej\u00ed <strong>kompaktn\u00ed rozm\u011bry<\/strong>, d\u00edky nim\u017e se vejde i do z\u00e1suvky s p\u0159\u00edbory.<\/p>\n","protected":false},"excerpt":{"rendered":"<p>D\u00edky funkci automatick\u00e9ho vypnut\u00ed se v\u00e1ha po del\u0161\u00ed dob\u011b ne\u010dinnosti sama vypne a zbyte\u010dn\u011b tak nevyb\u00edj\u00ed baterii. K nap\u00e1jen\u00ed pak slou\u017e\u00ed jedna 3V lithiov\u00e1 baterie, kter\u00e1 je sou\u010d\u00e1st\u00ed balen\u00ed. P\u0159i\u00a0\u00fadr\u017eb\u011b jist\u011b ocen\u00edte modern\u00ed povrch z bezpe\u010dnostn\u00edho tvrzen\u00e9ho skla, kter\u00fd se velmi snadno \u010dist\u00ed. Skladov\u00e1n\u00ed v\u00e1hy ECG usnad\u0148uj\u00ed jej\u00ed kompaktn\u00ed rozm\u011bry, d\u00edky nim\u017e se vejde i [&hellip;]<\/p>\n","protected":false},"featured_media":1969588,"template":"","meta":{"_acf_changed":false,"_monsterinsights_skip_tracking":false,"_monsterinsights_sitenote_active":false,"_monsterinsights_sitenote_note":"","_monsterinsights_sitenote_category":0},"product_brand":[],"product_cat":[45066],"product_tag":[],"class_list":{"0":"post-1332147","1":"product","2":"type-product","3":"status-publish","4":"has-post-thumbnail","6":"product_cat-kuchynske-vahy","8":"first","9":"instock","10":"taxable","11":"shipping-taxable","12":"purchasable","13":"product-type-simple"},"acf":[],"_links":{"self":[{"href":"https:\/\/ecg-electro.eu\/cs\/wp-json\/wp\/v2\/product\/1332147","targetHints":{"allow":["GET"]}}],"collection":[{"href":"https:\/\/ecg-electro.eu\/cs\/wp-json\/wp\/v2\/product"}],"about":[{"href":"https:\/\/ecg-electro.eu\/cs\/wp-json\/wp\/v2\/types\/product"}],"wp:featuredmedia":[{"embeddable":true,"href":"https:\/\/ecg-electro.eu\/cs\/wp-json\/wp\/v2\/media\/1969588"}],"wp:attachment":[{"href":"https:\/\/ecg-electro.eu\/cs\/wp-json\/wp\/v2\/media?parent=1332147"}],"wp:term":[{"taxonomy":"product_brand","embeddable":true,"href":"https:\/\/ecg-electro.eu\/cs\/wp-json\/wp\/v2\/product_brand?post=1332147"},{"taxonomy":"product_cat","embeddable":true,"href":"https:\/\/ecg-electro.eu\/cs\/wp-json\/wp\/v2\/product_cat?post=1332147"},{"taxonomy":"product_tag","embeddable":true,"href":"https:\/\/ecg-electro.eu\/cs\/wp-json\/wp\/v2\/product_tag?post=1332147"}],"curies":[{"name":"wp","href":"https:\/\/api.w.org\/{rel}","templated":true}]}}