{"id":1331792,"date":"2021-05-02T14:22:34","date_gmt":"2021-05-02T16:00:46","guid":{"rendered":"https:\/\/ecg-electro.eu\/product\/ecg-iv-18-2\/"},"modified":"2026-04-27T10:46:37","modified_gmt":"2026-04-27T08:46:37","slug":"ecg-iv-18","status":"publish","type":"product","link":"https:\/\/ecg-electro.eu\/cs\/ecg-iv-18\/","title":{"rendered":"ECG IV 18"},"content":{"rendered":"<p>Induk\u010dn\u00ed va\u0159i\u010d ECG IV 18 ovl\u00e1d\u00e1te prost\u0159ednictv\u00edm dotykov\u00fdch tla\u010d\u00edtek a oto\u010dn\u00e9ho knofl\u00edku. Nastaven\u00e9 parametry m\u016f\u017eete snadno zkontrolovat na <strong>LED displeji<\/strong>. Po spu\u0161t\u011bn\u00ed plot\u00fdnky se automaticky spust\u00ed sv\u011bteln\u00e1 <strong>signalizace provozu<\/strong>.<\/p>\n<p>B\u011bhem pou\u017e\u00edv\u00e1n\u00ed zcela jist\u011b ocen\u00edte tak\u00e9 <strong>\u010dasova\u010d<\/strong>, kter\u00fd je mo\u017en\u00e9 nastavit a\u017e na 180 minut. Bezpe\u010dnostn\u00ed pojistka vypne spot\u0159ebi\u010d v p\u0159\u00edpad\u011b p\u0159ep\u011bt\u00ed nebo p\u0159eh\u0159\u00e1t\u00ed.<\/p>\n","protected":false},"excerpt":{"rendered":"<p>Induk\u010dn\u00ed va\u0159i\u010d ECG IV 18 ovl\u00e1d\u00e1te prost\u0159ednictv\u00edm dotykov\u00fdch tla\u010d\u00edtek a oto\u010dn\u00e9ho knofl\u00edku. Nastaven\u00e9 parametry m\u016f\u017eete snadno zkontrolovat na LED displeji. Po spu\u0161t\u011bn\u00ed plot\u00fdnky se automaticky spust\u00ed sv\u011bteln\u00e1 signalizace provozu. B\u011bhem pou\u017e\u00edv\u00e1n\u00ed zcela jist\u011b ocen\u00edte tak\u00e9 \u010dasova\u010d, kter\u00fd je mo\u017en\u00e9 nastavit a\u017e na 180 minut. Bezpe\u010dnostn\u00ed pojistka vypne spot\u0159ebi\u010d v p\u0159\u00edpad\u011b p\u0159ep\u011bt\u00ed nebo p\u0159eh\u0159\u00e1t\u00ed.<\/p>\n","protected":false},"featured_media":1969484,"template":"","meta":{"_acf_changed":false,"_monsterinsights_skip_tracking":false,"_monsterinsights_sitenote_active":false,"_monsterinsights_sitenote_note":"","_monsterinsights_sitenote_category":0},"product_brand":[],"product_cat":[45010],"product_tag":[],"class_list":{"0":"post-1331792","1":"product","2":"type-product","3":"status-publish","4":"has-post-thumbnail","6":"product_cat-jednoplotynkove-indukcni-varice","8":"first","9":"instock","10":"taxable","11":"shipping-taxable","12":"purchasable","13":"product-type-simple"},"acf":[],"_links":{"self":[{"href":"https:\/\/ecg-electro.eu\/cs\/wp-json\/wp\/v2\/product\/1331792","targetHints":{"allow":["GET"]}}],"collection":[{"href":"https:\/\/ecg-electro.eu\/cs\/wp-json\/wp\/v2\/product"}],"about":[{"href":"https:\/\/ecg-electro.eu\/cs\/wp-json\/wp\/v2\/types\/product"}],"wp:featuredmedia":[{"embeddable":true,"href":"https:\/\/ecg-electro.eu\/cs\/wp-json\/wp\/v2\/media\/1969484"}],"wp:attachment":[{"href":"https:\/\/ecg-electro.eu\/cs\/wp-json\/wp\/v2\/media?parent=1331792"}],"wp:term":[{"taxonomy":"product_brand","embeddable":true,"href":"https:\/\/ecg-electro.eu\/cs\/wp-json\/wp\/v2\/product_brand?post=1331792"},{"taxonomy":"product_cat","embeddable":true,"href":"https:\/\/ecg-electro.eu\/cs\/wp-json\/wp\/v2\/product_cat?post=1331792"},{"taxonomy":"product_tag","embeddable":true,"href":"https:\/\/ecg-electro.eu\/cs\/wp-json\/wp\/v2\/product_tag?post=1331792"}],"curies":[{"name":"wp","href":"https:\/\/api.w.org\/{rel}","templated":true}]}}