{"id":1329086,"date":"2021-05-02T14:22:01","date_gmt":"2021-05-02T15:58:40","guid":{"rendered":"https:\/\/ecg-electro.eu\/product\/ecg-ev-2510-white-2\/"},"modified":"2026-04-02T15:18:11","modified_gmt":"2026-04-02T13:18:11","slug":"ecg-ev-2510-white","status":"publish","type":"product","link":"https:\/\/ecg-electro.eu\/cs\/ecg-ev-2510-white\/","title":{"rendered":"ECG EV 2510 White"},"content":{"rendered":"<p>Elektrick\u00fd dvouplot\u00fdnkov\u00fd va\u0159i\u010d vyu\u017eijete nejen v mal\u00fdch kuchyn\u00edch, ale i na chalup\u00e1ch nebo v kempech. Maxim\u00e1ln\u011b spokojeni pak budete s elektrick\u00fdm va\u0159i\u010dem <strong>ECG EV 2510<\/strong> v nerezov\u00e9m proveden\u00ed. K dispozici m\u00e1te dv\u011b plot\u00fdnky o pr\u016fm\u011bru 18,5 cm a 15,5 cm (p\u0159\u00edkon 1500 W + 1000 W), na kter\u00e9 m\u016f\u017eete d\u00e1t men\u0161\u00ed i v\u011bt\u0161\u00ed hrnce \u010di p\u00e1nvi\u010dky. V\u00fdkon varn\u00fdch z\u00f3n nastav\u00edte pomoc\u00ed dvou oto\u010dn\u00fdch voli\u010d\u016f.<\/p>\n<p>O provozu v\u00e1s informuje sv\u011bteln\u00fd indik\u00e1tor. Z bezpe\u010dnostn\u00edch d\u016fvod\u016f je va\u0159i\u010d opat\u0159en <strong>ochranou proti p\u0159eh\u0159\u00e1t\u00ed<\/strong>. Stabilitu b\u011bhem va\u0159en\u00ed pak zaji\u0161\u0165uj\u00ed protiskluzov\u00e9 no\u017ei\u010dky.<\/p>\n","protected":false},"excerpt":{"rendered":"<p>Elektrick\u00fd dvouplot\u00fdnkov\u00fd va\u0159i\u010d vyu\u017eijete nejen v mal\u00fdch kuchyn\u00edch, ale i na chalup\u00e1ch nebo v kempech. Maxim\u00e1ln\u011b spokojeni pak budete s elektrick\u00fdm va\u0159i\u010dem ECG EV 2510 v nerezov\u00e9m proveden\u00ed. K dispozici m\u00e1te dv\u011b plot\u00fdnky o pr\u016fm\u011bru 18,5 cm a 15,5 cm (p\u0159\u00edkon 1500 W + 1000 W), na kter\u00e9 m\u016f\u017eete d\u00e1t men\u0161\u00ed i v\u011bt\u0161\u00ed hrnce \u010di [&hellip;]<\/p>\n","protected":false},"featured_media":1969380,"template":"","meta":{"_acf_changed":false,"_monsterinsights_skip_tracking":false,"_monsterinsights_sitenote_active":false,"_monsterinsights_sitenote_note":"","_monsterinsights_sitenote_category":0},"product_cat":[44655],"product_tag":[],"class_list":{"0":"post-1329086","1":"product","2":"type-product","3":"status-publish","4":"has-post-thumbnail","6":"product_cat-dvouplotynkove-varice","8":"first","9":"instock","10":"taxable","11":"shipping-taxable","12":"product-type-simple"},"acf":[],"_links":{"self":[{"href":"https:\/\/ecg-electro.eu\/cs\/wp-json\/wp\/v2\/product\/1329086","targetHints":{"allow":["GET"]}}],"collection":[{"href":"https:\/\/ecg-electro.eu\/cs\/wp-json\/wp\/v2\/product"}],"about":[{"href":"https:\/\/ecg-electro.eu\/cs\/wp-json\/wp\/v2\/types\/product"}],"wp:featuredmedia":[{"embeddable":true,"href":"https:\/\/ecg-electro.eu\/cs\/wp-json\/wp\/v2\/media\/1969380"}],"wp:attachment":[{"href":"https:\/\/ecg-electro.eu\/cs\/wp-json\/wp\/v2\/media?parent=1329086"}],"wp:term":[{"taxonomy":"product_cat","embeddable":true,"href":"https:\/\/ecg-electro.eu\/cs\/wp-json\/wp\/v2\/product_cat?post=1329086"},{"taxonomy":"product_tag","embeddable":true,"href":"https:\/\/ecg-electro.eu\/cs\/wp-json\/wp\/v2\/product_tag?post=1329086"}],"curies":[{"name":"wp","href":"https:\/\/api.w.org\/{rel}","templated":true}]}}