{"id":1329014,"date":"2021-05-02T14:21:59","date_gmt":"2021-05-02T15:58:36","guid":{"rendered":"https:\/\/ecg-electro.eu\/product\/ecg-ev-1510-white-2\/"},"modified":"2026-04-21T15:30:51","modified_gmt":"2026-04-21T13:30:51","slug":"ecg-ev-1510-white","status":"publish","type":"product","link":"https:\/\/ecg-electro.eu\/cs\/ecg-ev-1510-white\/","title":{"rendered":"ECG EV 1510 White"},"content":{"rendered":"<p>U\u017eivateli obl\u00edben\u00e1 elektrick\u00e1 jednoplot\u00fdnka je skv\u011bl\u00fdm pomocn\u00edkem do garsonek, na chalupy nebo do kemp\u016f. Zna\u010dka ECG p\u0159edstavuje elektrick\u00fd va\u0159i\u010d <b>EV 1510<\/b> v b\u00edl\u00e9m celokovov\u00e9m proveden\u00ed. I p\u0159es jeho kompaktn\u00ed rozm\u011bry m\u00e1te k dispozici varnou plochu o pr\u016fm\u011bru 18,5 cm dosahuj\u00edc\u00ed maxim\u00e1ln\u00edho v\u00fdkonu 1500 W. Na plotnu tak m\u016f\u017eete postavit st\u0159edn\u011b velk\u00fd hrnec \u010di p\u00e1nev. I na chat\u011b si proto k sn\u00eddani p\u0159iprav\u00edte obl\u00edben\u00e1 m\u00edchan\u00e1 vejce a uva\u0159\u00edte \u010derstvou k\u00e1vu.<\/p>\n<p>Po\u017eadovan\u00fd v\u00fdkon nastav\u00edte pomoc\u00ed jednoduch\u00e9ho oto\u010dn\u00e9ho ovlada\u010de. K dispozici m\u00e1te 5 stup\u0148\u016f v\u00fdkonu, p\u0159i\u010dem\u017e maxim\u00e1ln\u00ed provozn\u00ed teplota dosahuje 450 \u00b0C.<\/p>\n<p>O provozu v\u00e1s informuje sv\u011bteln\u00fd indik\u00e1tor. Z bezpe\u010dnostn\u00edch d\u016fvod\u016f je va\u0159i\u010d opat\u0159en ochranou proti p\u0159eh\u0159\u00e1t\u00ed. Stabilitu b\u011bhem va\u0159en\u00ed pak zaji\u0161\u0165uj\u00ed protiskluzov\u00e9 no\u017ei\u010dky. K nap\u00e1jen\u00ed v\u00e1m sta\u010d\u00ed klasick\u00e9 220 &#8211; 240V p\u0159ipojen\u00ed.<\/p>\n","protected":false},"excerpt":{"rendered":"<p>U\u017eivateli obl\u00edben\u00e1 elektrick\u00e1 jednoplot\u00fdnka je skv\u011bl\u00fdm pomocn\u00edkem do garsonek, na chalupy nebo do kemp\u016f. Zna\u010dka ECG p\u0159edstavuje elektrick\u00fd va\u0159i\u010d EV 1510 v b\u00edl\u00e9m celokovov\u00e9m proveden\u00ed. I p\u0159es jeho kompaktn\u00ed rozm\u011bry m\u00e1te k dispozici varnou plochu o pr\u016fm\u011bru 18,5 cm dosahuj\u00edc\u00ed maxim\u00e1ln\u00edho v\u00fdkonu 1500 W. Na plotnu tak m\u016f\u017eete postavit st\u0159edn\u011b velk\u00fd hrnec \u010di p\u00e1nev. I [&hellip;]<\/p>\n","protected":false},"featured_media":1969341,"template":"","meta":{"_acf_changed":false,"_monsterinsights_skip_tracking":false,"_monsterinsights_sitenote_active":false,"_monsterinsights_sitenote_note":"","_monsterinsights_sitenote_category":0},"product_brand":[],"product_cat":[44669],"product_tag":[],"class_list":{"0":"post-1329014","1":"product","2":"type-product","3":"status-publish","4":"has-post-thumbnail","6":"product_cat-jednoplotynkove-varice","8":"first","9":"instock","10":"taxable","11":"shipping-taxable","12":"product-type-simple"},"acf":[],"_links":{"self":[{"href":"https:\/\/ecg-electro.eu\/cs\/wp-json\/wp\/v2\/product\/1329014","targetHints":{"allow":["GET"]}}],"collection":[{"href":"https:\/\/ecg-electro.eu\/cs\/wp-json\/wp\/v2\/product"}],"about":[{"href":"https:\/\/ecg-electro.eu\/cs\/wp-json\/wp\/v2\/types\/product"}],"wp:featuredmedia":[{"embeddable":true,"href":"https:\/\/ecg-electro.eu\/cs\/wp-json\/wp\/v2\/media\/1969341"}],"wp:attachment":[{"href":"https:\/\/ecg-electro.eu\/cs\/wp-json\/wp\/v2\/media?parent=1329014"}],"wp:term":[{"taxonomy":"product_brand","embeddable":true,"href":"https:\/\/ecg-electro.eu\/cs\/wp-json\/wp\/v2\/product_brand?post=1329014"},{"taxonomy":"product_cat","embeddable":true,"href":"https:\/\/ecg-electro.eu\/cs\/wp-json\/wp\/v2\/product_cat?post=1329014"},{"taxonomy":"product_tag","embeddable":true,"href":"https:\/\/ecg-electro.eu\/cs\/wp-json\/wp\/v2\/product_tag?post=1329014"}],"curies":[{"name":"wp","href":"https:\/\/api.w.org\/{rel}","templated":true}]}}