{"id":2808288,"date":"2025-04-30T14:42:30","date_gmt":"2025-04-30T12:42:30","guid":{"rendered":"https:\/\/ecg-electro.eu\/?page_id=2808288"},"modified":"2025-04-30T15:06:56","modified_gmt":"2025-04-30T13:06:56","slug":"burty-na-cernem-pivu","status":"publish","type":"page","link":"https:\/\/ecg-electro.eu\/cs\/burty-na-cernem-pivu\/","title":{"rendered":"Bu\u0159ty na \u010dern\u00e9m pivu"},"content":{"rendered":"\t\t<div data-elementor-type=\"wp-page\" data-elementor-id=\"2808288\" class=\"elementor elementor-2808288\" data-elementor-post-type=\"page\">\n\t\t\t\t\t\t<section class=\"elementor-section elementor-top-section elementor-element elementor-element-3772a80 elementor-section-boxed elementor-section-height-default elementor-section-height-default\" data-id=\"3772a80\" data-element_type=\"section\">\n\t\t\t\t\t\t<div class=\"elementor-container elementor-column-gap-default\">\n\t\t\t\t\t<div class=\"elementor-column elementor-col-100 elementor-top-column elementor-element elementor-element-12274cb\" data-id=\"12274cb\" data-element_type=\"column\">\n\t\t\t<div class=\"elementor-widget-wrap elementor-element-populated\">\n\t\t\t\t\t\t<div class=\"elementor-element elementor-element-8da746d elementor-widget elementor-widget-spacer\" data-id=\"8da746d\" data-element_type=\"widget\" data-widget_type=\"spacer.default\">\n\t\t\t\t<div class=\"elementor-widget-container\">\n\t\t\t\t\t\t\t<div class=\"elementor-spacer\">\n\t\t\t<div class=\"elementor-spacer-inner\"><\/div>\n\t\t<\/div>\n\t\t\t\t\t\t<\/div>\n\t\t\t\t<\/div>\n\t\t\t\t<div class=\"elementor-element elementor-element-dfff9a2 elementor-widget elementor-widget-heading\" data-id=\"dfff9a2\" data-element_type=\"widget\" data-widget_type=\"heading.default\">\n\t\t\t\t<div class=\"elementor-widget-container\">\n\t\t\t\t\t<h2 class=\"elementor-heading-title elementor-size-default\">Bu\u0159ty na \u010dern\u00e9m pivu<\/h2>\t\t\t\t<\/div>\n\t\t\t\t<\/div>\n\t\t\t\t\t<\/div>\n\t\t<\/div>\n\t\t\t\t\t<\/div>\n\t\t<\/section>\n\t\t\t\t<section class=\"elementor-section elementor-top-section elementor-element elementor-element-f2f6c15 elementor-section-boxed elementor-section-height-default elementor-section-height-default\" data-id=\"f2f6c15\" data-element_type=\"section\">\n\t\t\t\t\t\t<div class=\"elementor-container elementor-column-gap-default\">\n\t\t\t\t\t<header class=\"elementor-column elementor-col-50 elementor-top-column elementor-element elementor-element-c5960cb\" data-id=\"c5960cb\" data-element_type=\"column\" data-settings=\"{&quot;background_background&quot;:&quot;classic&quot;}\">\n\t\t\t<div class=\"elementor-widget-wrap elementor-element-populated\">\n\t\t\t\t\t\t<div class=\"elementor-element elementor-element-f48f330 elementor-widget elementor-widget-text-editor\" data-id=\"f48f330\" data-element_type=\"widget\" data-widget_type=\"text-editor.default\">\n\t\t\t\t<div class=\"elementor-widget-container\">\n\t\t\t\t\t\t\t\t\t<h4 style=\"text-align: center;\"><strong>Ingredience:<\/strong><\/h4><ul><li>\u00a0<\/li><li style=\"text-align: center;\">400 g bu\u0159t\u016f<\/li><li style=\"text-align: center;\">100 g \u010derven\u00e9 cibule<\/li><li style=\"text-align: center;\">30 g \u010desneku<\/li><li style=\"text-align: center;\">100 g \u0159ap\u00edkat\u00e9ho celeru<\/li><li style=\"text-align: center;\">100 g mrkve<\/li><li style=\"text-align: center;\">50 g protlaku<\/li><li style=\"text-align: center;\">500 ml \u010dern\u00e9ho piva<\/li><li style=\"text-align: center;\">1 l v\u00fdvaru<\/li><li style=\"text-align: center;\">100 g \u010derven\u00e9 papriky<\/li><li style=\"text-align: center;\">100 g \u017elut\u00e9 papriky<\/li><li style=\"text-align: center;\">50 g jarn\u00ed cibulky<\/li><li style=\"text-align: center;\">30 g petr\u017eele<\/li><li style=\"text-align: center;\">2 g kakaov\u00e9ho rubu<\/li><li style=\"text-align: center;\">s\u016fl<\/li><li style=\"text-align: center;\">pep\u0159<\/li><li style=\"text-align: center;\">olej<\/li><li style=\"text-align: center;\">microgreens<\/li><\/ul>\t\t\t\t\t\t\t\t<\/div>\n\t\t\t\t<\/div>\n\t\t\t\t\t<\/div>\n\t\t<\/header>\n\t\t\t\t<div class=\"elementor-column elementor-col-50 elementor-top-column elementor-element elementor-element-3de6aee\" data-id=\"3de6aee\" data-element_type=\"column\">\n\t\t\t<div class=\"elementor-widget-wrap elementor-element-populated\">\n\t\t\t\t\t\t<div class=\"elementor-element elementor-element-992611c elementor-widget__width-initial elementor-widget elementor-widget-video\" data-id=\"992611c\" data-element_type=\"widget\" data-settings=\"{&quot;video_type&quot;:&quot;hosted&quot;,&quot;controls&quot;:&quot;yes&quot;}\" data-widget_type=\"video.default\">\n\t\t\t\t<div class=\"elementor-widget-container\">\n\t\t\t\t\t\t\t<div class=\"e-hosted-video elementor-wrapper elementor-open-inline\">\n\t\t\t\t\t<video class=\"elementor-video\" src=\"https:\/\/ecg-electro.eu\/wp-content\/uploads\/2025\/04\/burty-komprimovane.mp4\" controls=\"\" preload=\"metadata\" controlsList=\"nodownload\"><\/video>\n\t\t\t\t<\/div>\n\t\t\t\t\t\t<\/div>\n\t\t\t\t<\/div>\n\t\t\t\t\t<\/div>\n\t\t<\/div>\n\t\t\t\t\t<\/div>\n\t\t<\/section>\n\t\t\t\t<section class=\"elementor-section elementor-top-section elementor-element elementor-element-91a6f22 elementor-section-boxed elementor-section-height-default elementor-section-height-default\" data-id=\"91a6f22\" data-element_type=\"section\">\n\t\t\t\t\t\t<div class=\"elementor-container elementor-column-gap-default\">\n\t\t\t\t\t<div class=\"elementor-column elementor-col-50 elementor-top-column elementor-element elementor-element-ac511c4\" data-id=\"ac511c4\" data-element_type=\"column\">\n\t\t\t<div class=\"elementor-widget-wrap elementor-element-populated\">\n\t\t\t\t\t\t<div class=\"elementor-element elementor-element-df43541 elementor-widget elementor-widget-spacer\" data-id=\"df43541\" data-element_type=\"widget\" data-widget_type=\"spacer.default\">\n\t\t\t\t<div class=\"elementor-widget-container\">\n\t\t\t\t\t\t\t<div class=\"elementor-spacer\">\n\t\t\t<div class=\"elementor-spacer-inner\"><\/div>\n\t\t<\/div>\n\t\t\t\t\t\t<\/div>\n\t\t\t\t<\/div>\n\t\t\t\t<div class=\"elementor-element elementor-element-704b190 elementor-widget__width-initial elementor-widget elementor-widget-text-editor\" data-id=\"704b190\" data-element_type=\"widget\" data-widget_type=\"text-editor.default\">\n\t\t\t\t<div class=\"elementor-widget-container\">\n\t\t\t\t\t\t\t\t\t<h6>Porc\u00ed:\u00a0 4\u00a0 |\u00a0 P\u0159\u00edprava: 50 min<\/h6><h5><strong>P\u0159\u00edprava:<\/strong><\/h5><ol><li>\u010cervenou cibuli a \u010desnek si nakr\u00e1j\u00edme na pl\u00e1tky a d\u00e1me do rozp\u00e1len\u00e9ho hrnce s\u00a0olejem.<\/li><li>Na 4 porce si odlo\u017e\u00edme 4 bu\u0159ty stranou.<\/li><li>Zbytek\u00a0bu\u0159t\u016f, \u0159ap\u00edkat\u00fd celer a mrkev nakr\u00e1j\u00edme na kosti\u010dky a d\u00e1me do misky stranou.<\/li><li>K\u00a0orestovan\u00e9 cibuli a \u010desneku p\u0159id\u00e1me\u00a0protlak, asi minutu va\u0159\u00edme, pot\u00e9 v\u0161e zalijeme \u010dern\u00fdm pivem, v\u00fdvarem, osol\u00edme, opep\u0159\u00edme a redukujeme do po\u017eadovan\u00e9 hustoty.<\/li><li>Mezit\u00edm si nakr\u00e1j\u00edme \u010dervenou papriku a p\u0159id\u00e1me ji do misky k\u00a0nakr\u00e1jen\u00fdm bu\u0159t\u016fm, v\u0161e dochut\u00edme sol\u00ed, pep\u0159em, kakaov\u00fdm rubem a po\u0159\u00e1dn\u011b prom\u00edch\u00e1me. P\u0159id\u00e1me tro\u0161ku oleje, op\u011bt prom\u00edch\u00e1me a vlo\u017e\u00edme do horkovzdu\u0161n\u00e9 frit\u00e9zy rozeh\u0159\u00e1t\u00e9 na 180 stup\u0148\u016f asi na 15 min.<\/li><li>Mezit\u00edm si nakr\u00e1j\u00edme \u017elutou papriku na kosti\u010dky, jarn\u00ed cibulku (zelenou \u010d\u00e1st na men\u0161\u00ed kole\u010dka, b\u00edlou \u010d\u00e1st p\u0159ekroj\u00edme nap\u016fl), \u010dervenou cibuli na m\u011bs\u00ed\u010dky a v\u0161e d\u00e1me do misky.<\/li><li>Bu\u0159ty, kter\u00e9 jsme si dali stanou si ugrilujeme (p\u0159ekroj\u00edme na p\u016fl a ze shora nakr\u00e1j\u00edme \u201em\u0159\u00ed\u017eku\u201c).<\/li><li>Rozp\u00e1len\u00fd gril pokapeme olejem a vlo\u017e\u00edme na n\u011bj bu\u0159ty i sm\u011bs nakr\u00e1jen\u00e9 zeleniny. Sm\u011bs zeleniny na grilu osol\u00edme.<\/li><li>Do horkovzdu\u0161n\u00e9 frit\u00e9zy p\u0159id\u00e1me uva\u0159enou sm\u011bs s\u00a0protlakem, prom\u00edch\u00e1me a nech\u00e1me je\u0161t\u011b chvilku dop\u00e9ct.<\/li><li>Zeleninovou sm\u011bs na grilu lehce prom\u00edch\u00e1me, bu\u0159ty oto\u010d\u00edme a restujeme do zlatova.<\/li><li>Nakr\u00e1j\u00edme si petr\u017eel.<\/li><li>Hotovou sm\u011bs z\u00a0grilu p\u0159end\u00e1me do m\u00edsy, p\u0159id\u00e1me nakr\u00e1jenou petr\u017eel, kapku oleje, osol\u00edme a prom\u00edch\u00e1me.<\/li><li>Hotovou zeleninovou sm\u011bs z\u00a0grilu nand\u00e1me doprost\u0159ed tal\u00ed\u0159e, na to p\u0159id\u00e1me sm\u011bs z\u00a0horkovzdu\u0161n\u00e9 trouby, nahoru polo\u017e\u00edme p\u016flky bu\u0159t\u016f a cel\u00e9 to posypeme microgreens a m\u016f\u017eeme serv\u00edrovat.<\/li><\/ol><ol><li style=\"list-style-type: none;\">\u00a0<\/li><\/ol><p style=\"text-align: right;\">Dobrou chu\u0165!<\/p>\t\t\t\t\t\t\t\t<\/div>\n\t\t\t\t<\/div>\n\t\t\t\t\t<\/div>\n\t\t<\/div>\n\t\t\t\t<div class=\"elementor-column elementor-col-50 elementor-top-column elementor-element elementor-element-a51d747\" data-id=\"a51d747\" data-element_type=\"column\">\n\t\t\t<div class=\"elementor-widget-wrap elementor-element-populated\">\n\t\t\t\t\t\t<div class=\"elementor-element elementor-element-a64891f elementor-widget__width-initial elementor-widget elementor-widget-image\" data-id=\"a64891f\" data-element_type=\"widget\" data-widget_type=\"image.default\">\n\t\t\t\t<div class=\"elementor-widget-container\">\n\t\t\t\t\t\t\t\t\t\t\t\t\t\t\t<img fetchpriority=\"high\" decoding=\"async\" width=\"768\" height=\"1151\" src=\"https:\/\/ecg-electro.eu\/wp-content\/uploads\/2025\/04\/20240502_1234221-768x1151.jpg\" class=\"attachment-medium_large size-medium_large wp-image-2808374\" alt=\"\" \/>\t\t\t\t\t\t\t\t\t\t\t\t\t\t\t<\/div>\n\t\t\t\t<\/div>\n\t\t\t\t\t<\/div>\n\t\t<\/div>\n\t\t\t\t\t<\/div>\n\t\t<\/section>\n\t\t\t\t<section class=\"elementor-section elementor-top-section elementor-element elementor-element-3ee29c4 elementor-section-boxed elementor-section-height-default elementor-section-height-default\" data-id=\"3ee29c4\" data-element_type=\"section\">\n\t\t\t\t\t\t<div class=\"elementor-container elementor-column-gap-default\">\n\t\t\t\t\t<div class=\"elementor-column elementor-col-100 elementor-top-column elementor-element elementor-element-8448b59\" data-id=\"8448b59\" data-element_type=\"column\">\n\t\t\t<div class=\"elementor-widget-wrap elementor-element-populated\">\n\t\t\t\t\t\t<div class=\"elementor-element elementor-element-276504e elementor-widget elementor-widget-text-editor\" data-id=\"276504e\" data-element_type=\"widget\" data-widget_type=\"text-editor.default\">\n\t\t\t\t<div class=\"elementor-widget-container\">\n\t\t\t\t\t\t\t\t\t<h4>Pou\u017eit\u00e9 spot\u0159ebi\u010de<\/h4>\t\t\t\t\t\t\t\t<\/div>\n\t\t\t\t<\/div>\n\t\t\t\t\t<\/div>\n\t\t<\/div>\n\t\t\t\t\t<\/div>\n\t\t<\/section>\n\t\t\t\t<section class=\"elementor-section elementor-top-section elementor-element elementor-element-11d6d5b elementor-section-boxed elementor-section-height-default elementor-section-height-default\" data-id=\"11d6d5b\" data-element_type=\"section\">\n\t\t\t\t\t\t<div class=\"elementor-container elementor-column-gap-default\">\n\t\t\t\t\t<div class=\"elementor-column elementor-col-100 elementor-top-column elementor-element elementor-element-c753173\" data-id=\"c753173\" data-element_type=\"column\">\n\t\t\t<div class=\"elementor-widget-wrap elementor-element-populated\">\n\t\t\t\t\t\t<div class=\"elementor-element elementor-element-e9566a5 elementor-widget elementor-widget-spacer\" data-id=\"e9566a5\" data-element_type=\"widget\" data-widget_type=\"spacer.default\">\n\t\t\t\t<div class=\"elementor-widget-container\">\n\t\t\t\t\t\t\t<div class=\"elementor-spacer\">\n\t\t\t<div class=\"elementor-spacer-inner\"><\/div>\n\t\t<\/div>\n\t\t\t\t\t\t<\/div>\n\t\t\t\t<\/div>\n\t\t\t\t\t<\/div>\n\t\t<\/div>\n\t\t\t\t\t<\/div>\n\t\t<\/section>\n\t\t\t\t<section class=\"elementor-section elementor-top-section elementor-element elementor-element-e7aaeac elementor-section-boxed elementor-section-height-default elementor-section-height-default\" data-id=\"e7aaeac\" data-element_type=\"section\">\n\t\t\t\t\t\t<div class=\"elementor-container elementor-column-gap-default\">\n\t\t\t\t\t<div class=\"elementor-column elementor-col-33 elementor-top-column elementor-element elementor-element-319e39c\" data-id=\"319e39c\" data-element_type=\"column\">\n\t\t\t<div class=\"elementor-widget-wrap elementor-element-populated\">\n\t\t\t\t\t\t<div class=\"elementor-element elementor-element-069ab18 elementor-widget__width-initial elementor-widget elementor-widget-image\" data-id=\"069ab18\" data-element_type=\"widget\" data-widget_type=\"image.default\">\n\t\t\t\t<div class=\"elementor-widget-container\">\n\t\t\t\t\t\t\t\t\t\t\t\t\t\t\t\t<a href=\"https:\/\/ecg-electro.eu\/cs\/ecg-af-6000\/\">\n\t\t\t\t\t\t\t<img decoding=\"async\" width=\"800\" height=\"914\" src=\"https:\/\/ecg-electro.eu\/wp-content\/uploads\/2025\/04\/AF_6000_01_web.jpg\" class=\"attachment-large size-large wp-image-2783728\" alt=\"\" \/>\t\t\t\t\t\t\t\t<\/a>\n\t\t\t\t\t\t\t\t\t\t\t\t\t\t\t<\/div>\n\t\t\t\t<\/div>\n\t\t\t\t\t<\/div>\n\t\t<\/div>\n\t\t\t\t<div class=\"elementor-column elementor-col-33 elementor-top-column elementor-element elementor-element-59dd7b4\" data-id=\"59dd7b4\" data-element_type=\"column\">\n\t\t\t<div class=\"elementor-widget-wrap elementor-element-populated\">\n\t\t\t\t\t\t<div class=\"elementor-element elementor-element-4057937 elementor-widget elementor-widget-image\" data-id=\"4057937\" data-element_type=\"widget\" data-widget_type=\"image.default\">\n\t\t\t\t<div class=\"elementor-widget-container\">\n\t\t\t\t\t\t\t\t\t\t\t\t\t\t\t\t<a href=\"https:\/\/ecg-electro.eu\/cs\/ecg-iv-2920-slim\/\">\n\t\t\t\t\t\t\t<img decoding=\"async\" src=\"https:\/\/ecg-electro.eu\/wp-content\/uploads\/2019\/10\/iv_2920_slim_2.png\" title=\"\" alt=\"\" loading=\"lazy\" \/>\t\t\t\t\t\t\t\t<\/a>\n\t\t\t\t\t\t\t\t\t\t\t\t\t\t\t<\/div>\n\t\t\t\t<\/div>\n\t\t\t\t\t<\/div>\n\t\t<\/div>\n\t\t\t\t<div class=\"elementor-column elementor-col-33 elementor-top-column elementor-element elementor-element-4e1578e\" data-id=\"4e1578e\" data-element_type=\"column\">\n\t\t\t<div class=\"elementor-widget-wrap elementor-element-populated\">\n\t\t\t\t\t\t<div class=\"elementor-element elementor-element-898a335 elementor-widget__width-initial elementor-widget elementor-widget-image\" data-id=\"898a335\" data-element_type=\"widget\" data-widget_type=\"image.default\">\n\t\t\t\t<div class=\"elementor-widget-container\">\n\t\t\t\t\t\t\t\t\t\t\t\t\t\t\t\t<a href=\"https:\/\/ecg-electro.eu\/cs\/ecg-kg-1000-gourmet\/\">\n\t\t\t\t\t\t\t<img decoding=\"async\" width=\"800\" height=\"448\" src=\"https:\/\/ecg-electro.eu\/wp-content\/uploads\/2024\/05\/KG_1000_Gourmet_01_web.jpg\" class=\"attachment-large size-large wp-image-2421214\" alt=\"\" \/>\t\t\t\t\t\t\t\t<\/a>\n\t\t\t\t\t\t\t\t\t\t\t\t\t\t\t<\/div>\n\t\t\t\t<\/div>\n\t\t\t\t\t<\/div>\n\t\t<\/div>\n\t\t\t\t\t<\/div>\n\t\t<\/section>\n\t\t\t\t<\/div>\n\t\t","protected":false},"excerpt":{"rendered":"<p>Bu\u0159ty na \u010dern\u00e9m pivu Ingredience: \u00a0 400 g bu\u0159t\u016f 100 g \u010derven\u00e9 cibule 30 g \u010desneku 100 g \u0159ap\u00edkat\u00e9ho celeru 100 g mrkve 50 g protlaku 500 ml \u010dern\u00e9ho piva 1 l v\u00fdvaru 100 g \u010derven\u00e9 papriky 100 g \u017elut\u00e9 papriky 50 g jarn\u00ed cibulky 30 g petr\u017eele 2 g kakaov\u00e9ho rubu s\u016fl pep\u0159 olej [&hellip;]<\/p>\n","protected":false},"author":19,"featured_media":0,"parent":0,"menu_order":0,"comment_status":"closed","ping_status":"closed","template":"","meta":{"_acf_changed":false,"_monsterinsights_skip_tracking":false,"_monsterinsights_sitenote_active":false,"_monsterinsights_sitenote_note":"","_monsterinsights_sitenote_category":0,"footnotes":""},"class_list":["post-2808288","page","type-page","status-publish","hentry"],"acf":[],"_links":{"self":[{"href":"https:\/\/ecg-electro.eu\/cs\/wp-json\/wp\/v2\/pages\/2808288","targetHints":{"allow":["GET"]}}],"collection":[{"href":"https:\/\/ecg-electro.eu\/cs\/wp-json\/wp\/v2\/pages"}],"about":[{"href":"https:\/\/ecg-electro.eu\/cs\/wp-json\/wp\/v2\/types\/page"}],"author":[{"embeddable":true,"href":"https:\/\/ecg-electro.eu\/cs\/wp-json\/wp\/v2\/users\/19"}],"replies":[{"embeddable":true,"href":"https:\/\/ecg-electro.eu\/cs\/wp-json\/wp\/v2\/comments?post=2808288"}],"version-history":[{"count":5,"href":"https:\/\/ecg-electro.eu\/cs\/wp-json\/wp\/v2\/pages\/2808288\/revisions"}],"predecessor-version":[{"id":2808483,"href":"https:\/\/ecg-electro.eu\/cs\/wp-json\/wp\/v2\/pages\/2808288\/revisions\/2808483"}],"wp:attachment":[{"href":"https:\/\/ecg-electro.eu\/cs\/wp-json\/wp\/v2\/media?parent=2808288"}],"curies":[{"name":"wp","href":"https:\/\/api.w.org\/{rel}","templated":true}]}}