{"id":2783698,"date":"2025-04-11T13:40:00","date_gmt":"2025-04-11T11:40:00","guid":{"rendered":"https:\/\/ecg-electro.eu\/?page_id=2783698"},"modified":"2025-04-15T10:02:16","modified_gmt":"2025-04-15T08:02:16","slug":"vypecky-z-hoveziho-karabacku-s-kapustou-a-medvedim-cesnekem","status":"publish","type":"page","link":"https:\/\/ecg-electro.eu\/cs\/vypecky-z-hoveziho-karabacku-s-kapustou-a-medvedim-cesnekem\/","title":{"rendered":"V\u00fdpe\u010dky z hov\u011bz\u00edho karab\u00e1\u010dku s kapustou a medv\u011bd\u00edm \u010desnekem"},"content":{"rendered":"\t\t<div data-elementor-type=\"wp-page\" data-elementor-id=\"2783698\" class=\"elementor elementor-2783698\" data-elementor-post-type=\"page\">\n\t\t\t\t\t\t<section class=\"elementor-section elementor-top-section elementor-element elementor-element-3772a80 elementor-section-boxed elementor-section-height-default elementor-section-height-default\" data-id=\"3772a80\" data-element_type=\"section\">\n\t\t\t\t\t\t<div class=\"elementor-container elementor-column-gap-default\">\n\t\t\t\t\t<div class=\"elementor-column elementor-col-100 elementor-top-column elementor-element elementor-element-12274cb\" data-id=\"12274cb\" data-element_type=\"column\">\n\t\t\t<div class=\"elementor-widget-wrap elementor-element-populated\">\n\t\t\t\t\t\t<div class=\"elementor-element elementor-element-8da746d elementor-widget elementor-widget-spacer\" data-id=\"8da746d\" data-element_type=\"widget\" data-widget_type=\"spacer.default\">\n\t\t\t\t<div class=\"elementor-widget-container\">\n\t\t\t\t\t\t\t<div class=\"elementor-spacer\">\n\t\t\t<div class=\"elementor-spacer-inner\"><\/div>\n\t\t<\/div>\n\t\t\t\t\t\t<\/div>\n\t\t\t\t<\/div>\n\t\t\t\t<div class=\"elementor-element elementor-element-dfff9a2 elementor-widget elementor-widget-heading\" data-id=\"dfff9a2\" data-element_type=\"widget\" data-widget_type=\"heading.default\">\n\t\t\t\t<div class=\"elementor-widget-container\">\n\t\t\t\t\t<h2 class=\"elementor-heading-title elementor-size-default\">V\u00fdpe\u010dky z hov\u011bz\u00edho karab\u00e1\u010dku s kapustou a medv\u011bd\u00edm \u010desnekem<\/h2>\t\t\t\t<\/div>\n\t\t\t\t<\/div>\n\t\t\t\t\t<\/div>\n\t\t<\/div>\n\t\t\t\t\t<\/div>\n\t\t<\/section>\n\t\t\t\t<section class=\"elementor-section elementor-top-section elementor-element elementor-element-f2f6c15 elementor-section-boxed elementor-section-height-default elementor-section-height-default\" data-id=\"f2f6c15\" data-element_type=\"section\">\n\t\t\t\t\t\t<div class=\"elementor-container elementor-column-gap-default\">\n\t\t\t\t\t<header class=\"elementor-column elementor-col-50 elementor-top-column elementor-element elementor-element-c5960cb\" data-id=\"c5960cb\" data-element_type=\"column\" data-settings=\"{&quot;background_background&quot;:&quot;classic&quot;}\">\n\t\t\t<div class=\"elementor-widget-wrap elementor-element-populated\">\n\t\t\t\t\t\t<div class=\"elementor-element elementor-element-a0910c1 elementor-widget__width-initial elementor-widget elementor-widget-text-editor\" data-id=\"a0910c1\" data-element_type=\"widget\" data-widget_type=\"text-editor.default\">\n\t\t\t\t<div class=\"elementor-widget-container\">\n\t\t\t\t\t\t\t\t\t<h4>&nbsp;<\/h4>\n<h4><strong>Ingredience<\/strong>:<\/h4>\n<ul>\n<li style=\"list-style-type: none;\">\n<ul>\n<li style=\"list-style-type: none;\">\n<ul>\n<li style=\"list-style-type: none;\">\n<ul>\n<li style=\"list-style-type: none;\">\n<ul>\n<li style=\"list-style-type: none;\">\n<ul>\n<li style=\"list-style-type: none;\">\n<ul>\n<li>400 g brambor<\/li>\n<li>500 g hov\u011bz\u00edho karab\u00e1\u010dku<\/li>\n<li>200 g cibule<\/li>\n<li>30 g \u010desneku<\/li>\n<li>10 g medv\u011bd\u00edho \u010desneku<\/li>\n<li>3 ks vejce<\/li>\n<li>200 g mouky<\/li>\n<li>50 g \u0161alotky<\/li>\n<li>600 g kapusty<\/li>\n<li>500 ml v\u00fdvaru<\/li>\n<li>500 ml \u010dern\u00e9ho piva<\/li>\n<li>100 g \u0161peku<\/li>\n<li>100 g m\u00e1sla<\/li>\n<li>3 g km\u00ednu<\/li>\n<li>s\u016fl<\/li>\n<\/ul>\n<\/li>\n<\/ul>\n<\/li>\n<\/ul>\n<p>pep\u0159<\/p>\n<\/li>\n<\/ul>\n<ul>\n<li>&nbsp;<\/li>\n<\/ul>\n<\/li>\n<\/ul>\n<\/li>\n<\/ul>\n<\/li>\n<\/ul>\n<div>&nbsp;<\/div>\n<div>&nbsp;<\/div>\t\t\t\t\t\t\t\t<\/div>\n\t\t\t\t<\/div>\n\t\t\t\t\t<\/div>\n\t\t<\/header>\n\t\t\t\t<div class=\"elementor-column elementor-col-50 elementor-top-column elementor-element elementor-element-3de6aee\" data-id=\"3de6aee\" data-element_type=\"column\">\n\t\t\t<div class=\"elementor-widget-wrap elementor-element-populated\">\n\t\t\t\t\t\t<div class=\"elementor-element elementor-element-992611c elementor-widget__width-initial elementor-widget elementor-widget-video\" data-id=\"992611c\" data-element_type=\"widget\" data-settings=\"{&quot;video_type&quot;:&quot;hosted&quot;,&quot;controls&quot;:&quot;yes&quot;}\" data-widget_type=\"video.default\">\n\t\t\t\t<div class=\"elementor-widget-container\">\n\t\t\t\t\t\t\t<div class=\"e-hosted-video elementor-wrapper elementor-open-inline\">\n\t\t\t\t\t<video class=\"elementor-video\" src=\"https:\/\/ecg-electro.eu\/wp-content\/uploads\/2025\/04\/Den4.vypecky-kompri.mp4\" controls=\"\" preload=\"metadata\" controlsList=\"nodownload\"><\/video>\n\t\t\t\t<\/div>\n\t\t\t\t\t\t<\/div>\n\t\t\t\t<\/div>\n\t\t\t\t\t<\/div>\n\t\t<\/div>\n\t\t\t\t\t<\/div>\n\t\t<\/section>\n\t\t\t\t<section class=\"elementor-section elementor-top-section elementor-element elementor-element-91a6f22 elementor-section-boxed elementor-section-height-default elementor-section-height-default\" data-id=\"91a6f22\" data-element_type=\"section\">\n\t\t\t\t\t\t<div class=\"elementor-container elementor-column-gap-default\">\n\t\t\t\t\t<div class=\"elementor-column elementor-col-50 elementor-top-column elementor-element elementor-element-ac511c4\" data-id=\"ac511c4\" data-element_type=\"column\">\n\t\t\t<div class=\"elementor-widget-wrap elementor-element-populated\">\n\t\t\t\t\t\t<div class=\"elementor-element elementor-element-df43541 elementor-widget elementor-widget-spacer\" data-id=\"df43541\" data-element_type=\"widget\" data-widget_type=\"spacer.default\">\n\t\t\t\t<div class=\"elementor-widget-container\">\n\t\t\t\t\t\t\t<div class=\"elementor-spacer\">\n\t\t\t<div class=\"elementor-spacer-inner\"><\/div>\n\t\t<\/div>\n\t\t\t\t\t\t<\/div>\n\t\t\t\t<\/div>\n\t\t\t\t<div class=\"elementor-element elementor-element-704b190 elementor-widget__width-initial elementor-widget elementor-widget-text-editor\" data-id=\"704b190\" data-element_type=\"widget\" data-widget_type=\"text-editor.default\">\n\t\t\t\t<div class=\"elementor-widget-container\">\n\t\t\t\t\t\t\t\t\t<h6>Porc\u00ed:\u00a0 4\u00a0 |\u00a0 P\u0159\u00edprava: 50 min<\/h6><h5><strong>P\u0159\u00edprava:<\/strong><\/h5><ol><li>Uva\u0159\u00edme 3 v\u011bt\u0161\u00ed brambory ve slupce.<\/li><li>Hov\u011bz\u00ed karab\u00e1\u010dek o\u010dist\u00edme od blan, nakr\u00e1j\u00edme na kosti\u010dky a d\u00e1me do misky.<\/li><li>Nakr\u00e1j\u00edme cibuli, \u010desnek a p\u016flku z\u00a0toho p\u0159id\u00e1me k\u00a0masu.<\/li><li>Rozeh\u0159ejeme horkovzdu\u0161nou frit\u00e9zu na 180\u00b0.<\/li><li>Maso v\u00a0m\u00edse osol\u00edme, opep\u0159\u00edme, p\u0159id\u00e1me olej, strou\u017eek \u010desneku, km\u00edn a v\u0161e po\u0159\u00e1dn\u011b zam\u00edch\u00e1me.<\/li><li>Do horkovzdu\u0161n\u00e9 trouby d\u00e1me zat\u00e1hnout zbytek nakr\u00e1jen\u00e9 cibule a \u010desneku (p\u0159ibli\u017en\u011b na 5 minut). Pot\u00e9 k\u00a0tomu p\u0159id\u00e1me maso a spole\u010dn\u011b pe\u010deme cca 15 min.<\/li><li>Uva\u0159en\u00e9 brambory oloupeme, nakr\u00e1j\u00edme na \u010dtvrtky a pomeleme spole\u010dn\u011b s\u00a0medv\u011bd\u00edm \u010desnekem. P\u0159id\u00e1me vejce, mouku, s\u016fl a v\u00a0robotu nech\u00e1me ud\u011blat t\u011bsto. Pokud bude t\u011bsto moc \u0159\u00eddk\u00e9, p\u0159id\u00e1me tro\u0161ku mouky.<\/li><li>V\u00a0men\u0161\u00edm hrnci nech\u00e1me zava\u0159it osolenou vodu.<\/li><li>Mezit\u00edm si nadrobno nakr\u00e1j\u00edme \u010desnek, \u0161alotku a najemno kapustu.<\/li><li>Hotov\u00e9 t\u011bsto p\u0159end\u00e1me na prk\u00e9nko a ud\u011bl\u00e1me z\u00a0n\u011bj v\u00e1le\u010dek, ze kter\u00e9ho postupn\u011b odkrajujeme stejn\u00e9 kousky, kter\u00e9 v\u00a0ruce vyval\u00edme do tvaru \u201e\u0161i\u0161ky\u201c.<\/li><li>Do masa p\u0159ilijeme v\u00fdvar, \u010dern\u00e9 pivo a va\u0159\u00edme do zm\u011bknut\u00ed.<\/li><li>Do rozeh\u0159\u00e1t\u00e9 vody d\u00e1me va\u0159it bramborov\u00e9 \u0161i\u0161ky, kter\u00e9 po uva\u0159en\u00ed rovnou zchlad\u00edme ve studen\u00e9 vod\u011b.<\/li><li>Maso a \u0161\u0165\u00e1vu z\u00a0horkovzdu\u0161n\u00e9 trouby p\u0159eced\u00edme p\u0159es s\u00edtko do hrnce. Maso v\u00a0cedn\u00edku na chvilku odlo\u017e\u00edme bokem. \u0160\u0165\u00e1vu v hrnci sva\u0159\u00edme asi na polovinu a pot\u00e9 do n\u00ed maso vr\u00e1t\u00edme.<\/li><li>\u0160pek nakr\u00e1jen\u00fd na mal\u00e9 kosti\u010dky orestujeme na p\u00e1nvi, p\u0159id\u00e1me nadrobno nakr\u00e1jenou \u0161alotku a \u010desnek a op\u011bt lehce orestujeme. P\u0159id\u00e1me kousek m\u00e1sla, nakr\u00e1jenou kapustu, osol\u00edme, opep\u0159\u00edme a nech\u00e1me dusit do zm\u011bknut\u00ed. Jakmile bude kapusta skoro hotov\u00e1, shrneme si ji na p\u016flku p\u00e1nve. Na voln\u00e9 p\u016flce orestujeme z\u00a0ka\u017ed\u00e9 strany bramborov\u00e9 \u0161i\u0161ky.<\/li><li>Zarestovan\u00e9 bramborov\u00e9 \u0161i\u0161ky nand\u00e1me na tal\u00ed\u0159, vedle p\u0159id\u00e1me kapustu, maso s\u00a0om\u00e1\u010dkou, ozdob\u00edme a m\u016f\u017eeme serv\u00edrovat.<\/li><\/ol><ol><li style=\"list-style-type: none;\">\u00a0<\/li><\/ol><p style=\"text-align: right;\">Dobrou chu\u0165!<\/p>\t\t\t\t\t\t\t\t<\/div>\n\t\t\t\t<\/div>\n\t\t\t\t\t<\/div>\n\t\t<\/div>\n\t\t\t\t<div class=\"elementor-column elementor-col-50 elementor-top-column elementor-element elementor-element-a51d747\" data-id=\"a51d747\" data-element_type=\"column\">\n\t\t\t<div class=\"elementor-widget-wrap elementor-element-populated\">\n\t\t\t\t\t\t<div class=\"elementor-element elementor-element-a64891f elementor-widget__width-initial elementor-widget elementor-widget-image\" data-id=\"a64891f\" data-element_type=\"widget\" data-widget_type=\"image.default\">\n\t\t\t\t<div class=\"elementor-widget-container\">\n\t\t\t\t\t\t\t\t\t\t\t\t\t\t\t<img fetchpriority=\"high\" decoding=\"async\" width=\"623\" height=\"1024\" src=\"https:\/\/ecg-electro.eu\/wp-content\/uploads\/2025\/04\/20240509_1214381-623x1024.jpg\" class=\"attachment-large size-large wp-image-2783714\" alt=\"\" \/>\t\t\t\t\t\t\t\t\t\t\t\t\t\t\t<\/div>\n\t\t\t\t<\/div>\n\t\t\t\t\t<\/div>\n\t\t<\/div>\n\t\t\t\t\t<\/div>\n\t\t<\/section>\n\t\t\t\t<section class=\"elementor-section elementor-top-section elementor-element elementor-element-3ee29c4 elementor-section-boxed elementor-section-height-default elementor-section-height-default\" data-id=\"3ee29c4\" data-element_type=\"section\">\n\t\t\t\t\t\t<div class=\"elementor-container elementor-column-gap-default\">\n\t\t\t\t\t<div class=\"elementor-column elementor-col-100 elementor-top-column elementor-element elementor-element-8448b59\" data-id=\"8448b59\" data-element_type=\"column\">\n\t\t\t<div class=\"elementor-widget-wrap elementor-element-populated\">\n\t\t\t\t\t\t<div class=\"elementor-element elementor-element-276504e elementor-widget elementor-widget-text-editor\" data-id=\"276504e\" data-element_type=\"widget\" data-widget_type=\"text-editor.default\">\n\t\t\t\t<div class=\"elementor-widget-container\">\n\t\t\t\t\t\t\t\t\t<h4>Pou\u017eit\u00e9 spot\u0159ebi\u010de<\/h4>\t\t\t\t\t\t\t\t<\/div>\n\t\t\t\t<\/div>\n\t\t\t\t\t<\/div>\n\t\t<\/div>\n\t\t\t\t\t<\/div>\n\t\t<\/section>\n\t\t\t\t<section class=\"elementor-section elementor-top-section elementor-element elementor-element-11d6d5b elementor-section-boxed elementor-section-height-default elementor-section-height-default\" data-id=\"11d6d5b\" data-element_type=\"section\">\n\t\t\t\t\t\t<div class=\"elementor-container elementor-column-gap-default\">\n\t\t\t\t\t<div class=\"elementor-column elementor-col-100 elementor-top-column elementor-element elementor-element-c753173\" data-id=\"c753173\" data-element_type=\"column\">\n\t\t\t<div class=\"elementor-widget-wrap elementor-element-populated\">\n\t\t\t\t\t\t<div class=\"elementor-element elementor-element-e9566a5 elementor-widget elementor-widget-spacer\" data-id=\"e9566a5\" data-element_type=\"widget\" data-widget_type=\"spacer.default\">\n\t\t\t\t<div class=\"elementor-widget-container\">\n\t\t\t\t\t\t\t<div class=\"elementor-spacer\">\n\t\t\t<div class=\"elementor-spacer-inner\"><\/div>\n\t\t<\/div>\n\t\t\t\t\t\t<\/div>\n\t\t\t\t<\/div>\n\t\t\t\t\t<\/div>\n\t\t<\/div>\n\t\t\t\t\t<\/div>\n\t\t<\/section>\n\t\t\t\t<section class=\"elementor-section elementor-top-section elementor-element elementor-element-e7aaeac elementor-section-boxed elementor-section-height-default elementor-section-height-default\" data-id=\"e7aaeac\" data-element_type=\"section\">\n\t\t\t\t\t\t<div class=\"elementor-container elementor-column-gap-default\">\n\t\t\t\t\t<div class=\"elementor-column elementor-col-33 elementor-top-column elementor-element elementor-element-319e39c\" data-id=\"319e39c\" data-element_type=\"column\">\n\t\t\t<div class=\"elementor-widget-wrap elementor-element-populated\">\n\t\t\t\t\t\t<div class=\"elementor-element elementor-element-069ab18 elementor-widget__width-initial elementor-widget elementor-widget-image\" data-id=\"069ab18\" data-element_type=\"widget\" data-widget_type=\"image.default\">\n\t\t\t\t<div class=\"elementor-widget-container\">\n\t\t\t\t\t\t\t\t\t\t\t\t\t\t\t\t<a href=\"https:\/\/ecg-electro.eu\/cs\/ecg-af-6000\/\">\n\t\t\t\t\t\t\t<img decoding=\"async\" width=\"800\" height=\"914\" src=\"https:\/\/ecg-electro.eu\/wp-content\/uploads\/2025\/04\/AF_6000_01_web.jpg\" class=\"attachment-large size-large wp-image-2783728\" alt=\"\" \/>\t\t\t\t\t\t\t\t<\/a>\n\t\t\t\t\t\t\t\t\t\t\t\t\t\t\t<\/div>\n\t\t\t\t<\/div>\n\t\t\t\t\t<\/div>\n\t\t<\/div>\n\t\t\t\t<div class=\"elementor-column elementor-col-33 elementor-top-column elementor-element elementor-element-59dd7b4\" data-id=\"59dd7b4\" data-element_type=\"column\">\n\t\t\t<div class=\"elementor-widget-wrap elementor-element-populated\">\n\t\t\t\t\t\t<div class=\"elementor-element elementor-element-4057937 elementor-widget elementor-widget-image\" data-id=\"4057937\" data-element_type=\"widget\" data-widget_type=\"image.default\">\n\t\t\t\t<div class=\"elementor-widget-container\">\n\t\t\t\t\t\t\t\t\t\t\t\t\t\t\t\t<a href=\"https:\/\/ecg-electro.eu\/cs\/ecg-iv-2920-slim\/\">\n\t\t\t\t\t\t\t<img decoding=\"async\" src=\"https:\/\/ecg-electro.eu\/wp-content\/uploads\/2019\/10\/iv_2920_slim_2.png\" title=\"\" alt=\"\" loading=\"lazy\" \/>\t\t\t\t\t\t\t\t<\/a>\n\t\t\t\t\t\t\t\t\t\t\t\t\t\t\t<\/div>\n\t\t\t\t<\/div>\n\t\t\t\t\t<\/div>\n\t\t<\/div>\n\t\t\t\t<div class=\"elementor-column elementor-col-33 elementor-top-column elementor-element elementor-element-4e1578e\" data-id=\"4e1578e\" data-element_type=\"column\">\n\t\t\t<div class=\"elementor-widget-wrap elementor-element-populated\">\n\t\t\t\t\t\t<div class=\"elementor-element elementor-element-898a335 elementor-widget__width-initial elementor-widget elementor-widget-image\" data-id=\"898a335\" data-element_type=\"widget\" data-widget_type=\"image.default\">\n\t\t\t\t<div class=\"elementor-widget-container\">\n\t\t\t\t\t\t\t\t\t\t\t\t\t\t\t\t<a href=\"https:\/\/ecg-electro.eu\/cs\/ecg-forza-6600-metallo-nero\/\">\n\t\t\t\t\t\t\t<img decoding=\"async\" src=\"https:\/\/ecg-electro.eu\/wp-content\/uploads\/2025\/01\/FORZA_6600_Metallo_NERO_05-1-1-1-1-1-1.png\" title=\"\" alt=\"\" loading=\"lazy\" \/>\t\t\t\t\t\t\t\t<\/a>\n\t\t\t\t\t\t\t\t\t\t\t\t\t\t\t<\/div>\n\t\t\t\t<\/div>\n\t\t\t\t\t<\/div>\n\t\t<\/div>\n\t\t\t\t\t<\/div>\n\t\t<\/section>\n\t\t\t\t<\/div>\n\t\t","protected":false},"excerpt":{"rendered":"<p>V\u00fdpe\u010dky z hov\u011bz\u00edho karab\u00e1\u010dku s kapustou a medv\u011bd\u00edm \u010desnekem &nbsp; Ingredience: 400 g brambor 500 g hov\u011bz\u00edho karab\u00e1\u010dku 200 g cibule 30 g \u010desneku 10 g medv\u011bd\u00edho \u010desneku 3 ks vejce 200 g mouky 50 g \u0161alotky 600 g kapusty 500 ml v\u00fdvaru 500 ml \u010dern\u00e9ho piva 100 g \u0161peku 100 g m\u00e1sla 3 g [&hellip;]<\/p>\n","protected":false},"author":19,"featured_media":0,"parent":0,"menu_order":0,"comment_status":"closed","ping_status":"closed","template":"","meta":{"_acf_changed":false,"_monsterinsights_skip_tracking":false,"_monsterinsights_sitenote_active":false,"_monsterinsights_sitenote_note":"","_monsterinsights_sitenote_category":0,"footnotes":""},"class_list":["post-2783698","page","type-page","status-publish","hentry"],"acf":[],"_links":{"self":[{"href":"https:\/\/ecg-electro.eu\/cs\/wp-json\/wp\/v2\/pages\/2783698","targetHints":{"allow":["GET"]}}],"collection":[{"href":"https:\/\/ecg-electro.eu\/cs\/wp-json\/wp\/v2\/pages"}],"about":[{"href":"https:\/\/ecg-electro.eu\/cs\/wp-json\/wp\/v2\/types\/page"}],"author":[{"embeddable":true,"href":"https:\/\/ecg-electro.eu\/cs\/wp-json\/wp\/v2\/users\/19"}],"replies":[{"embeddable":true,"href":"https:\/\/ecg-electro.eu\/cs\/wp-json\/wp\/v2\/comments?post=2783698"}],"version-history":[{"count":5,"href":"https:\/\/ecg-electro.eu\/cs\/wp-json\/wp\/v2\/pages\/2783698\/revisions"}],"predecessor-version":[{"id":2807594,"href":"https:\/\/ecg-electro.eu\/cs\/wp-json\/wp\/v2\/pages\/2783698\/revisions\/2807594"}],"wp:attachment":[{"href":"https:\/\/ecg-electro.eu\/cs\/wp-json\/wp\/v2\/media?parent=2783698"}],"curies":[{"name":"wp","href":"https:\/\/api.w.org\/{rel}","templated":true}]}}