{"id":2662921,"date":"2025-02-17T13:49:03","date_gmt":"2025-02-17T12:49:03","guid":{"rendered":"https:\/\/ecg-electro.eu\/?page_id=2662921"},"modified":"2025-02-17T17:00:11","modified_gmt":"2025-02-17T16:00:11","slug":"fish-and-chips","status":"publish","type":"page","link":"https:\/\/ecg-electro.eu\/cs\/fish-and-chips\/","title":{"rendered":"Fish and chips"},"content":{"rendered":"\t\t<div data-elementor-type=\"wp-page\" data-elementor-id=\"2662921\" class=\"elementor elementor-2662921\" data-elementor-post-type=\"page\">\n\t\t\t\t\t\t<section class=\"elementor-section elementor-top-section elementor-element elementor-element-3772a80 elementor-section-boxed elementor-section-height-default elementor-section-height-default\" data-id=\"3772a80\" data-element_type=\"section\">\n\t\t\t\t\t\t<div class=\"elementor-container elementor-column-gap-default\">\n\t\t\t\t\t<div class=\"elementor-column elementor-col-100 elementor-top-column elementor-element elementor-element-12274cb\" data-id=\"12274cb\" data-element_type=\"column\">\n\t\t\t<div class=\"elementor-widget-wrap elementor-element-populated\">\n\t\t\t\t\t\t<div class=\"elementor-element elementor-element-dfff9a2 elementor-widget elementor-widget-heading\" data-id=\"dfff9a2\" data-element_type=\"widget\" data-widget_type=\"heading.default\">\n\t\t\t\t<div class=\"elementor-widget-container\">\n\t\t\t\t\t<h2 class=\"elementor-heading-title elementor-size-default\">Fish and Chips<\/h2>\t\t\t\t<\/div>\n\t\t\t\t<\/div>\n\t\t\t\t\t<\/div>\n\t\t<\/div>\n\t\t\t\t\t<\/div>\n\t\t<\/section>\n\t\t\t\t<section class=\"elementor-section elementor-top-section elementor-element elementor-element-f2f6c15 elementor-section-boxed elementor-section-height-default elementor-section-height-default\" data-id=\"f2f6c15\" data-element_type=\"section\">\n\t\t\t\t\t\t<div class=\"elementor-container elementor-column-gap-default\">\n\t\t\t\t\t<header class=\"elementor-column elementor-col-50 elementor-top-column elementor-element elementor-element-c5960cb\" data-id=\"c5960cb\" data-element_type=\"column\" data-settings=\"{&quot;background_background&quot;:&quot;classic&quot;}\">\n\t\t\t<div class=\"elementor-widget-wrap elementor-element-populated\">\n\t\t\t\t\t\t<div class=\"elementor-element elementor-element-a0910c1 elementor-widget__width-initial elementor-widget elementor-widget-text-editor\" data-id=\"a0910c1\" data-element_type=\"widget\" data-widget_type=\"text-editor.default\">\n\t\t\t\t<div class=\"elementor-widget-container\">\n\t\t\t\t\t\t\t\t\t<h4>\u00a0<\/h4><h4><strong>Ingredience<\/strong>:<\/h4><ul><li style=\"list-style-type: none;\"><ul><li style=\"list-style-type: none;\"><ul><li style=\"list-style-type: none;\"><ul><li>600 g tresky<\/li><li>600 g brambor<\/li><li>200 ml perliv\u00e9 vody<\/li><li>100 ml jable\u010dn\u00e9ho cideru<\/li><li>1 pol\u00e9vkov\u00e1 l\u017e\u00edce medu<\/li><li>3 ks vajec<\/li><li>200 g mouky<\/li><li>10 g m\u00e1sla<\/li><li>150 g hr\u00e1\u0161ku<\/li><li>0,05 ml smetany<\/li><li>100 g majon\u00e9zy<\/li><li>10 g petr\u017eele<\/li><li>10 g kysel\u00e9 okurky<\/li><li>10 g cibule<\/li><li>\u0161\u0165\u00e1va z\u00a0citronu<\/li><li>s\u016fl<\/li><li>olej (na sma\u017een\u00ed)<\/li><li>\u00a0<\/li><\/ul><\/li><\/ul><\/li><\/ul><\/li><\/ul><div>\u00a0<\/div><div>\u00a0<\/div>\t\t\t\t\t\t\t\t<\/div>\n\t\t\t\t<\/div>\n\t\t\t\t\t<\/div>\n\t\t<\/header>\n\t\t\t\t<div class=\"elementor-column elementor-col-50 elementor-top-column elementor-element elementor-element-3de6aee\" data-id=\"3de6aee\" data-element_type=\"column\">\n\t\t\t<div class=\"elementor-widget-wrap elementor-element-populated\">\n\t\t\t\t\t\t<div class=\"elementor-element elementor-element-992611c elementor-widget__width-initial elementor-widget elementor-widget-video\" data-id=\"992611c\" data-element_type=\"widget\" data-settings=\"{&quot;video_type&quot;:&quot;hosted&quot;,&quot;controls&quot;:&quot;yes&quot;}\" data-widget_type=\"video.default\">\n\t\t\t\t<div class=\"elementor-widget-container\">\n\t\t\t\t\t\t\t<div class=\"e-hosted-video elementor-wrapper elementor-open-inline\">\n\t\t\t\t\t<video class=\"elementor-video\" src=\"https:\/\/ecg-electro.eu\/wp-content\/uploads\/2025\/02\/1fishchipsLOGOcompri.mp4\" controls=\"\" preload=\"metadata\" controlsList=\"nodownload\"><\/video>\n\t\t\t\t<\/div>\n\t\t\t\t\t\t<\/div>\n\t\t\t\t<\/div>\n\t\t\t\t\t<\/div>\n\t\t<\/div>\n\t\t\t\t\t<\/div>\n\t\t<\/section>\n\t\t\t\t<section class=\"elementor-section elementor-top-section elementor-element elementor-element-91a6f22 elementor-section-boxed elementor-section-height-default elementor-section-height-default\" data-id=\"91a6f22\" data-element_type=\"section\">\n\t\t\t\t\t\t<div class=\"elementor-container elementor-column-gap-default\">\n\t\t\t\t\t<div class=\"elementor-column elementor-col-50 elementor-top-column elementor-element elementor-element-ac511c4\" data-id=\"ac511c4\" data-element_type=\"column\">\n\t\t\t<div class=\"elementor-widget-wrap elementor-element-populated\">\n\t\t\t\t\t\t<div class=\"elementor-element elementor-element-df43541 elementor-widget elementor-widget-spacer\" data-id=\"df43541\" data-element_type=\"widget\" data-widget_type=\"spacer.default\">\n\t\t\t\t<div class=\"elementor-widget-container\">\n\t\t\t\t\t\t\t<div class=\"elementor-spacer\">\n\t\t\t<div class=\"elementor-spacer-inner\"><\/div>\n\t\t<\/div>\n\t\t\t\t\t\t<\/div>\n\t\t\t\t<\/div>\n\t\t\t\t<div class=\"elementor-element elementor-element-704b190 elementor-widget__width-initial elementor-widget elementor-widget-text-editor\" data-id=\"704b190\" data-element_type=\"widget\" data-widget_type=\"text-editor.default\">\n\t\t\t\t<div class=\"elementor-widget-container\">\n\t\t\t\t\t\t\t\t\t<h6>Porc\u00ed:\u00a0 4\u00a0 |\u00a0 P\u0159\u00edprava: 35 min<\/h6><h5><strong>P\u0159\u00edprava:<\/strong><\/h5><ol><li>Filety osol\u00edme a lehce vysu\u0161\u00edme. Brambory si nakr\u00e1j\u00edme na hranolky, d\u00e1me do misky a ochut\u00edme ko\u0159en\u00edm podle chuti, zak\u00e1pneme olejem a d\u00e1me do horkovzdu\u0161n\u00e9 trouby cca na 15 min.<\/li><li>Do v\u011bt\u0161\u00ed m\u00edsy si nachyst\u00e1me suroviny na t\u011bst\u00ed\u010dko. Nalijeme perlivou vodu, jable\u010dn\u00fd cider, med, vejce a v\u0161e po\u0159\u00e1dn\u011b prom\u00edch\u00e1me. P\u0159isypeme mouku a zase prom\u00edch\u00e1me, aby bylo t\u011bst\u00ed\u010dko hladk\u00e9 a nebylo moc tekut\u00e9, mus\u00ed dob\u0159e dr\u017eet na ryb\u011b (jako na pala\u010dinky). Podle chuti osol\u00edme.<\/li><li>V\u00a0rendl\u00edku rozpust\u00edme m\u00e1slo, p\u0159id\u00e1me hr\u00e1\u0161ek, zalijeme smetanou, osol\u00edme a nech\u00e1me pova\u0159it.<\/li><li>Mezit\u00edm d\u00e1me do men\u0161\u00ed m\u00edsy majon\u00e9zu, nasekanou petr\u017eel, kyselou okurku nakr\u00e1jenou na mal\u00e9 kousky, najemno nakr\u00e1jenou cibuli, zak\u00e1pneme citronem, osol\u00edme a v\u0161e po\u0159\u00e1dn\u011b prom\u00edch\u00e1me.<\/li><li>Va\u0159en\u00fd hr\u00e1\u0161ek p\u0159end\u00e1me do misky a odlo\u017e\u00edme.<\/li><li>Na p\u00e1nvi si rozeh\u0159ejeme dostate\u010dn\u00e9 mno\u017estv\u00ed oleje maxim\u00e1ln\u011b na 160\u00b0 a rybu dozlatova osma\u017e\u00edme.<\/li><li>Na tal\u00ed\u0159 naserv\u00edrujeme hranolky, rybu, p\u0159id\u00e1me hr\u00e1\u0161ek, p\u0159ipraven\u00fd dip a m\u016f\u017eeme serv\u00edrovat.<\/li><\/ol><ol><li style=\"list-style-type: none;\">\u00a0<\/li><\/ol><p style=\"text-align: right;\">Dobrou chu\u0165!<\/p>\t\t\t\t\t\t\t\t<\/div>\n\t\t\t\t<\/div>\n\t\t\t\t\t<\/div>\n\t\t<\/div>\n\t\t\t\t<div class=\"elementor-column elementor-col-50 elementor-top-column elementor-element elementor-element-a51d747\" data-id=\"a51d747\" data-element_type=\"column\">\n\t\t\t<div class=\"elementor-widget-wrap elementor-element-populated\">\n\t\t\t\t\t\t<div class=\"elementor-element elementor-element-a64891f elementor-widget__width-initial elementor-widget elementor-widget-image\" data-id=\"a64891f\" data-element_type=\"widget\" data-widget_type=\"image.default\">\n\t\t\t\t<div class=\"elementor-widget-container\">\n\t\t\t\t\t\t\t\t\t\t\t\t\t\t\t<img fetchpriority=\"high\" decoding=\"async\" width=\"800\" height=\"998\" src=\"https:\/\/ecg-electro.eu\/wp-content\/uploads\/2025\/02\/20240514_133607a-e1739808101910-821x1024.jpg\" class=\"attachment-large size-large wp-image-2663078\" alt=\"\" \/>\t\t\t\t\t\t\t\t\t\t\t\t\t\t\t<\/div>\n\t\t\t\t<\/div>\n\t\t\t\t\t<\/div>\n\t\t<\/div>\n\t\t\t\t\t<\/div>\n\t\t<\/section>\n\t\t\t\t<section class=\"elementor-section elementor-top-section elementor-element elementor-element-3ee29c4 elementor-section-boxed elementor-section-height-default elementor-section-height-default\" data-id=\"3ee29c4\" data-element_type=\"section\">\n\t\t\t\t\t\t<div class=\"elementor-container elementor-column-gap-default\">\n\t\t\t\t\t<div class=\"elementor-column elementor-col-100 elementor-top-column elementor-element elementor-element-8448b59\" data-id=\"8448b59\" data-element_type=\"column\">\n\t\t\t<div class=\"elementor-widget-wrap elementor-element-populated\">\n\t\t\t\t\t\t<div class=\"elementor-element elementor-element-276504e elementor-widget elementor-widget-text-editor\" data-id=\"276504e\" data-element_type=\"widget\" data-widget_type=\"text-editor.default\">\n\t\t\t\t<div class=\"elementor-widget-container\">\n\t\t\t\t\t\t\t\t\t<h4>Pou\u017eit\u00e9 spot\u0159ebi\u010de<\/h4>\t\t\t\t\t\t\t\t<\/div>\n\t\t\t\t<\/div>\n\t\t\t\t\t<\/div>\n\t\t<\/div>\n\t\t\t\t\t<\/div>\n\t\t<\/section>\n\t\t\t\t<section class=\"elementor-section elementor-top-section elementor-element elementor-element-20bb0e3 elementor-section-boxed elementor-section-height-default elementor-section-height-default\" data-id=\"20bb0e3\" data-element_type=\"section\">\n\t\t\t\t\t\t<div class=\"elementor-container elementor-column-gap-default\">\n\t\t\t\t\t<div class=\"elementor-column elementor-col-50 elementor-top-column elementor-element elementor-element-8773879\" data-id=\"8773879\" data-element_type=\"column\">\n\t\t\t<div class=\"elementor-widget-wrap elementor-element-populated\">\n\t\t\t\t\t\t<div class=\"elementor-element elementor-element-f75617b elementor-widget__width-initial elementor-widget elementor-widget-image\" data-id=\"f75617b\" data-element_type=\"widget\" data-widget_type=\"image.default\">\n\t\t\t\t<div class=\"elementor-widget-container\">\n\t\t\t\t\t\t\t\t\t\t\t\t\t\t\t\t<a href=\"https:\/\/ecg-electro.eu\/cs\/ecg-iv-2920-slim\/\">\n\t\t\t\t\t\t\t<img decoding=\"async\" width=\"800\" height=\"438\" src=\"https:\/\/ecg-electro.eu\/wp-content\/uploads\/2019\/10\/iv_2920_slim_2-1024x561.png\" class=\"attachment-large size-large wp-image-2012275\" alt=\"\" \/>\t\t\t\t\t\t\t\t<\/a>\n\t\t\t\t\t\t\t\t\t\t\t\t\t\t\t<\/div>\n\t\t\t\t<\/div>\n\t\t\t\t\t<\/div>\n\t\t<\/div>\n\t\t\t\t<div class=\"elementor-column elementor-col-50 elementor-top-column elementor-element elementor-element-1698afa\" data-id=\"1698afa\" data-element_type=\"column\">\n\t\t\t<div class=\"elementor-widget-wrap elementor-element-populated\">\n\t\t\t\t\t\t<div class=\"elementor-element elementor-element-c4ca4b4 elementor-widget__width-initial elementor-widget elementor-widget-image\" data-id=\"c4ca4b4\" data-element_type=\"widget\" data-widget_type=\"image.default\">\n\t\t\t\t<div class=\"elementor-widget-container\">\n\t\t\t\t\t\t\t\t\t\t\t\t\t\t\t\t<a href=\"https:\/\/ecg-electro.eu\/cs\/ecg-forza-6600-metallo-nero\/\">\n\t\t\t\t\t\t\t<img decoding=\"async\" width=\"800\" height=\"923\" src=\"https:\/\/ecg-electro.eu\/wp-content\/uploads\/2025\/01\/AF_6000_04_web.jpg\" class=\"attachment-large size-large wp-image-2639787\" alt=\"\" \/>\t\t\t\t\t\t\t\t<\/a>\n\t\t\t\t\t\t\t\t\t\t\t\t\t\t\t<\/div>\n\t\t\t\t<\/div>\n\t\t\t\t\t<\/div>\n\t\t<\/div>\n\t\t\t\t\t<\/div>\n\t\t<\/section>\n\t\t\t\t<section class=\"elementor-section elementor-top-section elementor-element elementor-element-11d6d5b elementor-section-boxed elementor-section-height-default elementor-section-height-default\" data-id=\"11d6d5b\" data-element_type=\"section\">\n\t\t\t\t\t\t<div class=\"elementor-container elementor-column-gap-default\">\n\t\t\t\t\t<div class=\"elementor-column elementor-col-100 elementor-top-column elementor-element elementor-element-c753173\" data-id=\"c753173\" data-element_type=\"column\">\n\t\t\t<div class=\"elementor-widget-wrap elementor-element-populated\">\n\t\t\t\t\t\t<div class=\"elementor-element elementor-element-e9566a5 elementor-widget elementor-widget-spacer\" data-id=\"e9566a5\" data-element_type=\"widget\" data-widget_type=\"spacer.default\">\n\t\t\t\t<div class=\"elementor-widget-container\">\n\t\t\t\t\t\t\t<div class=\"elementor-spacer\">\n\t\t\t<div class=\"elementor-spacer-inner\"><\/div>\n\t\t<\/div>\n\t\t\t\t\t\t<\/div>\n\t\t\t\t<\/div>\n\t\t\t\t\t<\/div>\n\t\t<\/div>\n\t\t\t\t\t<\/div>\n\t\t<\/section>\n\t\t\t\t<\/div>\n\t\t","protected":false},"excerpt":{"rendered":"<p>Fish and Chips \u00a0 Ingredience: 600 g tresky 600 g brambor 200 ml perliv\u00e9 vody 100 ml jable\u010dn\u00e9ho cideru 1 pol\u00e9vkov\u00e1 l\u017e\u00edce medu 3 ks vajec 200 g mouky 10 g m\u00e1sla 150 g hr\u00e1\u0161ku 0,05 ml smetany 100 g majon\u00e9zy 10 g petr\u017eele 10 g kysel\u00e9 okurky 10 g cibule \u0161\u0165\u00e1va z\u00a0citronu s\u016fl olej [&hellip;]<\/p>\n","protected":false},"author":19,"featured_media":0,"parent":0,"menu_order":0,"comment_status":"closed","ping_status":"closed","template":"","meta":{"_acf_changed":false,"_monsterinsights_skip_tracking":false,"_monsterinsights_sitenote_active":false,"_monsterinsights_sitenote_note":"","_monsterinsights_sitenote_category":0,"footnotes":""},"class_list":["post-2662921","page","type-page","status-publish","hentry"],"acf":[],"_links":{"self":[{"href":"https:\/\/ecg-electro.eu\/cs\/wp-json\/wp\/v2\/pages\/2662921","targetHints":{"allow":["GET"]}}],"collection":[{"href":"https:\/\/ecg-electro.eu\/cs\/wp-json\/wp\/v2\/pages"}],"about":[{"href":"https:\/\/ecg-electro.eu\/cs\/wp-json\/wp\/v2\/types\/page"}],"author":[{"embeddable":true,"href":"https:\/\/ecg-electro.eu\/cs\/wp-json\/wp\/v2\/users\/19"}],"replies":[{"embeddable":true,"href":"https:\/\/ecg-electro.eu\/cs\/wp-json\/wp\/v2\/comments?post=2662921"}],"version-history":[{"count":5,"href":"https:\/\/ecg-electro.eu\/cs\/wp-json\/wp\/v2\/pages\/2662921\/revisions"}],"predecessor-version":[{"id":2663094,"href":"https:\/\/ecg-electro.eu\/cs\/wp-json\/wp\/v2\/pages\/2662921\/revisions\/2663094"}],"wp:attachment":[{"href":"https:\/\/ecg-electro.eu\/cs\/wp-json\/wp\/v2\/media?parent=2662921"}],"curies":[{"name":"wp","href":"https:\/\/api.w.org\/{rel}","templated":true}]}}