{"id":2639857,"date":"2025-02-06T14:44:36","date_gmt":"2025-02-06T13:44:36","guid":{"rendered":"https:\/\/ecg-electro.eu\/?page_id=2639857"},"modified":"2025-07-10T13:33:29","modified_gmt":"2025-07-10T11:33:29","slug":"souteze","status":"publish","type":"page","link":"https:\/\/ecg-electro.eu\/cs\/souteze\/","title":{"rendered":"SOUT\u011a\u017dE"},"content":{"rendered":"\t\t<div data-elementor-type=\"wp-page\" data-elementor-id=\"2639857\" class=\"elementor elementor-2639857\" data-elementor-post-type=\"page\">\n\t\t\t\t\t\t<section data-dce-background-color=\"#F6F6F6\" class=\"elementor-section elementor-top-section elementor-element elementor-element-9bb4983 elementor-section-full_width elementor-section-height-default elementor-section-height-default\" data-id=\"9bb4983\" data-element_type=\"section\" data-e-type=\"section\" data-settings=\"{&quot;background_background&quot;:&quot;classic&quot;}\">\n\t\t\t\t\t\t<div class=\"elementor-container elementor-column-gap-default\">\n\t\t\t\t\t<div class=\"elementor-column elementor-col-100 elementor-top-column elementor-element elementor-element-0a8e394\" data-id=\"0a8e394\" data-element_type=\"column\" data-e-type=\"column\" data-settings=\"{&quot;background_background&quot;:&quot;classic&quot;}\">\n\t\t\t<div class=\"elementor-widget-wrap elementor-element-populated\">\n\t\t\t\t\t\t<div class=\"elementor-element elementor-element-e00fccd elementor-widget elementor-widget-image\" data-id=\"e00fccd\" data-element_type=\"widget\" data-e-type=\"widget\" data-widget_type=\"image.default\">\n\t\t\t\t<div class=\"elementor-widget-container\">\n\t\t\t\t\t\t\t\t\t\t\t\t\t\t\t<img fetchpriority=\"high\" decoding=\"async\" width=\"1024\" height=\"620\" src=\"https:\/\/ecg-electro.eu\/wp-content\/uploads\/2025\/07\/1.jpg\" class=\"attachment-1536x1536 size-1536x1536 wp-image-3104158\" alt=\"\" \/>\t\t\t\t\t\t\t\t\t\t\t\t\t\t\t<\/div>\n\t\t\t\t<\/div>\n\t\t\t\t\t<\/div>\n\t\t<\/div>\n\t\t\t\t\t<\/div>\n\t\t<\/section>\n\t\t\t\t<section class=\"elementor-section elementor-top-section elementor-element elementor-element-dc6ef71 elementor-section-boxed elementor-section-height-default elementor-section-height-default\" data-id=\"dc6ef71\" data-element_type=\"section\" data-e-type=\"section\">\n\t\t\t\t\t\t<div class=\"elementor-container elementor-column-gap-default\">\n\t\t\t\t\t<div class=\"elementor-column elementor-col-100 elementor-top-column elementor-element elementor-element-2f38f04\" data-id=\"2f38f04\" data-element_type=\"column\" data-e-type=\"column\">\n\t\t\t<div class=\"elementor-widget-wrap elementor-element-populated\">\n\t\t\t\t\t\t<div class=\"elementor-element elementor-element-7ce4bb9 elementor-widget__width-initial elementor-widget elementor-widget-text-editor\" data-id=\"7ce4bb9\" data-element_type=\"widget\" data-e-type=\"widget\" data-widget_type=\"text-editor.default\">\n\t\t\t\t<div class=\"elementor-widget-container\">\n\t\t\t\t\t\t\t\t\t<h4>\u00a0<\/h4><h3><strong>Letn\u00ed sout\u011b\u017e ECG 2025<\/strong><\/h3><p>Zapojte se do na\u0161\u00ed sout\u011b\u017ee a vyhrajte cestovn\u00ed chladni\u010dku <a href=\"https:\/\/ecg-electro.eu\/cs\/ecg-ac-3022-hc-dual\/\"><span style=\"text-decoration: underline; color: #666699;\"><strong>ECG AC 3022 HC Dual<\/strong>!<\/span><\/a><\/p><p>Podm\u00ednky sout\u011b\u017ee:<\/p><p><strong> \ud83d\udcc5\u00a0 <\/strong><span style=\"text-decoration: underline;\"><strong>Kdy se sout\u011b\u017e kon\u00e1:<\/strong><\/span><\/p><p>Sout\u011b\u017e prob\u00edh\u00e1\u00a0od <strong>14. 7. 2025 do 20. 7. 2025<\/strong>.<\/p><p><strong>\ud83c\udf81<\/strong> \u00a0<span style=\"text-decoration: underline;\"><strong>O<\/strong><strong> co se sout\u011b\u017e\u00ed:<\/strong><\/span><\/p><p>Dva \u00fa\u010dastn\u00edci, kte\u0159\u00ed spr\u00e1vn\u011b odpov\u00ed na sout\u011b\u017en\u00ed ot\u00e1zku, z\u00edskaj\u00ed cestovn\u00ed chladni\u010dku <a href=\"https:\/\/ecg-electro.eu\/cs\/ecg-ac-3022-hc-dual\/\"><strong>ECG AC 3022 HC Dual<\/strong>.<\/a><\/p><p><strong>\u2753 <\/strong><span style=\"text-decoration: underline;\"><strong>Sout\u011b\u017en\u00ed ot\u00e1zka:<\/strong><\/span><\/p><p><em>O kolik stup\u0148\u016f pod okoln\u00ed teplotu dok\u00e1\u017ee chladit cestovn\u00ed chladni\u010dka ECG AC 3022 HC Dual?<\/em><\/p><p>\ud83d\udd0d N\u00e1pov\u011bdu najdete na webov\u00fdch str\u00e1nk\u00e1ch <a href=\"https:\/\/www.ecg.cz\" target=\"_blank\" rel=\"noopener\">www.ecg.cz<\/a>.<\/p><p><span style=\"text-decoration: underline;\"><strong>\u2705<\/strong><\/span><strong>\u00a0 <\/strong><span style=\"text-decoration: underline;\"><strong>Jak\u00e9 jsou podm\u00ednky \u00fa\u010dasti v sout\u011b\u017ei?<\/strong><\/span><\/p><ul><li>Spr\u00e1vn\u011b odpov\u011bd\u011bt na sout\u011b\u017en\u00ed ot\u00e1zku do koment\u00e1\u0159e pod sout\u011b\u017en\u00edm p\u0159\u00edsp\u011bvkem na Instagramu ECG.<\/li><li>Sledovat instagramov\u00fd profil <strong>@ecg_czsk<\/strong>.<\/li><li>D\u00e1t \u201eTo se mi l\u00edb\u00ed\u201c tomuto sout\u011b\u017en\u00edmu p\u0159\u00edsp\u011bvku.<\/li><li>\u00a0<\/li><\/ul><p>\ud83d\udc65<strong>\u00a0 <\/strong><span style=\"text-decoration: underline;\"><strong>Kdo se m\u016f\u017ee \u00fa\u010dastnit:<\/strong><\/span><\/p><p>Sout\u011b\u017ee se m\u016f\u017ee z\u00fa\u010dastnit ka\u017ed\u00e1 fyzick\u00e1 osoba star\u0161\u00ed 18 let, kter\u00e1 m\u00e1 <strong>trval\u00e9 bydli\u0161t\u011b na \u00fazem\u00ed \u010cesk\u00e9 republiky nebo Slovensk\u00e9 republiky<\/strong>, je registrov\u00e1na a m\u00e1 po celou dobu sout\u011b\u017ee aktivn\u00ed \u00fa\u010det na soci\u00e1ln\u00ed s\u00edti <strong>Instagram<\/strong>, a sezn\u00e1mila se s t\u011bmito pravidly sout\u011b\u017ee a zcela je spln\u00ed.<\/p><p><strong>\ud83d\udce9\u00a0 \u00a0<\/strong><span style=\"text-decoration: underline;\"><strong>Jak\u00fdm zp\u016fsobem bude kontaktov\u00e1n v\u00fdherce?<\/strong><\/span><\/p><p>V\u00fdherci budou kontaktov\u00e1ni prost\u0159ednictv\u00edm soukrom\u00e9 zpr\u00e1vy na Instagramu (na profil, ze kter\u00e9ho byla zasl\u00e1na sout\u011b\u017en\u00ed odpov\u011b\u010f), a to do 10 pracovn\u00edch dn\u016f od ukon\u010den\u00ed sout\u011b\u017ee. N\u00e1sledn\u011b budou vyzv\u00e1ni k p\u0159evzet\u00ed v\u00fdhry.<\/p><p><strong>\u00dapln\u00e9 zn\u011bn\u00ed platn\u00fdch pravidel sout\u011b\u017ee naleznete <\/strong><a href=\"https:\/\/ecg-electro.eu\/pdf_files\/obecne-obchodni-a-soutezni-podminky-cz.pdf\"><strong><span style=\"text-decoration: underline;\"><span style=\"color: #0000ff; text-decoration: underline;\">ZDE<\/span><\/span><\/strong><\/a><\/p>\t\t\t\t\t\t\t\t<\/div>\n\t\t\t\t<\/div>\n\t\t\t\t\t<\/div>\n\t\t<\/div>\n\t\t\t\t\t<\/div>\n\t\t<\/section>\n\t\t\t\t<\/div>\n\t\t","protected":false},"excerpt":{"rendered":"<p>\u00a0 Letn\u00ed sout\u011b\u017e ECG 2025 Zapojte se do na\u0161\u00ed sout\u011b\u017ee a vyhrajte cestovn\u00ed chladni\u010dku ECG AC 3022 HC Dual! Podm\u00ednky sout\u011b\u017ee: \ud83d\udcc5\u00a0 Kdy se sout\u011b\u017e kon\u00e1: Sout\u011b\u017e prob\u00edh\u00e1\u00a0od 14. 7. 2025 do 20. 7. 2025. \ud83c\udf81 \u00a0O co se sout\u011b\u017e\u00ed: Dva \u00fa\u010dastn\u00edci, kte\u0159\u00ed spr\u00e1vn\u011b odpov\u00ed na sout\u011b\u017en\u00ed ot\u00e1zku, z\u00edskaj\u00ed cestovn\u00ed chladni\u010dku ECG AC 3022 HC [&hellip;]<\/p>\n","protected":false},"author":19,"featured_media":0,"parent":0,"menu_order":0,"comment_status":"closed","ping_status":"closed","template":"elementor_header_footer","meta":{"_acf_changed":false,"_monsterinsights_skip_tracking":false,"_monsterinsights_sitenote_active":false,"_monsterinsights_sitenote_note":"","_monsterinsights_sitenote_category":0,"footnotes":""},"class_list":["post-2639857","page","type-page","status-publish","hentry"],"acf":[],"_links":{"self":[{"href":"https:\/\/ecg-electro.eu\/cs\/wp-json\/wp\/v2\/pages\/2639857","targetHints":{"allow":["GET"]}}],"collection":[{"href":"https:\/\/ecg-electro.eu\/cs\/wp-json\/wp\/v2\/pages"}],"about":[{"href":"https:\/\/ecg-electro.eu\/cs\/wp-json\/wp\/v2\/types\/page"}],"author":[{"embeddable":true,"href":"https:\/\/ecg-electro.eu\/cs\/wp-json\/wp\/v2\/users\/19"}],"replies":[{"embeddable":true,"href":"https:\/\/ecg-electro.eu\/cs\/wp-json\/wp\/v2\/comments?post=2639857"}],"version-history":[{"count":5,"href":"https:\/\/ecg-electro.eu\/cs\/wp-json\/wp\/v2\/pages\/2639857\/revisions"}],"predecessor-version":[{"id":3104222,"href":"https:\/\/ecg-electro.eu\/cs\/wp-json\/wp\/v2\/pages\/2639857\/revisions\/3104222"}],"wp:attachment":[{"href":"https:\/\/ecg-electro.eu\/cs\/wp-json\/wp\/v2\/media?parent=2639857"}],"curies":[{"name":"wp","href":"https:\/\/api.w.org\/{rel}","templated":true}]}}