{"id":2593887,"date":"2025-01-17T09:38:00","date_gmt":"2025-01-17T08:38:00","guid":{"rendered":"https:\/\/ecg-electro.eu\/?page_id=2593887"},"modified":"2025-01-21T13:56:20","modified_gmt":"2025-01-21T12:56:20","slug":"gyros-asia","status":"publish","type":"page","link":"https:\/\/ecg-electro.eu\/cs\/kureci-gyros-na-asijsky-zpusob\/","title":{"rendered":"Ku\u0159ec\u00ed gyros na asijsk\u00fd zp\u016fsob"},"content":{"rendered":"\t\t<div data-elementor-type=\"wp-page\" data-elementor-id=\"2593887\" class=\"elementor elementor-2593887\" data-elementor-post-type=\"page\">\n\t\t\t\t\t\t<section class=\"elementor-section elementor-top-section elementor-element elementor-element-3772a80 elementor-section-boxed elementor-section-height-default elementor-section-height-default\" data-id=\"3772a80\" data-element_type=\"section\" data-e-type=\"section\">\n\t\t\t\t\t\t<div class=\"elementor-container elementor-column-gap-default\">\n\t\t\t\t\t<div class=\"elementor-column elementor-col-100 elementor-top-column elementor-element elementor-element-12274cb\" data-id=\"12274cb\" data-element_type=\"column\" data-e-type=\"column\">\n\t\t\t<div class=\"elementor-widget-wrap elementor-element-populated\">\n\t\t\t\t\t\t<div data-dce-title-color=\"#000000\" class=\"elementor-element elementor-element-dfff9a2 elementor-widget elementor-widget-heading\" data-id=\"dfff9a2\" data-element_type=\"widget\" data-e-type=\"widget\" data-widget_type=\"heading.default\">\n\t\t\t\t<div class=\"elementor-widget-container\">\n\t\t\t\t\t<h2 class=\"elementor-heading-title elementor-size-default\">Ku\u0159ec\u00ed gyros na asijsk\u00fd zp\u016fsob<\/h2>\t\t\t\t<\/div>\n\t\t\t\t<\/div>\n\t\t\t\t\t<\/div>\n\t\t<\/div>\n\t\t\t\t\t<\/div>\n\t\t<\/section>\n\t\t\t\t<section class=\"elementor-section elementor-top-section elementor-element elementor-element-f2f6c15 elementor-section-boxed elementor-section-height-default elementor-section-height-default\" data-id=\"f2f6c15\" data-element_type=\"section\" data-e-type=\"section\">\n\t\t\t\t\t\t<div class=\"elementor-container elementor-column-gap-default\">\n\t\t\t\t\t<header data-dce-background-color=\"#E4E4E4\" class=\"elementor-column elementor-col-50 elementor-top-column elementor-element elementor-element-c5960cb\" data-id=\"c5960cb\" data-element_type=\"column\" data-e-type=\"column\" data-settings=\"{&quot;background_background&quot;:&quot;classic&quot;}\">\n\t\t\t<div class=\"elementor-widget-wrap elementor-element-populated\">\n\t\t\t\t\t\t<div class=\"elementor-element elementor-element-a0910c1 elementor-widget__width-initial elementor-widget elementor-widget-text-editor\" data-id=\"a0910c1\" data-element_type=\"widget\" data-e-type=\"widget\" data-widget_type=\"text-editor.default\">\n\t\t\t\t<div class=\"elementor-widget-container\">\n\t\t\t\t\t\t\t\t\t<h4>\u00a0<\/h4><h4><strong>Ingredience<\/strong>:<\/h4><ul><li>600 g ku\u0159ec\u00ed stehenn\u00ed \u0159\u00edzky<\/li><li>150 g \u010derven\u00e9 zel\u00ed<\/li><li>1 ks mango<\/li><li>1 ks marakuja<\/li><li>1 ks avok\u00e1do<\/li><li>50 g mrkev<\/li><li>30 g b\u00edl\u00e1 \u0159edkev<\/li><li>30g su\u0161en\u00fd ananas<\/li><li>30g koriandr<\/li><li>400g hladk\u00e1 mouka<\/li><li>250 ml voda<\/li><li>50 ml ml\u00e9ko<\/li><li>4 ml olivov\u00fd olej z pokrutin<\/li><li>20 g dro\u017ed\u00ed<\/li><li>200 g majon\u00e9za<\/li><li>1 ks limeta<\/li><li>50 ml cola<\/li><li>0,4 ml s\u00f3jov\u00e1 om\u00e1\u010dka<\/li><li>s\u016fl<\/li><li>Kampotsk\u00fd pep\u0159<\/li><\/ul><div>\u00a0<\/div><div>\u00a0<\/div>\t\t\t\t\t\t\t\t<\/div>\n\t\t\t\t<\/div>\n\t\t\t\t\t<\/div>\n\t\t<\/header>\n\t\t\t\t<div class=\"elementor-column elementor-col-50 elementor-top-column elementor-element elementor-element-3de6aee\" data-id=\"3de6aee\" data-element_type=\"column\" data-e-type=\"column\">\n\t\t\t<div class=\"elementor-widget-wrap elementor-element-populated\">\n\t\t\t\t\t\t<div class=\"elementor-element elementor-element-992611c elementor-widget__width-initial elementor-widget elementor-widget-video\" data-id=\"992611c\" data-element_type=\"widget\" data-e-type=\"widget\" data-settings=\"{&quot;video_type&quot;:&quot;hosted&quot;,&quot;controls&quot;:&quot;yes&quot;}\" data-widget_type=\"video.default\">\n\t\t\t\t<div class=\"elementor-widget-container\">\n\t\t\t\t\t\t\t<div class=\"e-hosted-video elementor-wrapper elementor-open-inline\">\n\t\t\t\t\t<video class=\"elementor-video\" src=\"https:\/\/ecg-electro.eu\/wp-content\/uploads\/2025\/01\/9.GYROSLOGO.mp4\" controls=\"\" preload=\"metadata\" controlsList=\"nodownload\"><\/video>\n\t\t\t\t<\/div>\n\t\t\t\t\t\t<\/div>\n\t\t\t\t<\/div>\n\t\t\t\t\t<\/div>\n\t\t<\/div>\n\t\t\t\t\t<\/div>\n\t\t<\/section>\n\t\t\t\t<section class=\"elementor-section elementor-top-section elementor-element elementor-element-91a6f22 elementor-section-boxed elementor-section-height-default elementor-section-height-default\" data-id=\"91a6f22\" data-element_type=\"section\" data-e-type=\"section\">\n\t\t\t\t\t\t<div class=\"elementor-container elementor-column-gap-default\">\n\t\t\t\t\t<div class=\"elementor-column elementor-col-50 elementor-top-column elementor-element elementor-element-ac511c4\" data-id=\"ac511c4\" data-element_type=\"column\" data-e-type=\"column\">\n\t\t\t<div class=\"elementor-widget-wrap elementor-element-populated\">\n\t\t\t\t\t\t<div class=\"elementor-element elementor-element-df43541 elementor-widget elementor-widget-spacer\" data-id=\"df43541\" data-element_type=\"widget\" data-e-type=\"widget\" data-widget_type=\"spacer.default\">\n\t\t\t\t<div class=\"elementor-widget-container\">\n\t\t\t\t\t\t\t<div class=\"elementor-spacer\">\n\t\t\t<div class=\"elementor-spacer-inner\"><\/div>\n\t\t<\/div>\n\t\t\t\t\t\t<\/div>\n\t\t\t\t<\/div>\n\t\t\t\t<div class=\"elementor-element elementor-element-704b190 elementor-widget__width-initial elementor-widget elementor-widget-text-editor\" data-id=\"704b190\" data-element_type=\"widget\" data-e-type=\"widget\" data-widget_type=\"text-editor.default\">\n\t\t\t\t<div class=\"elementor-widget-container\">\n\t\t\t\t\t\t\t\t\t<h6>Porc\u00ed:\u00a0 4\u00a0 |\u00a0 P\u0159\u00edprava: 45 min<\/h6><h5><strong>P\u0159\u00edprava:<\/strong><\/h5><ol><li>Ku\u0159ec\u00ed stehenn\u00ed \u0159\u00edzky si osol\u00edme, p\u0159id\u00e1me Kampotsk\u00fd pep\u0159, olivov\u00fd olej, s\u00f3jovou om\u00e1\u010dku, nastrouh\u00e1me limetkovou k\u016fru, zalijeme colou a v\u0161e po\u0159\u00e1dn\u011b zam\u00edch\u00e1me.<\/li><li>Do m\u00edsy robota si nalijeme vodu, p\u0159id\u00e1me ml\u00e9ko, s\u016fl, olivov\u00fd olej, dro\u017ed\u00ed a mouku.<\/li><li>V\u0161e nech\u00e1me po\u0159\u00e1dn\u011b prohn\u011btat do t\u011bsta. Mezit\u00edm si nech\u00e1me rozeh\u0159\u00e1t gril na maxim\u00e1ln\u00ed v\u00fdkon.<\/li><li>T\u011bsto si p\u0159esuneme do men\u0161\u00ed m\u00edsy, p\u0159ikryjeme \u010distou ut\u011brkou a nech\u00e1me kynout.<\/li><li>\u010cerven\u00e9 zel\u00ed si nasek\u00e1me, o\u010dist\u00edme si mrkev, kterou nastrouh\u00e1me na jemn\u00e9 pl\u00e1tky nejl\u00e9pe na mandol\u00edn\u011b a p\u0159id\u00e1me k\u00a0zel\u00ed. K\u00a0tomu p\u0159id\u00e1me i nasekan\u00fd koriandr a j\u00e1dra z\u00a0jedn\u00e9 marakuji.<\/li><li>Nastrouh\u00e1me jedno oloupan\u00e9 mango, zak\u00e1pneme \u0161\u0165\u00e1vou z p\u016flky limety a s\u00f3jovkou.<\/li><li>P\u0159id\u00e1me nakr\u00e1jen\u00fd su\u0161en\u00fd ananas a v\u0161e lehce prom\u00edch\u00e1me.<\/li><li>O\u010dist\u00edme si b\u00edlou \u0159edkev a \u0161krabkou na brambory nastrouh\u00e1me p\u00e1r del\u0161\u00edch pl\u00e1tk\u016f do m\u00edsy k sal\u00e1tku. \u00a0<\/li><li>Na rozp\u00e1len\u00fd gril vlo\u017e\u00edme maso a grilujeme.<\/li><li>Vyt\u00e1hneme si nakynut\u00e9 t\u011bsto, ze kter\u00e9ho si p\u0159iprav\u00edme stejn\u011b velk\u00e9 placky.<\/li><li>P\u00e1nev si rozp\u00e1l\u00edme na sucho a placky na n\u00ed postupn\u011b op\u00e9k\u00e1me.<\/li><li>Rozkroj\u00edme si jedno avok\u00e1do a vlo\u017e\u00edme ho do vy\u0161\u0161\u00ed m\u00edsy, p\u0159id\u00e1me citronov\u00fd sour (druhou p\u016flku limety), majon\u00e9zu a po\u0159\u00e1dn\u011b rozmixujeme ponorn\u00fdm mix\u00e9rem, aby se v\u0161e kr\u00e1sn\u011b spojilo.<\/li><li>Grilovan\u00e9 stehenn\u00ed \u0159\u00edzky si sund\u00e1me z\u00a0grilu na prk\u00e9nko a nakr\u00e1j\u00edme na prou\u017eky.<\/li><li>Na upe\u010denou placku vrstv\u00edme avok\u00e1dovou majon\u00e9zu, sal\u00e1tek, maso a zakryjeme druhou plackou. Na vrchn\u00ed placku znovu navrstv\u00edme sal\u00e1tek, vedle p\u0159id\u00e1me avok\u00e1dovou majon\u00e9zu a m\u016f\u017eeme serv\u00edrovat.<\/li><\/ol><ol><li style=\"list-style-type: none;\">\u00a0<\/li><\/ol><p style=\"text-align: right;\">Dobrou chu\u0165!<\/p>\t\t\t\t\t\t\t\t<\/div>\n\t\t\t\t<\/div>\n\t\t\t\t\t<\/div>\n\t\t<\/div>\n\t\t\t\t<div class=\"elementor-column elementor-col-50 elementor-top-column elementor-element elementor-element-a51d747\" data-id=\"a51d747\" data-element_type=\"column\" data-e-type=\"column\">\n\t\t\t<div class=\"elementor-widget-wrap elementor-element-populated\">\n\t\t\t\t\t\t<div class=\"elementor-element elementor-element-a64891f elementor-widget__width-initial elementor-widget elementor-widget-image\" data-id=\"a64891f\" data-element_type=\"widget\" data-e-type=\"widget\" data-widget_type=\"image.default\">\n\t\t\t\t<div class=\"elementor-widget-container\">\n\t\t\t\t\t\t\t\t\t\t\t\t\t\t\t<img fetchpriority=\"high\" decoding=\"async\" width=\"602\" height=\"1024\" src=\"https:\/\/ecg-electro.eu\/wp-content\/uploads\/2025\/01\/20240505_1457511-2-602x1024.jpg\" class=\"attachment-large size-large wp-image-2593973\" alt=\"\" \/>\t\t\t\t\t\t\t\t\t\t\t\t\t\t\t<\/div>\n\t\t\t\t<\/div>\n\t\t\t\t\t<\/div>\n\t\t<\/div>\n\t\t\t\t\t<\/div>\n\t\t<\/section>\n\t\t\t\t<section class=\"elementor-section elementor-top-section elementor-element elementor-element-3ee29c4 elementor-section-boxed elementor-section-height-default elementor-section-height-default\" data-id=\"3ee29c4\" data-element_type=\"section\" data-e-type=\"section\">\n\t\t\t\t\t\t<div class=\"elementor-container elementor-column-gap-default\">\n\t\t\t\t\t<div class=\"elementor-column elementor-col-100 elementor-top-column elementor-element elementor-element-8448b59\" data-id=\"8448b59\" data-element_type=\"column\" data-e-type=\"column\">\n\t\t\t<div class=\"elementor-widget-wrap elementor-element-populated\">\n\t\t\t\t\t\t<div class=\"elementor-element elementor-element-276504e elementor-widget elementor-widget-text-editor\" data-id=\"276504e\" data-element_type=\"widget\" data-e-type=\"widget\" data-widget_type=\"text-editor.default\">\n\t\t\t\t<div class=\"elementor-widget-container\">\n\t\t\t\t\t\t\t\t\t<h4>Pou\u017eit\u00e9 spot\u0159ebi\u010de<\/h4>\t\t\t\t\t\t\t\t<\/div>\n\t\t\t\t<\/div>\n\t\t\t\t\t<\/div>\n\t\t<\/div>\n\t\t\t\t\t<\/div>\n\t\t<\/section>\n\t\t\t\t<section class=\"elementor-section elementor-top-section elementor-element elementor-element-20bb0e3 elementor-section-boxed elementor-section-height-default elementor-section-height-default\" data-id=\"20bb0e3\" data-element_type=\"section\" data-e-type=\"section\">\n\t\t\t\t\t\t<div class=\"elementor-container elementor-column-gap-default\">\n\t\t\t\t\t<div class=\"elementor-column elementor-col-25 elementor-top-column elementor-element elementor-element-8773879\" data-id=\"8773879\" data-element_type=\"column\" data-e-type=\"column\">\n\t\t\t<div class=\"elementor-widget-wrap elementor-element-populated\">\n\t\t\t\t\t\t<div class=\"elementor-element elementor-element-f75617b elementor-widget elementor-widget-image\" data-id=\"f75617b\" data-element_type=\"widget\" data-e-type=\"widget\" data-widget_type=\"image.default\">\n\t\t\t\t<div class=\"elementor-widget-container\">\n\t\t\t\t\t\t\t\t\t\t\t\t\t\t\t\t<a href=\"https:\/\/ecg-electro.eu\/cs\/ecg-iv-2920-slim\/\">\n\t\t\t\t\t\t\t<img decoding=\"async\" width=\"800\" height=\"438\" src=\"https:\/\/ecg-electro.eu\/wp-content\/uploads\/2019\/10\/iv_2920_slim_2-1024x561.png\" class=\"attachment-large size-large wp-image-2012275\" alt=\"\" \/>\t\t\t\t\t\t\t\t<\/a>\n\t\t\t\t\t\t\t\t\t\t\t\t\t\t\t<\/div>\n\t\t\t\t<\/div>\n\t\t\t\t\t<\/div>\n\t\t<\/div>\n\t\t\t\t<div class=\"elementor-column elementor-col-25 elementor-top-column elementor-element elementor-element-29dd101\" data-id=\"29dd101\" data-element_type=\"column\" data-e-type=\"column\">\n\t\t\t<div class=\"elementor-widget-wrap elementor-element-populated\">\n\t\t\t\t\t\t<div class=\"elementor-element elementor-element-3eded9b elementor-widget__width-initial elementor-widget elementor-widget-image\" data-id=\"3eded9b\" data-element_type=\"widget\" data-e-type=\"widget\" data-widget_type=\"image.default\">\n\t\t\t\t<div class=\"elementor-widget-container\">\n\t\t\t\t\t\t\t\t\t\t\t\t\t\t\t\t<a href=\"https:\/\/ecg-electro.eu\/cs\/ecg-forza-7800-ultimo-argento\/\">\n\t\t\t\t\t\t\t<img decoding=\"async\" width=\"800\" height=\"999\" src=\"https:\/\/ecg-electro.eu\/wp-content\/uploads\/2022\/08\/FORZA_7800_ULTIMO_ARGENTO_01a-820x1024.png\" class=\"attachment-large size-large wp-image-2341290\" alt=\"\" \/>\t\t\t\t\t\t\t\t<\/a>\n\t\t\t\t\t\t\t\t\t\t\t\t\t\t\t<\/div>\n\t\t\t\t<\/div>\n\t\t\t\t\t<\/div>\n\t\t<\/div>\n\t\t\t\t<div class=\"elementor-column elementor-col-25 elementor-top-column elementor-element elementor-element-1698afa\" data-id=\"1698afa\" data-element_type=\"column\" data-e-type=\"column\">\n\t\t\t<div class=\"elementor-widget-wrap elementor-element-populated\">\n\t\t\t\t\t\t<div class=\"elementor-element elementor-element-c4ca4b4 elementor-widget__width-initial elementor-widget elementor-widget-image\" data-id=\"c4ca4b4\" data-element_type=\"widget\" data-e-type=\"widget\" data-widget_type=\"image.default\">\n\t\t\t\t<div class=\"elementor-widget-container\">\n\t\t\t\t\t\t\t\t\t\t\t\t\t\t\t\t<a href=\"https:\/\/ecg-electro.eu\/cs\/ecg-kg-1000-gourmet\/\">\n\t\t\t\t\t\t\t<img loading=\"lazy\" decoding=\"async\" width=\"800\" height=\"448\" src=\"https:\/\/ecg-electro.eu\/wp-content\/uploads\/2024\/05\/KG_1000_Gourmet_01_web.jpg\" class=\"attachment-large size-large wp-image-2421214\" alt=\"\" \/>\t\t\t\t\t\t\t\t<\/a>\n\t\t\t\t\t\t\t\t\t\t\t\t\t\t\t<\/div>\n\t\t\t\t<\/div>\n\t\t\t\t\t<\/div>\n\t\t<\/div>\n\t\t\t\t<div class=\"elementor-column elementor-col-25 elementor-top-column elementor-element elementor-element-804bf05\" data-id=\"804bf05\" data-element_type=\"column\" data-e-type=\"column\">\n\t\t\t<div class=\"elementor-widget-wrap elementor-element-populated\">\n\t\t\t\t\t\t<div class=\"elementor-element elementor-element-5675f49 elementor-widget__width-initial elementor-widget elementor-widget-image\" data-id=\"5675f49\" data-element_type=\"widget\" data-e-type=\"widget\" data-widget_type=\"image.default\">\n\t\t\t\t<div class=\"elementor-widget-container\">\n\t\t\t\t\t\t\t\t\t\t\t\t\t\t\t\t<a href=\"https:\/\/ecg-electro.eu\/cs\/ecg-rm-750\/\">\n\t\t\t\t\t\t\t<img decoding=\"async\" src=\"https:\/\/ecg-electro.eu\/wp-content\/uploads\/2024\/11\/rm_750_01a.png\" title=\"\" alt=\"\" loading=\"lazy\" \/>\t\t\t\t\t\t\t\t<\/a>\n\t\t\t\t\t\t\t\t\t\t\t\t\t\t\t<\/div>\n\t\t\t\t<\/div>\n\t\t\t\t\t<\/div>\n\t\t<\/div>\n\t\t\t\t\t<\/div>\n\t\t<\/section>\n\t\t\t\t<section class=\"elementor-section elementor-top-section elementor-element elementor-element-11d6d5b elementor-section-boxed elementor-section-height-default elementor-section-height-default\" data-id=\"11d6d5b\" data-element_type=\"section\" data-e-type=\"section\">\n\t\t\t\t\t\t<div class=\"elementor-container elementor-column-gap-default\">\n\t\t\t\t\t<div class=\"elementor-column elementor-col-100 elementor-top-column elementor-element elementor-element-c753173\" data-id=\"c753173\" data-element_type=\"column\" data-e-type=\"column\">\n\t\t\t<div class=\"elementor-widget-wrap elementor-element-populated\">\n\t\t\t\t\t\t<div class=\"elementor-element elementor-element-e9566a5 elementor-widget elementor-widget-spacer\" data-id=\"e9566a5\" data-element_type=\"widget\" data-e-type=\"widget\" data-widget_type=\"spacer.default\">\n\t\t\t\t<div class=\"elementor-widget-container\">\n\t\t\t\t\t\t\t<div class=\"elementor-spacer\">\n\t\t\t<div class=\"elementor-spacer-inner\"><\/div>\n\t\t<\/div>\n\t\t\t\t\t\t<\/div>\n\t\t\t\t<\/div>\n\t\t\t\t\t<\/div>\n\t\t<\/div>\n\t\t\t\t\t<\/div>\n\t\t<\/section>\n\t\t\t\t<\/div>\n\t\t","protected":false},"excerpt":{"rendered":"<p>Ku\u0159ec\u00ed gyros na asijsk\u00fd zp\u016fsob \u00a0 Ingredience: 600 g ku\u0159ec\u00ed stehenn\u00ed \u0159\u00edzky 150 g \u010derven\u00e9 zel\u00ed 1 ks mango 1 ks marakuja 1 ks avok\u00e1do 50 g mrkev 30 g b\u00edl\u00e1 \u0159edkev 30g su\u0161en\u00fd ananas 30g koriandr 400g hladk\u00e1 mouka 250 ml voda 50 ml ml\u00e9ko 4 ml olivov\u00fd olej z pokrutin 20 g dro\u017ed\u00ed [&hellip;]<\/p>\n","protected":false},"author":19,"featured_media":0,"parent":0,"menu_order":0,"comment_status":"closed","ping_status":"closed","template":"","meta":{"_acf_changed":false,"_monsterinsights_skip_tracking":false,"_monsterinsights_sitenote_active":false,"_monsterinsights_sitenote_note":"","_monsterinsights_sitenote_category":0,"footnotes":""},"class_list":["post-2593887","page","type-page","status-publish","hentry"],"acf":[],"_links":{"self":[{"href":"https:\/\/ecg-electro.eu\/cs\/wp-json\/wp\/v2\/pages\/2593887","targetHints":{"allow":["GET"]}}],"collection":[{"href":"https:\/\/ecg-electro.eu\/cs\/wp-json\/wp\/v2\/pages"}],"about":[{"href":"https:\/\/ecg-electro.eu\/cs\/wp-json\/wp\/v2\/types\/page"}],"author":[{"embeddable":true,"href":"https:\/\/ecg-electro.eu\/cs\/wp-json\/wp\/v2\/users\/19"}],"replies":[{"embeddable":true,"href":"https:\/\/ecg-electro.eu\/cs\/wp-json\/wp\/v2\/comments?post=2593887"}],"version-history":[{"count":5,"href":"https:\/\/ecg-electro.eu\/cs\/wp-json\/wp\/v2\/pages\/2593887\/revisions"}],"predecessor-version":[{"id":2616677,"href":"https:\/\/ecg-electro.eu\/cs\/wp-json\/wp\/v2\/pages\/2593887\/revisions\/2616677"}],"wp:attachment":[{"href":"https:\/\/ecg-electro.eu\/cs\/wp-json\/wp\/v2\/media?parent=2593887"}],"curies":[{"name":"wp","href":"https:\/\/api.w.org\/{rel}","templated":true}]}}