{"id":2478268,"date":"2024-11-21T10:34:52","date_gmt":"2024-11-21T09:34:52","guid":{"rendered":"https:\/\/ecg-electro.eu\/?page_id=2478268"},"modified":"2024-11-22T13:01:37","modified_gmt":"2024-11-22T12:01:37","slug":"chlupate-knedliky-s-brynzou-a-cervenym-zelim","status":"publish","type":"page","link":"https:\/\/ecg-electro.eu\/cs\/rustikalni-sendvic-s-trhanym-masem-a-cedarem\/","title":{"rendered":"Rustik\u00e1ln\u00ed sendvi\u010d s trhan\u00fdm masem a \u010dedarem"},"content":{"rendered":"\t\t<div data-elementor-type=\"wp-page\" data-elementor-id=\"2478268\" class=\"elementor elementor-2478268\" data-elementor-post-type=\"page\">\n\t\t\t\t\t\t<section class=\"elementor-section elementor-top-section elementor-element elementor-element-3772a80 elementor-section-boxed elementor-section-height-default elementor-section-height-default\" data-id=\"3772a80\" data-element_type=\"section\" data-e-type=\"section\">\n\t\t\t\t\t\t<div class=\"elementor-container elementor-column-gap-default\">\n\t\t\t\t\t<div class=\"elementor-column elementor-col-100 elementor-top-column elementor-element elementor-element-12274cb\" data-id=\"12274cb\" data-element_type=\"column\" data-e-type=\"column\">\n\t\t\t<div class=\"elementor-widget-wrap elementor-element-populated\">\n\t\t\t\t\t\t<div data-dce-title-color=\"#000000\" class=\"elementor-element elementor-element-dfff9a2 elementor-widget elementor-widget-heading\" data-id=\"dfff9a2\" data-element_type=\"widget\" data-e-type=\"widget\" data-widget_type=\"heading.default\">\n\t\t\t\t<div class=\"elementor-widget-container\">\n\t\t\t\t\t<h2 class=\"elementor-heading-title elementor-size-default\">Rustik\u00e1ln\u00ed sendvi\u010d s trhan\u00fdm masem a \u010dedarem<\/h2>\t\t\t\t<\/div>\n\t\t\t\t<\/div>\n\t\t\t\t\t<\/div>\n\t\t<\/div>\n\t\t\t\t\t<\/div>\n\t\t<\/section>\n\t\t\t\t<section class=\"elementor-section elementor-top-section elementor-element elementor-element-f2f6c15 elementor-section-boxed elementor-section-height-default elementor-section-height-default\" data-id=\"f2f6c15\" data-element_type=\"section\" data-e-type=\"section\">\n\t\t\t\t\t\t<div class=\"elementor-container elementor-column-gap-default\">\n\t\t\t\t\t<header data-dce-background-color=\"#E4E4E4\" class=\"elementor-column elementor-col-50 elementor-top-column elementor-element elementor-element-c5960cb\" data-id=\"c5960cb\" data-element_type=\"column\" data-e-type=\"column\" data-settings=\"{&quot;background_background&quot;:&quot;classic&quot;}\">\n\t\t\t<div class=\"elementor-widget-wrap elementor-element-populated\">\n\t\t\t\t\t\t<div class=\"elementor-element elementor-element-a0910c1 elementor-widget__width-initial elementor-widget elementor-widget-text-editor\" data-id=\"a0910c1\" data-element_type=\"widget\" data-e-type=\"widget\" data-widget_type=\"text-editor.default\">\n\t\t\t\t<div class=\"elementor-widget-container\">\n\t\t\t\t\t\t\t\t\t<h4>\u00a0<\/h4><h4><strong>Ingredience<\/strong>:<\/h4><ul><li>700 g hov\u011bz\u00ed plec<\/li><li>2 ks rustik\u00e1ln\u00ed bageta<\/li><li>BBQ om\u00e1\u010dka<\/li><li>2 ks masit\u00e9 raj\u010de<\/li><li>200 g \u010dedar pl\u00e1tky<\/li><li>1 ks sal\u00e1t dub\u00e1\u010dek<\/li><li>1 v\u011btvi\u010dka rozmar\u00fdnu<\/li><li>400 ml v\u00fdvar<\/li><li>s\u016fl<\/li><li>pep\u0159<\/li><li>olej<\/li><li>200 ml brusinkov\u00e1 limon\u00e1da<\/li><li>300 g cibule<\/li><li>1 ks chilli papri\u010dky<\/li><li>100 g m\u00e1sla<\/li><li>100 ml hru\u0161kovice<\/li><li>100 g cukr<\/li><li>\u00a0<\/li><\/ul><div>\u00a0<\/div><div>\u00a0<\/div>\t\t\t\t\t\t\t\t<\/div>\n\t\t\t\t<\/div>\n\t\t\t\t\t<\/div>\n\t\t<\/header>\n\t\t\t\t<div class=\"elementor-column elementor-col-50 elementor-top-column elementor-element elementor-element-3de6aee\" data-id=\"3de6aee\" data-element_type=\"column\" data-e-type=\"column\">\n\t\t\t<div class=\"elementor-widget-wrap elementor-element-populated\">\n\t\t\t\t\t\t<div class=\"elementor-element elementor-element-992611c elementor-widget__width-initial elementor-widget elementor-widget-video\" data-id=\"992611c\" data-element_type=\"widget\" data-e-type=\"widget\" data-settings=\"{&quot;video_type&quot;:&quot;hosted&quot;,&quot;controls&quot;:&quot;yes&quot;}\" data-widget_type=\"video.default\">\n\t\t\t\t<div class=\"elementor-widget-container\">\n\t\t\t\t\t\t\t<div class=\"e-hosted-video elementor-wrapper elementor-open-inline\">\n\t\t\t\t\t<video class=\"elementor-video\" src=\"https:\/\/ecg-electro.eu\/wp-content\/uploads\/2024\/11\/Den4.Sendwich-komprimovane.mp4\" controls=\"\" preload=\"metadata\" controlsList=\"nodownload\"><\/video>\n\t\t\t\t<\/div>\n\t\t\t\t\t\t<\/div>\n\t\t\t\t<\/div>\n\t\t\t\t\t<\/div>\n\t\t<\/div>\n\t\t\t\t\t<\/div>\n\t\t<\/section>\n\t\t\t\t<section class=\"elementor-section elementor-top-section elementor-element elementor-element-91a6f22 elementor-section-boxed elementor-section-height-default elementor-section-height-default\" data-id=\"91a6f22\" data-element_type=\"section\" data-e-type=\"section\">\n\t\t\t\t\t\t<div class=\"elementor-container elementor-column-gap-default\">\n\t\t\t\t\t<div class=\"elementor-column elementor-col-50 elementor-top-column elementor-element elementor-element-ac511c4\" data-id=\"ac511c4\" data-element_type=\"column\" data-e-type=\"column\">\n\t\t\t<div class=\"elementor-widget-wrap elementor-element-populated\">\n\t\t\t\t\t\t<div class=\"elementor-element elementor-element-df43541 elementor-widget elementor-widget-spacer\" data-id=\"df43541\" data-element_type=\"widget\" data-e-type=\"widget\" data-widget_type=\"spacer.default\">\n\t\t\t\t<div class=\"elementor-widget-container\">\n\t\t\t\t\t\t\t<div class=\"elementor-spacer\">\n\t\t\t<div class=\"elementor-spacer-inner\"><\/div>\n\t\t<\/div>\n\t\t\t\t\t\t<\/div>\n\t\t\t\t<\/div>\n\t\t\t\t<div class=\"elementor-element elementor-element-704b190 elementor-widget__width-initial elementor-widget elementor-widget-text-editor\" data-id=\"704b190\" data-element_type=\"widget\" data-e-type=\"widget\" data-widget_type=\"text-editor.default\">\n\t\t\t\t<div class=\"elementor-widget-container\">\n\t\t\t\t\t\t\t\t\t<h6>Porc\u00ed:\u00a0 4\u00a0 |\u00a0 P\u0159\u00edprava: 1 hod 30 min<\/h6><h5><strong>P\u0159\u00edprava:<\/strong><\/h5><p>1. Hov\u011bz\u00ed plec si o\u010dist\u00edme a nakr\u00e1j\u00edme na v\u011bt\u0161\u00ed kostky. Vlo\u017e\u00edme do multifunk\u010dn\u00edho hrnce, po\u0159\u00e1dn\u011b osol\u00edme, opep\u0159\u00edme, p\u0159id\u00e1me olej a brusinkovou limon\u00e1du, zalijeme v\u00fdvarem. P\u0159id\u00e1me nasekan\u00fd rozmar\u00fdn a va\u0159\u00edme 1 hodinu do \u00fapln\u00e9ho zm\u011bknut\u00ed.<\/p><p>2. P\u0159iprav\u00edme si cibulovou marmel\u00e1du. Cibuli a chilli papri\u010dku si nakr\u00e1j\u00edme na pl\u00e1tky. Do hrnce s rozp\u00e1len\u00fdm olejem p\u0159id\u00e1me kousek m\u00e1sla, cibuli a pomalu restujeme. B\u011bhem restov\u00e1n\u00ed dochut\u00edme sol\u00ed, pep\u0159em a p\u0159ilijeme trochu hru\u0161kovice. Podle chuti p\u0159id\u00e1me cukr a nakr\u00e1jen\u00e9 chilli papri\u010dky. Dus\u00edme do odpa\u0159en\u00ed tekutiny.<\/p><p>3. Rozeh\u0159ejeme si gril. Z bagety odkroj\u00edme konce, rozp\u016fl\u00edme a p\u0159ekroj\u00edme na p\u016flky.<\/p><p>4. Va\u0159en\u00e9 maso p\u0159end\u00e1me do m\u00edsy i s tro\u0161kou \u0161\u0165\u00e1vy a natrh\u00e1me ho. Maso dochut\u00edme BBQ om\u00e1\u010dkou.<\/p><p>5. Raj\u010data si nakr\u00e1j\u00edme na kole\u010dka asi 0,5 cm \u0161irok\u00e1. Rozp\u00e1len\u00fd gril si pokapeme olejem a vlo\u017e\u00edme ob\u011b p\u016flky bagety. Na ka\u017ed\u00e9 p\u016flce nech\u00e1me roztopit pl\u00e1tek \u010dedaru. Jakmile je \u010dedar rozpu\u0161t\u011bn\u00fd, p\u0159end\u00e1me rozpe\u010denou bagetu na prk\u00e9nko. Jednu p\u016flku napln\u00edme trhan\u00fdm masem, raj\u010detem, cibulovou marmel\u00e1dou a sal\u00e1tem. Na druhou p\u016flku d\u00e1me BBQ om\u00e1\u010dku, p\u0159iklop\u00edme na sebe a m\u016f\u017eeme serv\u00edrovat.<\/p><ol><li style=\"list-style-type: none;\">\u00a0<\/li><\/ol><p style=\"text-align: right;\">Dobrou chu\u0165!<\/p>\t\t\t\t\t\t\t\t<\/div>\n\t\t\t\t<\/div>\n\t\t\t\t\t<\/div>\n\t\t<\/div>\n\t\t\t\t<div class=\"elementor-column elementor-col-50 elementor-top-column elementor-element elementor-element-a51d747\" data-id=\"a51d747\" data-element_type=\"column\" data-e-type=\"column\">\n\t\t\t<div class=\"elementor-widget-wrap elementor-element-populated\">\n\t\t\t\t\t\t<div class=\"elementor-element elementor-element-4c3c237 elementor-widget elementor-widget-spacer\" data-id=\"4c3c237\" data-element_type=\"widget\" data-e-type=\"widget\" data-widget_type=\"spacer.default\">\n\t\t\t\t<div class=\"elementor-widget-container\">\n\t\t\t\t\t\t\t<div class=\"elementor-spacer\">\n\t\t\t<div class=\"elementor-spacer-inner\"><\/div>\n\t\t<\/div>\n\t\t\t\t\t\t<\/div>\n\t\t\t\t<\/div>\n\t\t\t\t<div class=\"elementor-element elementor-element-a64891f elementor-widget__width-initial elementor-widget elementor-widget-image\" data-id=\"a64891f\" data-element_type=\"widget\" data-e-type=\"widget\" data-widget_type=\"image.default\">\n\t\t\t\t<div class=\"elementor-widget-container\">\n\t\t\t\t\t\t\t\t\t\t\t\t\t\t\t<img fetchpriority=\"high\" decoding=\"async\" width=\"577\" height=\"1024\" src=\"https:\/\/ecg-electro.eu\/wp-content\/uploads\/2024\/11\/20240509_1314421-577x1024.jpg\" class=\"attachment-large size-large wp-image-2478155\" alt=\"\" \/>\t\t\t\t\t\t\t\t\t\t\t\t\t\t\t<\/div>\n\t\t\t\t<\/div>\n\t\t\t\t\t<\/div>\n\t\t<\/div>\n\t\t\t\t\t<\/div>\n\t\t<\/section>\n\t\t\t\t<section class=\"elementor-section elementor-top-section elementor-element elementor-element-3ee29c4 elementor-section-boxed elementor-section-height-default elementor-section-height-default\" data-id=\"3ee29c4\" data-element_type=\"section\" data-e-type=\"section\">\n\t\t\t\t\t\t<div class=\"elementor-container elementor-column-gap-default\">\n\t\t\t\t\t<div class=\"elementor-column elementor-col-100 elementor-top-column elementor-element elementor-element-8448b59\" data-id=\"8448b59\" data-element_type=\"column\" data-e-type=\"column\">\n\t\t\t<div class=\"elementor-widget-wrap elementor-element-populated\">\n\t\t\t\t\t\t<div class=\"elementor-element elementor-element-276504e elementor-widget elementor-widget-text-editor\" data-id=\"276504e\" data-element_type=\"widget\" data-e-type=\"widget\" data-widget_type=\"text-editor.default\">\n\t\t\t\t<div class=\"elementor-widget-container\">\n\t\t\t\t\t\t\t\t\t<h4>Pou\u017eit\u00e9 spot\u0159ebi\u010de<\/h4>\t\t\t\t\t\t\t\t<\/div>\n\t\t\t\t<\/div>\n\t\t\t\t\t<\/div>\n\t\t<\/div>\n\t\t\t\t\t<\/div>\n\t\t<\/section>\n\t\t\t\t<section class=\"elementor-section elementor-top-section elementor-element elementor-element-932fab0 elementor-section-boxed elementor-section-height-default elementor-section-height-default\" data-id=\"932fab0\" data-element_type=\"section\" data-e-type=\"section\">\n\t\t\t\t\t\t<div class=\"elementor-container elementor-column-gap-default\">\n\t\t\t\t\t<div class=\"elementor-column elementor-col-33 elementor-top-column elementor-element elementor-element-10e35f5\" data-id=\"10e35f5\" data-element_type=\"column\" data-e-type=\"column\">\n\t\t\t<div class=\"elementor-widget-wrap elementor-element-populated\">\n\t\t\t\t\t\t<div class=\"elementor-element elementor-element-f90aadc elementor-widget__width-initial elementor-widget elementor-widget-image\" data-id=\"f90aadc\" data-element_type=\"widget\" data-e-type=\"widget\" data-widget_type=\"image.default\">\n\t\t\t\t<div class=\"elementor-widget-container\">\n\t\t\t\t\t\t\t\t\t\t\t\t\t\t\t\t<a href=\"https:\/\/ecg-electro.eu\/cs\/ecg-iv-2920-slim\/\">\n\t\t\t\t\t\t\t<img decoding=\"async\" src=\"https:\/\/ecg-electro.eu\/wp-content\/uploads\/2019\/10\/iv_2920_slim_2.png\" title=\"\" alt=\"\" loading=\"lazy\" \/>\t\t\t\t\t\t\t\t<\/a>\n\t\t\t\t\t\t\t\t\t\t\t\t\t\t\t<\/div>\n\t\t\t\t<\/div>\n\t\t\t\t\t<\/div>\n\t\t<\/div>\n\t\t\t\t<div class=\"elementor-column elementor-col-33 elementor-top-column elementor-element elementor-element-a88df47\" data-id=\"a88df47\" data-element_type=\"column\" data-e-type=\"column\">\n\t\t\t<div class=\"elementor-widget-wrap elementor-element-populated\">\n\t\t\t\t\t\t<div class=\"elementor-element elementor-element-3410ebe elementor-widget__width-initial elementor-widget elementor-widget-image\" data-id=\"3410ebe\" data-element_type=\"widget\" data-e-type=\"widget\" data-widget_type=\"image.default\">\n\t\t\t\t<div class=\"elementor-widget-container\">\n\t\t\t\t\t\t\t\t\t\t\t\t\t\t\t\t<a href=\"https:\/\/ecg-electro.eu\/cs\/ecg-mht-1661-pressione-nuovo\/\">\n\t\t\t\t\t\t\t<img decoding=\"async\" width=\"730\" height=\"756\" src=\"https:\/\/ecg-electro.eu\/wp-content\/uploads\/2021\/02\/mht_1661_pressione_nuovo_01b.png\" class=\"attachment-medium_large size-medium_large wp-image-1972699\" alt=\"\" \/>\t\t\t\t\t\t\t\t<\/a>\n\t\t\t\t\t\t\t\t\t\t\t\t\t\t\t<\/div>\n\t\t\t\t<\/div>\n\t\t\t\t\t<\/div>\n\t\t<\/div>\n\t\t\t\t<div class=\"elementor-column elementor-col-33 elementor-top-column elementor-element elementor-element-ffdefba\" data-id=\"ffdefba\" data-element_type=\"column\" data-e-type=\"column\">\n\t\t\t<div class=\"elementor-widget-wrap elementor-element-populated\">\n\t\t\t\t\t\t<div class=\"elementor-element elementor-element-f4e55a3 elementor-widget__width-initial elementor-widget elementor-widget-image\" data-id=\"f4e55a3\" data-element_type=\"widget\" data-e-type=\"widget\" data-widget_type=\"image.default\">\n\t\t\t\t<div class=\"elementor-widget-container\">\n\t\t\t\t\t\t\t\t\t\t\t\t\t\t\t\t<a href=\"https:\/\/ecg-electro.eu\/cs\/ecg-kg-1000-gourmet\/\">\n\t\t\t\t\t\t\t<img decoding=\"async\" width=\"768\" height=\"430\" src=\"https:\/\/ecg-electro.eu\/wp-content\/uploads\/2024\/05\/KG_1000_Gourmet_01_web-768x430.jpg\" class=\"attachment-medium_large size-medium_large wp-image-2421214\" alt=\"\" \/>\t\t\t\t\t\t\t\t<\/a>\n\t\t\t\t\t\t\t\t\t\t\t\t\t\t\t<\/div>\n\t\t\t\t<\/div>\n\t\t\t\t\t<\/div>\n\t\t<\/div>\n\t\t\t\t\t<\/div>\n\t\t<\/section>\n\t\t\t\t<section class=\"elementor-section elementor-top-section elementor-element elementor-element-11d6d5b elementor-section-boxed elementor-section-height-default elementor-section-height-default\" data-id=\"11d6d5b\" data-element_type=\"section\" data-e-type=\"section\">\n\t\t\t\t\t\t<div class=\"elementor-container elementor-column-gap-default\">\n\t\t\t\t\t<div class=\"elementor-column elementor-col-100 elementor-top-column elementor-element elementor-element-c753173\" data-id=\"c753173\" data-element_type=\"column\" data-e-type=\"column\">\n\t\t\t<div class=\"elementor-widget-wrap elementor-element-populated\">\n\t\t\t\t\t\t<div class=\"elementor-element elementor-element-e9566a5 elementor-widget elementor-widget-spacer\" data-id=\"e9566a5\" data-element_type=\"widget\" data-e-type=\"widget\" data-widget_type=\"spacer.default\">\n\t\t\t\t<div class=\"elementor-widget-container\">\n\t\t\t\t\t\t\t<div class=\"elementor-spacer\">\n\t\t\t<div class=\"elementor-spacer-inner\"><\/div>\n\t\t<\/div>\n\t\t\t\t\t\t<\/div>\n\t\t\t\t<\/div>\n\t\t\t\t\t<\/div>\n\t\t<\/div>\n\t\t\t\t\t<\/div>\n\t\t<\/section>\n\t\t\t\t<\/div>\n\t\t","protected":false},"excerpt":{"rendered":"<p>Rustik\u00e1ln\u00ed sendvi\u010d s trhan\u00fdm masem a \u010dedarem \u00a0 Ingredience: 700 g hov\u011bz\u00ed plec 2 ks rustik\u00e1ln\u00ed bageta BBQ om\u00e1\u010dka 2 ks masit\u00e9 raj\u010de 200 g \u010dedar pl\u00e1tky 1 ks sal\u00e1t dub\u00e1\u010dek 1 v\u011btvi\u010dka rozmar\u00fdnu 400 ml v\u00fdvar s\u016fl pep\u0159 olej 200 ml brusinkov\u00e1 limon\u00e1da 300 g cibule 1 ks chilli papri\u010dky 100 g m\u00e1sla 100 [&hellip;]<\/p>\n","protected":false},"author":19,"featured_media":0,"parent":0,"menu_order":0,"comment_status":"closed","ping_status":"closed","template":"","meta":{"_acf_changed":false,"_monsterinsights_skip_tracking":false,"_monsterinsights_sitenote_active":false,"_monsterinsights_sitenote_note":"","_monsterinsights_sitenote_category":0,"footnotes":""},"class_list":["post-2478268","page","type-page","status-publish","hentry"],"acf":[],"_links":{"self":[{"href":"https:\/\/ecg-electro.eu\/cs\/wp-json\/wp\/v2\/pages\/2478268","targetHints":{"allow":["GET"]}}],"collection":[{"href":"https:\/\/ecg-electro.eu\/cs\/wp-json\/wp\/v2\/pages"}],"about":[{"href":"https:\/\/ecg-electro.eu\/cs\/wp-json\/wp\/v2\/types\/page"}],"author":[{"embeddable":true,"href":"https:\/\/ecg-electro.eu\/cs\/wp-json\/wp\/v2\/users\/19"}],"replies":[{"embeddable":true,"href":"https:\/\/ecg-electro.eu\/cs\/wp-json\/wp\/v2\/comments?post=2478268"}],"version-history":[{"count":5,"href":"https:\/\/ecg-electro.eu\/cs\/wp-json\/wp\/v2\/pages\/2478268\/revisions"}],"predecessor-version":[{"id":2478318,"href":"https:\/\/ecg-electro.eu\/cs\/wp-json\/wp\/v2\/pages\/2478268\/revisions\/2478318"}],"wp:attachment":[{"href":"https:\/\/ecg-electro.eu\/cs\/wp-json\/wp\/v2\/media?parent=2478268"}],"curies":[{"name":"wp","href":"https:\/\/api.w.org\/{rel}","templated":true}]}}