{"id":2454817,"date":"2024-11-08T11:34:28","date_gmt":"2024-11-08T10:34:28","guid":{"rendered":"https:\/\/ecg-electro.eu\/?page_id=2454817"},"modified":"2024-11-08T13:08:40","modified_gmt":"2024-11-08T12:08:40","slug":"kure-na-paprice-2","status":"publish","type":"page","link":"https:\/\/ecg-electro.eu\/cs\/chlupate-knedliky-s-brynzou-a-cervenym-zelim\/","title":{"rendered":"Chlupat\u00e9 knedl\u00edky s brynzou a \u010derven\u00fdm zel\u00edm"},"content":{"rendered":"\t\t<div data-elementor-type=\"wp-page\" data-elementor-id=\"2454817\" class=\"elementor elementor-2454817\" data-elementor-post-type=\"page\">\n\t\t\t\t\t\t<section class=\"elementor-section elementor-top-section elementor-element elementor-element-3772a80 elementor-section-boxed elementor-section-height-default elementor-section-height-default\" data-id=\"3772a80\" data-element_type=\"section\" data-e-type=\"section\">\n\t\t\t\t\t\t<div class=\"elementor-container elementor-column-gap-default\">\n\t\t\t\t\t<div class=\"elementor-column elementor-col-100 elementor-top-column elementor-element elementor-element-12274cb\" data-id=\"12274cb\" data-element_type=\"column\" data-e-type=\"column\">\n\t\t\t<div class=\"elementor-widget-wrap elementor-element-populated\">\n\t\t\t\t\t\t<div data-dce-title-color=\"#000000\" class=\"elementor-element elementor-element-dfff9a2 elementor-widget elementor-widget-heading\" data-id=\"dfff9a2\" data-element_type=\"widget\" data-e-type=\"widget\" data-widget_type=\"heading.default\">\n\t\t\t\t<div class=\"elementor-widget-container\">\n\t\t\t\t\t<h2 class=\"elementor-heading-title elementor-size-default\">Chlupat\u00e9 knedl\u00edky s brynzou a \u010derven\u00fdm zel\u00edm<\/h2>\t\t\t\t<\/div>\n\t\t\t\t<\/div>\n\t\t\t\t\t<\/div>\n\t\t<\/div>\n\t\t\t\t\t<\/div>\n\t\t<\/section>\n\t\t\t\t<section class=\"elementor-section elementor-top-section elementor-element elementor-element-f2f6c15 elementor-section-boxed elementor-section-height-default elementor-section-height-default\" data-id=\"f2f6c15\" data-element_type=\"section\" data-e-type=\"section\">\n\t\t\t\t\t\t<div class=\"elementor-container elementor-column-gap-default\">\n\t\t\t\t\t<header data-dce-background-color=\"#E4E4E4\" class=\"elementor-column elementor-col-50 elementor-top-column elementor-element elementor-element-c5960cb\" data-id=\"c5960cb\" data-element_type=\"column\" data-e-type=\"column\" data-settings=\"{&quot;background_background&quot;:&quot;classic&quot;}\">\n\t\t\t<div class=\"elementor-widget-wrap elementor-element-populated\">\n\t\t\t\t\t\t<div class=\"elementor-element elementor-element-a0910c1 elementor-widget__width-initial elementor-widget elementor-widget-text-editor\" data-id=\"a0910c1\" data-element_type=\"widget\" data-e-type=\"widget\" data-widget_type=\"text-editor.default\">\n\t\t\t\t<div class=\"elementor-widget-container\">\n\t\t\t\t\t\t\t\t\t<h4>\u00a0<\/h4><h4><strong>Ingredience<\/strong>:<\/h4><ul><li>100 g \u010derven\u00e9 cibule<\/li><li>500 g brambor<\/li><li>150 g brynzy<\/li><li>50 ml smetany 30%<\/li><li>200 g uzen\u00fd \u0161pek<\/li><li>500 g kysan\u00e9 \u010derven\u00e9 zel\u00ed<\/li><li>2 ks cel\u00fdch vajec<\/li><li>2 ks \u017eloutk\u016f<\/li><li>50 ml jable\u010dn\u00e9ho octa<\/li><li>100 g cukr krystal<\/li><li>200 ml zeleninov\u00e9ho v\u00fdvaru <\/li><li>100 g polohrub\u00e9 mouky<\/li><li>s\u00e1dlo<\/li><li>s\u016fl<\/li><li>pep\u0159<\/li><li>km\u00edn cel\u00fd<\/li><li>jarn\u00ed cibulka<\/li><\/ul><div>\u00a0<\/div><div>\u00a0<\/div>\t\t\t\t\t\t\t\t<\/div>\n\t\t\t\t<\/div>\n\t\t\t\t\t<\/div>\n\t\t<\/header>\n\t\t\t\t<div class=\"elementor-column elementor-col-50 elementor-top-column elementor-element elementor-element-3de6aee\" data-id=\"3de6aee\" data-element_type=\"column\" data-e-type=\"column\">\n\t\t\t<div class=\"elementor-widget-wrap elementor-element-populated\">\n\t\t\t\t\t\t<div class=\"elementor-element elementor-element-992611c elementor-widget__width-initial elementor-widget elementor-widget-video\" data-id=\"992611c\" data-element_type=\"widget\" data-e-type=\"widget\" data-settings=\"{&quot;video_type&quot;:&quot;hosted&quot;,&quot;controls&quot;:&quot;yes&quot;}\" data-widget_type=\"video.default\">\n\t\t\t\t<div class=\"elementor-widget-container\">\n\t\t\t\t\t\t\t<div class=\"e-hosted-video elementor-wrapper elementor-open-inline\">\n\t\t\t\t\t<video class=\"elementor-video\" src=\"https:\/\/ecg-electro.eu\/wp-content\/uploads\/2024\/11\/HALUSKY-komprimovane.mp4\" controls=\"\" preload=\"metadata\" controlsList=\"nodownload\"><\/video>\n\t\t\t\t<\/div>\n\t\t\t\t\t\t<\/div>\n\t\t\t\t<\/div>\n\t\t\t\t\t<\/div>\n\t\t<\/div>\n\t\t\t\t\t<\/div>\n\t\t<\/section>\n\t\t\t\t<section class=\"elementor-section elementor-top-section elementor-element elementor-element-91a6f22 elementor-section-boxed elementor-section-height-default elementor-section-height-default\" data-id=\"91a6f22\" data-element_type=\"section\" data-e-type=\"section\">\n\t\t\t\t\t\t<div class=\"elementor-container elementor-column-gap-default\">\n\t\t\t\t\t<div class=\"elementor-column elementor-col-50 elementor-top-column elementor-element elementor-element-ac511c4\" data-id=\"ac511c4\" data-element_type=\"column\" data-e-type=\"column\">\n\t\t\t<div class=\"elementor-widget-wrap elementor-element-populated\">\n\t\t\t\t\t\t<div class=\"elementor-element elementor-element-df43541 elementor-widget elementor-widget-spacer\" data-id=\"df43541\" data-element_type=\"widget\" data-e-type=\"widget\" data-widget_type=\"spacer.default\">\n\t\t\t\t<div class=\"elementor-widget-container\">\n\t\t\t\t\t\t\t<div class=\"elementor-spacer\">\n\t\t\t<div class=\"elementor-spacer-inner\"><\/div>\n\t\t<\/div>\n\t\t\t\t\t\t<\/div>\n\t\t\t\t<\/div>\n\t\t\t\t<div class=\"elementor-element elementor-element-704b190 elementor-widget__width-initial elementor-widget elementor-widget-text-editor\" data-id=\"704b190\" data-element_type=\"widget\" data-e-type=\"widget\" data-widget_type=\"text-editor.default\">\n\t\t\t\t<div class=\"elementor-widget-container\">\n\t\t\t\t\t\t\t\t\t<h6>Porc\u00ed:\u00a0 4\u00a0 |\u00a0 P\u0159\u00edprava: 45 min<\/h6><h5><strong>P\u0159\u00edprava:<\/strong><\/h5><p>1. Jako prvn\u00ed si uva\u0159\u00edme 2\/3 brambor.<\/p><p>2. Vezmeme si \u010dervenou cibuli a nakr\u00e1j\u00edme ji na jemno. V hrnci rozp\u00e1l\u00edme s\u00e1dlo, na kter\u00e9m cibuli do zlatova orestujeme. P\u0159id\u00e1me km\u00edn, cukr a chvilku restujeme. Po chvilce dochut\u00edme sol\u00ed, jable\u010dn\u00fdm octem a vlo\u017e\u00edme \u010derven\u00e9 zel\u00ed. Nakonec zel\u00ed zalejeme v\u00fdvarem a dus\u00edme.<\/p><p>3. O\u0161kr\u00e1beme si zbylou 1\/3 syrov\u00fdch brambor.<\/p><p>4. V\u0161echny brambory nastrouh\u00e1me, d\u00e1me do mix\u00e9ru, p\u0159id\u00e1me vejce, s\u016fl, mouku a v\u0161e po\u0159\u00e1dn\u011b v mix\u00e9ru prom\u00edch\u00e1me do t\u011bsta. V hrnci si d\u00e1me va\u0159it osolenou vodu. Z bramborov\u00e9ho t\u011bsta l\u017e\u00edcemi vytvo\u0159\u00edme \u201enoky\u201c kter\u00e9 uva\u0159\u00edme ve vrouc\u00ed vod\u011b. Do men\u0161\u00edho hrnce si nalejeme smetanu a p\u0159id\u00e1me brynzu, kterou nech\u00e1me po\u0159\u00e1dn\u011b rozpustit.<\/p><p>5. Mezit\u00edm si nakr\u00e1j\u00edme \u0161pek na mal\u00e9 kosti\u010dky, kter\u00fd na p\u00e1nvi vype\u010deme do zlatova. Vype\u010den\u00fd \u0161pek si odlo\u017e\u00edme do misky a na stejn\u00e9 rozp\u00e1len\u00e9 p\u00e1nvi ope\u010deme bramborov\u00e9 noky.<\/p><p>6. Na tal\u00ed\u0159 nand\u00e1me \u010derven\u00e9 zel\u00ed, na kter\u00e9 polo\u017e\u00edme noky, p\u0159id\u00e1me brynzu a vype\u010den\u00fd \u0161pek, posypeme jarn\u00ed cibulkou a m\u016f\u017eeme serv\u00edrovat.<\/p><ol><li style=\"list-style-type: none;\">\u00a0<\/li><\/ol><p style=\"text-align: right;\">Dobrou chu\u0165!<\/p>\t\t\t\t\t\t\t\t<\/div>\n\t\t\t\t<\/div>\n\t\t\t\t\t<\/div>\n\t\t<\/div>\n\t\t\t\t<div class=\"elementor-column elementor-col-50 elementor-top-column elementor-element elementor-element-a51d747\" data-id=\"a51d747\" data-element_type=\"column\" data-e-type=\"column\">\n\t\t\t<div class=\"elementor-widget-wrap elementor-element-populated\">\n\t\t\t\t\t\t<div class=\"elementor-element elementor-element-4c3c237 elementor-widget elementor-widget-spacer\" data-id=\"4c3c237\" data-element_type=\"widget\" data-e-type=\"widget\" data-widget_type=\"spacer.default\">\n\t\t\t\t<div class=\"elementor-widget-container\">\n\t\t\t\t\t\t\t<div class=\"elementor-spacer\">\n\t\t\t<div class=\"elementor-spacer-inner\"><\/div>\n\t\t<\/div>\n\t\t\t\t\t\t<\/div>\n\t\t\t\t<\/div>\n\t\t\t\t<div class=\"elementor-element elementor-element-a64891f elementor-widget__width-initial elementor-widget elementor-widget-image\" data-id=\"a64891f\" data-element_type=\"widget\" data-e-type=\"widget\" data-widget_type=\"image.default\">\n\t\t\t\t<div class=\"elementor-widget-container\">\n\t\t\t\t\t\t\t\t\t\t\t\t\t\t\t<img fetchpriority=\"high\" decoding=\"async\" width=\"674\" height=\"1024\" src=\"https:\/\/ecg-electro.eu\/wp-content\/uploads\/2024\/11\/20240514_1448291-674x1024.jpg\" class=\"attachment-large size-large wp-image-2454743\" alt=\"\" \/>\t\t\t\t\t\t\t\t\t\t\t\t\t\t\t<\/div>\n\t\t\t\t<\/div>\n\t\t\t\t\t<\/div>\n\t\t<\/div>\n\t\t\t\t\t<\/div>\n\t\t<\/section>\n\t\t\t\t<section class=\"elementor-section elementor-top-section elementor-element elementor-element-3ee29c4 elementor-section-boxed elementor-section-height-default elementor-section-height-default\" data-id=\"3ee29c4\" data-element_type=\"section\" data-e-type=\"section\">\n\t\t\t\t\t\t<div class=\"elementor-container elementor-column-gap-default\">\n\t\t\t\t\t<div class=\"elementor-column elementor-col-100 elementor-top-column elementor-element elementor-element-8448b59\" data-id=\"8448b59\" data-element_type=\"column\" data-e-type=\"column\">\n\t\t\t<div class=\"elementor-widget-wrap elementor-element-populated\">\n\t\t\t\t\t\t<div class=\"elementor-element elementor-element-276504e elementor-widget elementor-widget-text-editor\" data-id=\"276504e\" data-element_type=\"widget\" data-e-type=\"widget\" data-widget_type=\"text-editor.default\">\n\t\t\t\t<div class=\"elementor-widget-container\">\n\t\t\t\t\t\t\t\t\t<h4>Pou\u017eit\u00e9 spot\u0159ebi\u010de<\/h4>\t\t\t\t\t\t\t\t<\/div>\n\t\t\t\t<\/div>\n\t\t\t\t\t<\/div>\n\t\t<\/div>\n\t\t\t\t\t<\/div>\n\t\t<\/section>\n\t\t\t\t<section class=\"elementor-section elementor-top-section elementor-element elementor-element-932fab0 elementor-section-boxed elementor-section-height-default elementor-section-height-default\" data-id=\"932fab0\" data-element_type=\"section\" data-e-type=\"section\">\n\t\t\t\t\t\t<div class=\"elementor-container elementor-column-gap-default\">\n\t\t\t\t\t<div class=\"elementor-column elementor-col-50 elementor-top-column elementor-element elementor-element-10e35f5\" data-id=\"10e35f5\" data-element_type=\"column\" data-e-type=\"column\">\n\t\t\t<div class=\"elementor-widget-wrap elementor-element-populated\">\n\t\t\t\t\t\t<div class=\"elementor-element elementor-element-f90aadc elementor-widget__width-initial elementor-widget elementor-widget-image\" data-id=\"f90aadc\" data-element_type=\"widget\" data-e-type=\"widget\" data-widget_type=\"image.default\">\n\t\t\t\t<div class=\"elementor-widget-container\">\n\t\t\t\t\t\t\t\t\t\t\t\t\t\t\t\t<a href=\"https:\/\/ecg-electro.eu\/cs\/ecg-iv-2920-slim\/\">\n\t\t\t\t\t\t\t<img decoding=\"async\" src=\"https:\/\/ecg-electro.eu\/wp-content\/uploads\/2019\/10\/iv_2920_slim_2.png\" title=\"\" alt=\"\" loading=\"lazy\" \/>\t\t\t\t\t\t\t\t<\/a>\n\t\t\t\t\t\t\t\t\t\t\t\t\t\t\t<\/div>\n\t\t\t\t<\/div>\n\t\t\t\t\t<\/div>\n\t\t<\/div>\n\t\t\t\t<div class=\"elementor-column elementor-col-50 elementor-top-column elementor-element elementor-element-a88df47\" data-id=\"a88df47\" data-element_type=\"column\" data-e-type=\"column\">\n\t\t\t<div class=\"elementor-widget-wrap elementor-element-populated\">\n\t\t\t\t\t\t<div class=\"elementor-element elementor-element-3410ebe elementor-widget__width-initial elementor-widget elementor-widget-image\" data-id=\"3410ebe\" data-element_type=\"widget\" data-e-type=\"widget\" data-widget_type=\"image.default\">\n\t\t\t\t<div class=\"elementor-widget-container\">\n\t\t\t\t\t\t\t\t\t\t\t\t\t\t\t\t<a href=\"https:\/\/ecg-electro.eu\/cs\/ecg-forza-6600-metallo-nero\/\">\n\t\t\t\t\t\t\t<img decoding=\"async\" width=\"768\" height=\"756\" src=\"https:\/\/ecg-electro.eu\/wp-content\/uploads\/2022\/12\/FORZA_6600_Metallo_NERO_02d-768x756.png\" class=\"attachment-medium_large size-medium_large wp-image-2354911\" alt=\"\" \/>\t\t\t\t\t\t\t\t<\/a>\n\t\t\t\t\t\t\t\t\t\t\t\t\t\t\t<\/div>\n\t\t\t\t<\/div>\n\t\t\t\t\t<\/div>\n\t\t<\/div>\n\t\t\t\t\t<\/div>\n\t\t<\/section>\n\t\t\t\t<section class=\"elementor-section elementor-top-section elementor-element elementor-element-11d6d5b elementor-section-boxed elementor-section-height-default elementor-section-height-default\" data-id=\"11d6d5b\" data-element_type=\"section\" data-e-type=\"section\">\n\t\t\t\t\t\t<div class=\"elementor-container elementor-column-gap-default\">\n\t\t\t\t\t<div class=\"elementor-column elementor-col-100 elementor-top-column elementor-element elementor-element-c753173\" data-id=\"c753173\" data-element_type=\"column\" data-e-type=\"column\">\n\t\t\t<div class=\"elementor-widget-wrap elementor-element-populated\">\n\t\t\t\t\t\t<div class=\"elementor-element elementor-element-e9566a5 elementor-widget elementor-widget-spacer\" data-id=\"e9566a5\" data-element_type=\"widget\" data-e-type=\"widget\" data-widget_type=\"spacer.default\">\n\t\t\t\t<div class=\"elementor-widget-container\">\n\t\t\t\t\t\t\t<div class=\"elementor-spacer\">\n\t\t\t<div class=\"elementor-spacer-inner\"><\/div>\n\t\t<\/div>\n\t\t\t\t\t\t<\/div>\n\t\t\t\t<\/div>\n\t\t\t\t\t<\/div>\n\t\t<\/div>\n\t\t\t\t\t<\/div>\n\t\t<\/section>\n\t\t\t\t<\/div>\n\t\t","protected":false},"excerpt":{"rendered":"<p>Chlupat\u00e9 knedl\u00edky s brynzou a \u010derven\u00fdm zel\u00edm \u00a0 Ingredience: 100 g \u010derven\u00e9 cibule 500 g brambor 150 g brynzy 50 ml smetany 30% 200 g uzen\u00fd \u0161pek 500 g kysan\u00e9 \u010derven\u00e9 zel\u00ed 2 ks cel\u00fdch vajec 2 ks \u017eloutk\u016f 50 ml jable\u010dn\u00e9ho octa 100 g cukr krystal 200 ml zeleninov\u00e9ho v\u00fdvaru 100 g polohrub\u00e9 mouky [&hellip;]<\/p>\n","protected":false},"author":19,"featured_media":0,"parent":0,"menu_order":0,"comment_status":"closed","ping_status":"closed","template":"","meta":{"_acf_changed":false,"_monsterinsights_skip_tracking":false,"_monsterinsights_sitenote_active":false,"_monsterinsights_sitenote_note":"","_monsterinsights_sitenote_category":0,"footnotes":""},"class_list":["post-2454817","page","type-page","status-publish","hentry"],"acf":[],"_links":{"self":[{"href":"https:\/\/ecg-electro.eu\/cs\/wp-json\/wp\/v2\/pages\/2454817","targetHints":{"allow":["GET"]}}],"collection":[{"href":"https:\/\/ecg-electro.eu\/cs\/wp-json\/wp\/v2\/pages"}],"about":[{"href":"https:\/\/ecg-electro.eu\/cs\/wp-json\/wp\/v2\/types\/page"}],"author":[{"embeddable":true,"href":"https:\/\/ecg-electro.eu\/cs\/wp-json\/wp\/v2\/users\/19"}],"replies":[{"embeddable":true,"href":"https:\/\/ecg-electro.eu\/cs\/wp-json\/wp\/v2\/comments?post=2454817"}],"version-history":[{"count":5,"href":"https:\/\/ecg-electro.eu\/cs\/wp-json\/wp\/v2\/pages\/2454817\/revisions"}],"predecessor-version":[{"id":2454856,"href":"https:\/\/ecg-electro.eu\/cs\/wp-json\/wp\/v2\/pages\/2454817\/revisions\/2454856"}],"wp:attachment":[{"href":"https:\/\/ecg-electro.eu\/cs\/wp-json\/wp\/v2\/media?parent=2454817"}],"curies":[{"name":"wp","href":"https:\/\/api.w.org\/{rel}","templated":true}]}}