{"id":2452265,"date":"2024-10-04T12:49:33","date_gmt":"2024-10-04T10:49:33","guid":{"rendered":"https:\/\/ecg-electro.eu\/?page_id=2452265"},"modified":"2024-10-04T15:17:15","modified_gmt":"2024-10-04T13:17:15","slug":"rizoto","status":"publish","type":"page","link":"https:\/\/ecg-electro.eu\/cs\/tacos-s-kuretem-a-ananasovou-salsou\/","title":{"rendered":"Tacos s ku\u0159etem a ananasovou salsou"},"content":{"rendered":"\t\t<div data-elementor-type=\"wp-page\" data-elementor-id=\"2452265\" class=\"elementor elementor-2452265\" data-elementor-post-type=\"page\">\n\t\t\t\t\t\t<section class=\"elementor-section elementor-top-section elementor-element elementor-element-3772a80 elementor-section-boxed elementor-section-height-default elementor-section-height-default\" data-id=\"3772a80\" data-element_type=\"section\" data-e-type=\"section\">\n\t\t\t\t\t\t<div class=\"elementor-container elementor-column-gap-default\">\n\t\t\t\t\t<div class=\"elementor-column elementor-col-100 elementor-top-column elementor-element elementor-element-12274cb\" data-id=\"12274cb\" data-element_type=\"column\" data-e-type=\"column\">\n\t\t\t<div class=\"elementor-widget-wrap elementor-element-populated\">\n\t\t\t\t\t\t<div data-dce-title-color=\"#000000\" class=\"elementor-element elementor-element-dfff9a2 elementor-widget elementor-widget-heading\" data-id=\"dfff9a2\" data-element_type=\"widget\" data-e-type=\"widget\" data-widget_type=\"heading.default\">\n\t\t\t\t<div class=\"elementor-widget-container\">\n\t\t\t\t\t<h2 class=\"elementor-heading-title elementor-size-default\">Tacos s ku\u0159etem a ananasovou salsou<\/h2>\t\t\t\t<\/div>\n\t\t\t\t<\/div>\n\t\t\t\t\t<\/div>\n\t\t<\/div>\n\t\t\t\t\t<\/div>\n\t\t<\/section>\n\t\t\t\t<section class=\"elementor-section elementor-top-section elementor-element elementor-element-f2f6c15 elementor-section-boxed elementor-section-height-default elementor-section-height-default\" data-id=\"f2f6c15\" data-element_type=\"section\" data-e-type=\"section\">\n\t\t\t\t\t\t<div class=\"elementor-container elementor-column-gap-default\">\n\t\t\t\t\t<header data-dce-background-color=\"#E4E4E4\" class=\"elementor-column elementor-col-50 elementor-top-column elementor-element elementor-element-c5960cb\" data-id=\"c5960cb\" data-element_type=\"column\" data-e-type=\"column\" data-settings=\"{&quot;background_background&quot;:&quot;classic&quot;}\">\n\t\t\t<div class=\"elementor-widget-wrap elementor-element-populated\">\n\t\t\t\t\t\t<div class=\"elementor-element elementor-element-a0910c1 elementor-widget__width-initial elementor-widget elementor-widget-text-editor\" data-id=\"a0910c1\" data-element_type=\"widget\" data-e-type=\"widget\" data-widget_type=\"text-editor.default\">\n\t\t\t\t<div class=\"elementor-widget-container\">\n\t\t\t\t\t\t\t\t\t<h4>\u00a0<\/h4><h4><strong>Ingredience<\/strong>:<\/h4><ul><li>600 g ku\u0159ec\u00ed stehenn\u00ed steak<\/li><li>300 g ananasu<\/li><li>20 g mix chilli (p\u00e1livost dle va\u0161\u00ed chuti)<\/li><li>2 dcl ananasov\u00e9 limon\u00e1dy<\/li><li>100 g \u0161alotky<\/li><li>3 ks limetky<\/li><li>s\u016fl, pep\u0159<\/li><li>12 ks tacos placky<\/li><li>30 g koriandru<\/li><li>2 x avok\u00e1do<\/li><li>3 g su\u0161en\u00e9ho mlet\u00e9ho z\u00e1zvoru<\/li><li>150 g m\u00e1sla<\/li><li>200 ml teriyaki om\u00e1\u010dky<\/li><li>300 ml ku\u0159ec\u00edho v\u00fdvaru<\/li><\/ul><div>\u00a0<\/div><div>\u00a0<\/div>\t\t\t\t\t\t\t\t<\/div>\n\t\t\t\t<\/div>\n\t\t\t\t\t<\/div>\n\t\t<\/header>\n\t\t\t\t<div class=\"elementor-column elementor-col-50 elementor-top-column elementor-element elementor-element-3de6aee\" data-id=\"3de6aee\" data-element_type=\"column\" data-e-type=\"column\">\n\t\t\t<div class=\"elementor-widget-wrap elementor-element-populated\">\n\t\t\t\t\t\t<div class=\"elementor-element elementor-element-992611c elementor-widget__width-initial elementor-widget elementor-widget-video\" data-id=\"992611c\" data-element_type=\"widget\" data-e-type=\"widget\" data-settings=\"{&quot;video_type&quot;:&quot;hosted&quot;,&quot;controls&quot;:&quot;yes&quot;}\" data-widget_type=\"video.default\">\n\t\t\t\t<div class=\"elementor-widget-container\">\n\t\t\t\t\t\t\t<div class=\"e-hosted-video elementor-wrapper elementor-open-inline\">\n\t\t\t\t\t<video class=\"elementor-video\" src=\"https:\/\/ecg-electro.eu\/wp-content\/uploads\/2024\/10\/tacos-komprimovane.mp4\" controls=\"\" preload=\"metadata\" controlsList=\"nodownload\"><\/video>\n\t\t\t\t<\/div>\n\t\t\t\t\t\t<\/div>\n\t\t\t\t<\/div>\n\t\t\t\t\t<\/div>\n\t\t<\/div>\n\t\t\t\t\t<\/div>\n\t\t<\/section>\n\t\t\t\t<section class=\"elementor-section elementor-top-section elementor-element elementor-element-91a6f22 elementor-section-boxed elementor-section-height-default elementor-section-height-default\" data-id=\"91a6f22\" data-element_type=\"section\" data-e-type=\"section\">\n\t\t\t\t\t\t<div class=\"elementor-container elementor-column-gap-default\">\n\t\t\t\t\t<div class=\"elementor-column elementor-col-50 elementor-top-column elementor-element elementor-element-ac511c4\" data-id=\"ac511c4\" data-element_type=\"column\" data-e-type=\"column\">\n\t\t\t<div class=\"elementor-widget-wrap elementor-element-populated\">\n\t\t\t\t\t\t<div class=\"elementor-element elementor-element-704b190 elementor-widget__width-initial elementor-widget elementor-widget-text-editor\" data-id=\"704b190\" data-element_type=\"widget\" data-e-type=\"widget\" data-widget_type=\"text-editor.default\">\n\t\t\t\t<div class=\"elementor-widget-container\">\n\t\t\t\t\t\t\t\t\t<h6>Porc\u00ed:\u00a0 4\u00a0 |\u00a0 P\u0159\u00edprava: 45 min<\/h6><h5><strong>P\u0159\u00edprava:<\/strong><\/h5><ol><li>Ku\u0159ec\u00ed stehna omyjeme a osu\u0161\u00edme. Maso dochut\u00edme sol\u00ed a pep\u0159em, p\u0159id\u00e1me su\u0161en\u00fd z\u00e1zvor, teriyaki om\u00e1\u010dku, olej a nech\u00e1me marinovat.<br \/><br \/><\/li><li>Zapneme si multifunk\u010dn\u00ed hrnec a p\u0159edeh\u0159ejeme ho na 180 \u00b0.<br \/><br \/><\/li><li>\u0160alotku a chilli papri\u010dky nakr\u00e1j\u00edme na jemno a orestujeme dozlatova. P\u0159id\u00e1me ananasovou limon\u00e1du, teriyaki om\u00e1\u010dku, ku\u0159ec\u00ed v\u00fdvar a p\u0159ivedeme k bodu varu. Pot\u00e9 p\u0159id\u00e1me marinovan\u00e1 ku\u0159ec\u00ed stehna do z\u00e1kladu a nech\u00e1me va\u0159it 25 minut v zav\u0159en\u00e9m hrnci.\u00a0<br \/><br \/><\/li><li>Z ananasu vykroj\u00edme tvrd\u00fd st\u0159ed, nakr\u00e1j\u00edme na kosti\u010dky a orestujeme na m\u00e1sle. Op\u011bt si na jemno nakr\u00e1j\u00edme chilli papri\u010dku i koriandr a po orestov\u00e1n\u00ed p\u0159id\u00e1me k ananasu. Chvilku restujeme a pak si ananasovou salsu p\u0159end\u00e1me do misky bokem vychladnout.<br \/><br \/><\/li><li>Rozp\u00e1l\u00edme si gril na 220\u00b0 a mezit\u00edm si do misky nastrouh\u00e1me cheddar. Vezmeme si ananasovou salsu a p\u0159id\u00e1me do n\u00ed k\u016fru z jedn\u00e9 limetky, druhou limetku si p\u0159ekroj\u00edme na p\u016flku na ogrilov\u00e1n\u00ed a kone\u010dn\u00e9 zdoben\u00ed j\u00eddla. V\u0161e po\u0159\u00e1dn\u011b zam\u00edch\u00e1me.\u00a0<br \/><br \/><\/li><li>P\u016flkou limety si pot\u0159eme rozp\u00e1len\u00fd gril a limetu nech\u00e1me grilovat. Placky na tacos polo\u017e\u00edme na gril a chvilku proh\u0159ejeme. Na placky za\u010dneme do st\u0159edu vrstvit cheddar, ku\u0159ec\u00ed maso, ananasovou salsu a nakonec avok\u00e1do. P\u0159elo\u017e\u00edme jakoby do misti\u010dky a chvilku zah\u0159\u00edv\u00e1me. Hotov\u00e9 tacos p\u0159end\u00e1me na tal\u00ed\u0159, do mal\u00e9 misti\u010dky k tomu p\u0159id\u00e1me sva\u0159enou \u0161\u0165\u00e1vu z masa, grilovanou limetkou a m\u016f\u017eeme pod\u00e1vat.\u00a0<\/li><\/ol><ol><li style=\"list-style-type: none;\"><ol><li style=\"list-style-type: none;\">\u00a0<\/li><\/ol><\/li><\/ol><p style=\"text-align: right;\">Dobrou chu\u0165!<\/p>\t\t\t\t\t\t\t\t<\/div>\n\t\t\t\t<\/div>\n\t\t\t\t\t<\/div>\n\t\t<\/div>\n\t\t\t\t<div class=\"elementor-column elementor-col-50 elementor-top-column elementor-element elementor-element-a51d747\" data-id=\"a51d747\" data-element_type=\"column\" data-e-type=\"column\">\n\t\t\t<div class=\"elementor-widget-wrap elementor-element-populated\">\n\t\t\t\t\t\t<div class=\"elementor-element elementor-element-a64891f elementor-widget__width-initial elementor-widget elementor-widget-image\" data-id=\"a64891f\" data-element_type=\"widget\" data-e-type=\"widget\" data-widget_type=\"image.default\">\n\t\t\t\t<div class=\"elementor-widget-container\">\n\t\t\t\t\t\t\t\t\t\t\t\t\t\t\t<img fetchpriority=\"high\" decoding=\"async\" width=\"577\" height=\"1024\" src=\"https:\/\/ecg-electro.eu\/wp-content\/uploads\/2024\/10\/20240506_111420-577x1024.jpg\" class=\"attachment-large size-large wp-image-2452248\" alt=\"\" \/>\t\t\t\t\t\t\t\t\t\t\t\t\t\t\t<\/div>\n\t\t\t\t<\/div>\n\t\t\t\t\t<\/div>\n\t\t<\/div>\n\t\t\t\t\t<\/div>\n\t\t<\/section>\n\t\t\t\t<section class=\"elementor-section elementor-top-section elementor-element elementor-element-3ee29c4 elementor-section-boxed elementor-section-height-default elementor-section-height-default\" data-id=\"3ee29c4\" data-element_type=\"section\" data-e-type=\"section\">\n\t\t\t\t\t\t<div class=\"elementor-container elementor-column-gap-default\">\n\t\t\t\t\t<div class=\"elementor-column elementor-col-100 elementor-top-column elementor-element elementor-element-8448b59\" data-id=\"8448b59\" data-element_type=\"column\" data-e-type=\"column\">\n\t\t\t<div class=\"elementor-widget-wrap elementor-element-populated\">\n\t\t\t\t\t\t<div class=\"elementor-element elementor-element-276504e elementor-widget elementor-widget-text-editor\" data-id=\"276504e\" data-element_type=\"widget\" data-e-type=\"widget\" data-widget_type=\"text-editor.default\">\n\t\t\t\t<div class=\"elementor-widget-container\">\n\t\t\t\t\t\t\t\t\t<h4>Pou\u017eit\u00e9 spot\u0159ebi\u010de<\/h4>\t\t\t\t\t\t\t\t<\/div>\n\t\t\t\t<\/div>\n\t\t\t\t\t<\/div>\n\t\t<\/div>\n\t\t\t\t\t<\/div>\n\t\t<\/section>\n\t\t\t\t<section class=\"elementor-section elementor-top-section elementor-element elementor-element-932fab0 elementor-section-boxed elementor-section-height-default elementor-section-height-default\" data-id=\"932fab0\" data-element_type=\"section\" data-e-type=\"section\">\n\t\t\t\t\t\t<div class=\"elementor-container elementor-column-gap-default\">\n\t\t\t\t\t<div class=\"elementor-column elementor-col-33 elementor-top-column elementor-element elementor-element-10e35f5\" data-id=\"10e35f5\" data-element_type=\"column\" data-e-type=\"column\">\n\t\t\t<div class=\"elementor-widget-wrap elementor-element-populated\">\n\t\t\t\t\t\t<div class=\"elementor-element elementor-element-f90aadc elementor-widget__width-initial elementor-widget elementor-widget-image\" data-id=\"f90aadc\" data-element_type=\"widget\" data-e-type=\"widget\" data-widget_type=\"image.default\">\n\t\t\t\t<div class=\"elementor-widget-container\">\n\t\t\t\t\t\t\t\t\t\t\t\t\t\t\t\t<a href=\"https:\/\/ecg-electro.eu\/cs\/ecg-iv-2920-slim\/\">\n\t\t\t\t\t\t\t<img decoding=\"async\" src=\"https:\/\/ecg-electro.eu\/wp-content\/uploads\/2019\/10\/iv_2920_slim_2.png\" title=\"\" alt=\"\" loading=\"lazy\" \/>\t\t\t\t\t\t\t\t<\/a>\n\t\t\t\t\t\t\t\t\t\t\t\t\t\t\t<\/div>\n\t\t\t\t<\/div>\n\t\t\t\t\t<\/div>\n\t\t<\/div>\n\t\t\t\t<div class=\"elementor-column elementor-col-33 elementor-top-column elementor-element elementor-element-a88df47\" data-id=\"a88df47\" data-element_type=\"column\" data-e-type=\"column\">\n\t\t\t<div class=\"elementor-widget-wrap elementor-element-populated\">\n\t\t\t\t\t\t<div class=\"elementor-element elementor-element-3410ebe elementor-widget__width-initial elementor-widget elementor-widget-image\" data-id=\"3410ebe\" data-element_type=\"widget\" data-e-type=\"widget\" data-widget_type=\"image.default\">\n\t\t\t\t<div class=\"elementor-widget-container\">\n\t\t\t\t\t\t\t\t\t\t\t\t\t\t\t\t<a href=\"https:\/\/ecg-electro.eu\/cs\/ecg-mht-1661-pressione-nuovo\/\">\n\t\t\t\t\t\t\t<img decoding=\"async\" width=\"730\" height=\"756\" src=\"https:\/\/ecg-electro.eu\/wp-content\/uploads\/2021\/02\/mht_1661_pressione_nuovo_01c.png\" class=\"attachment-medium_large size-medium_large wp-image-1972700\" alt=\"\" \/>\t\t\t\t\t\t\t\t<\/a>\n\t\t\t\t\t\t\t\t\t\t\t\t\t\t\t<\/div>\n\t\t\t\t<\/div>\n\t\t\t\t\t<\/div>\n\t\t<\/div>\n\t\t\t\t<div class=\"elementor-column elementor-col-33 elementor-top-column elementor-element elementor-element-9505d01\" data-id=\"9505d01\" data-element_type=\"column\" data-e-type=\"column\">\n\t\t\t<div class=\"elementor-widget-wrap elementor-element-populated\">\n\t\t\t\t\t\t<div class=\"elementor-element elementor-element-a2ae7ab elementor-widget__width-initial elementor-widget elementor-widget-image\" data-id=\"a2ae7ab\" data-element_type=\"widget\" data-e-type=\"widget\" data-widget_type=\"image.default\">\n\t\t\t\t<div class=\"elementor-widget-container\">\n\t\t\t\t\t\t\t\t\t\t\t\t\t\t\t\t<a href=\"https:\/\/ecg-electro.eu\/cs\/ecg-kg-1000-gourmet\/\">\n\t\t\t\t\t\t\t<img decoding=\"async\" width=\"800\" height=\"448\" src=\"https:\/\/ecg-electro.eu\/wp-content\/uploads\/2024\/05\/KG_1000_Gourmet_01_web.jpg\" class=\"attachment-large size-large wp-image-2421214\" alt=\"\" \/>\t\t\t\t\t\t\t\t<\/a>\n\t\t\t\t\t\t\t\t\t\t\t\t\t\t\t<\/div>\n\t\t\t\t<\/div>\n\t\t\t\t\t<\/div>\n\t\t<\/div>\n\t\t\t\t\t<\/div>\n\t\t<\/section>\n\t\t\t\t<\/div>\n\t\t","protected":false},"excerpt":{"rendered":"<p>Tacos s ku\u0159etem a ananasovou salsou \u00a0 Ingredience: 600 g ku\u0159ec\u00ed stehenn\u00ed steak 300 g ananasu 20 g mix chilli (p\u00e1livost dle va\u0161\u00ed chuti) 2 dcl ananasov\u00e9 limon\u00e1dy 100 g \u0161alotky 3 ks limetky s\u016fl, pep\u0159 12 ks tacos placky 30 g koriandru 2 x avok\u00e1do 3 g su\u0161en\u00e9ho mlet\u00e9ho z\u00e1zvoru 150 g m\u00e1sla 200 [&hellip;]<\/p>\n","protected":false},"author":19,"featured_media":0,"parent":0,"menu_order":0,"comment_status":"closed","ping_status":"closed","template":"","meta":{"_acf_changed":false,"_monsterinsights_skip_tracking":false,"_monsterinsights_sitenote_active":false,"_monsterinsights_sitenote_note":"","_monsterinsights_sitenote_category":0,"footnotes":""},"class_list":["post-2452265","page","type-page","status-publish","hentry"],"acf":[],"_links":{"self":[{"href":"https:\/\/ecg-electro.eu\/cs\/wp-json\/wp\/v2\/pages\/2452265","targetHints":{"allow":["GET"]}}],"collection":[{"href":"https:\/\/ecg-electro.eu\/cs\/wp-json\/wp\/v2\/pages"}],"about":[{"href":"https:\/\/ecg-electro.eu\/cs\/wp-json\/wp\/v2\/types\/page"}],"author":[{"embeddable":true,"href":"https:\/\/ecg-electro.eu\/cs\/wp-json\/wp\/v2\/users\/19"}],"replies":[{"embeddable":true,"href":"https:\/\/ecg-electro.eu\/cs\/wp-json\/wp\/v2\/comments?post=2452265"}],"version-history":[{"count":5,"href":"https:\/\/ecg-electro.eu\/cs\/wp-json\/wp\/v2\/pages\/2452265\/revisions"}],"predecessor-version":[{"id":2452830,"href":"https:\/\/ecg-electro.eu\/cs\/wp-json\/wp\/v2\/pages\/2452265\/revisions\/2452830"}],"wp:attachment":[{"href":"https:\/\/ecg-electro.eu\/cs\/wp-json\/wp\/v2\/media?parent=2452265"}],"curies":[{"name":"wp","href":"https:\/\/api.w.org\/{rel}","templated":true}]}}