{"id":2448666,"date":"2024-09-19T13:27:52","date_gmt":"2024-09-19T11:27:52","guid":{"rendered":"https:\/\/ecg-electro.eu\/?page_id=2448666"},"modified":"2024-09-19T14:48:38","modified_gmt":"2024-09-19T12:48:38","slug":"hovezi-rump-steak-2","status":"publish","type":"page","link":"https:\/\/ecg-electro.eu\/cs\/rizoto-z-pecenych-paprik\/","title":{"rendered":"Rizoto"},"content":{"rendered":"\t\t<div data-elementor-type=\"wp-page\" data-elementor-id=\"2448666\" class=\"elementor elementor-2448666\" data-elementor-post-type=\"page\">\n\t\t\t\t\t\t<section class=\"elementor-section elementor-top-section elementor-element elementor-element-3772a80 elementor-section-boxed elementor-section-height-default elementor-section-height-default\" data-id=\"3772a80\" data-element_type=\"section\" data-e-type=\"section\">\n\t\t\t\t\t\t<div class=\"elementor-container elementor-column-gap-default\">\n\t\t\t\t\t<div class=\"elementor-column elementor-col-100 elementor-top-column elementor-element elementor-element-12274cb\" data-id=\"12274cb\" data-element_type=\"column\" data-e-type=\"column\">\n\t\t\t<div class=\"elementor-widget-wrap elementor-element-populated\">\n\t\t\t\t\t\t<div data-dce-title-color=\"#000000\" class=\"elementor-element elementor-element-dfff9a2 elementor-widget elementor-widget-heading\" data-id=\"dfff9a2\" data-element_type=\"widget\" data-e-type=\"widget\" data-widget_type=\"heading.default\">\n\t\t\t\t<div class=\"elementor-widget-container\">\n\t\t\t\t\t<h2 class=\"elementor-heading-title elementor-size-default\">Rizoto z pe\u010den\u00fdch paprik<\/h2>\t\t\t\t<\/div>\n\t\t\t\t<\/div>\n\t\t\t\t\t<\/div>\n\t\t<\/div>\n\t\t\t\t\t<\/div>\n\t\t<\/section>\n\t\t\t\t<section class=\"elementor-section elementor-top-section elementor-element elementor-element-f2f6c15 elementor-section-boxed elementor-section-height-default elementor-section-height-default\" data-id=\"f2f6c15\" data-element_type=\"section\" data-e-type=\"section\">\n\t\t\t\t\t\t<div class=\"elementor-container elementor-column-gap-default\">\n\t\t\t\t\t<header data-dce-background-color=\"#E4E4E4\" class=\"elementor-column elementor-col-50 elementor-top-column elementor-element elementor-element-c5960cb\" data-id=\"c5960cb\" data-element_type=\"column\" data-e-type=\"column\" data-settings=\"{&quot;background_background&quot;:&quot;classic&quot;}\">\n\t\t\t<div class=\"elementor-widget-wrap elementor-element-populated\">\n\t\t\t\t\t\t<div class=\"elementor-element elementor-element-a0910c1 elementor-widget__width-initial elementor-widget elementor-widget-text-editor\" data-id=\"a0910c1\" data-element_type=\"widget\" data-e-type=\"widget\" data-widget_type=\"text-editor.default\">\n\t\t\t\t<div class=\"elementor-widget-container\">\n\t\t\t\t\t\t\t\t\t<h4>\u00a0<\/h4><h4><strong>Ingredience<\/strong>:<\/h4><ul><li>500 g hov\u011bz\u00ed k\u00fdty<\/li><li>30 g medv\u011bd\u00edho \u010desneku<\/li><li>2 vejce<\/li><li>2 st\u0159edn\u00ed \u0161alotky<\/li><li>250 g pe\u010den\u00e9 papriky<\/li><li>30 g l\u00edskov\u00fdch o\u0159ech\u016f<\/li><li>60 g kade\u0159\u00e1vku<\/li><li>100 g m\u00e1sla<\/li><li>300 g r\u00fd\u017ee arborio<\/li><li>50 g strouhanky<\/li><li>15 g \u010derstv\u00e9ho oregana<\/li><li>s\u016fl<\/li><li>pep\u0159<\/li><li>100 g parmez\u00e1nu<\/li><li>zauzen\u00e1 paprika<\/li><li>olivov\u00fd olej z\u00a0pokrutin<\/li><li>citronov\u00fd sour nebo \u0161\u0165\u00e1va<\/li><li>\u00a0<\/li><\/ul><div>\u00a0<\/div><div>\u00a0<\/div>\t\t\t\t\t\t\t\t<\/div>\n\t\t\t\t<\/div>\n\t\t\t\t\t<\/div>\n\t\t<\/header>\n\t\t\t\t<div class=\"elementor-column elementor-col-50 elementor-top-column elementor-element elementor-element-3de6aee\" data-id=\"3de6aee\" data-element_type=\"column\" data-e-type=\"column\">\n\t\t\t<div class=\"elementor-widget-wrap elementor-element-populated\">\n\t\t\t\t\t\t<div class=\"elementor-element elementor-element-992611c elementor-widget__width-initial elementor-widget elementor-widget-video\" data-id=\"992611c\" data-element_type=\"widget\" data-e-type=\"widget\" data-settings=\"{&quot;video_type&quot;:&quot;hosted&quot;,&quot;controls&quot;:&quot;yes&quot;}\" data-widget_type=\"video.default\">\n\t\t\t\t<div class=\"elementor-widget-container\">\n\t\t\t\t\t\t\t<div class=\"e-hosted-video elementor-wrapper elementor-open-inline\">\n\t\t\t\t\t<video class=\"elementor-video\" src=\"https:\/\/ecg-electro.eu\/wp-content\/uploads\/2024\/09\/risoto-kompr.mp4\" controls=\"\" preload=\"metadata\" controlsList=\"nodownload\"><\/video>\n\t\t\t\t<\/div>\n\t\t\t\t\t\t<\/div>\n\t\t\t\t<\/div>\n\t\t\t\t\t<\/div>\n\t\t<\/div>\n\t\t\t\t\t<\/div>\n\t\t<\/section>\n\t\t\t\t<section class=\"elementor-section elementor-top-section elementor-element elementor-element-91a6f22 elementor-section-boxed elementor-section-height-default elementor-section-height-default\" data-id=\"91a6f22\" data-element_type=\"section\" data-e-type=\"section\">\n\t\t\t\t\t\t<div class=\"elementor-container elementor-column-gap-default\">\n\t\t\t\t\t<div class=\"elementor-column elementor-col-50 elementor-top-column elementor-element elementor-element-ac511c4\" data-id=\"ac511c4\" data-element_type=\"column\" data-e-type=\"column\">\n\t\t\t<div class=\"elementor-widget-wrap elementor-element-populated\">\n\t\t\t\t\t\t<div class=\"elementor-element elementor-element-704b190 elementor-widget__width-initial elementor-widget elementor-widget-text-editor\" data-id=\"704b190\" data-element_type=\"widget\" data-e-type=\"widget\" data-widget_type=\"text-editor.default\">\n\t\t\t\t<div class=\"elementor-widget-container\">\n\t\t\t\t\t\t\t\t\t<h6>Porc\u00ed:\u00a0 4\u00a0 |\u00a0 P\u0159\u00edprava: 60 min<\/h6><h5><strong>P\u0159\u00edprava:<\/strong><\/h5><p>1. Hov\u011bz\u00ed nakr\u00e1j\u00edme na kousky, kter\u00e9 n\u00e1sledovn\u011b nameleme do nerezov\u00e9 m\u00edsy robota. Nasek\u00e1me medv\u011bd\u00ed \u010desnek a p\u0159id\u00e1me ho k masu spolu s trochou soli, pep\u0159e, s vejci a strouhankou. Pomoc\u00ed hn\u011bta\u010de v\u0161e sm\u00edch\u00e1me.<\/p><p>2. Ze sm\u011bsi vyrob\u00edme kuli\u010dky, kter\u00e9 naskl\u00e1d\u00e1me na pe\u010dic\u00ed pap\u00edr a pot\u00e9 pe\u010deme v horkovzdu\u0161n\u00e9 frit\u00e9ze asi 10 minut (dle velikosti).<\/p><p>3. O\u010dist\u00edme a nasek\u00e1me \u0161alotku a na oleji ji orestujeme dom\u011bkka. P\u0159id\u00e1me pe\u010den\u00e9 loupan\u00e9 papriky a nasekan\u00e9 oregano. Sm\u011bs zalijeme zeleninov\u00fdm v\u00fdvarem a v\u0161e nech\u00e1me prova\u0159it. Cel\u00e9 rozmixujeme do hladk\u00e9 sm\u011bsi s trochou citronov\u00e9ho souru. Dochut\u00edme sol\u00ed a pep\u0159em.<\/p><p>4. V rendl\u00edku kr\u00e1tce orestujeme na rozp\u00e1len\u00e9m oleji r\u00fd\u017ei, kterou zalijeme paprikov\u00fdm pyr\u00e9 a za postupn\u00e9ho p\u0159il\u00e9v\u00e1n\u00ed v\u00fdvaru va\u0159\u00edme dom\u011bkka. Jakmile je r\u00fd\u017ee hotov\u00e1, p\u0159id\u00e1me m\u00e1slo a parmez\u00e1n. D\u00edky tomu bude m\u00edt rizoto kr\u00e9movou konzistenci.<\/p><p>5. P\u0159ed pod\u00e1v\u00e1n\u00edm lehce orestujeme na olivov\u00e9m oleji nakr\u00e1jen\u00fd kade\u0159\u00e1vek zbaven\u00fd ko\u0161\u0165\u00e1lu. Ochut\u00edme ho sol\u00ed a pep\u0159em a nech\u00e1me na ubrousku okapat. Nasucho ope\u010deme na p\u00e1nvi l\u00edskov\u00e9 o\u0159echy a pokr\u00e1j\u00edme je.<\/p><p>6. Rizoto naserv\u00edrujeme na tal\u00ed\u0159, navrch vyskl\u00e1d\u00e1me masov\u00e9 kuli\u010dky a dozdob\u00edme kade\u0159\u00e1vkem a p\u0159ipraven\u00fdmi l\u00edskov\u00fdmi o\u0159echy.<\/p><p>\u00a0<\/p><ol><li style=\"list-style-type: none;\"><ol><li style=\"list-style-type: none;\">\u00a0<\/li><\/ol><\/li><\/ol><p style=\"text-align: right;\">Dobrou chu\u0165!<\/p>\t\t\t\t\t\t\t\t<\/div>\n\t\t\t\t<\/div>\n\t\t\t\t\t<\/div>\n\t\t<\/div>\n\t\t\t\t<div class=\"elementor-column elementor-col-50 elementor-top-column elementor-element elementor-element-a51d747\" data-id=\"a51d747\" data-element_type=\"column\" data-e-type=\"column\">\n\t\t\t<div class=\"elementor-widget-wrap elementor-element-populated\">\n\t\t\t\t\t\t<div class=\"elementor-element elementor-element-a64891f elementor-widget__width-initial elementor-widget elementor-widget-image\" data-id=\"a64891f\" data-element_type=\"widget\" data-e-type=\"widget\" data-widget_type=\"image.default\">\n\t\t\t\t<div class=\"elementor-widget-container\">\n\t\t\t\t\t\t\t\t\t\t\t\t\t\t\t<img fetchpriority=\"high\" decoding=\"async\" width=\"577\" height=\"1024\" src=\"https:\/\/ecg-electro.eu\/wp-content\/uploads\/2024\/09\/20240502_1140572-1-577x1024.jpg\" class=\"attachment-large size-large wp-image-2448855\" alt=\"\" \/>\t\t\t\t\t\t\t\t\t\t\t\t\t\t\t<\/div>\n\t\t\t\t<\/div>\n\t\t\t\t\t<\/div>\n\t\t<\/div>\n\t\t\t\t\t<\/div>\n\t\t<\/section>\n\t\t\t\t<section class=\"elementor-section elementor-top-section elementor-element elementor-element-3ee29c4 elementor-section-boxed elementor-section-height-default elementor-section-height-default\" data-id=\"3ee29c4\" data-element_type=\"section\" data-e-type=\"section\">\n\t\t\t\t\t\t<div class=\"elementor-container elementor-column-gap-default\">\n\t\t\t\t\t<div class=\"elementor-column elementor-col-100 elementor-top-column elementor-element elementor-element-8448b59\" data-id=\"8448b59\" data-element_type=\"column\" data-e-type=\"column\">\n\t\t\t<div class=\"elementor-widget-wrap elementor-element-populated\">\n\t\t\t\t\t\t<div class=\"elementor-element elementor-element-276504e elementor-widget elementor-widget-text-editor\" data-id=\"276504e\" data-element_type=\"widget\" data-e-type=\"widget\" data-widget_type=\"text-editor.default\">\n\t\t\t\t<div class=\"elementor-widget-container\">\n\t\t\t\t\t\t\t\t\t<h4>Pou\u017eit\u00e9 spot\u0159ebi\u010de<\/h4>\t\t\t\t\t\t\t\t<\/div>\n\t\t\t\t<\/div>\n\t\t\t\t\t<\/div>\n\t\t<\/div>\n\t\t\t\t\t<\/div>\n\t\t<\/section>\n\t\t\t\t<section class=\"elementor-section elementor-top-section elementor-element elementor-element-932fab0 elementor-section-boxed elementor-section-height-default elementor-section-height-default\" data-id=\"932fab0\" data-element_type=\"section\" data-e-type=\"section\">\n\t\t\t\t\t\t<div class=\"elementor-container elementor-column-gap-default\">\n\t\t\t\t\t<div class=\"elementor-column elementor-col-33 elementor-top-column elementor-element elementor-element-10e35f5\" data-id=\"10e35f5\" data-element_type=\"column\" data-e-type=\"column\">\n\t\t\t<div class=\"elementor-widget-wrap elementor-element-populated\">\n\t\t\t\t\t\t<div class=\"elementor-element elementor-element-f90aadc elementor-widget__width-initial elementor-widget elementor-widget-image\" data-id=\"f90aadc\" data-element_type=\"widget\" data-e-type=\"widget\" data-widget_type=\"image.default\">\n\t\t\t\t<div class=\"elementor-widget-container\">\n\t\t\t\t\t\t\t\t\t\t\t\t\t\t\t\t<a href=\"https:\/\/ecg-electro.eu\/cs\/ecg-iv-2920-slim\/\">\n\t\t\t\t\t\t\t<img decoding=\"async\" src=\"https:\/\/ecg-electro.eu\/wp-content\/uploads\/2019\/10\/iv_2920_slim_2.png\" title=\"\" alt=\"\" loading=\"lazy\" \/>\t\t\t\t\t\t\t\t<\/a>\n\t\t\t\t\t\t\t\t\t\t\t\t\t\t\t<\/div>\n\t\t\t\t<\/div>\n\t\t\t\t\t<\/div>\n\t\t<\/div>\n\t\t\t\t<div class=\"elementor-column elementor-col-33 elementor-top-column elementor-element elementor-element-a88df47\" data-id=\"a88df47\" data-element_type=\"column\" data-e-type=\"column\">\n\t\t\t<div class=\"elementor-widget-wrap elementor-element-populated\">\n\t\t\t\t\t\t<div class=\"elementor-element elementor-element-3410ebe elementor-widget__width-initial elementor-widget elementor-widget-image\" data-id=\"3410ebe\" data-element_type=\"widget\" data-e-type=\"widget\" data-widget_type=\"image.default\">\n\t\t\t\t<div class=\"elementor-widget-container\">\n\t\t\t\t\t\t\t\t\t\t\t\t\t\t\t\t<a href=\"https:\/\/ecg-electro.eu\/cs\/ecg-af-6000\/\">\n\t\t\t\t\t\t\t<img decoding=\"async\" width=\"768\" height=\"881\" src=\"https:\/\/ecg-electro.eu\/wp-content\/uploads\/2024\/05\/AF_6000_04-768x881.png\" class=\"attachment-medium_large size-medium_large wp-image-2421200\" alt=\"\" \/>\t\t\t\t\t\t\t\t<\/a>\n\t\t\t\t\t\t\t\t\t\t\t\t\t\t\t<\/div>\n\t\t\t\t<\/div>\n\t\t\t\t\t<\/div>\n\t\t<\/div>\n\t\t\t\t<div class=\"elementor-column elementor-col-33 elementor-top-column elementor-element elementor-element-9505d01\" data-id=\"9505d01\" data-element_type=\"column\" data-e-type=\"column\">\n\t\t\t<div class=\"elementor-widget-wrap elementor-element-populated\">\n\t\t\t\t\t\t<div class=\"elementor-element elementor-element-a2ae7ab elementor-widget__width-initial elementor-widget elementor-widget-image\" data-id=\"a2ae7ab\" data-element_type=\"widget\" data-e-type=\"widget\" data-widget_type=\"image.default\">\n\t\t\t\t<div class=\"elementor-widget-container\">\n\t\t\t\t\t\t\t\t\t\t\t\t\t\t\t\t<a href=\"https:\/\/ecg-electro.eu\/cs\/ecg-forza-7800-ultimo-argento\/\">\n\t\t\t\t\t\t\t<img decoding=\"async\" width=\"800\" height=\"759\" src=\"https:\/\/ecg-electro.eu\/wp-content\/uploads\/2022\/08\/FORZA_7800_ULTIMO_ARGENTO_02a-1024x972.png\" class=\"attachment-large size-large wp-image-2345660\" alt=\"\" \/>\t\t\t\t\t\t\t\t<\/a>\n\t\t\t\t\t\t\t\t\t\t\t\t\t\t\t<\/div>\n\t\t\t\t<\/div>\n\t\t\t\t\t<\/div>\n\t\t<\/div>\n\t\t\t\t\t<\/div>\n\t\t<\/section>\n\t\t\t\t<\/div>\n\t\t","protected":false},"excerpt":{"rendered":"<p>Rizoto z pe\u010den\u00fdch paprik \u00a0 Ingredience: 500 g hov\u011bz\u00ed k\u00fdty 30 g medv\u011bd\u00edho \u010desneku 2 vejce 2 st\u0159edn\u00ed \u0161alotky 250 g pe\u010den\u00e9 papriky 30 g l\u00edskov\u00fdch o\u0159ech\u016f 60 g kade\u0159\u00e1vku 100 g m\u00e1sla 300 g r\u00fd\u017ee arborio 50 g strouhanky 15 g \u010derstv\u00e9ho oregana s\u016fl pep\u0159 100 g parmez\u00e1nu zauzen\u00e1 paprika olivov\u00fd olej z\u00a0pokrutin citronov\u00fd [&hellip;]<\/p>\n","protected":false},"author":19,"featured_media":0,"parent":0,"menu_order":0,"comment_status":"closed","ping_status":"closed","template":"","meta":{"_acf_changed":false,"_monsterinsights_skip_tracking":false,"_monsterinsights_sitenote_active":false,"_monsterinsights_sitenote_note":"","_monsterinsights_sitenote_category":0,"footnotes":""},"class_list":["post-2448666","page","type-page","status-publish","hentry"],"acf":[],"_links":{"self":[{"href":"https:\/\/ecg-electro.eu\/cs\/wp-json\/wp\/v2\/pages\/2448666","targetHints":{"allow":["GET"]}}],"collection":[{"href":"https:\/\/ecg-electro.eu\/cs\/wp-json\/wp\/v2\/pages"}],"about":[{"href":"https:\/\/ecg-electro.eu\/cs\/wp-json\/wp\/v2\/types\/page"}],"author":[{"embeddable":true,"href":"https:\/\/ecg-electro.eu\/cs\/wp-json\/wp\/v2\/users\/19"}],"replies":[{"embeddable":true,"href":"https:\/\/ecg-electro.eu\/cs\/wp-json\/wp\/v2\/comments?post=2448666"}],"version-history":[{"count":5,"href":"https:\/\/ecg-electro.eu\/cs\/wp-json\/wp\/v2\/pages\/2448666\/revisions"}],"predecessor-version":[{"id":2448871,"href":"https:\/\/ecg-electro.eu\/cs\/wp-json\/wp\/v2\/pages\/2448666\/revisions\/2448871"}],"wp:attachment":[{"href":"https:\/\/ecg-electro.eu\/cs\/wp-json\/wp\/v2\/media?parent=2448666"}],"curies":[{"name":"wp","href":"https:\/\/api.w.org\/{rel}","templated":true}]}}