{"id":2441750,"date":"2024-07-24T15:44:48","date_gmt":"2024-07-24T13:44:48","guid":{"rendered":"https:\/\/ecg-electro.eu\/?page_id=2441750"},"modified":"2024-07-25T12:35:21","modified_gmt":"2024-07-25T10:35:21","slug":"veprova-panenka-s-topinamburovym-pyre-a-cernou-cockou","status":"publish","type":"page","link":"https:\/\/ecg-electro.eu\/cs\/veprova-panenka-s-topinamburovym-pyre-a-cernou-cockou\/","title":{"rendered":"Vep\u0159ov\u00e1 panenka s topinamburov\u00fdm pyr\u00e9 a \u010dernou \u010do\u010dkou"},"content":{"rendered":"\t\t<div data-elementor-type=\"wp-page\" data-elementor-id=\"2441750\" class=\"elementor elementor-2441750\" data-elementor-post-type=\"page\">\n\t\t\t\t\t\t<section class=\"elementor-section elementor-top-section elementor-element elementor-element-bc1ac44 elementor-section-boxed elementor-section-height-default elementor-section-height-default\" data-id=\"bc1ac44\" data-element_type=\"section\" data-e-type=\"section\">\n\t\t\t\t\t\t<div class=\"elementor-container elementor-column-gap-default\">\n\t\t\t\t\t<div class=\"elementor-column elementor-col-100 elementor-top-column elementor-element elementor-element-d725953\" data-id=\"d725953\" data-element_type=\"column\" data-e-type=\"column\">\n\t\t\t<div class=\"elementor-widget-wrap elementor-element-populated\">\n\t\t\t\t\t\t<div data-dce-title-color=\"#000000\" class=\"elementor-element elementor-element-365480d elementor-widget elementor-widget-heading\" data-id=\"365480d\" data-element_type=\"widget\" data-e-type=\"widget\" data-widget_type=\"heading.default\">\n\t\t\t\t<div class=\"elementor-widget-container\">\n\t\t\t\t\t<h2 class=\"elementor-heading-title elementor-size-default\">Vep\u0159ov\u00e1 panenka s topinamburov\u00fdm pyr\u00e9 a \u010dernou \u010do\u010dkou<\/h2>\t\t\t\t<\/div>\n\t\t\t\t<\/div>\n\t\t\t\t\t<\/div>\n\t\t<\/div>\n\t\t\t\t\t<\/div>\n\t\t<\/section>\n\t\t\t\t<section class=\"elementor-section elementor-top-section elementor-element elementor-element-7a8e90d elementor-section-boxed elementor-section-height-default elementor-section-height-default\" data-id=\"7a8e90d\" data-element_type=\"section\" data-e-type=\"section\">\n\t\t\t\t\t\t<div class=\"elementor-container elementor-column-gap-default\">\n\t\t\t\t\t<header data-dce-background-color=\"#E4E4E4\" class=\"elementor-column elementor-col-50 elementor-top-column elementor-element elementor-element-1858b93\" data-id=\"1858b93\" data-element_type=\"column\" data-e-type=\"column\" data-settings=\"{&quot;background_background&quot;:&quot;classic&quot;}\">\n\t\t\t<div class=\"elementor-widget-wrap elementor-element-populated\">\n\t\t\t\t\t\t<div class=\"elementor-element elementor-element-37433cb elementor-widget__width-initial elementor-widget elementor-widget-text-editor\" data-id=\"37433cb\" data-element_type=\"widget\" data-e-type=\"widget\" data-widget_type=\"text-editor.default\">\n\t\t\t\t<div class=\"elementor-widget-container\">\n\t\t\t\t\t\t\t\t\t<h4><strong>Ingredience<\/strong>:<\/h4><ul><li>800 g vep\u0159ov\u00e9 panenky <\/li><li>300 g topinamburu<\/li><li>50 g \u0161alotky<\/li><li>150 g \u010dern\u00e9 \u010do\u010dky<\/li><li>100 g p\u00f3rku<\/li><li>ml\u00e9ko<\/li><li>zeleninov\u00fd v\u00fdvar <\/li><li>gin<\/li><li>s\u016fl a pep\u0159<\/li><li>tymi\u00e1n<\/li><li>olivov\u00fd olej z\u00a0pokrutin<\/li><li>50 g m\u00e1sla<\/li><li>demi glace<\/li><li>om\u00e1\u010dka se sko\u0159ic\u00ed a tamarindem<\/li><li>v\u00fdhonky \u010desneku<\/li><li>citr\u00f3nov\u00fd sour<\/li><\/ul>\t\t\t\t\t\t\t\t<\/div>\n\t\t\t\t<\/div>\n\t\t\t\t\t<\/div>\n\t\t<\/header>\n\t\t\t\t<div class=\"elementor-column elementor-col-50 elementor-top-column elementor-element elementor-element-163676d\" data-id=\"163676d\" data-element_type=\"column\" data-e-type=\"column\">\n\t\t\t<div class=\"elementor-widget-wrap elementor-element-populated\">\n\t\t\t\t\t\t<div class=\"elementor-element elementor-element-898c330 elementor-widget__width-initial elementor-widget elementor-widget-video\" data-id=\"898c330\" data-element_type=\"widget\" data-e-type=\"widget\" data-settings=\"{&quot;video_type&quot;:&quot;hosted&quot;,&quot;controls&quot;:&quot;yes&quot;}\" data-widget_type=\"video.default\">\n\t\t\t\t<div class=\"elementor-widget-container\">\n\t\t\t\t\t\t\t<div class=\"e-hosted-video elementor-wrapper elementor-open-inline\">\n\t\t\t\t\t<video class=\"elementor-video\" src=\"https:\/\/ecg-electro.eu\/wp-content\/uploads\/2024\/07\/3PANENKALOGO-2.mp4\" controls=\"\" preload=\"metadata\" controlsList=\"nodownload\"><\/video>\n\t\t\t\t<\/div>\n\t\t\t\t\t\t<\/div>\n\t\t\t\t<\/div>\n\t\t\t\t\t<\/div>\n\t\t<\/div>\n\t\t\t\t\t<\/div>\n\t\t<\/section>\n\t\t\t\t<section class=\"elementor-section elementor-top-section elementor-element elementor-element-c84235b elementor-section-boxed elementor-section-height-default elementor-section-height-default\" data-id=\"c84235b\" data-element_type=\"section\" data-e-type=\"section\">\n\t\t\t\t\t\t<div class=\"elementor-container elementor-column-gap-default\">\n\t\t\t\t\t<div class=\"elementor-column elementor-col-100 elementor-top-column elementor-element elementor-element-b706439\" data-id=\"b706439\" data-element_type=\"column\" data-e-type=\"column\">\n\t\t\t<div class=\"elementor-widget-wrap elementor-element-populated\">\n\t\t\t\t\t\t<div class=\"elementor-element elementor-element-d9dd381 elementor-widget elementor-widget-spacer\" data-id=\"d9dd381\" data-element_type=\"widget\" data-e-type=\"widget\" data-widget_type=\"spacer.default\">\n\t\t\t\t<div class=\"elementor-widget-container\">\n\t\t\t\t\t\t\t<div class=\"elementor-spacer\">\n\t\t\t<div class=\"elementor-spacer-inner\"><\/div>\n\t\t<\/div>\n\t\t\t\t\t\t<\/div>\n\t\t\t\t<\/div>\n\t\t\t\t\t<\/div>\n\t\t<\/div>\n\t\t\t\t\t<\/div>\n\t\t<\/section>\n\t\t\t\t<section class=\"elementor-section elementor-top-section elementor-element elementor-element-5668044 elementor-section-boxed elementor-section-height-default elementor-section-height-default\" data-id=\"5668044\" data-element_type=\"section\" data-e-type=\"section\">\n\t\t\t\t\t\t<div class=\"elementor-container elementor-column-gap-default\">\n\t\t\t\t\t<div class=\"elementor-column elementor-col-50 elementor-top-column elementor-element elementor-element-dcc787c\" data-id=\"dcc787c\" data-element_type=\"column\" data-e-type=\"column\">\n\t\t\t<div class=\"elementor-widget-wrap elementor-element-populated\">\n\t\t\t\t\t\t<div class=\"elementor-element elementor-element-f7cd4ad elementor-widget__width-initial elementor-widget elementor-widget-text-editor\" data-id=\"f7cd4ad\" data-element_type=\"widget\" data-e-type=\"widget\" data-widget_type=\"text-editor.default\">\n\t\t\t\t<div class=\"elementor-widget-container\">\n\t\t\t\t\t\t\t\t\t<p>Porc\u00ed:\u00a0 4\u00a0 |\u00a0 P\u0159\u00edprava: 45 min\u00a0<\/p><h5><strong>P\u0159\u00edprava:<\/strong><\/h5><p>1. Panenku o\u010dist\u00edme a nakr\u00e1j\u00edme na porce p\u0159ibli\u017en\u011b po 150 g. Maso ochut\u00edme sol\u00ed a pep\u0159em, pot\u0159eme sko\u0159icovou om\u00e1\u010dkou a nech\u00e1me marinovat. Do osolen\u00e9 vody d\u00e1me va\u0159it \u010do\u010dku s v\u011btvi\u010dkou tymi\u00e1nu. Kdy\u017e \u010do\u010dka zm\u011bkne, sced\u00edme ji a d\u00e1me stranou.<\/p><p>2. V rendl\u00edku rozpust\u00edme m\u00e1slo a trochu olivov\u00e9ho oleje, p\u0159id\u00e1me o\u010dist\u011bn\u00fd a na kostky nakr\u00e1jen\u00fd topinambur, kter\u00fd ochut\u00edme sol\u00ed a pep\u0159em. P\u0159ilijeme ml\u00e9ko a nech\u00e1me va\u0159it dom\u011bkka. Pak topinambur p\u0159eced\u00edme a rozmixujeme spolu s trochou ml\u00e9ka a zeleninov\u00fdm v\u00fdvarem. Sm\u011bs dochut\u00edme citr\u00f3nov\u00fdm sourem nebo citr\u00f3novou \u0161\u0165\u00e1vou.<\/p><p>3. O\u010dist\u00edme \u0161alotku a nasek\u00e1me nadrobno. Na olivov\u00e9m oleji ji orestujeme dozlatova, zak\u00e1pneme ginem a nech\u00e1me chvilku odpa\u0159it. Na p\u00e1nev p\u0159id\u00e1me tamarindovou om\u00e1\u010dku, zeleninov\u00fd v\u00fdvar a demi glace a sm\u011bs sva\u0159\u00edme do po\u017eadovan\u00e9 hustoty. Nakonec cel\u00e9 rozmixujeme.<\/p><p>4. Vep\u0159ovou panenku orestujeme na olivov\u00e9m oleji ze v\u0161ech stran a d\u00e1me stranou. Zapneme horkovzdu\u0161nou frit\u00e9zu na 200 \u00b0C a maso dope\u010deme dor\u016f\u017eova (p\u0159ibli\u017en\u011b 5 minut).<\/p><p>5. Na p\u00e1nvi rozpust\u00edme olej a orestujeme nadrobno nasekanou b\u00edlou \u010d\u00e1st p\u00f3rku, p\u0159id\u00e1me \u010dernou \u010do\u010dku a v\u0161e znovu kr\u00e1tce zarestujeme. Nakonec p\u0159id\u00e1me a za\u0161lemujeme m\u00e1slo. Pokrm m\u016f\u017eeme serv\u00edrovat dle fantazie, na dozdoben\u00ed n\u00e1m poslou\u017e\u00ed v\u00fdhonky \u010desneku. <\/p><p>\u00a0\u00a0\u00a0\u00a0\u00a0\u00a0\u00a0\u00a0\u00a0\u00a0\u00a0\u00a0\u00a0\u00a0\u00a0\u00a0\u00a0\u00a0\u00a0\u00a0\u00a0\u00a0\u00a0\u00a0\u00a0\u00a0\u00a0\u00a0\u00a0\u00a0\u00a0\u00a0\u00a0\u00a0\u00a0\u00a0\u00a0\u00a0\u00a0\u00a0\u00a0\u00a0\u00a0\u00a0\u00a0\u00a0\u00a0\u00a0\u00a0\u00a0\u00a0\u00a0\u00a0\u00a0\u00a0\u00a0\u00a0\u00a0\u00a0\u00a0\u00a0\u00a0\u00a0\u00a0\u00a0\u00a0\u00a0\u00a0\u00a0\u00a0\u00a0\u00a0\u00a0\u00a0\u00a0\u00a0\u00a0\u00a0\u00a0\u00a0\u00a0\u00a0\u00a0\u00a0\u00a0\u00a0\u00a0\u00a0\u00a0\u00a0\u00a0\u00a0\u00a0\u00a0\u00a0\u00a0\u00a0\u00a0\u00a0\u00a0\u00a0\u00a0\u00a0\u00a0\u00a0\u00a0\u00a0\u00a0\u00a0\u00a0\u00a0\u00a0 Dobrou chu\u0165!<\/p>\t\t\t\t\t\t\t\t<\/div>\n\t\t\t\t<\/div>\n\t\t\t\t\t<\/div>\n\t\t<\/div>\n\t\t\t\t<div class=\"elementor-column elementor-col-50 elementor-top-column elementor-element elementor-element-8bb5abe\" data-id=\"8bb5abe\" data-element_type=\"column\" data-e-type=\"column\">\n\t\t\t<div class=\"elementor-widget-wrap elementor-element-populated\">\n\t\t\t\t\t\t<div class=\"elementor-element elementor-element-b06469e elementor-widget__width-initial elementor-widget-tablet__width-initial elementor-widget elementor-widget-image\" data-id=\"b06469e\" data-element_type=\"widget\" data-e-type=\"widget\" data-widget_type=\"image.default\">\n\t\t\t\t<div class=\"elementor-widget-container\">\n\t\t\t\t\t\t\t\t\t\t\t\t\t\t\t<img fetchpriority=\"high\" decoding=\"async\" width=\"645\" height=\"1024\" src=\"https:\/\/ecg-electro.eu\/wp-content\/uploads\/2024\/07\/20240509_144321-1-645x1024.jpg\" class=\"attachment-large size-large wp-image-2441804\" alt=\"\" \/>\t\t\t\t\t\t\t\t\t\t\t\t\t\t\t<\/div>\n\t\t\t\t<\/div>\n\t\t\t\t\t<\/div>\n\t\t<\/div>\n\t\t\t\t\t<\/div>\n\t\t<\/section>\n\t\t\t\t<section class=\"elementor-section elementor-top-section elementor-element elementor-element-3690096 elementor-section-boxed elementor-section-height-default elementor-section-height-default\" data-id=\"3690096\" data-element_type=\"section\" data-e-type=\"section\">\n\t\t\t\t\t\t<div class=\"elementor-container elementor-column-gap-default\">\n\t\t\t\t\t<div class=\"elementor-column elementor-col-100 elementor-top-column elementor-element elementor-element-c6cc965\" data-id=\"c6cc965\" data-element_type=\"column\" data-e-type=\"column\">\n\t\t\t<div class=\"elementor-widget-wrap elementor-element-populated\">\n\t\t\t\t\t\t<div class=\"elementor-element elementor-element-2bfc650 elementor-widget elementor-widget-text-editor\" data-id=\"2bfc650\" data-element_type=\"widget\" data-e-type=\"widget\" data-widget_type=\"text-editor.default\">\n\t\t\t\t<div class=\"elementor-widget-container\">\n\t\t\t\t\t\t\t\t\t<h4>Pou\u017eit\u00e9 spot\u0159ebi\u010de<\/h4>\t\t\t\t\t\t\t\t<\/div>\n\t\t\t\t<\/div>\n\t\t\t\t\t<\/div>\n\t\t<\/div>\n\t\t\t\t\t<\/div>\n\t\t<\/section>\n\t\t\t\t<section class=\"elementor-section elementor-top-section elementor-element elementor-element-6cbdeb6 elementor-section-boxed elementor-section-height-default elementor-section-height-default\" data-id=\"6cbdeb6\" data-element_type=\"section\" data-e-type=\"section\">\n\t\t\t\t\t\t<div class=\"elementor-container elementor-column-gap-default\">\n\t\t\t\t\t<div class=\"elementor-column elementor-col-25 elementor-top-column elementor-element elementor-element-e5f2e19\" data-id=\"e5f2e19\" data-element_type=\"column\" data-e-type=\"column\">\n\t\t\t<div class=\"elementor-widget-wrap elementor-element-populated\">\n\t\t\t\t\t\t<div class=\"elementor-element elementor-element-ab6728d elementor-widget__width-initial elementor-widget elementor-widget-image\" data-id=\"ab6728d\" data-element_type=\"widget\" data-e-type=\"widget\" data-settings=\"{&quot;_animation&quot;:&quot;none&quot;,&quot;_animation_delay&quot;:200}\" data-widget_type=\"image.default\">\n\t\t\t\t<div class=\"elementor-widget-container\">\n\t\t\t\t\t\t\t\t\t\t\t\t\t\t\t\t<a href=\"https:\/\/ecg-electro.eu\/cs\/ecg-af-6000\/\">\n\t\t\t\t\t\t\t<img decoding=\"async\" width=\"768\" height=\"881\" src=\"https:\/\/ecg-electro.eu\/wp-content\/uploads\/2024\/05\/AF_6000_04-768x881.png\" class=\"attachment-medium_large size-medium_large wp-image-2421200\" alt=\"\" \/>\t\t\t\t\t\t\t\t<\/a>\n\t\t\t\t\t\t\t\t\t\t\t\t\t\t\t<\/div>\n\t\t\t\t<\/div>\n\t\t\t\t\t<\/div>\n\t\t<\/div>\n\t\t\t\t<div class=\"elementor-column elementor-col-25 elementor-top-column elementor-element elementor-element-2a962ea\" data-id=\"2a962ea\" data-element_type=\"column\" data-e-type=\"column\">\n\t\t\t<div class=\"elementor-widget-wrap elementor-element-populated\">\n\t\t\t\t\t\t<div class=\"elementor-element elementor-element-5d8e57f elementor-widget__width-initial elementor-widget elementor-widget-image\" data-id=\"5d8e57f\" data-element_type=\"widget\" data-e-type=\"widget\" data-settings=\"{&quot;_animation&quot;:&quot;none&quot;,&quot;_animation_delay&quot;:200}\" data-widget_type=\"image.default\">\n\t\t\t\t<div class=\"elementor-widget-container\">\n\t\t\t\t\t\t\t\t\t\t\t\t\t\t\t\t<a href=\"https:\/\/ecg-electro.eu\/cs\/ecg-iv-2920-slim\/\">\n\t\t\t\t\t\t\t<img decoding=\"async\" src=\"https:\/\/ecg-electro.eu\/wp-content\/uploads\/2019\/10\/iv_2920_slim_2.png\" title=\"\" alt=\"\" loading=\"lazy\" \/>\t\t\t\t\t\t\t\t<\/a>\n\t\t\t\t\t\t\t\t\t\t\t\t\t\t\t<\/div>\n\t\t\t\t<\/div>\n\t\t\t\t\t<\/div>\n\t\t<\/div>\n\t\t\t\t<div class=\"elementor-column elementor-col-25 elementor-top-column elementor-element elementor-element-fd1bf54\" data-id=\"fd1bf54\" data-element_type=\"column\" data-e-type=\"column\">\n\t\t\t<div class=\"elementor-widget-wrap elementor-element-populated\">\n\t\t\t\t\t\t<div class=\"elementor-element elementor-element-819e42f elementor-widget__width-initial elementor-widget elementor-widget-image\" data-id=\"819e42f\" data-element_type=\"widget\" data-e-type=\"widget\" data-settings=\"{&quot;_animation&quot;:&quot;none&quot;,&quot;_animation_delay&quot;:200}\" data-widget_type=\"image.default\">\n\t\t\t\t<div class=\"elementor-widget-container\">\n\t\t\t\t\t\t\t\t\t\t\t\t\t\t\t\t<a href=\"https:\/\/ecg-electro.eu\/cs\/ecg-forza-7800-ultimo-argento\/\">\n\t\t\t\t\t\t\t<img decoding=\"async\" width=\"768\" height=\"959\" src=\"https:\/\/ecg-electro.eu\/wp-content\/uploads\/2022\/08\/FORZA_7800_ULTIMO_ARGENTO_01a-768x959.png\" class=\"attachment-medium_large size-medium_large wp-image-2341290\" alt=\"\" \/>\t\t\t\t\t\t\t\t<\/a>\n\t\t\t\t\t\t\t\t\t\t\t\t\t\t\t<\/div>\n\t\t\t\t<\/div>\n\t\t\t\t\t<\/div>\n\t\t<\/div>\n\t\t\t\t<div class=\"elementor-column elementor-col-25 elementor-top-column elementor-element elementor-element-8b5d3a2\" data-id=\"8b5d3a2\" data-element_type=\"column\" data-e-type=\"column\">\n\t\t\t<div class=\"elementor-widget-wrap elementor-element-populated\">\n\t\t\t\t\t\t<div class=\"elementor-element elementor-element-7b1f7c6 elementor-widget__width-initial elementor-widget elementor-widget-image\" data-id=\"7b1f7c6\" data-element_type=\"widget\" data-e-type=\"widget\" data-widget_type=\"image.default\">\n\t\t\t\t<div class=\"elementor-widget-container\">\n\t\t\t\t\t\t\t\t\t\t\t\t\t\t\t\t<a href=\"https:\/\/ecg-electro.eu\/cs\/ecg-rm-750\/\">\n\t\t\t\t\t\t\t<img loading=\"lazy\" decoding=\"async\" width=\"800\" height=\"888\" src=\"https:\/\/ecg-electro.eu\/wp-content\/uploads\/2021\/05\/RM_750_01a-923x1024.png\" class=\"attachment-large size-large wp-image-2360435\" alt=\"\" \/>\t\t\t\t\t\t\t\t<\/a>\n\t\t\t\t\t\t\t\t\t\t\t\t\t\t\t<\/div>\n\t\t\t\t<\/div>\n\t\t\t\t\t<\/div>\n\t\t<\/div>\n\t\t\t\t\t<\/div>\n\t\t<\/section>\n\t\t\t\t<section class=\"elementor-section elementor-top-section elementor-element elementor-element-e761f21 elementor-section-boxed elementor-section-height-default elementor-section-height-default\" data-id=\"e761f21\" data-element_type=\"section\" data-e-type=\"section\">\n\t\t\t\t\t\t<div class=\"elementor-container elementor-column-gap-default\">\n\t\t\t\t\t<div class=\"elementor-column elementor-col-100 elementor-top-column elementor-element elementor-element-a7d7aeb\" data-id=\"a7d7aeb\" data-element_type=\"column\" data-e-type=\"column\">\n\t\t\t<div class=\"elementor-widget-wrap\">\n\t\t\t\t\t\t\t<\/div>\n\t\t<\/div>\n\t\t\t\t\t<\/div>\n\t\t<\/section>\n\t\t\t\t<\/div>\n\t\t","protected":false},"excerpt":{"rendered":"<p>Vep\u0159ov\u00e1 panenka s topinamburov\u00fdm pyr\u00e9 a \u010dernou \u010do\u010dkou Ingredience: 800 g vep\u0159ov\u00e9 panenky 300 g topinamburu 50 g \u0161alotky 150 g \u010dern\u00e9 \u010do\u010dky 100 g p\u00f3rku ml\u00e9ko zeleninov\u00fd v\u00fdvar gin s\u016fl a pep\u0159 tymi\u00e1n olivov\u00fd olej z\u00a0pokrutin 50 g m\u00e1sla demi glace om\u00e1\u010dka se sko\u0159ic\u00ed a tamarindem v\u00fdhonky \u010desneku citr\u00f3nov\u00fd sour https:\/\/ecg-electro.eu\/wp-content\/uploads\/2024\/07\/3PANENKALOGO-2.mp4 Porc\u00ed:\u00a0 4\u00a0 |\u00a0 [&hellip;]<\/p>\n","protected":false},"author":19,"featured_media":0,"parent":0,"menu_order":0,"comment_status":"closed","ping_status":"closed","template":"","meta":{"_acf_changed":false,"_monsterinsights_skip_tracking":false,"_monsterinsights_sitenote_active":false,"_monsterinsights_sitenote_note":"","_monsterinsights_sitenote_category":0,"footnotes":""},"class_list":["post-2441750","page","type-page","status-publish","hentry"],"acf":[],"_links":{"self":[{"href":"https:\/\/ecg-electro.eu\/cs\/wp-json\/wp\/v2\/pages\/2441750","targetHints":{"allow":["GET"]}}],"collection":[{"href":"https:\/\/ecg-electro.eu\/cs\/wp-json\/wp\/v2\/pages"}],"about":[{"href":"https:\/\/ecg-electro.eu\/cs\/wp-json\/wp\/v2\/types\/page"}],"author":[{"embeddable":true,"href":"https:\/\/ecg-electro.eu\/cs\/wp-json\/wp\/v2\/users\/19"}],"replies":[{"embeddable":true,"href":"https:\/\/ecg-electro.eu\/cs\/wp-json\/wp\/v2\/comments?post=2441750"}],"version-history":[{"count":5,"href":"https:\/\/ecg-electro.eu\/cs\/wp-json\/wp\/v2\/pages\/2441750\/revisions"}],"predecessor-version":[{"id":2441827,"href":"https:\/\/ecg-electro.eu\/cs\/wp-json\/wp\/v2\/pages\/2441750\/revisions\/2441827"}],"wp:attachment":[{"href":"https:\/\/ecg-electro.eu\/cs\/wp-json\/wp\/v2\/media?parent=2441750"}],"curies":[{"name":"wp","href":"https:\/\/api.w.org\/{rel}","templated":true}]}}