{"id":2441293,"date":"2024-07-11T11:27:23","date_gmt":"2024-07-11T09:27:23","guid":{"rendered":"https:\/\/ecg-electro.eu\/?page_id=2441293"},"modified":"2024-10-09T13:39:37","modified_gmt":"2024-10-09T11:39:37","slug":"zemlovka-s-hruskami-a-boruvkami","status":"publish","type":"page","link":"https:\/\/ecg-electro.eu\/cs\/zemlovka-s-hruskami-a-boruvkami\/","title":{"rendered":"\u017demlovka s hru\u0161kami a bor\u016fvkami"},"content":{"rendered":"\t\t<div data-elementor-type=\"wp-page\" data-elementor-id=\"2441293\" class=\"elementor elementor-2441293\" data-elementor-post-type=\"page\">\n\t\t\t\t\t\t<section class=\"elementor-section elementor-top-section elementor-element elementor-element-bc1ac44 elementor-section-boxed elementor-section-height-default elementor-section-height-default\" data-id=\"bc1ac44\" data-element_type=\"section\" data-e-type=\"section\">\n\t\t\t\t\t\t<div class=\"elementor-container elementor-column-gap-default\">\n\t\t\t\t\t<div class=\"elementor-column elementor-col-100 elementor-top-column elementor-element elementor-element-d725953\" data-id=\"d725953\" data-element_type=\"column\" data-e-type=\"column\">\n\t\t\t<div class=\"elementor-widget-wrap elementor-element-populated\">\n\t\t\t\t\t\t<div data-dce-title-color=\"#000000\" class=\"elementor-element elementor-element-365480d elementor-widget elementor-widget-heading\" data-id=\"365480d\" data-element_type=\"widget\" data-e-type=\"widget\" data-widget_type=\"heading.default\">\n\t\t\t\t<div class=\"elementor-widget-container\">\n\t\t\t\t\t<h2 class=\"elementor-heading-title elementor-size-default\">\u017demlovka s hru\u0161kami a bor\u016fvkami<\/h2>\t\t\t\t<\/div>\n\t\t\t\t<\/div>\n\t\t\t\t\t<\/div>\n\t\t<\/div>\n\t\t\t\t\t<\/div>\n\t\t<\/section>\n\t\t\t\t<section class=\"elementor-section elementor-top-section elementor-element elementor-element-7a8e90d elementor-section-boxed elementor-section-height-default elementor-section-height-default\" data-id=\"7a8e90d\" data-element_type=\"section\" data-e-type=\"section\">\n\t\t\t\t\t\t<div class=\"elementor-container elementor-column-gap-default\">\n\t\t\t\t\t<header data-dce-background-color=\"#E4E4E4\" class=\"elementor-column elementor-col-50 elementor-top-column elementor-element elementor-element-1858b93\" data-id=\"1858b93\" data-element_type=\"column\" data-e-type=\"column\" data-settings=\"{&quot;background_background&quot;:&quot;classic&quot;}\">\n\t\t\t<div class=\"elementor-widget-wrap elementor-element-populated\">\n\t\t\t\t\t\t<div class=\"elementor-element elementor-element-37433cb elementor-widget__width-initial elementor-widget elementor-widget-text-editor\" data-id=\"37433cb\" data-element_type=\"widget\" data-e-type=\"widget\" data-widget_type=\"text-editor.default\">\n\t\t\t\t<div class=\"elementor-widget-container\">\n\t\t\t\t\t\t\t\t\t<h4><strong>Ingredience<\/strong>:<\/h4><p>5ks hru\u0161ek <br \/>200 g bor\u016fvek <br \/>50 g t\u0159tinov\u00e9ho cukru <br \/>400 g tvarohu <br \/>2cl rumu (slan\u00fd karamel) <br \/>30 g vla\u0161sk\u00fdch o\u0159ech\u016f <br \/>6 vajec <br \/>5ks star\u0161\u00edch rohl\u00edk\u016f nebo b\u00edl\u00e9ho pe\u010diva <br \/>100 g malin<br \/>200 ml ml\u00e9ka <br \/>1 vanilkov\u00fd cukr <br \/>1 citron <br \/>5 g krystalov\u00e9ho cukru <br \/>\u010derstv\u00e1 m\u00e1ta <br \/>s\u016fl<\/p>\t\t\t\t\t\t\t\t<\/div>\n\t\t\t\t<\/div>\n\t\t\t\t\t<\/div>\n\t\t<\/header>\n\t\t\t\t<div class=\"elementor-column elementor-col-50 elementor-top-column elementor-element elementor-element-163676d\" data-id=\"163676d\" data-element_type=\"column\" data-e-type=\"column\">\n\t\t\t<div class=\"elementor-widget-wrap elementor-element-populated\">\n\t\t\t\t\t\t<div class=\"elementor-element elementor-element-898c330 elementor-widget__width-initial elementor-widget elementor-widget-video\" data-id=\"898c330\" data-element_type=\"widget\" data-e-type=\"widget\" data-settings=\"{&quot;video_type&quot;:&quot;hosted&quot;,&quot;controls&quot;:&quot;yes&quot;}\" data-widget_type=\"video.default\">\n\t\t\t\t<div class=\"elementor-widget-container\">\n\t\t\t\t\t\t\t<div class=\"e-hosted-video elementor-wrapper elementor-open-inline\">\n\t\t\t\t\t<video class=\"elementor-video\" src=\"https:\/\/ecg-electro.eu\/wp-content\/uploads\/2024\/07\/Zemlovka.mp4\" controls=\"\" preload=\"metadata\" controlsList=\"nodownload\"><\/video>\n\t\t\t\t<\/div>\n\t\t\t\t\t\t<\/div>\n\t\t\t\t<\/div>\n\t\t\t\t\t<\/div>\n\t\t<\/div>\n\t\t\t\t\t<\/div>\n\t\t<\/section>\n\t\t\t\t<section class=\"elementor-section elementor-top-section elementor-element elementor-element-c84235b elementor-section-boxed elementor-section-height-default elementor-section-height-default\" data-id=\"c84235b\" data-element_type=\"section\" data-e-type=\"section\">\n\t\t\t\t\t\t<div class=\"elementor-container elementor-column-gap-default\">\n\t\t\t\t\t<div class=\"elementor-column elementor-col-100 elementor-top-column elementor-element elementor-element-b706439\" data-id=\"b706439\" data-element_type=\"column\" data-e-type=\"column\">\n\t\t\t<div class=\"elementor-widget-wrap elementor-element-populated\">\n\t\t\t\t\t\t<div class=\"elementor-element elementor-element-d9dd381 elementor-widget elementor-widget-spacer\" data-id=\"d9dd381\" data-element_type=\"widget\" data-e-type=\"widget\" data-widget_type=\"spacer.default\">\n\t\t\t\t<div class=\"elementor-widget-container\">\n\t\t\t\t\t\t\t<div class=\"elementor-spacer\">\n\t\t\t<div class=\"elementor-spacer-inner\"><\/div>\n\t\t<\/div>\n\t\t\t\t\t\t<\/div>\n\t\t\t\t<\/div>\n\t\t\t\t\t<\/div>\n\t\t<\/div>\n\t\t\t\t\t<\/div>\n\t\t<\/section>\n\t\t\t\t<section class=\"elementor-section elementor-top-section elementor-element elementor-element-5668044 elementor-section-boxed elementor-section-height-default elementor-section-height-default\" data-id=\"5668044\" data-element_type=\"section\" data-e-type=\"section\">\n\t\t\t\t\t\t<div class=\"elementor-container elementor-column-gap-default\">\n\t\t\t\t\t<div class=\"elementor-column elementor-col-50 elementor-top-column elementor-element elementor-element-dcc787c\" data-id=\"dcc787c\" data-element_type=\"column\" data-e-type=\"column\">\n\t\t\t<div class=\"elementor-widget-wrap elementor-element-populated\">\n\t\t\t\t\t\t<div class=\"elementor-element elementor-element-f7cd4ad elementor-widget__width-initial elementor-widget elementor-widget-text-editor\" data-id=\"f7cd4ad\" data-element_type=\"widget\" data-e-type=\"widget\" data-widget_type=\"text-editor.default\">\n\t\t\t\t<div class=\"elementor-widget-container\">\n\t\t\t\t\t\t\t\t\t<p>Porc\u00ed:\u00a0 4\u00a0 |\u00a0 P\u0159\u00edprava: 50 min\u00a0<\/p><h5><strong>P\u0159\u00edprava:<\/strong><\/h5><ol><li><p>\u00a0M\u00edsu multifunk\u010dn\u00edho hrnce vylo\u017e\u00edme pe\u010d\u00edc\u00edm pap\u00edrem. Rohl\u00edky nakr\u00e1j\u00edme na\u0161ikmo na v\u011bt\u0161\u00ed kole\u010dka, hru\u0161ky omyjeme, o\u010dist\u00edme od st\u0159ed\u016f a nakr\u00e1j\u00edme na kostky. Vla\u0161sk\u00e9 o\u0159echy pokr\u00e1j\u00edme na men\u0161\u00ed kousky a nasypeme spolu s t\u0159tinov\u00fdm cukrem a nakr\u00e1jen\u00fdmi hru\u0161kami do men\u0161\u00ed m\u00edsy. V\u0161e lehce prom\u00edch\u00e1me, p\u0159id\u00e1me bor\u016fvky a znovu lehce zam\u00edch\u00e1me.<\/p><\/li><li><p>Vezmeme 3 vejce a odd\u011bl\u00edme \u017eloutky od b\u00edlk\u016f. V dal\u0161\u00ed misce dob\u0159e prom\u00edch\u00e1me ml\u00e9ko, vanilkov\u00fd cukr a odd\u011blen\u00e9 \u017eloutky. Odd\u011bl\u00edme tak\u00e9 zb\u00fdvaj\u00edc\u00ed 3 \u017eloutky od b\u00edlk\u016f. V jin\u00e9 misce sm\u00edch\u00e1me tvaroh, \u017eloutky, rum, p\u0159id\u00e1me nastrouhanou k\u016fru z citronu a v\u0161e po\u0159\u00e1dn\u011b prom\u00edch\u00e1me.<\/p><\/li><li><p>Rohl\u00edky namo\u010d\u00edme v ochucen\u00e9m ml\u00e9ce a vylo\u017e\u00edme do m\u00edsy s pe\u010dic\u00edm pap\u00edrem. Na rohl\u00edky nalijeme p\u016flku tvarohov\u00e9 sm\u011bsi a rozet\u0159eme. Na tvaroh naneseme ochucen\u00e9 hru\u0161ky tak, aby pokr\u00fdvaly celou plochu. Znovu namo\u010d\u00edme rohl\u00edky do ml\u00e9ka a vyskl\u00e1d\u00e1me navrch. V\u0161e pot\u00e9 zalijeme zbytkem tvarohu, rozet\u0159eme po cel\u00e9 \u017eemlovce a d\u00e1me p\u00e9ct na 180 stup\u0148\u016f na dobu p\u0159ibli\u017en\u011b 30-40 minut.<\/p><\/li><li><p>V mix\u00e9ru u\u0161leh\u00e1me odd\u011blen\u00e9 b\u00edlky se \u0161petkou soli. Postupn\u011b k nim p\u0159id\u00e1v\u00e1me cukr, tak aby vznikl tuh\u00fd \u201esn\u00edh\u201c. Mezit\u00edm nakr\u00e1j\u00edme najemno m\u00e1tu, kterou lehce prom\u00edch\u00e1me s bor\u016fvkami, malinami a trochou citronov\u00e9 \u0161\u0165\u00e1vy.<\/p><\/li><li><p>Upe\u010denou \u017eemlovku p\u0159end\u00e1me na tal\u00ed\u0159, na jednu p\u016flku naneseme sn\u00edh z b\u00edlk\u016f a op\u00e1l\u00edme ho flambovac\u00ed pistol\u00ed. Druhou p\u016flku ozdob\u00edme p\u0159ipravenou sm\u011bs\u00ed z ovoce. M\u016f\u017eeme ihned serv\u00edrovat. <\/p><\/li><\/ol><p>\u00a0\u00a0\u00a0\u00a0\u00a0\u00a0\u00a0\u00a0\u00a0\u00a0\u00a0\u00a0\u00a0\u00a0\u00a0\u00a0\u00a0\u00a0\u00a0\u00a0\u00a0\u00a0\u00a0\u00a0\u00a0\u00a0\u00a0\u00a0\u00a0\u00a0\u00a0\u00a0\u00a0\u00a0\u00a0\u00a0\u00a0\u00a0\u00a0\u00a0\u00a0\u00a0\u00a0\u00a0\u00a0\u00a0\u00a0\u00a0\u00a0\u00a0\u00a0\u00a0\u00a0\u00a0\u00a0\u00a0\u00a0\u00a0\u00a0\u00a0\u00a0\u00a0\u00a0\u00a0\u00a0\u00a0\u00a0\u00a0\u00a0\u00a0\u00a0\u00a0\u00a0\u00a0\u00a0\u00a0\u00a0\u00a0\u00a0\u00a0\u00a0\u00a0\u00a0\u00a0\u00a0\u00a0\u00a0\u00a0\u00a0\u00a0\u00a0\u00a0\u00a0\u00a0\u00a0\u00a0\u00a0\u00a0\u00a0\u00a0\u00a0\u00a0\u00a0\u00a0\u00a0\u00a0\u00a0\u00a0\u00a0\u00a0\u00a0\u00a0 Dobrou chu\u0165!<\/p>\t\t\t\t\t\t\t\t<\/div>\n\t\t\t\t<\/div>\n\t\t\t\t\t<\/div>\n\t\t<\/div>\n\t\t\t\t<div class=\"elementor-column elementor-col-50 elementor-top-column elementor-element elementor-element-8bb5abe\" data-id=\"8bb5abe\" data-element_type=\"column\" data-e-type=\"column\">\n\t\t\t<div class=\"elementor-widget-wrap elementor-element-populated\">\n\t\t\t\t\t\t<div class=\"elementor-element elementor-element-b06469e elementor-widget__width-initial elementor-widget-tablet__width-initial elementor-widget elementor-widget-image\" data-id=\"b06469e\" data-element_type=\"widget\" data-e-type=\"widget\" data-widget_type=\"image.default\">\n\t\t\t\t<div class=\"elementor-widget-container\">\n\t\t\t\t\t\t\t\t\t\t\t\t\t\t\t<img fetchpriority=\"high\" decoding=\"async\" width=\"643\" height=\"1024\" src=\"https:\/\/ecg-electro.eu\/wp-content\/uploads\/2024\/07\/20240514_1131161-643x1024.jpg\" class=\"attachment-large size-large wp-image-2441205\" alt=\"\" \/>\t\t\t\t\t\t\t\t\t\t\t\t\t\t\t<\/div>\n\t\t\t\t<\/div>\n\t\t\t\t\t<\/div>\n\t\t<\/div>\n\t\t\t\t\t<\/div>\n\t\t<\/section>\n\t\t\t\t<section class=\"elementor-section elementor-top-section elementor-element elementor-element-3690096 elementor-section-boxed elementor-section-height-default elementor-section-height-default\" data-id=\"3690096\" data-element_type=\"section\" data-e-type=\"section\">\n\t\t\t\t\t\t<div class=\"elementor-container elementor-column-gap-default\">\n\t\t\t\t\t<div class=\"elementor-column elementor-col-100 elementor-top-column elementor-element elementor-element-c6cc965\" data-id=\"c6cc965\" data-element_type=\"column\" data-e-type=\"column\">\n\t\t\t<div class=\"elementor-widget-wrap elementor-element-populated\">\n\t\t\t\t\t\t<div class=\"elementor-element elementor-element-2bfc650 elementor-widget elementor-widget-text-editor\" data-id=\"2bfc650\" data-element_type=\"widget\" data-e-type=\"widget\" data-widget_type=\"text-editor.default\">\n\t\t\t\t<div class=\"elementor-widget-container\">\n\t\t\t\t\t\t\t\t\t<h4>Pou\u017eit\u00e9 spot\u0159ebi\u010de<\/h4>\t\t\t\t\t\t\t\t<\/div>\n\t\t\t\t<\/div>\n\t\t\t\t\t<\/div>\n\t\t<\/div>\n\t\t\t\t\t<\/div>\n\t\t<\/section>\n\t\t\t\t<section class=\"elementor-section elementor-top-section elementor-element elementor-element-6cbdeb6 elementor-section-boxed elementor-section-height-default elementor-section-height-default\" data-id=\"6cbdeb6\" data-element_type=\"section\" data-e-type=\"section\">\n\t\t\t\t\t\t<div class=\"elementor-container elementor-column-gap-default\">\n\t\t\t\t\t<div class=\"elementor-column elementor-col-50 elementor-top-column elementor-element elementor-element-e5f2e19\" data-id=\"e5f2e19\" data-element_type=\"column\" data-e-type=\"column\">\n\t\t\t<div class=\"elementor-widget-wrap elementor-element-populated\">\n\t\t\t\t\t\t<div class=\"elementor-element elementor-element-ab6728d elementor-widget__width-initial elementor-widget elementor-widget-image\" data-id=\"ab6728d\" data-element_type=\"widget\" data-e-type=\"widget\" data-settings=\"{&quot;_animation&quot;:&quot;none&quot;,&quot;_animation_delay&quot;:200}\" data-widget_type=\"image.default\">\n\t\t\t\t<div class=\"elementor-widget-container\">\n\t\t\t\t\t\t\t\t\t\t\t\t\t\t\t\t<a href=\"https:\/\/ecg-electro.eu\/cs\/ecg-mht-1661-pressione-nuovo\/\">\n\t\t\t\t\t\t\t<img decoding=\"async\" width=\"640\" height=\"756\" src=\"https:\/\/ecg-electro.eu\/wp-content\/uploads\/2021\/02\/mht_1661_pressione_nuovo_04a.png\" class=\"attachment-medium_large size-medium_large wp-image-1972678\" alt=\"\" \/>\t\t\t\t\t\t\t\t<\/a>\n\t\t\t\t\t\t\t\t\t\t\t\t\t\t\t<\/div>\n\t\t\t\t<\/div>\n\t\t\t\t\t<\/div>\n\t\t<\/div>\n\t\t\t\t<div class=\"elementor-column elementor-col-50 elementor-top-column elementor-element elementor-element-8b5d3a2\" data-id=\"8b5d3a2\" data-element_type=\"column\" data-e-type=\"column\">\n\t\t\t<div class=\"elementor-widget-wrap elementor-element-populated\">\n\t\t\t\t\t\t<div class=\"elementor-element elementor-element-7b1f7c6 elementor-widget__width-initial elementor-widget elementor-widget-image\" data-id=\"7b1f7c6\" data-element_type=\"widget\" data-e-type=\"widget\" data-widget_type=\"image.default\">\n\t\t\t\t<div class=\"elementor-widget-container\">\n\t\t\t\t\t\t\t\t\t\t\t\t\t\t\t\t<a href=\"https:\/\/ecg-electro.eu\/cs\/ecg-forza-6600-metallo-nero\/\">\n\t\t\t\t\t\t\t<img decoding=\"async\" width=\"800\" height=\"761\" src=\"https:\/\/ecg-electro.eu\/wp-content\/uploads\/2022\/12\/FORZA_6600_Metallo_NERO_05-1024x974.png\" class=\"attachment-large size-large wp-image-2354967\" alt=\"\" \/>\t\t\t\t\t\t\t\t<\/a>\n\t\t\t\t\t\t\t\t\t\t\t\t\t\t\t<\/div>\n\t\t\t\t<\/div>\n\t\t\t\t\t<\/div>\n\t\t<\/div>\n\t\t\t\t\t<\/div>\n\t\t<\/section>\n\t\t\t\t<section class=\"elementor-section elementor-top-section elementor-element elementor-element-e761f21 elementor-section-boxed elementor-section-height-default elementor-section-height-default\" data-id=\"e761f21\" data-element_type=\"section\" data-e-type=\"section\">\n\t\t\t\t\t\t<div class=\"elementor-container elementor-column-gap-default\">\n\t\t\t\t\t<div class=\"elementor-column elementor-col-100 elementor-top-column elementor-element elementor-element-a7d7aeb\" data-id=\"a7d7aeb\" data-element_type=\"column\" data-e-type=\"column\">\n\t\t\t<div class=\"elementor-widget-wrap\">\n\t\t\t\t\t\t\t<\/div>\n\t\t<\/div>\n\t\t\t\t\t<\/div>\n\t\t<\/section>\n\t\t\t\t<\/div>\n\t\t","protected":false},"excerpt":{"rendered":"<p>\u017demlovka s hru\u0161kami a bor\u016fvkami Ingredience: 5ks hru\u0161ek 200 g bor\u016fvek 50 g t\u0159tinov\u00e9ho cukru 400 g tvarohu 2cl rumu (slan\u00fd karamel) 30 g vla\u0161sk\u00fdch o\u0159ech\u016f 6 vajec 5ks star\u0161\u00edch rohl\u00edk\u016f nebo b\u00edl\u00e9ho pe\u010diva 100 g malin 200 ml ml\u00e9ka 1 vanilkov\u00fd cukr 1 citron 5 g krystalov\u00e9ho cukru \u010derstv\u00e1 m\u00e1ta s\u016fl https:\/\/ecg-electro.eu\/wp-content\/uploads\/2024\/07\/Zemlovka.mp4 Porc\u00ed:\u00a0 4\u00a0 [&hellip;]<\/p>\n","protected":false},"author":19,"featured_media":0,"parent":0,"menu_order":0,"comment_status":"closed","ping_status":"closed","template":"","meta":{"_acf_changed":false,"_monsterinsights_skip_tracking":false,"_monsterinsights_sitenote_active":false,"_monsterinsights_sitenote_note":"","_monsterinsights_sitenote_category":0,"footnotes":""},"class_list":["post-2441293","page","type-page","status-publish","hentry"],"acf":[],"_links":{"self":[{"href":"https:\/\/ecg-electro.eu\/cs\/wp-json\/wp\/v2\/pages\/2441293","targetHints":{"allow":["GET"]}}],"collection":[{"href":"https:\/\/ecg-electro.eu\/cs\/wp-json\/wp\/v2\/pages"}],"about":[{"href":"https:\/\/ecg-electro.eu\/cs\/wp-json\/wp\/v2\/types\/page"}],"author":[{"embeddable":true,"href":"https:\/\/ecg-electro.eu\/cs\/wp-json\/wp\/v2\/users\/19"}],"replies":[{"embeddable":true,"href":"https:\/\/ecg-electro.eu\/cs\/wp-json\/wp\/v2\/comments?post=2441293"}],"version-history":[{"count":5,"href":"https:\/\/ecg-electro.eu\/cs\/wp-json\/wp\/v2\/pages\/2441293\/revisions"}],"predecessor-version":[{"id":2441312,"href":"https:\/\/ecg-electro.eu\/cs\/wp-json\/wp\/v2\/pages\/2441293\/revisions\/2441312"}],"wp:attachment":[{"href":"https:\/\/ecg-electro.eu\/cs\/wp-json\/wp\/v2\/media?parent=2441293"}],"curies":[{"name":"wp","href":"https:\/\/api.w.org\/{rel}","templated":true}]}}