{"id":2440597,"date":"2024-07-04T13:02:06","date_gmt":"2024-07-04T11:02:06","guid":{"rendered":"https:\/\/ecg-electro.eu\/?page_id=2440597"},"modified":"2024-07-04T16:10:42","modified_gmt":"2024-07-04T14:10:42","slug":"pastyrsky-kolac","status":"publish","type":"page","link":"https:\/\/ecg-electro.eu\/cs\/pastyrsky-kolac\/","title":{"rendered":"Past\u00fd\u0159sk\u00fd kol\u00e1\u010d"},"content":{"rendered":"\t\t<div data-elementor-type=\"wp-page\" data-elementor-id=\"2440597\" class=\"elementor elementor-2440597\" data-elementor-post-type=\"page\">\n\t\t\t\t\t\t<section class=\"elementor-section elementor-top-section elementor-element elementor-element-bc1ac44 elementor-section-boxed elementor-section-height-default elementor-section-height-default\" data-id=\"bc1ac44\" data-element_type=\"section\">\n\t\t\t\t\t\t<div class=\"elementor-container elementor-column-gap-default\">\n\t\t\t\t\t<div class=\"elementor-column elementor-col-100 elementor-top-column elementor-element elementor-element-d725953\" data-id=\"d725953\" data-element_type=\"column\">\n\t\t\t<div class=\"elementor-widget-wrap elementor-element-populated\">\n\t\t\t\t\t\t<div class=\"elementor-element elementor-element-365480d elementor-widget elementor-widget-heading\" data-id=\"365480d\" data-element_type=\"widget\" data-widget_type=\"heading.default\">\n\t\t\t\t<div class=\"elementor-widget-container\">\n\t\t\t\t\t<h2 class=\"elementor-heading-title elementor-size-default\">Past\u00fd\u0159sk\u00fd kol\u00e1\u010d<\/h2>\t\t\t\t<\/div>\n\t\t\t\t<\/div>\n\t\t\t\t\t<\/div>\n\t\t<\/div>\n\t\t\t\t\t<\/div>\n\t\t<\/section>\n\t\t\t\t<section class=\"elementor-section elementor-top-section elementor-element elementor-element-7a8e90d elementor-section-boxed elementor-section-height-default elementor-section-height-default\" data-id=\"7a8e90d\" data-element_type=\"section\">\n\t\t\t\t\t\t<div class=\"elementor-container elementor-column-gap-default\">\n\t\t\t\t\t<header class=\"elementor-column elementor-col-50 elementor-top-column elementor-element elementor-element-1858b93\" data-id=\"1858b93\" data-element_type=\"column\" data-settings=\"{&quot;background_background&quot;:&quot;classic&quot;}\">\n\t\t\t<div class=\"elementor-widget-wrap elementor-element-populated\">\n\t\t\t\t\t\t<div class=\"elementor-element elementor-element-37433cb elementor-widget__width-initial elementor-widget elementor-widget-text-editor\" data-id=\"37433cb\" data-element_type=\"widget\" data-widget_type=\"text-editor.default\">\n\t\t\t\t<div class=\"elementor-widget-container\">\n\t\t\t\t\t\t\t\t\t<h4>\u00a0<\/h4><h4><strong>Ingredience<\/strong>:<\/h4><ul><li>300 g bat\u00e1t\u016f <br \/>300 g telec\u00ed plece (nebo k\u00fdty)<br \/>100g mrkve <br \/>50 g \u010derven\u00fdch fazol\u00ed v n\u00e1levu <br \/>50 g b\u00edl\u00fdch fazol\u00ed v n\u00e1levu <br \/>100 g mra\u017een\u00e9ho hr\u00e1\u0161ku <br \/>2 st\u0159edn\u00ed \u0161alotky <br \/>3 strou\u017eky \u010desneku <br \/>2 g fermentovan\u00e9ho pep\u0159e <br \/>zeleninov\u00fd v\u00fdvar <br \/>\u010derstv\u00fd rozmar\u00fdn <br \/>plocholist\u00e1 petr\u017eel <br \/>30 g raj\u010datov\u00e9ho protlaku<br \/>16 hrachov\u00fdch lusk\u016f na dozdoben\u00ed<br \/>smetana <br \/>s\u016fl <br \/>pep\u0159 <br \/>olivov\u00fd olej z pokrutin <br \/><br \/><\/li><\/ul>\t\t\t\t\t\t\t\t<\/div>\n\t\t\t\t<\/div>\n\t\t\t\t\t<\/div>\n\t\t<\/header>\n\t\t\t\t<div class=\"elementor-column elementor-col-50 elementor-top-column elementor-element elementor-element-163676d\" data-id=\"163676d\" data-element_type=\"column\">\n\t\t\t<div class=\"elementor-widget-wrap elementor-element-populated\">\n\t\t\t\t\t\t<div class=\"elementor-element elementor-element-898c330 elementor-widget__width-initial elementor-widget elementor-widget-video\" data-id=\"898c330\" data-element_type=\"widget\" data-settings=\"{&quot;video_type&quot;:&quot;hosted&quot;,&quot;controls&quot;:&quot;yes&quot;}\" data-widget_type=\"video.default\">\n\t\t\t\t<div class=\"elementor-widget-container\">\n\t\t\t\t\t\t\t<div class=\"e-hosted-video elementor-wrapper elementor-open-inline\">\n\t\t\t\t\t<video class=\"elementor-video\" src=\"https:\/\/ecg-electro.eu\/wp-content\/uploads\/2024\/07\/10KOLAC.LOGO_.mp4\" controls=\"\" preload=\"metadata\" controlsList=\"nodownload\"><\/video>\n\t\t\t\t<\/div>\n\t\t\t\t\t\t<\/div>\n\t\t\t\t<\/div>\n\t\t\t\t\t<\/div>\n\t\t<\/div>\n\t\t\t\t\t<\/div>\n\t\t<\/section>\n\t\t\t\t<section class=\"elementor-section elementor-top-section elementor-element elementor-element-c84235b elementor-section-boxed elementor-section-height-default elementor-section-height-default\" data-id=\"c84235b\" data-element_type=\"section\">\n\t\t\t\t\t\t<div class=\"elementor-container elementor-column-gap-default\">\n\t\t\t\t\t<div class=\"elementor-column elementor-col-100 elementor-top-column elementor-element elementor-element-b706439\" data-id=\"b706439\" data-element_type=\"column\">\n\t\t\t<div class=\"elementor-widget-wrap elementor-element-populated\">\n\t\t\t\t\t\t<div class=\"elementor-element elementor-element-d9dd381 elementor-widget elementor-widget-spacer\" data-id=\"d9dd381\" data-element_type=\"widget\" data-widget_type=\"spacer.default\">\n\t\t\t\t<div class=\"elementor-widget-container\">\n\t\t\t\t\t\t\t<div class=\"elementor-spacer\">\n\t\t\t<div class=\"elementor-spacer-inner\"><\/div>\n\t\t<\/div>\n\t\t\t\t\t\t<\/div>\n\t\t\t\t<\/div>\n\t\t\t\t\t<\/div>\n\t\t<\/div>\n\t\t\t\t\t<\/div>\n\t\t<\/section>\n\t\t\t\t<section class=\"elementor-section elementor-top-section elementor-element elementor-element-5668044 elementor-section-boxed elementor-section-height-default elementor-section-height-default\" data-id=\"5668044\" data-element_type=\"section\">\n\t\t\t\t\t\t<div class=\"elementor-container elementor-column-gap-default\">\n\t\t\t\t\t<div class=\"elementor-column elementor-col-50 elementor-top-column elementor-element elementor-element-dcc787c\" data-id=\"dcc787c\" data-element_type=\"column\">\n\t\t\t<div class=\"elementor-widget-wrap elementor-element-populated\">\n\t\t\t\t\t\t<div class=\"elementor-element elementor-element-f7cd4ad elementor-widget__width-initial elementor-widget elementor-widget-text-editor\" data-id=\"f7cd4ad\" data-element_type=\"widget\" data-widget_type=\"text-editor.default\">\n\t\t\t\t<div class=\"elementor-widget-container\">\n\t\t\t\t\t\t\t\t\t<p>Porc\u00ed:\u00a0 4\u00a0 |\u00a0 P\u0159\u00edprava: 30 min\u00a0<\/p><h5><strong>P\u0159\u00edprava:<\/strong><\/h5><ol><li><p>Telec\u00ed plec nakr\u00e1j\u00edme na stejnom\u011brn\u00e9 kusy a nameleme na st\u0159edn\u00ed hrubost. Maso ochut\u00edme sol\u00ed a pep\u0159em, p\u0159id\u00e1me olej z pokrutin a nech\u00e1me marinovat.<\/p><\/li><li><p>Bat\u00e1ty o\u010dist\u00edme, nakr\u00e1j\u00edme na stejn\u011b velk\u00e9 kousky, d\u00e1me do rendl\u00edku a zalejeme tekut\u00fdm zeleninov\u00fdm v\u00fdvarem (Perfect chefs). V\u0161e osol\u00edme a nech\u00e1me va\u0159it dom\u011bkka.<\/p><\/li><li><p>\u0160alotku, \u010desnek a mrkev nakr\u00e1j\u00edme nadrobno. Na p\u00e1nvi rozeh\u0159ejeme olej z pokrutin a zeleninu orestujeme. Pot\u00e9 p\u0159id\u00e1me nasekan\u00fd rozmar\u00fdn. Do sm\u011bsi p\u0159id\u00e1me mlet\u00e9 maso, osmahneme a n\u00e1sledn\u011b p\u0159id\u00e1me raj\u010datov\u00fd protlak. V\u0161e znovu orestujeme a zalejeme zeleninov\u00fdm v\u00fdvarem. Sm\u011bs nech\u00e1me va\u0159it, dokud maso nezm\u011bkne, pot\u00e9 p\u0159id\u00e1me \u010derven\u00e9 a b\u00edl\u00e9 fazole a kr\u00e1tce pova\u0159\u00edme. Pokra\u010dujeme ve va\u0159en\u00ed, dokud se tekutina nezredukuje na hust\u0161\u00ed sm\u011bs. Nakonec p\u0159isypeme mra\u017een\u00fd hr\u00e1\u0161ek a fermentovan\u00fd pep\u0159, prom\u00edch\u00e1me, dochut\u00edme sol\u00ed a pep\u0159em a p\u0159id\u00e1me nasekanou petr\u017eel.<\/p><\/li><li><p>\u00a0M\u011bkk\u00e9 bat\u00e1ty sced\u00edme a v kuchy\u0148sk\u00e9m robotu rozmixujeme spolu s m\u00e1slem a smetanou do hladk\u00e9ho pyr\u00e9. Dochut\u00edme sol\u00ed a pep\u0159em. \u010cerstv\u00fdm lusk\u016fm odkroj\u00edme stonky a pod\u00e9ln\u011b je rozloupneme tak, aby tvar lusku z\u016fstal zachov\u00e1n. Lusky spa\u0159\u00edme v osolen\u00e9 vod\u011b a ihned zchlad\u00edme ve studen\u00e9 l\u00e1zni, aby z\u016fstali \u010derstv\u011b zelen\u00e9.<\/p><\/li><li><p>P\u0159iprav\u00edme si zap\u00e9kac\u00ed misky a napln\u00edme je telec\u00edm rag\u00fa a\u017e t\u00e9m\u011b\u0159 po okraj. Navrch l\u017e\u00edc\u00ed naneseme bat\u00e1tov\u00e9 pyr\u00e9 a vlo\u017e\u00edme do horkovzdu\u0161n\u00e9 frit\u00e9zy. Pe\u010deme p\u0159i 200 \u00b0C p\u0159ibli\u017en\u011b 15 minut, dokud se pyr\u00e9 nezabarv\u00ed.<\/p><\/li><li><p>P\u0159ed pod\u00e1v\u00e1n\u00edm ozdob\u00edme hrachov\u00fdmi lusky. <\/p><\/li><\/ol><p>\u00a0\u00a0\u00a0\u00a0\u00a0\u00a0\u00a0\u00a0\u00a0\u00a0\u00a0\u00a0\u00a0\u00a0\u00a0\u00a0\u00a0\u00a0\u00a0\u00a0\u00a0\u00a0\u00a0\u00a0\u00a0\u00a0\u00a0\u00a0\u00a0\u00a0\u00a0\u00a0\u00a0\u00a0\u00a0\u00a0\u00a0\u00a0\u00a0\u00a0\u00a0\u00a0\u00a0\u00a0\u00a0\u00a0\u00a0\u00a0\u00a0\u00a0\u00a0\u00a0\u00a0\u00a0\u00a0\u00a0\u00a0\u00a0\u00a0\u00a0\u00a0\u00a0\u00a0\u00a0\u00a0\u00a0\u00a0\u00a0\u00a0\u00a0\u00a0\u00a0\u00a0\u00a0\u00a0\u00a0\u00a0\u00a0\u00a0\u00a0\u00a0\u00a0\u00a0\u00a0\u00a0\u00a0\u00a0\u00a0\u00a0\u00a0\u00a0\u00a0\u00a0\u00a0\u00a0\u00a0\u00a0\u00a0\u00a0\u00a0\u00a0\u00a0\u00a0\u00a0\u00a0\u00a0\u00a0\u00a0\u00a0\u00a0\u00a0\u00a0 Dobrou chu\u0165!<\/p>\t\t\t\t\t\t\t\t<\/div>\n\t\t\t\t<\/div>\n\t\t\t\t\t<\/div>\n\t\t<\/div>\n\t\t\t\t<div class=\"elementor-column elementor-col-50 elementor-top-column elementor-element elementor-element-8bb5abe\" data-id=\"8bb5abe\" data-element_type=\"column\">\n\t\t\t<div class=\"elementor-widget-wrap elementor-element-populated\">\n\t\t\t\t\t\t<div class=\"elementor-element elementor-element-b06469e elementor-widget__width-initial elementor-widget-tablet__width-initial elementor-widget elementor-widget-image\" data-id=\"b06469e\" data-element_type=\"widget\" data-widget_type=\"image.default\">\n\t\t\t\t<div class=\"elementor-widget-container\">\n\t\t\t\t\t\t\t\t\t\t\t\t\t\t\t<img fetchpriority=\"high\" decoding=\"async\" width=\"577\" height=\"1024\" src=\"https:\/\/ecg-electro.eu\/wp-content\/uploads\/2024\/07\/pastyrsky-kolac-2-577x1024.jpg\" class=\"attachment-large size-large wp-image-2440651\" alt=\"\" \/>\t\t\t\t\t\t\t\t\t\t\t\t\t\t\t<\/div>\n\t\t\t\t<\/div>\n\t\t\t\t\t<\/div>\n\t\t<\/div>\n\t\t\t\t\t<\/div>\n\t\t<\/section>\n\t\t\t\t<section class=\"elementor-section elementor-top-section elementor-element elementor-element-3690096 elementor-section-boxed elementor-section-height-default elementor-section-height-default\" data-id=\"3690096\" data-element_type=\"section\">\n\t\t\t\t\t\t<div class=\"elementor-container elementor-column-gap-default\">\n\t\t\t\t\t<div class=\"elementor-column elementor-col-100 elementor-top-column elementor-element elementor-element-c6cc965\" data-id=\"c6cc965\" data-element_type=\"column\">\n\t\t\t<div class=\"elementor-widget-wrap elementor-element-populated\">\n\t\t\t\t\t\t<div class=\"elementor-element elementor-element-2bfc650 elementor-widget elementor-widget-text-editor\" data-id=\"2bfc650\" data-element_type=\"widget\" data-widget_type=\"text-editor.default\">\n\t\t\t\t<div class=\"elementor-widget-container\">\n\t\t\t\t\t\t\t\t\t<h4>Pou\u017eit\u00e9 spot\u0159ebi\u010de<\/h4>\t\t\t\t\t\t\t\t<\/div>\n\t\t\t\t<\/div>\n\t\t\t\t\t<\/div>\n\t\t<\/div>\n\t\t\t\t\t<\/div>\n\t\t<\/section>\n\t\t\t\t<section class=\"elementor-section elementor-top-section elementor-element elementor-element-6cbdeb6 elementor-section-boxed elementor-section-height-default elementor-section-height-default\" data-id=\"6cbdeb6\" data-element_type=\"section\">\n\t\t\t\t\t\t<div class=\"elementor-container elementor-column-gap-default\">\n\t\t\t\t\t<div class=\"elementor-column elementor-col-33 elementor-top-column elementor-element elementor-element-e5f2e19\" data-id=\"e5f2e19\" data-element_type=\"column\">\n\t\t\t<div class=\"elementor-widget-wrap elementor-element-populated\">\n\t\t\t\t\t\t<div class=\"elementor-element elementor-element-ab6728d elementor-widget__width-initial elementor-widget elementor-widget-image\" data-id=\"ab6728d\" data-element_type=\"widget\" data-settings=\"{&quot;_animation&quot;:&quot;none&quot;,&quot;_animation_delay&quot;:200}\" data-widget_type=\"image.default\">\n\t\t\t\t<div class=\"elementor-widget-container\">\n\t\t\t\t\t\t\t\t\t\t\t\t\t\t\t\t<a href=\"https:\/\/ecg-electro.eu\/cs\/ecg-kg-1000-gourmet\/\">\n\t\t\t\t\t\t\t<img decoding=\"async\" width=\"768\" height=\"881\" src=\"https:\/\/ecg-electro.eu\/wp-content\/uploads\/2024\/05\/AF_6000_04-768x881.png\" class=\"attachment-medium_large size-medium_large wp-image-2421200\" alt=\"\" \/>\t\t\t\t\t\t\t\t<\/a>\n\t\t\t\t\t\t\t\t\t\t\t\t\t\t\t<\/div>\n\t\t\t\t<\/div>\n\t\t\t\t\t<\/div>\n\t\t<\/div>\n\t\t\t\t<div class=\"elementor-column elementor-col-33 elementor-top-column elementor-element elementor-element-ddd214e\" data-id=\"ddd214e\" data-element_type=\"column\">\n\t\t\t<div class=\"elementor-widget-wrap elementor-element-populated\">\n\t\t\t\t\t\t<div class=\"elementor-element elementor-element-268eea2 elementor-widget__width-initial elementor-widget elementor-widget-image\" data-id=\"268eea2\" data-element_type=\"widget\" data-settings=\"{&quot;_animation&quot;:&quot;none&quot;,&quot;_animation_delay&quot;:200}\" data-widget_type=\"image.default\">\n\t\t\t\t<div class=\"elementor-widget-container\">\n\t\t\t\t\t\t\t\t\t\t\t\t\t\t\t\t<a href=\"https:\/\/ecg-electro.eu\/cs\/ecg-iv-2920-slim\/\">\n\t\t\t\t\t\t\t<img decoding=\"async\" src=\"https:\/\/ecg-electro.eu\/wp-content\/uploads\/2019\/10\/iv_2920_slim_2.png\" title=\"\" alt=\"\" loading=\"lazy\" \/>\t\t\t\t\t\t\t\t<\/a>\n\t\t\t\t\t\t\t\t\t\t\t\t\t\t\t<\/div>\n\t\t\t\t<\/div>\n\t\t\t\t\t<\/div>\n\t\t<\/div>\n\t\t\t\t<div class=\"elementor-column elementor-col-33 elementor-top-column elementor-element elementor-element-8b5d3a2\" data-id=\"8b5d3a2\" data-element_type=\"column\">\n\t\t\t<div class=\"elementor-widget-wrap elementor-element-populated\">\n\t\t\t\t\t\t<div class=\"elementor-element elementor-element-7b1f7c6 elementor-widget__width-initial elementor-widget elementor-widget-image\" data-id=\"7b1f7c6\" data-element_type=\"widget\" data-widget_type=\"image.default\">\n\t\t\t\t<div class=\"elementor-widget-container\">\n\t\t\t\t\t\t\t\t\t\t\t\t\t\t\t\t<a href=\"https:\/\/ecg-electro.eu\/cs\/ecg-forza-7800-ultimo-argento\/\">\n\t\t\t\t\t\t\t<img decoding=\"async\" width=\"800\" height=\"820\" src=\"https:\/\/ecg-electro.eu\/wp-content\/uploads\/2022\/08\/FORZA_7800_ULTIMO_ARGENTO_02b-999x1024.png\" class=\"attachment-large size-large wp-image-2341318\" alt=\"\" \/>\t\t\t\t\t\t\t\t<\/a>\n\t\t\t\t\t\t\t\t\t\t\t\t\t\t\t<\/div>\n\t\t\t\t<\/div>\n\t\t\t\t\t<\/div>\n\t\t<\/div>\n\t\t\t\t\t<\/div>\n\t\t<\/section>\n\t\t\t\t<section class=\"elementor-section elementor-top-section elementor-element elementor-element-e761f21 elementor-section-boxed elementor-section-height-default elementor-section-height-default\" data-id=\"e761f21\" data-element_type=\"section\">\n\t\t\t\t\t\t<div class=\"elementor-container elementor-column-gap-default\">\n\t\t\t\t\t<div class=\"elementor-column elementor-col-100 elementor-top-column elementor-element elementor-element-a7d7aeb\" data-id=\"a7d7aeb\" data-element_type=\"column\">\n\t\t\t<div class=\"elementor-widget-wrap\">\n\t\t\t\t\t\t\t<\/div>\n\t\t<\/div>\n\t\t\t\t\t<\/div>\n\t\t<\/section>\n\t\t\t\t<\/div>\n\t\t","protected":false},"excerpt":{"rendered":"<p>Past\u00fd\u0159sk\u00fd kol\u00e1\u010d \u00a0 Ingredience: 300 g bat\u00e1t\u016f 300 g telec\u00ed plece (nebo k\u00fdty)100g mrkve 50 g \u010derven\u00fdch fazol\u00ed v n\u00e1levu 50 g b\u00edl\u00fdch fazol\u00ed v n\u00e1levu 100 g mra\u017een\u00e9ho hr\u00e1\u0161ku 2 st\u0159edn\u00ed \u0161alotky 3 strou\u017eky \u010desneku 2 g fermentovan\u00e9ho pep\u0159e zeleninov\u00fd v\u00fdvar \u010derstv\u00fd rozmar\u00fdn plocholist\u00e1 petr\u017eel 30 g raj\u010datov\u00e9ho protlaku16 hrachov\u00fdch lusk\u016f na dozdoben\u00edsmetana s\u016fl [&hellip;]<\/p>\n","protected":false},"author":19,"featured_media":0,"parent":0,"menu_order":0,"comment_status":"closed","ping_status":"closed","template":"","meta":{"_acf_changed":false,"_monsterinsights_skip_tracking":false,"_monsterinsights_sitenote_active":false,"_monsterinsights_sitenote_note":"","_monsterinsights_sitenote_category":0,"footnotes":""},"class_list":["post-2440597","page","type-page","status-publish","hentry"],"acf":[],"_links":{"self":[{"href":"https:\/\/ecg-electro.eu\/cs\/wp-json\/wp\/v2\/pages\/2440597","targetHints":{"allow":["GET"]}}],"collection":[{"href":"https:\/\/ecg-electro.eu\/cs\/wp-json\/wp\/v2\/pages"}],"about":[{"href":"https:\/\/ecg-electro.eu\/cs\/wp-json\/wp\/v2\/types\/page"}],"author":[{"embeddable":true,"href":"https:\/\/ecg-electro.eu\/cs\/wp-json\/wp\/v2\/users\/19"}],"replies":[{"embeddable":true,"href":"https:\/\/ecg-electro.eu\/cs\/wp-json\/wp\/v2\/comments?post=2440597"}],"version-history":[{"count":5,"href":"https:\/\/ecg-electro.eu\/cs\/wp-json\/wp\/v2\/pages\/2440597\/revisions"}],"predecessor-version":[{"id":2440685,"href":"https:\/\/ecg-electro.eu\/cs\/wp-json\/wp\/v2\/pages\/2440597\/revisions\/2440685"}],"wp:attachment":[{"href":"https:\/\/ecg-electro.eu\/cs\/wp-json\/wp\/v2\/media?parent=2440597"}],"curies":[{"name":"wp","href":"https:\/\/api.w.org\/{rel}","templated":true}]}}