{"id":2439329,"date":"2024-06-26T13:23:02","date_gmt":"2024-06-26T11:23:02","guid":{"rendered":"https:\/\/ecg-electro.eu\/?page_id=2439329"},"modified":"2024-06-28T09:28:19","modified_gmt":"2024-06-28T07:28:19","slug":"prazma-s-citrusy-a-dynovy-salat-s-kumquaty","status":"publish","type":"page","link":"https:\/\/ecg-electro.eu\/cs\/prazma-s-citrusy-a-dynovy-salat-s-kumquaty\/","title":{"rendered":"Pra\u017ema s citrusy a d\u00fd\u0148ov\u00fd sal\u00e1t s kumquaty"},"content":{"rendered":"\t\t<div data-elementor-type=\"wp-page\" data-elementor-id=\"2439329\" class=\"elementor elementor-2439329\" data-elementor-post-type=\"page\">\n\t\t\t\t\t\t<section class=\"elementor-section elementor-top-section elementor-element elementor-element-bc1ac44 elementor-section-boxed elementor-section-height-default elementor-section-height-default\" data-id=\"bc1ac44\" data-element_type=\"section\" data-e-type=\"section\">\n\t\t\t\t\t\t<div class=\"elementor-container elementor-column-gap-default\">\n\t\t\t\t\t<div class=\"elementor-column elementor-col-100 elementor-top-column elementor-element elementor-element-d725953\" data-id=\"d725953\" data-element_type=\"column\" data-e-type=\"column\">\n\t\t\t<div class=\"elementor-widget-wrap elementor-element-populated\">\n\t\t\t\t\t\t<div data-dce-title-color=\"#000000\" class=\"elementor-element elementor-element-365480d elementor-widget elementor-widget-heading\" data-id=\"365480d\" data-element_type=\"widget\" data-e-type=\"widget\" data-widget_type=\"heading.default\">\n\t\t\t\t<div class=\"elementor-widget-container\">\n\t\t\t\t\t<h2 class=\"elementor-heading-title elementor-size-default\">Pra\u017ema s citrusy a d\u00fd\u0148ov\u00fd sal\u00e1t s kumquaty<\/h2>\t\t\t\t<\/div>\n\t\t\t\t<\/div>\n\t\t\t\t\t<\/div>\n\t\t<\/div>\n\t\t\t\t\t<\/div>\n\t\t<\/section>\n\t\t\t\t<section class=\"elementor-section elementor-top-section elementor-element elementor-element-7a8e90d elementor-section-boxed elementor-section-height-default elementor-section-height-default\" data-id=\"7a8e90d\" data-element_type=\"section\" data-e-type=\"section\">\n\t\t\t\t\t\t<div class=\"elementor-container elementor-column-gap-default\">\n\t\t\t\t\t<header data-dce-background-color=\"#E4E4E4\" class=\"elementor-column elementor-col-50 elementor-top-column elementor-element elementor-element-1858b93\" data-id=\"1858b93\" data-element_type=\"column\" data-e-type=\"column\" data-settings=\"{&quot;background_background&quot;:&quot;classic&quot;}\">\n\t\t\t<div class=\"elementor-widget-wrap elementor-element-populated\">\n\t\t\t\t\t\t<div class=\"elementor-element elementor-element-37433cb elementor-widget__width-initial elementor-widget elementor-widget-text-editor\" data-id=\"37433cb\" data-element_type=\"widget\" data-e-type=\"widget\" data-widget_type=\"text-editor.default\">\n\t\t\t\t<div class=\"elementor-widget-container\">\n\t\t\t\t\t\t\t\t\t<h4>\u00a0<\/h4><h4><strong>Ingredience<\/strong>:<\/h4><ul><li>4ks pra\u017emy (300-350g)<\/li><li>1 st\u0159edn\u00ed m\u00e1slov\u00e1 d\u00fdn\u011b<\/li><li>100g kumquatu<\/li><li>2ks citronu<\/li><li>30g tymi\u00e1nu<\/li><li>1 st\u0159edn\u00ed p\u00f3rek, b\u00edl\u00e1 \u010d\u00e1st<\/li><li>100g d\u00fd\u0148ov\u00fdch sem\u00ednek<\/li><li>1 vani\u010dka \u0159e\u0159ichy<\/li><li>olivov\u00fd olej z\u00a0pokrutin<\/li><li>s\u016fl<\/li><li>pep\u0159<\/li><li>citronov\u00e1 \u0161\u0165\u00e1va nebo okyselovac\u00ed sour<\/li><li>\u00a0<\/li><\/ul>\t\t\t\t\t\t\t\t<\/div>\n\t\t\t\t<\/div>\n\t\t\t\t\t<\/div>\n\t\t<\/header>\n\t\t\t\t<div class=\"elementor-column elementor-col-50 elementor-top-column elementor-element elementor-element-163676d\" data-id=\"163676d\" data-element_type=\"column\" data-e-type=\"column\">\n\t\t\t<div class=\"elementor-widget-wrap elementor-element-populated\">\n\t\t\t\t\t\t<div class=\"elementor-element elementor-element-898c330 elementor-widget__width-initial elementor-widget elementor-widget-video\" data-id=\"898c330\" data-element_type=\"widget\" data-e-type=\"widget\" data-settings=\"{&quot;video_type&quot;:&quot;hosted&quot;,&quot;controls&quot;:&quot;yes&quot;}\" data-widget_type=\"video.default\">\n\t\t\t\t<div class=\"elementor-widget-container\">\n\t\t\t\t\t\t\t<div class=\"e-hosted-video elementor-wrapper elementor-open-inline\">\n\t\t\t\t\t<video class=\"elementor-video\" src=\"https:\/\/ecg-electro.eu\/wp-content\/uploads\/2024\/06\/ryba.mp4\" controls=\"\" preload=\"metadata\" controlsList=\"nodownload\"><\/video>\n\t\t\t\t<\/div>\n\t\t\t\t\t\t<\/div>\n\t\t\t\t<\/div>\n\t\t\t\t\t<\/div>\n\t\t<\/div>\n\t\t\t\t\t<\/div>\n\t\t<\/section>\n\t\t\t\t<section class=\"elementor-section elementor-top-section elementor-element elementor-element-c84235b elementor-section-boxed elementor-section-height-default elementor-section-height-default\" data-id=\"c84235b\" data-element_type=\"section\" data-e-type=\"section\">\n\t\t\t\t\t\t<div class=\"elementor-container elementor-column-gap-default\">\n\t\t\t\t\t<div class=\"elementor-column elementor-col-100 elementor-top-column elementor-element elementor-element-b706439\" data-id=\"b706439\" data-element_type=\"column\" data-e-type=\"column\">\n\t\t\t<div class=\"elementor-widget-wrap elementor-element-populated\">\n\t\t\t\t\t\t<div class=\"elementor-element elementor-element-d9dd381 elementor-widget elementor-widget-spacer\" data-id=\"d9dd381\" data-element_type=\"widget\" data-e-type=\"widget\" data-widget_type=\"spacer.default\">\n\t\t\t\t<div class=\"elementor-widget-container\">\n\t\t\t\t\t\t\t<div class=\"elementor-spacer\">\n\t\t\t<div class=\"elementor-spacer-inner\"><\/div>\n\t\t<\/div>\n\t\t\t\t\t\t<\/div>\n\t\t\t\t<\/div>\n\t\t\t\t\t<\/div>\n\t\t<\/div>\n\t\t\t\t\t<\/div>\n\t\t<\/section>\n\t\t\t\t<section class=\"elementor-section elementor-top-section elementor-element elementor-element-5668044 elementor-section-boxed elementor-section-height-default elementor-section-height-default\" data-id=\"5668044\" data-element_type=\"section\" data-e-type=\"section\">\n\t\t\t\t\t\t<div class=\"elementor-container elementor-column-gap-default\">\n\t\t\t\t\t<div class=\"elementor-column elementor-col-50 elementor-top-column elementor-element elementor-element-dcc787c\" data-id=\"dcc787c\" data-element_type=\"column\" data-e-type=\"column\">\n\t\t\t<div class=\"elementor-widget-wrap elementor-element-populated\">\n\t\t\t\t\t\t<div class=\"elementor-element elementor-element-f7cd4ad elementor-widget__width-initial elementor-widget elementor-widget-text-editor\" data-id=\"f7cd4ad\" data-element_type=\"widget\" data-e-type=\"widget\" data-widget_type=\"text-editor.default\">\n\t\t\t\t<div class=\"elementor-widget-container\">\n\t\t\t\t\t\t\t\t\t<p>Porc\u00ed:&nbsp; 4&nbsp; |&nbsp; P\u0159\u00edprava: 30 min&nbsp;<\/p>\n<h5><strong>P\u0159\u00edprava:<\/strong><\/h5>\n<ol>\n<li>Nejprve prop\u00edch\u00e1me kumquaty. Spa\u0159\u00edme je ve vrouc\u00ed vod\u011b a n\u00e1sledn\u011b zchlad\u00edme, to opakujeme 3x. Na z\u00e1v\u011br je rozp\u016fl\u00edme a pomoc\u00ed l\u017ei\u010dky vyloupneme&nbsp;j\u00e1dra.<\/li>\n<\/ol>\n<div><br><\/div>\n\n<ol>\n<\/ol>\n<ol start=\"2\">\n<li>Pra\u017emu zbav\u00edme \u0161upin, ost\u0159ih\u00e1me ploutve a maso z ka\u017ed\u00e9 strany na\u0159\u00edzneme. Rybu ochut\u00edme sol\u00ed a pep\u0159em, a to jak na povrchu, tak i uvnit\u0159. Pot\u0159eme ji olejem. Citron nakr\u00e1j\u00edme na m\u011bs\u00ed\u010dky a vlo\u017e\u00edme dovnit\u0159 ryby spolu s \u010derstv\u00fdm tymi\u00e1nem. Nakonec rybu st\u00e1hneme prov\u00e1zkem.<\/li>\n<\/ol>\n<div><br><\/div>\n\n<ol start=\"2\">\n<\/ol>\n<ol start=\"3\">\n<li>Oloupeme a vydlabeme d\u00fdni. \u010c\u00e1st nakr\u00e1j\u00edme na stejn\u011b tlust\u00e9 pl\u00e1tky, kter\u00e9 budeme n\u00e1sledn\u011b grilovat spolu s&nbsp;rybou na rozp\u00e1len\u00e9m grilu zak\u00e1pnut\u00e9m olejem.<\/li><\/ol><div><br><\/div><ol start=\"3\">\n<\/ol>\n<ol start=\"4\">\n<li>Ze zbytku d\u00fdn\u011b si pomoc\u00ed \u0161krabky na brambory p\u0159iprav\u00edme pl\u00e1tky. Vlo\u017e\u00edme je do m\u00edsy, ochut\u00edme citronov\u00fdm sourem nebo \u0161\u0165\u00e1vou z citronu, osol\u00edme, opep\u0159\u00edme a nech\u00e1me kr\u00e1tce zm\u011bknout.<\/li><\/ol><div><br><\/div><ol start=\"4\">\n<\/ol>\n<ol start=\"5\">\n<li>Na rozp\u00e1len\u00e9 p\u00e1nvi s tro\u0161kou oleje orestujeme d\u00fd\u0148ov\u00e1 sem\u00ednka, p\u0159id\u00e1me najemno nakr\u00e1jenou b\u00edlou \u010d\u00e1st p\u00f3rku, oko\u0159en\u00edme a p\u0159id\u00e1me k&nbsp;pl\u00e1tk\u016fm d\u00fdn\u011b. V\u0161e zam\u00edch\u00e1me.<\/li><\/ol><div><br><\/div><ol start=\"5\">\n<\/ol>\n<ol start=\"6\">\n<li>Pra\u017emu i pl\u00e1tky d\u00fdn\u011b grilujeme dozlatova asi 12 minut. Ope\u010den\u00e9 pl\u00e1tky d\u00fdn\u011b serv\u00edrujeme na tal\u00ed\u0159 s grilovanou pra\u017emou a p\u0159id\u00e1me d\u00fd\u0148ov\u00fd sal\u00e1t, kter\u00fd ozdob\u00edme \u010derstvou \u0159e\u0159ichou.<\/li>\n<\/ol>\n<p>&nbsp;&nbsp;&nbsp;&nbsp;&nbsp;&nbsp;&nbsp;&nbsp;&nbsp;&nbsp;&nbsp;&nbsp;&nbsp;&nbsp;&nbsp;&nbsp;&nbsp;&nbsp;&nbsp;&nbsp;&nbsp;&nbsp;&nbsp;&nbsp;&nbsp;&nbsp;&nbsp;&nbsp;&nbsp;&nbsp;&nbsp;&nbsp;&nbsp;&nbsp;&nbsp;&nbsp;&nbsp;&nbsp;&nbsp;&nbsp;&nbsp;&nbsp;&nbsp;&nbsp;&nbsp;&nbsp;&nbsp;&nbsp;&nbsp;&nbsp;&nbsp;&nbsp;&nbsp;&nbsp;&nbsp;&nbsp;&nbsp;&nbsp;&nbsp;&nbsp;&nbsp;&nbsp;&nbsp;&nbsp;&nbsp;&nbsp;&nbsp;&nbsp;&nbsp;&nbsp;&nbsp;&nbsp;&nbsp;&nbsp;&nbsp;&nbsp;&nbsp;&nbsp;&nbsp;&nbsp;&nbsp;&nbsp;&nbsp;&nbsp;&nbsp;&nbsp;&nbsp;&nbsp;&nbsp;&nbsp;&nbsp;&nbsp;&nbsp;&nbsp;&nbsp;&nbsp;&nbsp;&nbsp;&nbsp;&nbsp;&nbsp;&nbsp;&nbsp;&nbsp;&nbsp;&nbsp;&nbsp;&nbsp;&nbsp;&nbsp;&nbsp;&nbsp; Dobrou chu\u0165!<\/p>\t\t\t\t\t\t\t\t<\/div>\n\t\t\t\t<\/div>\n\t\t\t\t\t<\/div>\n\t\t<\/div>\n\t\t\t\t<div class=\"elementor-column elementor-col-50 elementor-top-column elementor-element elementor-element-8bb5abe\" data-id=\"8bb5abe\" data-element_type=\"column\" data-e-type=\"column\">\n\t\t\t<div class=\"elementor-widget-wrap elementor-element-populated\">\n\t\t\t\t\t\t<div class=\"elementor-element elementor-element-b06469e elementor-widget__width-initial elementor-widget-tablet__width-initial elementor-widget elementor-widget-image\" data-id=\"b06469e\" data-element_type=\"widget\" data-e-type=\"widget\" data-widget_type=\"image.default\">\n\t\t\t\t<div class=\"elementor-widget-container\">\n\t\t\t\t\t\t\t\t\t\t\t\t\t\t\t<img fetchpriority=\"high\" decoding=\"async\" width=\"577\" height=\"1024\" src=\"https:\/\/ecg-electro.eu\/wp-content\/uploads\/2024\/06\/20240506_1316531-1-577x1024.jpg\" class=\"attachment-large size-large wp-image-2439307\" alt=\"\" \/>\t\t\t\t\t\t\t\t\t\t\t\t\t\t\t<\/div>\n\t\t\t\t<\/div>\n\t\t\t\t\t<\/div>\n\t\t<\/div>\n\t\t\t\t\t<\/div>\n\t\t<\/section>\n\t\t\t\t<section class=\"elementor-section elementor-top-section elementor-element elementor-element-79216d9 elementor-section-boxed elementor-section-height-default elementor-section-height-default\" data-id=\"79216d9\" data-element_type=\"section\" data-e-type=\"section\">\n\t\t\t\t\t\t<div class=\"elementor-container elementor-column-gap-default\">\n\t\t\t\t\t<div class=\"elementor-column elementor-col-100 elementor-top-column elementor-element elementor-element-0f2d781\" data-id=\"0f2d781\" data-element_type=\"column\" data-e-type=\"column\">\n\t\t\t<div class=\"elementor-widget-wrap elementor-element-populated\">\n\t\t\t\t\t\t<div class=\"elementor-element elementor-element-449b60f elementor-widget elementor-widget-spacer\" data-id=\"449b60f\" data-element_type=\"widget\" data-e-type=\"widget\" data-widget_type=\"spacer.default\">\n\t\t\t\t<div class=\"elementor-widget-container\">\n\t\t\t\t\t\t\t<div class=\"elementor-spacer\">\n\t\t\t<div class=\"elementor-spacer-inner\"><\/div>\n\t\t<\/div>\n\t\t\t\t\t\t<\/div>\n\t\t\t\t<\/div>\n\t\t\t\t<div data-dce-title-color=\"#000000\" class=\"elementor-element elementor-element-d764850 elementor-widget elementor-widget-heading\" data-id=\"d764850\" data-element_type=\"widget\" data-e-type=\"widget\" data-widget_type=\"heading.default\">\n\t\t\t\t<div class=\"elementor-widget-container\">\n\t\t\t\t\t<h4 class=\"elementor-heading-title elementor-size-default\">Pou\u017eit\u00e9 spot\u0159ebi\u010de<\/h4>\t\t\t\t<\/div>\n\t\t\t\t<\/div>\n\t\t\t\t\t<\/div>\n\t\t<\/div>\n\t\t\t\t\t<\/div>\n\t\t<\/section>\n\t\t\t\t<section class=\"elementor-section elementor-top-section elementor-element elementor-element-6cbdeb6 elementor-section-boxed elementor-section-height-default elementor-section-height-default\" data-id=\"6cbdeb6\" data-element_type=\"section\" data-e-type=\"section\">\n\t\t\t\t\t\t<div class=\"elementor-container elementor-column-gap-default\">\n\t\t\t\t\t<div class=\"elementor-column elementor-col-50 elementor-top-column elementor-element elementor-element-e5f2e19\" data-id=\"e5f2e19\" data-element_type=\"column\" data-e-type=\"column\">\n\t\t\t<div class=\"elementor-widget-wrap elementor-element-populated\">\n\t\t\t\t\t\t<div class=\"elementor-element elementor-element-ab6728d elementor-widget__width-initial elementor-widget elementor-widget-image\" data-id=\"ab6728d\" data-element_type=\"widget\" data-e-type=\"widget\" data-settings=\"{&quot;_animation&quot;:&quot;none&quot;,&quot;_animation_delay&quot;:200}\" data-widget_type=\"image.default\">\n\t\t\t\t<div class=\"elementor-widget-container\">\n\t\t\t\t\t\t\t\t\t\t\t\t\t\t\t\t<a href=\"https:\/\/ecg-electro.eu\/cs\/ecg-kg-1000-gourmet\/\">\n\t\t\t\t\t\t\t<img decoding=\"async\" width=\"768\" height=\"430\" src=\"https:\/\/ecg-electro.eu\/wp-content\/uploads\/2024\/05\/KG_1000_Gourmet_01_web-768x430.jpg\" class=\"attachment-medium_large size-medium_large wp-image-2421214\" alt=\"\" \/>\t\t\t\t\t\t\t\t<\/a>\n\t\t\t\t\t\t\t\t\t\t\t\t\t\t\t<\/div>\n\t\t\t\t<\/div>\n\t\t\t\t\t<\/div>\n\t\t<\/div>\n\t\t\t\t<div class=\"elementor-column elementor-col-50 elementor-top-column elementor-element elementor-element-ddd214e\" data-id=\"ddd214e\" data-element_type=\"column\" data-e-type=\"column\">\n\t\t\t<div class=\"elementor-widget-wrap elementor-element-populated\">\n\t\t\t\t\t\t<div class=\"elementor-element elementor-element-268eea2 elementor-widget__width-initial elementor-widget elementor-widget-image\" data-id=\"268eea2\" data-element_type=\"widget\" data-e-type=\"widget\" data-settings=\"{&quot;_animation&quot;:&quot;none&quot;,&quot;_animation_delay&quot;:200}\" data-widget_type=\"image.default\">\n\t\t\t\t<div class=\"elementor-widget-container\">\n\t\t\t\t\t\t\t\t\t\t\t\t\t\t\t\t<a href=\"https:\/\/ecg-electro.eu\/cs\/ecg-iv-2920-slim\/\">\n\t\t\t\t\t\t\t<img decoding=\"async\" src=\"https:\/\/ecg-electro.eu\/wp-content\/uploads\/2019\/10\/iv_2920_slim_2.png\" title=\"\" alt=\"\" loading=\"lazy\" \/>\t\t\t\t\t\t\t\t<\/a>\n\t\t\t\t\t\t\t\t\t\t\t\t\t\t\t<\/div>\n\t\t\t\t<\/div>\n\t\t\t\t\t<\/div>\n\t\t<\/div>\n\t\t\t\t\t<\/div>\n\t\t<\/section>\n\t\t\t\t<section class=\"elementor-section elementor-top-section elementor-element elementor-element-e761f21 elementor-section-boxed elementor-section-height-default elementor-section-height-default\" data-id=\"e761f21\" data-element_type=\"section\" data-e-type=\"section\">\n\t\t\t\t\t\t<div class=\"elementor-container elementor-column-gap-default\">\n\t\t\t\t\t<div class=\"elementor-column elementor-col-100 elementor-top-column elementor-element elementor-element-a7d7aeb\" data-id=\"a7d7aeb\" data-element_type=\"column\" data-e-type=\"column\">\n\t\t\t<div class=\"elementor-widget-wrap\">\n\t\t\t\t\t\t\t<\/div>\n\t\t<\/div>\n\t\t\t\t\t<\/div>\n\t\t<\/section>\n\t\t\t\t<\/div>\n\t\t","protected":false},"excerpt":{"rendered":"<p>Pra\u017ema s citrusy a d\u00fd\u0148ov\u00fd sal\u00e1t s kumquaty \u00a0 Ingredience: 4ks pra\u017emy (300-350g) 1 st\u0159edn\u00ed m\u00e1slov\u00e1 d\u00fdn\u011b 100g kumquatu 2ks citronu 30g tymi\u00e1nu 1 st\u0159edn\u00ed p\u00f3rek, b\u00edl\u00e1 \u010d\u00e1st 100g d\u00fd\u0148ov\u00fdch sem\u00ednek 1 vani\u010dka \u0159e\u0159ichy olivov\u00fd olej z\u00a0pokrutin s\u016fl pep\u0159 citronov\u00e1 \u0161\u0165\u00e1va nebo okyselovac\u00ed sour \u00a0 https:\/\/ecg-electro.eu\/wp-content\/uploads\/2024\/06\/ryba.mp4 Porc\u00ed:&nbsp; 4&nbsp; |&nbsp; P\u0159\u00edprava: 30 min&nbsp; P\u0159\u00edprava: Nejprve prop\u00edch\u00e1me [&hellip;]<\/p>\n","protected":false},"author":19,"featured_media":0,"parent":0,"menu_order":0,"comment_status":"closed","ping_status":"closed","template":"","meta":{"_acf_changed":false,"_monsterinsights_skip_tracking":false,"_monsterinsights_sitenote_active":false,"_monsterinsights_sitenote_note":"","_monsterinsights_sitenote_category":0,"footnotes":""},"class_list":["post-2439329","page","type-page","status-publish","hentry"],"acf":[],"_links":{"self":[{"href":"https:\/\/ecg-electro.eu\/cs\/wp-json\/wp\/v2\/pages\/2439329","targetHints":{"allow":["GET"]}}],"collection":[{"href":"https:\/\/ecg-electro.eu\/cs\/wp-json\/wp\/v2\/pages"}],"about":[{"href":"https:\/\/ecg-electro.eu\/cs\/wp-json\/wp\/v2\/types\/page"}],"author":[{"embeddable":true,"href":"https:\/\/ecg-electro.eu\/cs\/wp-json\/wp\/v2\/users\/19"}],"replies":[{"embeddable":true,"href":"https:\/\/ecg-electro.eu\/cs\/wp-json\/wp\/v2\/comments?post=2439329"}],"version-history":[{"count":5,"href":"https:\/\/ecg-electro.eu\/cs\/wp-json\/wp\/v2\/pages\/2439329\/revisions"}],"predecessor-version":[{"id":2439662,"href":"https:\/\/ecg-electro.eu\/cs\/wp-json\/wp\/v2\/pages\/2439329\/revisions\/2439662"}],"wp:attachment":[{"href":"https:\/\/ecg-electro.eu\/cs\/wp-json\/wp\/v2\/media?parent=2439329"}],"curies":[{"name":"wp","href":"https:\/\/api.w.org\/{rel}","templated":true}]}}