{"id":2438544,"date":"2024-06-06T12:15:30","date_gmt":"2024-06-06T10:15:30","guid":{"rendered":"https:\/\/ecg-electro.eu\/?page_id=2438544"},"modified":"2024-06-26T13:18:39","modified_gmt":"2024-06-26T11:18:39","slug":"zapeceny-batat-s-mexickym-chilli","status":"publish","type":"page","link":"https:\/\/ecg-electro.eu\/cs\/zapeceny-batat-s-mexickym-chilli\/","title":{"rendered":"Zape\u010den\u00fd bat\u00e1t s mexick\u00fdm chilli"},"content":{"rendered":"\t\t<div data-elementor-type=\"wp-page\" data-elementor-id=\"2438544\" class=\"elementor elementor-2438544\" data-elementor-post-type=\"page\">\n\t\t\t\t\t\t<section class=\"elementor-section elementor-top-section elementor-element elementor-element-bc1ac44 elementor-section-boxed elementor-section-height-default elementor-section-height-default\" data-id=\"bc1ac44\" data-element_type=\"section\">\n\t\t\t\t\t\t<div class=\"elementor-container elementor-column-gap-default\">\n\t\t\t\t\t<div class=\"elementor-column elementor-col-100 elementor-top-column elementor-element elementor-element-d725953\" data-id=\"d725953\" data-element_type=\"column\">\n\t\t\t<div class=\"elementor-widget-wrap elementor-element-populated\">\n\t\t\t\t\t\t<div class=\"elementor-element elementor-element-365480d elementor-widget elementor-widget-heading\" data-id=\"365480d\" data-element_type=\"widget\" data-widget_type=\"heading.default\">\n\t\t\t\t<div class=\"elementor-widget-container\">\n\t\t\t\t\t<h2 class=\"elementor-heading-title elementor-size-default\">Zape\u010den\u00fd bat\u00e1t s mexick\u00fdm chilli<\/h2>\t\t\t\t<\/div>\n\t\t\t\t<\/div>\n\t\t\t\t\t<\/div>\n\t\t<\/div>\n\t\t\t\t\t<\/div>\n\t\t<\/section>\n\t\t\t\t<section class=\"elementor-section elementor-top-section elementor-element elementor-element-7a8e90d elementor-section-boxed elementor-section-height-default elementor-section-height-default\" data-id=\"7a8e90d\" data-element_type=\"section\">\n\t\t\t\t\t\t<div class=\"elementor-container elementor-column-gap-default\">\n\t\t\t\t\t<header class=\"elementor-column elementor-col-50 elementor-top-column elementor-element elementor-element-1858b93\" data-id=\"1858b93\" data-element_type=\"column\" data-settings=\"{&quot;background_background&quot;:&quot;classic&quot;}\">\n\t\t\t<div class=\"elementor-widget-wrap elementor-element-populated\">\n\t\t\t\t\t\t<div class=\"elementor-element elementor-element-37433cb elementor-widget__width-initial elementor-widget elementor-widget-text-editor\" data-id=\"37433cb\" data-element_type=\"widget\" data-widget_type=\"text-editor.default\">\n\t\t\t\t<div class=\"elementor-widget-container\">\n\t\t\t\t\t\t\t\t\t<h4>\u00a0<\/h4><h4><strong>Ingredience<\/strong>:<\/h4><ul><li>400 g hov\u011bz\u00edho flap steaku<\/li><li>4 st\u0159edn\u00ed bat\u00e1ty<\/li><li>3 strou\u017eky \u010desneku<\/li><li>3 st\u0159edn\u00ed \u0161alotky<\/li><li>tymi\u00e1n<\/li><li>olivov\u00fd olej z\u00a0pokrutin<\/li><li>150 g cel\u00fdch loupan\u00fdch raj\u010dat<\/li><li>50 g vysokoprocentn\u00ed ho\u0159k\u00e9 \u010dokol\u00e1dy<\/li><li>100 g \u010derven\u00fdch fazol\u00ed v\u00a0n\u00e1levu<\/li><li>2ks chilli papri\u010dky yellow habanero (nebo dle chuti)<\/li><li>50 g zakysan\u00e9 smetany<\/li><li>5 g om\u00e1\u010dky z \u010dern\u00e9ho pep\u0159e<\/li><li>5 g mlet\u00e9 \u010derven\u00e9 papriky<\/li><li>300ml hov\u011bz\u00edho v\u00fdvaru<\/li><li>100 g cheddaru<\/li><li>10 g \u010derstv\u00e9ho koriandru<\/li><li>mochyn\u011b, kl\u00ed\u010dky a gran\u00e1tov\u00e9 jablko na dozdoben\u00ed<\/li><\/ul><div>\u00a0<\/div>\t\t\t\t\t\t\t\t<\/div>\n\t\t\t\t<\/div>\n\t\t\t\t\t<\/div>\n\t\t<\/header>\n\t\t\t\t<div class=\"elementor-column elementor-col-50 elementor-top-column elementor-element elementor-element-163676d\" data-id=\"163676d\" data-element_type=\"column\">\n\t\t\t<div class=\"elementor-widget-wrap elementor-element-populated\">\n\t\t\t\t\t\t<div class=\"elementor-element elementor-element-898c330 elementor-widget__width-initial elementor-widget elementor-widget-video\" data-id=\"898c330\" data-element_type=\"widget\" data-settings=\"{&quot;video_type&quot;:&quot;hosted&quot;,&quot;controls&quot;:&quot;yes&quot;}\" data-widget_type=\"video.default\">\n\t\t\t\t<div class=\"elementor-widget-container\">\n\t\t\t\t\t\t\t<div class=\"e-hosted-video elementor-wrapper elementor-open-inline\">\n\t\t\t\t\t<video class=\"elementor-video\" src=\"https:\/\/ecg-electro.eu\/wp-content\/uploads\/2024\/06\/5bATATLOGO.mp4\" controls=\"\" preload=\"metadata\" controlsList=\"nodownload\"><\/video>\n\t\t\t\t<\/div>\n\t\t\t\t\t\t<\/div>\n\t\t\t\t<\/div>\n\t\t\t\t\t<\/div>\n\t\t<\/div>\n\t\t\t\t\t<\/div>\n\t\t<\/section>\n\t\t\t\t<section class=\"elementor-section elementor-top-section elementor-element elementor-element-5668044 elementor-section-boxed elementor-section-height-default elementor-section-height-default\" data-id=\"5668044\" data-element_type=\"section\">\n\t\t\t\t\t\t<div class=\"elementor-container elementor-column-gap-default\">\n\t\t\t\t\t<div class=\"elementor-column elementor-col-50 elementor-top-column elementor-element elementor-element-dcc787c\" data-id=\"dcc787c\" data-element_type=\"column\">\n\t\t\t<div class=\"elementor-widget-wrap elementor-element-populated\">\n\t\t\t\t\t\t<div class=\"elementor-element elementor-element-f7cd4ad elementor-widget__width-initial elementor-widget elementor-widget-text-editor\" data-id=\"f7cd4ad\" data-element_type=\"widget\" data-widget_type=\"text-editor.default\">\n\t\t\t\t<div class=\"elementor-widget-container\">\n\t\t\t\t\t\t\t\t\t<p>Porc\u00ed:\u00a0 4\u00a0 |\u00a0 P\u0159\u00edprava: 45 min\u00a0<\/p><h5><strong>P\u0159\u00edprava:<\/strong><\/h5><ol><li><h6>O\u010dist\u011bn\u00e9 bat\u00e1ty rozlo\u017e\u00edme jednotliv\u011b na kus alobalu, ochut\u00edme sol\u00ed a pep\u0159em, zak\u00e1pneme olivov\u00fdm olejem a p\u0159id\u00e1me \u010derstv\u00fd tymi\u00e1n. Bat\u00e1ty zabal\u00edme do alobalu a d\u00e1me p\u00e9ct do horkovzdu\u0161n\u00e9 frit\u00e9zy na 180 \u00b0C asi 35 minut dom\u011bkka (podle velikosti bat\u00e1tu).<\/h6><\/li><\/ol><ol start=\"2\"><li><h6>Hov\u011bz\u00ed flap steak nakr\u00e1j\u00edme na kosti\u010dky ochut\u00edme sol\u00ed a pep\u0159em, p\u0159id\u00e1me olivov\u00fd olej, om\u00e1\u010dku z \u010dern\u00e9ho pep\u0159e a nech\u00e1me marinovat. O\u010di\u0161t\u011bnou \u0161alotku a \u010desnek nakr\u00e1j\u00edme na pl\u00e1tky, stejn\u011b tak chilli papri\u010dku, kterou zat\u00edm nech\u00e1me stranou.<\/h6><\/li><\/ol><ol start=\"3\"><li><h6>Na p\u00e1nvi rozp\u00e1l\u00edme olej a orestujeme \u0161alotku s \u010desnekem dozlatova. P\u0159id\u00e1me maso a nech\u00e1me restovat. Do sm\u011bsi p\u0159isypeme chilli a mletou papriku. Loupan\u00e1 raj\u010data p\u0159ekroj\u00edme nap\u016fl a p\u0159id\u00e1me do p\u00e1nve i s n\u00e1levem. Nech\u00e1me orestovat a podlijeme hov\u011bz\u00edm v\u00fdvarem.<\/h6><\/li><\/ol><ol start=\"4\"><li><h6>Sm\u011bs va\u0159\u00edme dom\u011bkka, podle pot\u0159eby p\u0159id\u00e1v\u00e1me v\u00fdvar. Jakmile je maso m\u011bkk\u00e9, p\u0159id\u00e1me \u010dokol\u00e1du, dochut\u00edme sol\u00ed a pep\u0159em a d\u00e1me stranou.<\/h6><\/li><li><h6>M\u011bkk\u00fd bat\u00e1t vybal\u00edme tak, abychom vytvo\u0159ili z alobalu \u201emisku.\u201c Budeme v n\u00ed bat\u00e1t znovu zap\u00e9kat. Bat\u00e1ty pod\u00e9ln\u011b roz\u0159\u00edzneme asi do poloviny a rozev\u0159eme. Pomoc\u00ed l\u017ei\u010dky vnit\u0159ek bat\u00e1tu roz\u0161\u0165ouch\u00e1me a napln\u00edme p\u0159ipraven\u00fdm mexick\u00fdm chilli. Navrch nastrouh\u00e1me cheddar a d\u00e1me zap\u00e9ct na 200 \u00b0C p\u0159ibli\u017en\u011b na 5 minut.<\/h6><\/li><li><h6>Bat\u00e1ty vyt\u00e1hneme z frit\u00e9zy a z alobalu a p\u0159end\u00e1me na tal\u00ed\u0159. Dozdob\u00edme zakysanou smetanou, \u010derstv\u011b nasekan\u00fdm koriandrem, gran\u00e1tov\u00fdm jablkem a mochyn\u00ed.<\/h6><\/li><\/ol><p>\u00a0\u00a0\u00a0\u00a0\u00a0\u00a0\u00a0\u00a0\u00a0\u00a0\u00a0\u00a0\u00a0\u00a0\u00a0\u00a0\u00a0\u00a0\u00a0\u00a0\u00a0\u00a0\u00a0\u00a0\u00a0\u00a0\u00a0\u00a0\u00a0\u00a0\u00a0\u00a0\u00a0\u00a0\u00a0\u00a0\u00a0\u00a0\u00a0\u00a0\u00a0\u00a0\u00a0\u00a0\u00a0\u00a0\u00a0\u00a0\u00a0\u00a0\u00a0\u00a0\u00a0\u00a0\u00a0\u00a0\u00a0\u00a0\u00a0\u00a0\u00a0\u00a0\u00a0\u00a0\u00a0\u00a0\u00a0\u00a0\u00a0\u00a0\u00a0\u00a0\u00a0\u00a0\u00a0\u00a0\u00a0\u00a0\u00a0\u00a0\u00a0\u00a0\u00a0\u00a0\u00a0\u00a0\u00a0\u00a0\u00a0\u00a0\u00a0\u00a0\u00a0\u00a0\u00a0\u00a0\u00a0\u00a0\u00a0\u00a0\u00a0\u00a0\u00a0\u00a0\u00a0\u00a0\u00a0\u00a0\u00a0\u00a0\u00a0\u00a0 Dobrou chu\u0165!<\/p>\t\t\t\t\t\t\t\t<\/div>\n\t\t\t\t<\/div>\n\t\t\t\t\t<\/div>\n\t\t<\/div>\n\t\t\t\t<div class=\"elementor-column elementor-col-50 elementor-top-column elementor-element elementor-element-8bb5abe\" data-id=\"8bb5abe\" data-element_type=\"column\">\n\t\t\t<div class=\"elementor-widget-wrap elementor-element-populated\">\n\t\t\t\t\t\t<div class=\"elementor-element elementor-element-b06469e elementor-widget__width-initial elementor-widget-tablet__width-initial elementor-widget elementor-widget-image\" data-id=\"b06469e\" data-element_type=\"widget\" data-widget_type=\"image.default\">\n\t\t\t\t<div class=\"elementor-widget-container\">\n\t\t\t\t\t\t\t\t\t\t\t\t\t\t\t<img fetchpriority=\"high\" decoding=\"async\" width=\"574\" height=\"1024\" src=\"https:\/\/ecg-electro.eu\/wp-content\/uploads\/2024\/06\/20240506_1222331-1-574x1024.jpg\" class=\"attachment-large size-large wp-image-2438598\" alt=\"\" \/>\t\t\t\t\t\t\t\t\t\t\t\t\t\t\t<\/div>\n\t\t\t\t<\/div>\n\t\t\t\t\t<\/div>\n\t\t<\/div>\n\t\t\t\t\t<\/div>\n\t\t<\/section>\n\t\t\t\t<section class=\"elementor-section elementor-top-section elementor-element elementor-element-79216d9 elementor-section-boxed elementor-section-height-default elementor-section-height-default\" data-id=\"79216d9\" data-element_type=\"section\">\n\t\t\t\t\t\t<div class=\"elementor-container elementor-column-gap-default\">\n\t\t\t\t\t<div class=\"elementor-column elementor-col-100 elementor-top-column elementor-element elementor-element-0f2d781\" data-id=\"0f2d781\" data-element_type=\"column\">\n\t\t\t<div class=\"elementor-widget-wrap elementor-element-populated\">\n\t\t\t\t\t\t<div class=\"elementor-element elementor-element-449b60f elementor-widget elementor-widget-spacer\" data-id=\"449b60f\" data-element_type=\"widget\" data-widget_type=\"spacer.default\">\n\t\t\t\t<div class=\"elementor-widget-container\">\n\t\t\t\t\t\t\t<div class=\"elementor-spacer\">\n\t\t\t<div class=\"elementor-spacer-inner\"><\/div>\n\t\t<\/div>\n\t\t\t\t\t\t<\/div>\n\t\t\t\t<\/div>\n\t\t\t\t<div class=\"elementor-element elementor-element-d764850 elementor-widget elementor-widget-heading\" data-id=\"d764850\" data-element_type=\"widget\" data-widget_type=\"heading.default\">\n\t\t\t\t<div class=\"elementor-widget-container\">\n\t\t\t\t\t<h4 class=\"elementor-heading-title elementor-size-default\">Pou\u017eit\u00e9 spot\u0159ebi\u010de<\/h4>\t\t\t\t<\/div>\n\t\t\t\t<\/div>\n\t\t\t\t\t<\/div>\n\t\t<\/div>\n\t\t\t\t\t<\/div>\n\t\t<\/section>\n\t\t\t\t<section class=\"elementor-section elementor-top-section elementor-element elementor-element-6cbdeb6 elementor-section-boxed elementor-section-height-default elementor-section-height-default\" data-id=\"6cbdeb6\" data-element_type=\"section\">\n\t\t\t\t\t\t<div class=\"elementor-container elementor-column-gap-default\">\n\t\t\t\t\t<div class=\"elementor-column elementor-col-50 elementor-top-column elementor-element elementor-element-e5f2e19\" data-id=\"e5f2e19\" data-element_type=\"column\">\n\t\t\t<div class=\"elementor-widget-wrap elementor-element-populated\">\n\t\t\t\t\t\t<div class=\"elementor-element elementor-element-ab6728d elementor-widget__width-initial elementor-widget elementor-widget-image\" data-id=\"ab6728d\" data-element_type=\"widget\" data-settings=\"{&quot;_animation&quot;:&quot;none&quot;,&quot;_animation_delay&quot;:200}\" data-widget_type=\"image.default\">\n\t\t\t\t<div class=\"elementor-widget-container\">\n\t\t\t\t\t\t\t\t\t\t\t\t\t\t\t\t<a href=\"https:\/\/ecg-electro.eu\/cs\/ecg-af-6000\/\">\n\t\t\t\t\t\t\t<img decoding=\"async\" width=\"768\" height=\"881\" src=\"https:\/\/ecg-electro.eu\/wp-content\/uploads\/2024\/05\/AF_6000_04-768x881.png\" class=\"attachment-medium_large size-medium_large wp-image-2421200\" alt=\"\" \/>\t\t\t\t\t\t\t\t<\/a>\n\t\t\t\t\t\t\t\t\t\t\t\t\t\t\t<\/div>\n\t\t\t\t<\/div>\n\t\t\t\t\t<\/div>\n\t\t<\/div>\n\t\t\t\t<div class=\"elementor-column elementor-col-50 elementor-top-column elementor-element elementor-element-ddd214e\" data-id=\"ddd214e\" data-element_type=\"column\">\n\t\t\t<div class=\"elementor-widget-wrap elementor-element-populated\">\n\t\t\t\t\t\t<div class=\"elementor-element elementor-element-3f9c969 elementor-widget__width-initial elementor-widget elementor-widget-image\" data-id=\"3f9c969\" data-element_type=\"widget\" data-widget_type=\"image.default\">\n\t\t\t\t<div class=\"elementor-widget-container\">\n\t\t\t\t\t\t\t\t\t\t\t\t\t\t\t\t<a href=\"https:\/\/ecg-electro.eu\/cs\/ecg-iv-2920-slim\/\">\n\t\t\t\t\t\t\t<img decoding=\"async\" src=\"https:\/\/ecg-electro.eu\/wp-content\/uploads\/2019\/10\/iv_2920_slim_2.png\" title=\"\" alt=\"\" loading=\"lazy\" \/>\t\t\t\t\t\t\t\t<\/a>\n\t\t\t\t\t\t\t\t\t\t\t\t\t\t\t<\/div>\n\t\t\t\t<\/div>\n\t\t\t\t\t<\/div>\n\t\t<\/div>\n\t\t\t\t\t<\/div>\n\t\t<\/section>\n\t\t\t\t<section class=\"elementor-section elementor-top-section elementor-element elementor-element-e761f21 elementor-section-boxed elementor-section-height-default elementor-section-height-default\" data-id=\"e761f21\" data-element_type=\"section\">\n\t\t\t\t\t\t<div class=\"elementor-container elementor-column-gap-default\">\n\t\t\t\t\t<div class=\"elementor-column elementor-col-100 elementor-top-column elementor-element elementor-element-a7d7aeb\" data-id=\"a7d7aeb\" data-element_type=\"column\">\n\t\t\t<div class=\"elementor-widget-wrap\">\n\t\t\t\t\t\t\t<\/div>\n\t\t<\/div>\n\t\t\t\t\t<\/div>\n\t\t<\/section>\n\t\t\t\t<\/div>\n\t\t","protected":false},"excerpt":{"rendered":"<p>Zape\u010den\u00fd bat\u00e1t s mexick\u00fdm chilli \u00a0 Ingredience: 400 g hov\u011bz\u00edho flap steaku 4 st\u0159edn\u00ed bat\u00e1ty 3 strou\u017eky \u010desneku 3 st\u0159edn\u00ed \u0161alotky tymi\u00e1n olivov\u00fd olej z\u00a0pokrutin 150 g cel\u00fdch loupan\u00fdch raj\u010dat 50 g vysokoprocentn\u00ed ho\u0159k\u00e9 \u010dokol\u00e1dy 100 g \u010derven\u00fdch fazol\u00ed v\u00a0n\u00e1levu 2ks chilli papri\u010dky yellow habanero (nebo dle chuti) 50 g zakysan\u00e9 smetany 5 g om\u00e1\u010dky [&hellip;]<\/p>\n","protected":false},"author":19,"featured_media":0,"parent":0,"menu_order":0,"comment_status":"closed","ping_status":"closed","template":"","meta":{"_acf_changed":false,"_monsterinsights_skip_tracking":false,"_monsterinsights_sitenote_active":false,"_monsterinsights_sitenote_note":"","_monsterinsights_sitenote_category":0,"footnotes":""},"class_list":["post-2438544","page","type-page","status-publish","hentry"],"acf":[],"_links":{"self":[{"href":"https:\/\/ecg-electro.eu\/cs\/wp-json\/wp\/v2\/pages\/2438544","targetHints":{"allow":["GET"]}}],"collection":[{"href":"https:\/\/ecg-electro.eu\/cs\/wp-json\/wp\/v2\/pages"}],"about":[{"href":"https:\/\/ecg-electro.eu\/cs\/wp-json\/wp\/v2\/types\/page"}],"author":[{"embeddable":true,"href":"https:\/\/ecg-electro.eu\/cs\/wp-json\/wp\/v2\/users\/19"}],"replies":[{"embeddable":true,"href":"https:\/\/ecg-electro.eu\/cs\/wp-json\/wp\/v2\/comments?post=2438544"}],"version-history":[{"count":5,"href":"https:\/\/ecg-electro.eu\/cs\/wp-json\/wp\/v2\/pages\/2438544\/revisions"}],"predecessor-version":[{"id":2439327,"href":"https:\/\/ecg-electro.eu\/cs\/wp-json\/wp\/v2\/pages\/2438544\/revisions\/2439327"}],"wp:attachment":[{"href":"https:\/\/ecg-electro.eu\/cs\/wp-json\/wp\/v2\/media?parent=2438544"}],"curies":[{"name":"wp","href":"https:\/\/api.w.org\/{rel}","templated":true}]}}