{"id":243171,"date":"2021-03-06T16:23:31","date_gmt":"2021-03-06T16:23:31","guid":{"rendered":"https:\/\/ecg-electro.eu\/exkluzivni-prodlouzena-zaruka\/"},"modified":"2021-03-06T16:23:31","modified_gmt":"2021-03-06T16:23:31","slug":"exkluzivni-prodlouzena-zaruka","status":"publish","type":"page","link":"https:\/\/ecg-electro.eu\/cs\/exkluzivni-prodlouzena-zaruka\/","title":{"rendered":"Exkluzivn\u00ed prodlou\u017een\u00e1 z\u00e1ruka"},"content":{"rendered":"<h3><img fetchpriority=\"high\" decoding=\"async\" class=\"aligncenter size-full wp-image-44303\" src=\"https:\/\/ecg-electro.eu\/wp-content\/uploads\/2020\/01\/ecg_prodlouen_zruka_main_web-1.png\" alt=\"\" width=\"928\" height=\"440\" \/><\/h3>\n<h3>\u00a0<\/h3>\n<h3>V\u00e1\u017een\u00fd z\u00e1kazn\u00edku,<\/h3>\n<p>d\u011bkujeme, \u017ee jste se rozhodl zakoupit v\u00fdrobek ECG a vyu\u017e\u00edt bezplatn\u00e9 exklusivn\u00ed prodlou\u017een\u00ed z\u00e1ruky. Tuto slu\u017ebu poskytovanou nad r\u00e1mec z\u00e1konn\u00e9 z\u00e1ruky je nutn\u00e9 aktivovat pomoc\u00ed registra\u010dn\u00edho formul\u00e1\u0159e n\u00ed\u017ee. Proveden\u00edm t\u00e9to registrace obdr\u017e\u00edte \u201eCertifik\u00e1t\u201c, kde budou uvedeny V\u00e1mi vypln\u011bn\u00e9 \u00fadaje. Tento certifik\u00e1t obdr\u017e\u00edte na e-mailovou adresu uvedenou v registraci. Certifik\u00e1t doporu\u010dujeme vytisknout a pe\u010dliv\u011b uschovat pro p\u0159\u00edpadnou reklamaci v\u00fdrobku spolu s dokladem o koupi.<\/p>\n<p>&nbsp;<\/p>\n<h3><b>Podm\u00ednky pro z\u00edsk\u00e1n\u00ed 10let\u00e9 prodlou\u017een\u00e9 z\u00e1ruky<\/b><\/h3>\n<p>&nbsp;<\/p>\n<p>Z\u00e1kladn\u00ed podm\u00ednkou je zakoupit vybran\u00fd dom\u00e1c\u00ed spot\u0159ebi\u010d zna\u010dky ECG, na kter\u00fd se vztahuje mo\u017enost prodlou\u017een\u00e9 z\u00e1ruky. Spot\u0159ebi\u010d je nutn\u00e9 \u0159\u00e1dn\u011b zaregistrovat nejpozd\u011bji do 14 dn\u016f od data zakoupen\u00ed, aby bylo mo\u017en\u00e9 z\u00edskat prodlou\u017eenou z\u00e1ruku. Plat\u00ed pro produkty zakoupen\u00e9 po 1.1.2020. Registrace prodlou\u017een\u00e9 z\u00e1ruky plat\u00ed pouze pro 1. majitele spot\u0159ebi\u010de. V p\u0159\u00edpad\u011b probl\u00e9mu je t\u0159eba reklamovat spot\u0159ebi\u010d neprodlen\u011b po zji\u0161t\u011bn\u00ed vady v <a href=\"https:\/\/www.bmkservis.cz\/servis-ecg.php\" target=\"_blank\" rel=\"noopener noreferrer\"><b>autorizovan\u00e9m servisu<\/b><\/a> zna\u010dky ECG.<\/p>\n<p>&nbsp;<\/p>\n<h3><b>Informace k prodlou\u017een\u00e9 z\u00e1ruce ECG 24+12<\/b><\/h3>\n<p>&nbsp;<\/p>\n<p>Ke ka\u017ed\u00e9mu produktu spole\u010dnosti ECG je vystaven z\u00e1ru\u010dn\u00ed list nebo prodejn\u00ed doklad, kter\u00fd v p\u0159\u00edpad\u011b z\u00e1vady slou\u017e\u00ed k uplatn\u011bn\u00ed reklamace spot\u0159ebi\u010de. Vzhledem k tomu, \u017ee sv\u00fdm produkt\u016fm v\u011b\u0159\u00edme, poskytujeme na\u0161im z\u00e1kazn\u00edk\u016fm k z\u00e1konn\u00e9 24 m\u011bs\u00ed\u010dn\u00ed z\u00e1ru\u010dn\u00ed lh\u016ft\u011b nav\u00edc je\u0161t\u011b dal\u0161\u00ed smluvn\u00ed z\u00e1ru\u010dn\u00ed lh\u016ftu v z\u00e1vislosti na typu spot\u0159ebi\u010de, jej\u00ed\u017e b\u011bh za\u010d\u00edn\u00e1 ihned po uplynut\u00ed standardn\u00ed z\u00e1konn\u00e9 z\u00e1ru\u010dn\u00ed lh\u016fty. Tato prodlou\u017een\u00e1 z\u00e1ruka se vztahuje na vybran\u00e9 produkty zna\u010dky ECG, dod\u00e1van\u00e9 na \u010desk\u00fd a slovensk\u00fd trh prost\u0159ednictv\u00edm spole\u010dnosti K+B Progres, a.s..<\/p>\n<p>&nbsp;<\/p>\n<h3><b>Podm\u00ednky prodlou\u017een\u00e9 ro\u010dn\u00ed z\u00e1ruky<\/b><\/h3>\n<p>&nbsp;<\/p>\n<p>V pr\u016fb\u011bhu prodlou\u017een\u00e9 ro\u010dn\u00ed z\u00e1ruky (nad r\u00e1mec z\u00e1konn\u00e9 dvoulet\u00e9), si spol. K+B Progres, a.s. vyhrazuje pr\u00e1vo na \u00fapravu t\u011bchto z\u00e1ru\u010dn\u00edch podm\u00ednek. Lh\u016fta pro bezplatnou opravu produktu se z 30 dn\u016f m\u011bn\u00ed na max. 60 dn\u016f. Autorizovan\u00e9 servisn\u00ed st\u0159edisko (d\u00e1le jen \u201eservis\u201c) se navzdory t\u00e9to \u00faprav\u011b zavazuje prov\u00e9st bezplatnou opravu v co nejkrat\u0161\u00ed mo\u017en\u00e9 lh\u016ft\u011b bez zbyte\u010dn\u00fdch odklad\u016f. Ve\u0161ker\u00e9 n\u00e1klady na pr\u00e1ci, n\u00e1hradn\u00ed d\u00edly a dopravu ze servisu k V\u00e1m jsou v pr\u016fb\u011bhu prodlou\u017een\u00e9 z\u00e1ruky hrazeny k t\u00ed\u017ei spol. K+B Progres, a.s.. Pokud se b\u011bhem platnosti prodlou\u017een\u00e9 ro\u010dn\u00ed z\u00e1ruky (nad r\u00e1mec z\u00e1konn\u00e9 24 m\u011bs\u00ed\u010dn\u00ed lh\u016fty), vyskytne z\u00e1ru\u010dn\u00ed z\u00e1vada produktu, kterou nelze v uveden\u00e9 lh\u016ft\u011b odstranit, nen\u00ed mo\u017en\u00e9 \u017e\u00e1dat o odstoupen\u00ed od kupn\u00ed smlouvy. Jako n\u00e1hradn\u00ed pln\u011bn\u00ed, v\u0161ak prod\u00e1vaj\u00edc\u00ed na z\u00e1klad\u011b tohoto certifik\u00e1tu, dokladu o prodeji a vadn\u00e9ho v\u00fdrobku,\u00a0 poskytne z\u00e1ru\u010dn\u00ed pln\u011bn\u00ed formou v\u00fdm\u011bny za jin\u00fd nov\u00fd produkt v podobn\u00e9 kvalit\u011b a s podobn\u00fdmi parametry. Pokud b\u011bhem platnosti prodlou\u017een\u00e9 12 m\u011bs\u00ed\u010dn\u00ed z\u00e1ru\u010dn\u00ed lh\u016fty (po skon\u010den\u00ed z\u00e1konn\u00e9 24 m\u011bs\u00ed\u010dn\u00ed z\u00e1ru\u010dn\u00ed lh\u016fty) dojde k v\u00fdm\u011bn\u011b zbo\u017e\u00ed za nov\u00fd kus, nevznik\u00e1 automaticky n\u00e1rok na novou 36 m\u011bs\u00ed\u010dn\u00ed z\u00e1ru\u010dn\u00ed lh\u016ftu. Nad\u00e1le plyne p\u016fvodn\u00ed poskytnut\u00e1 z\u00e1ru\u010dn\u00ed lh\u016fta.<\/p>\n<p>&nbsp;<\/p>\n<h3><b>Prodlou\u017eenou ro\u010dn\u00ed z\u00e1ruku nelze uplatnit v p\u0159\u00edpad\u011b:<\/b><\/h3>\n<p>&nbsp;<\/p>\n<p>Jak\u00e9koli zm\u011bny v z\u00e1ru\u010dn\u00edm listu (prodejn\u00edm dokladu) nebo certifik\u00e1tu proveden\u00e9 neopr\u00e1vn\u011bnou osobou, nevypln\u011bn\u00ed nebo ztr\u00e1ta z\u00e1ru\u010dn\u00edho listu (prodejn\u00edho dokladu). Pou\u017e\u00edv\u00e1n\u00ed v\u00fdrobku k jin\u00e9mu \u00fa\u010delu ne\u017e pro kter\u00fd je v\u00fdrobek ur\u010den (nap\u0159. k podnik\u00e1n\u00ed) nebo nedodr\u017een\u00ed pokyn\u016f pro \u00fadr\u017ebu, provoz a obsluhu v\u00fdrobku. Po\u0161kozen\u00ed v\u00fdrobku \u017eivelnou pohromou, z\u00e1sahem neopr\u00e1vn\u011bn\u00e9 osoby nebo mechanicky vinou kupuj\u00edc\u00edho (nap\u0159. p\u0159i p\u0159eprav\u011b, \u010di\u0161t\u011bn\u00ed nevhodn\u00fdmi prost\u0159edky apod.). Vystaven\u00ed nep\u0159\u00edzniv\u00e9mu vn\u011bj\u0161\u00edmu vlivu, nap\u0159. slune\u010dn\u00edmu a jin\u00e9mu z\u00e1\u0159en\u00ed \u010di elektromagnetick\u00e9mu poli, vniknut\u00ed tekutiny, vniknut\u00ed p\u0159edm\u011btu, p\u0159ep\u011bt\u00ed v s\u00edti, kol\u00eds\u00e1n\u00ed s\u00edt\u011b, p\u0159ep\u011bt\u00ed nebo zkratu na vstupech, v\u00fdstupech, nap\u011bt\u00ed vznikl\u00e9mu p\u0159i elektrostatick\u00e9m v\u00fdboji (v\u010detn\u011b blesku), chybn\u00e9mu nap\u00e1jec\u00edmu nebo vstupn\u00edmu nap\u011bt\u00ed a nevhodn\u00e9 polarit\u011b tohoto nap\u011bt\u00ed, vlivu chemick\u00fdch proces\u016f nap\u0159. pou\u017eit\u00fdch nap\u00e1jec\u00edch \u010dl\u00e1nk\u016f apod. Pokud byly k\u00fdmkoliv provedeny \u00fapravy, modifikace, zm\u011bny konstrukce nebo adaptace ke zm\u011bn\u011b nebo roz\u0161\u00ed\u0159en\u00ed funkc\u00ed v\u00fdrobku oproti zakoupen\u00e9mu proveden\u00ed, nap\u0159. z d\u016fvodu mo\u017enosti jeho provozu v jin\u00e9 zemi, ne\u017e pro kterou byl navr\u017een, vyroben a schv\u00e1len.<\/p>\n<p>&nbsp;<\/p>\n<p>\n<img decoding=\"async\" class=\"aligncenter size-full wp-image-45110\" src=\"https:\/\/ecg-electro.eu\/wp-content\/uploads\/2020\/02\/ecg_exklusivn_prodlouen_zruka_pruh_cz.png\" alt=\"\" width=\"928\" height=\"284\" \/><\/p>\n<p>&nbsp;<\/p>\n<p>&nbsp;<\/p>\n","protected":false},"excerpt":{"rendered":"<p>\u00a0 V\u00e1\u017een\u00fd z\u00e1kazn\u00edku, d\u011bkujeme, \u017ee jste se rozhodl zakoupit v\u00fdrobek ECG a vyu\u017e\u00edt bezplatn\u00e9 exklusivn\u00ed prodlou\u017een\u00ed z\u00e1ruky. Tuto slu\u017ebu poskytovanou nad r\u00e1mec z\u00e1konn\u00e9 z\u00e1ruky je nutn\u00e9 aktivovat pomoc\u00ed registra\u010dn\u00edho formul\u00e1\u0159e n\u00ed\u017ee. Proveden\u00edm t\u00e9to registrace obdr\u017e\u00edte \u201eCertifik\u00e1t\u201c, kde budou uvedeny V\u00e1mi vypln\u011bn\u00e9 \u00fadaje. Tento certifik\u00e1t obdr\u017e\u00edte na e-mailovou adresu uvedenou v registraci. Certifik\u00e1t doporu\u010dujeme vytisknout a [&hellip;]<\/p>\n","protected":false},"author":0,"featured_media":243172,"parent":0,"menu_order":0,"comment_status":"closed","ping_status":"closed","template":"","meta":{"_acf_changed":false,"_monsterinsights_skip_tracking":false,"_monsterinsights_sitenote_active":false,"_monsterinsights_sitenote_note":"","_monsterinsights_sitenote_category":0,"footnotes":""},"class_list":["post-243171","page","type-page","status-publish","has-post-thumbnail","hentry"],"acf":[],"_links":{"self":[{"href":"https:\/\/ecg-electro.eu\/cs\/wp-json\/wp\/v2\/pages\/243171","targetHints":{"allow":["GET"]}}],"collection":[{"href":"https:\/\/ecg-electro.eu\/cs\/wp-json\/wp\/v2\/pages"}],"about":[{"href":"https:\/\/ecg-electro.eu\/cs\/wp-json\/wp\/v2\/types\/page"}],"replies":[{"embeddable":true,"href":"https:\/\/ecg-electro.eu\/cs\/wp-json\/wp\/v2\/comments?post=243171"}],"version-history":[{"count":0,"href":"https:\/\/ecg-electro.eu\/cs\/wp-json\/wp\/v2\/pages\/243171\/revisions"}],"wp:featuredmedia":[{"embeddable":true,"href":"https:\/\/ecg-electro.eu\/cs\/wp-json\/wp\/v2\/media\/243172"}],"wp:attachment":[{"href":"https:\/\/ecg-electro.eu\/cs\/wp-json\/wp\/v2\/media?parent=243171"}],"curies":[{"name":"wp","href":"https:\/\/api.w.org\/{rel}","templated":true}]}}